{"id":1481,"date":"2017-03-16T09:36:21","date_gmt":"2017-03-16T08:36:21","guid":{"rendered":"http:\/\/semmelweis.hu\/symposium\/?page_id=1481"},"modified":"2018-01-17T13:51:38","modified_gmt":"2018-01-17T12:51:38","slug":"absztrakt-bekuldes","status":"publish","type":"page","link":"https:\/\/semmelweis.hu\/symposium\/szimpozium-archiv\/semmelweis-szimpozium-2017\/absztrakt-bekuldes\/","title":{"rendered":"Absztrakt bek\u00fcld\u00e9s 2017."},"content":{"rendered":"<p>A Semmelweis Szimp\u00f3zium el\u0151zetes programj\u00e1ban szerepl\u0151 r\u00e9sztvev\u0151k prezent\u00e1ci\u00f3 form\u00e1j\u00e1ban mutathatj\u00e1k be tudom\u00e1nyos eredm\u00e9nyeiket.<\/p>\n<p>A regisztr\u00e1ci\u00f3s id\u0151szak lez\u00e1rult.<\/p>\n","protected":false},"excerpt":{"rendered":"<p>A Semmelweis Szimp\u00f3zium el\u0151zetes programj\u00e1ban szerepl\u0151 r\u00e9sztvev\u0151k prezent\u00e1ci\u00f3 form\u00e1j\u00e1ban mutathatj\u00e1k be tudom\u00e1nyos eredm\u00e9nyeiket.<br \/>\nA regisztr\u00e1ci\u00f3s id\u0151szak lez\u00e1rult.<\/p>\n","protected":false},"author":182,"featured_media":0,"parent":1450,"menu_order":1,"comment_status":"closed","ping_status":"closed","template":"","meta":{"_acf_changed":false,"footnotes":""},"categories":[],"tags":[],"class_list":["post-1481","page","type-page","status-publish","hentry"],"acf":[],"_links":{"self":[{"href":"https:\/\/semmelweis.hu\/symposium\/wp-json\/wp\/v2\/pages\/1481","targetHints":{"allow":["GET"]}}],"collection":[{"href":"https:\/\/semmelweis.hu\/symposium\/wp-json\/wp\/v2\/pages"}],"about":[{"href":"https:\/\/semmelweis.hu\/symposium\/wp-json\/wp\/v2\/types\/page"}],"author":[{"embeddable":true,"href":"https:\/\/semmelweis.hu\/symposium\/wp-json\/wp\/v2\/users\/182"}],"replies":[{"embeddable":true,"href":"https:\/\/semmelweis.hu\/symposium\/wp-json\/wp\/v2\/comments?post=1481"}],"version-history":[{"count":7,"href":"https:\/\/semmelweis.hu\/symposium\/wp-json\/wp\/v2\/pages\/1481\/revisions"}],"predecessor-version":[{"id":1613,"href":"https:\/\/semmelweis.hu\/symposium\/wp-json\/wp\/v2\/pages\/1481\/revisions\/1613"}],"up":[{"embeddable":true,"href":"https:\/\/semmelweis.hu\/symposium\/wp-json\/wp\/v2\/pages\/1450"}],"wp:attachment":[{"href":"https:\/\/semmelweis.hu\/symposium\/wp-json\/wp\/v2\/media?parent=1481"}],"wp:term":[{"taxonomy":"category","embeddable":true,"href":"https:\/\/semmelweis.hu\/symposium\/wp-json\/wp\/v2\/categories?post=1481"},{"taxonomy":"post_tag","embeddable":true,"href":"https:\/\/semmelweis.hu\/symposium\/wp-json\/wp\/v2\/tags?post=1481"}],"curies":[{"name":"wp","href":"https:\/\/api.w.org\/{rel}","templated":true}]}}