{"id":1450,"date":"2017-01-27T08:48:20","date_gmt":"2017-01-27T07:48:20","guid":{"rendered":"http:\/\/semmelweis.hu\/symposium\/?page_id=1450"},"modified":"2018-01-17T14:11:12","modified_gmt":"2018-01-17T13:11:12","slug":"semmelweis-szimpozium-2017","status":"publish","type":"page","link":"https:\/\/semmelweis.hu\/symposium\/szimpozium-archiv\/semmelweis-szimpozium-2017\/","title":{"rendered":"Semmelweis Szimp\u00f3zium 2017"},"content":{"rendered":"<p style=\"text-align: justify;\">Id\u00e9n, 2017-ben, a Semmelweis Egyetem \u00c1ltal\u00e1nos Orvostudom\u00e1nyi Kar\u00e1nak Orvosi Mikrobiol\u00f3giai Int\u00e9zete nyerte el a Symposium rendez\u00e9si jog\u00e1t. Nemzetk\u00f6zi r\u00e9szv\u00e9tellel, t\u00f6bb szekci\u00f3ban megtartott tudom\u00e1nyos el\u0151ad\u00e1sok \u00e9s poszterek a leg\u00fajabb mikrobiol\u00f3giai kutat\u00e1si eredm\u00e9nyeket ismertetik meg sz\u00e9les k\u00f6rben a szakemberekkel, a PhD hallgat\u00f3kkal valamint a t\u00e9ma ir\u00e1nt \u00e9rdekl\u0151d\u0151kkel.<\/p>\n<p style=\"text-align: justify;\"><em>\u201eNew Challenges in Microbiology\u201d<\/em> azaz a <em>\u201eMikrobiol\u00f3gia \u00faj kih\u00edv\u00e1sai\u201d<\/em> c\u00edmmel, n\u00e9gy szekci\u00f3ban mutatjuk be az Egyetemen v\u00e9gzett, nemzetk\u00f6zileg is elismert kutat\u00e1si eredm\u00e9nyeinket, amelyeket \u00e9vek \u00f3ta vel\u00fcnk egy\u00fcttm\u0171k\u00f6d\u0151 hazai \u00e9s k\u00fclf\u00f6ldi munkacsoportok bevon\u00e1s\u00e1val \u00e9rt\u00fcnk el. Ezek alapj\u00e1n az el\u0151ad\u00e1sok \u00e1ltal fel\u00f6lelt f\u0151 t\u00e9m\u00e1k: multidrog rezisztens bakt\u00e9riumok rezisztencia mechanizmusainak megismer\u00e9s\u00e9re vonatkoz\u00f3 kutat\u00e1saink \u00e9s ezek alapj\u00e1n \u00faj kezel\u00e9si strat\u00e9gi\u00e1k fel\u00e1ll\u00edt\u00e1s\u00e1t, a molekul\u00e1ris diagnosztika m\u00f3dszereit, a human microbiomok szerep\u00e9t, valamint virol\u00f3gia ter\u00fclet\u00e9n el\u0151t\u00e9rben l\u00e9v\u0151 ter\u00fcleteket, mint v\u00edrusok immunmodul\u00e1ns hat\u00e1sait \u00e9s egyes \u00fajonnan felfedezett v\u00edrusok \u00e1ltal okozott betegs\u00e9gek lehets\u00e9ges megel\u0151z\u00e9s\u00e9nek \u00e9s kezel\u00e9s\u00e9nek eredm\u00e9nyeit.<\/p>\n<p style=\"text-align: justify;\">A mikrobiol\u00f3gia vitathatatlanul az egyik legr\u00e9gebben alkalmazott tudom\u00e1ny. A mikrobiol\u00f3gia \u00e9s a hozz\u00e1 kapcsol\u00f3d\u00f3 tudom\u00e1ny\u00e1gak nagyjai \u2013 p\u00e9ld\u00e1ul Robert Koch, Louis Pasteur, H\u0151gyes Endre, Semmelweis Ign\u00e1c F\u00fcl\u00f6p t\u00f6bb mint 150 \u00e9ve tett felfedez\u00e9sei, ezek klinikai alkalmaz\u00e1sai a mai napig meg\u00e1llj\u00e1k a hely\u00fcket. A technikai lehet\u0151s\u00e9gek fejl\u0151d\u00e9s\u00e9nek k\u00f6sz\u00f6nhet\u0151en a tud\u00e1sunk az emberi \u00e9s a mikrobiol\u00f3giai genetik\u00e1r\u00f3l dr\u00e1maian megn\u0151tt, ami a mikrobiol\u00f3gia robban\u00e1sszer\u0171 fejl\u0151d\u00e9s\u00e9hez vezetett. A fert\u0151z\u0151 \u00e1gensek \u00e9s a gazdaszervezet k\u00f6lcs\u00f6nhat\u00e1saiban a mikrobi\u00e1lis genomok megismer\u00e9se, az immunv\u00e9dekez\u00e9s kij\u00e1tsz\u00e1s\u00e1ra kifejlesztett mechanizmusaik felt\u00e9rk\u00e9pez\u00e9se, a multidrog rezisztens k\u00f3rokoz\u00f3k gyors elterjed\u00e9se nagy kih\u00edv\u00e1s el\u00e9 \u00e1ll\u00edtja a tudom\u00e1nyos kutat\u00f3kat.<\/p>\n<p style=\"text-align: justify;\">A 2017. \u00e9vi Semmelweis Symposium \u00faj lend\u00fcletet ad a Semmelweis Egyetemen zajl\u00f3 bakteriol\u00f3giai \u00e9s virol\u00f3giai kutat\u00e1soknak, tov\u00e1bbi hazai \u00e9s nemzetk\u00f6zi egy\u00fcttm\u0171k\u00f6d\u00e9sek kialak\u00edt\u00e1s\u00e1nak.<\/p>\n<p style=\"text-align: justify;\">Tisztelettel V\u00e1rjuk \u00d6nt \u00e9s Munkat\u00e1rsait a Semmelweis Symposium programjain!<\/p>\n<p>&nbsp;<\/p>\n<p><strong>Dr. Szab\u00f3 D\u00f3ra<\/strong><br \/>\n egyetemi tan\u00e1r<br \/>\n Semmelweis Egyetem<br \/>\n \u00c1ltal\u00e1nos Orvostudom\u00e1nyi Kar<br \/>\n Orvosi Mikrobiol\u00f3giai Int\u00e9zet<br \/>\n Igazgat\u00f3ja<\/p>\n","protected":false},"excerpt":{"rendered":"<p>Id\u00e9n, 2017-ben, a Semmelweis Egyetem \u00c1ltal\u00e1nos Orvostudom\u00e1nyi Kar\u00e1nak Orvosi Mikrobiol\u00f3giai Int\u00e9zete nyerte el a Symposium rendez\u00e9si jog\u00e1t. Nemzetk\u00f6zi r\u00e9szv\u00e9tellel, t\u00f6bb szekci\u00f3ban megtartott tudom\u00e1nyos el\u0151ad\u00e1sok \u00e9s poszterek a leg\u00fajabb mikrobiol\u00f3giai kutat\u00e1si eredm\u00e9nyeket ismertetik meg sz\u00e9les k\u00f6rben a szakemberekkel, a PhD hallgat\u00f3kkal valamint a t\u00e9ma ir\u00e1nt \u00e9rdekl\u0151d\u0151kkel. \u201eNew Challenges in Microbiology\u201d azaz a \u201eMikrobiol\u00f3gia \u00faj kih\u00edv\u00e1sai\u201d c\u00edmmel, &hellip;<\/p>\n","protected":false},"author":12,"featured_media":0,"parent":228,"menu_order":17,"comment_status":"closed","ping_status":"closed","template":"","meta":{"_acf_changed":false,"footnotes":""},"categories":[],"tags":[],"class_list":["post-1450","page","type-page","status-publish","hentry"],"acf":[],"_links":{"self":[{"href":"https:\/\/semmelweis.hu\/symposium\/wp-json\/wp\/v2\/pages\/1450","targetHints":{"allow":["GET"]}}],"collection":[{"href":"https:\/\/semmelweis.hu\/symposium\/wp-json\/wp\/v2\/pages"}],"about":[{"href":"https:\/\/semmelweis.hu\/symposium\/wp-json\/wp\/v2\/types\/page"}],"author":[{"embeddable":true,"href":"https:\/\/semmelweis.hu\/symposium\/wp-json\/wp\/v2\/users\/12"}],"replies":[{"embeddable":true,"href":"https:\/\/semmelweis.hu\/symposium\/wp-json\/wp\/v2\/comments?post=1450"}],"version-history":[{"count":8,"href":"https:\/\/semmelweis.hu\/symposium\/wp-json\/wp\/v2\/pages\/1450\/revisions"}],"predecessor-version":[{"id":1629,"href":"https:\/\/semmelweis.hu\/symposium\/wp-json\/wp\/v2\/pages\/1450\/revisions\/1629"}],"up":[{"embeddable":true,"href":"https:\/\/semmelweis.hu\/symposium\/wp-json\/wp\/v2\/pages\/228"}],"wp:attachment":[{"href":"https:\/\/semmelweis.hu\/symposium\/wp-json\/wp\/v2\/media?parent=1450"}],"wp:term":[{"taxonomy":"category","embeddable":true,"href":"https:\/\/semmelweis.hu\/symposium\/wp-json\/wp\/v2\/categories?post=1450"},{"taxonomy":"post_tag","embeddable":true,"href":"https:\/\/semmelweis.hu\/symposium\/wp-json\/wp\/v2\/tags?post=1450"}],"curies":[{"name":"wp","href":"https:\/\/api.w.org\/{rel}","templated":true}]}}