{"id":1269,"date":"2016-08-31T22:41:30","date_gmt":"2016-08-31T20:41:30","guid":{"rendered":"http:\/\/semmelweis.hu\/symposium\/?page_id=1269"},"modified":"2021-12-06T14:16:56","modified_gmt":"2021-12-06T13:16:56","slug":"regisztracio","status":"publish","type":"page","link":"https:\/\/semmelweis.hu\/symposium\/szimpozium-archiv\/semmelweis-szimpozium-2016-b\/regisztracio\/","title":{"rendered":"Regisztr\u00e1ci\u00f3 2016."},"content":{"rendered":"<p>A Semmelweis Szimp\u00f3ziumon val\u00f3 r\u00e9szv\u00e9tel ingyenes, azonban regisztr\u00e1ci\u00f3hoz k\u00f6t\u00f6tt.<\/p>\n<p>K\u00e9rj\u00fck jelezze r\u00e9szv\u00e9teli sz\u00e1nd\u00e9k\u00e1t az al\u00e1bbi \u0171rlap kit\u00f6lt\u00e9s\u00e9vel: ez az \u0171rlap m\u00e1r inakt\u00edv<\/p>\n","protected":false},"excerpt":{"rendered":"<p>A Semmelweis Szimp\u00f3ziumon val\u00f3 r\u00e9szv\u00e9tel ingyenes, azonban regisztr\u00e1ci\u00f3hoz k\u00f6t\u00f6tt.<br \/>\nK\u00e9rj\u00fck jelezze r\u00e9szv\u00e9teli sz\u00e1nd\u00e9k\u00e1t az al\u00e1bbi \u0171rlap kit\u00f6lt\u00e9s\u00e9vel: ez az \u0171rlap m\u00e1r inakt\u00edv<\/p>\n","protected":false},"author":101021,"featured_media":0,"parent":1235,"menu_order":0,"comment_status":"closed","ping_status":"closed","template":"","meta":{"_acf_changed":false,"footnotes":""},"categories":[],"tags":[],"class_list":["post-1269","page","type-page","status-publish","hentry"],"acf":[],"_links":{"self":[{"href":"https:\/\/semmelweis.hu\/symposium\/wp-json\/wp\/v2\/pages\/1269","targetHints":{"allow":["GET"]}}],"collection":[{"href":"https:\/\/semmelweis.hu\/symposium\/wp-json\/wp\/v2\/pages"}],"about":[{"href":"https:\/\/semmelweis.hu\/symposium\/wp-json\/wp\/v2\/types\/page"}],"author":[{"embeddable":true,"href":"https:\/\/semmelweis.hu\/symposium\/wp-json\/wp\/v2\/users\/101021"}],"replies":[{"embeddable":true,"href":"https:\/\/semmelweis.hu\/symposium\/wp-json\/wp\/v2\/comments?post=1269"}],"version-history":[{"count":7,"href":"https:\/\/semmelweis.hu\/symposium\/wp-json\/wp\/v2\/pages\/1269\/revisions"}],"predecessor-version":[{"id":2371,"href":"https:\/\/semmelweis.hu\/symposium\/wp-json\/wp\/v2\/pages\/1269\/revisions\/2371"}],"up":[{"embeddable":true,"href":"https:\/\/semmelweis.hu\/symposium\/wp-json\/wp\/v2\/pages\/1235"}],"wp:attachment":[{"href":"https:\/\/semmelweis.hu\/symposium\/wp-json\/wp\/v2\/media?parent=1269"}],"wp:term":[{"taxonomy":"category","embeddable":true,"href":"https:\/\/semmelweis.hu\/symposium\/wp-json\/wp\/v2\/categories?post=1269"},{"taxonomy":"post_tag","embeddable":true,"href":"https:\/\/semmelweis.hu\/symposium\/wp-json\/wp\/v2\/tags?post=1269"}],"curies":[{"name":"wp","href":"https:\/\/api.w.org\/{rel}","templated":true}]}}