{"id":1235,"date":"2016-08-31T17:05:30","date_gmt":"2016-08-31T15:05:30","guid":{"rendered":"http:\/\/semmelweis.hu\/symposium\/?page_id=1235"},"modified":"2018-01-17T14:11:01","modified_gmt":"2018-01-17T13:11:01","slug":"semmelweis-szimpozium-2016-b","status":"publish","type":"page","link":"https:\/\/semmelweis.hu\/symposium\/szimpozium-archiv\/semmelweis-szimpozium-2016-b\/","title":{"rendered":"Semmelweis Szimp\u00f3zium 2016"},"content":{"rendered":"<p style=\"text-align: justify;\"><a href=\"https:\/\/semmelweis.hu\/symposium\/files\/2016\/08\/Symposium.jpg\"><img loading=\"lazy\" decoding=\"async\" class=\"alignleft wp-image-1384\" src=\"https:\/\/semmelweis.hu\/symposium\/files\/2016\/08\/Symposium-212x300.jpg\" alt=\"Symposium\" width=\"191\" height=\"270\" srcset=\"https:\/\/semmelweis.hu\/symposium\/files\/2016\/08\/Symposium-212x300.jpg 212w, https:\/\/semmelweis.hu\/symposium\/files\/2016\/08\/Symposium.jpg 595w\" sizes=\"auto, (max-width: 191px) 100vw, 191px\" \/><\/a>A 2016-os Semmelweis Szimp\u00f3zium t\u00e9m\u00e1ja a transzl\u00e1ci\u00f3s onkohematol\u00f3gia. A rendezv\u00e9ny az I. sz. Patol\u00f3giai \u00e9s K\u00eds\u00e9rleti R\u00e1kkutat\u00f3 Int\u00e9zet, az Int\u00e9zetben m\u0171k\u00f6d\u0151 MTA-SE Molekul\u00e1ris Onkohematol\u00f3gia Kutat\u00f3csoport, valamint az I. \u00e9s III. sz. Belgy\u00f3gy\u00e1szati Klinik\u00e1k hematol\u00f3giai munkacsoportjainak szervez\u00e9s\u00e9ben ker\u00fcl megrendez\u00e9sre.<\/p>\n<p style=\"text-align: justify;\">A szimp\u00f3zium az onkohematol\u00f3gia ter\u00fclet\u00e9n dolgoz\u00f3 klinikusok \u00e9s kutat\u00f3k k\u00f6z\u00f6tti tudom\u00e1nyos eszmecser\u00e9nek teremt f\u00f3rumot. A tematika az onkohematol\u00f3giai betegs\u00e9gek sz\u00e9les spektrum\u00e1t fedi le, a k\u00fcl\u00f6nb\u00f6z\u0151 k\u00f3rk\u00e9pek patogenezis\u00e9nek, a molekul\u00e1ris diagnosztika, \u00faj c\u00e9lzott ter\u00e1pi\u00e1k \u00e9s az \u0151ssejt-transzplant\u00e1ci\u00f3 legaktu\u00e1lisabb k\u00e9rd\u00e9seit t\u00e1rgyalva.<\/p>\n<p style=\"text-align: justify;\">Az onkohematol\u00f3gia vezet\u0151 hazai \u00e9s nemzetk\u00f6zi szakemberei \u00e1ltal tartott el\u0151ad\u00e1soknak k\u00f6sz\u00f6nhet\u0151en a r\u00e9szvev\u0151k a szakma legfrissebb tudom\u00e1nyos eredm\u00e9nyeibe \u00e9s azok klinikai alkalmaz\u00e1s\u00e1nak aktu\u00e1lis k\u00e9rd\u00e9seibe nyerhetnek betekint\u00e9st. A <a href=\"https:\/\/semmelweis.hu\/symposium\/semmelweis-szimpozium-2016__trashed\/tudomanyos-program\/\">tudom\u00e1nyos program <\/a>a plen\u00e1ris, \u00f6sszefoglal\u00f3 jelleg\u0171 el\u0151ad\u00e1sok mellett k\u00fclf\u00f6ldi \u00e9s a Semmelweis Egyetemen dolgoz\u00f3 kutat\u00f3k tudom\u00e1nyos eredm\u00e9nyeit bemutat\u00f3 el\u0151ad\u00e1sokat \u00e9s poszter-prezent\u00e1ci\u00f3kat is tartalmaz.<\/p>\n<p style=\"text-align: justify;\">A r\u00e9sztvev\u0151k saj\u00e1t tudom\u00e1nyos eredm\u00e9nyeiket is <a href=\"https:\/\/semmelweis.hu\/symposium\/semmelweis-szimpozium-2016__trashed\/absztrakt-bekuldes\/\">bemutathatj\u00e1k<\/a> poszter form\u00e1j\u00e1ban. Tov\u00e1bb\u00e1, a Doktori Iskola hallgat\u00f3i a szimp\u00f3ziumon val\u00f3 r\u00e9szv\u00e9tellel kreditpontot szerezhetnek.<\/p>\n<p style=\"text-align: justify;\">A Semmelweis Szimp\u00f3ziumon val\u00f3 <a href=\"https:\/\/semmelweis.hu\/symposium\/semmelweis-szimpozium-2016-b\/regisztracio\/\">r\u00e9szv\u00e9tel <\/a>valamennyi \u00e9rdekl\u0151d\u0151 sz\u00e1m\u00e1ra ingyenes.<\/p>\n<p style=\"text-align: justify;\">Sok szeretettel v\u00e1runk minden kedves \u00e9rdekl\u0151d\u0151t!<\/p>\n<p style=\"text-align: justify;\"><em>A szervez\u0151k:<\/em><br \/>\n Matolcsy Andr\u00e1s, B\u00f6d\u00f6r Csaba, Demeter Judit, Masszi Tam\u00e1s<\/p>\n<p style=\"text-align: justify;\"><strong><em>Id\u0151pont:<\/em><\/strong><br \/>\n 2016. november 17-18<\/p>\n<p style=\"text-align: justify;\"><strong><em>Helysz\u00edn:<\/em><\/strong><br \/>\n Semmelweis Egyetem, <a href=\"http:\/\/www.semmelweis.hu\/patologia1\">I. sz. Patol\u00f3giai \u00e9s K\u00eds\u00e9rleti R\u00e1kkutat\u00f3 Int\u00e9zet<\/a>, Ar\u00e1nyi Lajos tanterem<\/p>\n<p style=\"text-align: justify;\"><strong><em>Megh\u00edvott el\u0151ad\u00f3k:<\/em><\/strong><br \/>\n J. Fitzgibbon, R. Jager, L. Saft, C. B\u00f6d\u00f6r, A. Matolcsy, P. Kir\u00e1ly, D. Veres, T. Masszi, R. Gale, F. Dazzi, K. N\u00e9meth, Z. P\u00f3s, J. Sink\u00f3, E. Gluckmann, J. Sink\u00f3, G. Kriv\u00e1n, J. Apperley, P. Holl\u00f3, J. Demeter, R. Houot, Z. Nagy.<\/p>\n","protected":false},"excerpt":{"rendered":"<p><a href=\"https:\/\/semmelweis.hu\/symposium\/files\/2016\/08\/Symposium.jpg\"><\/a> A 2016-os Semmelweis Szimp\u00f3zium t\u00e9m\u00e1ja a transzl\u00e1ci\u00f3s onkohematol\u00f3gia. A rendezv\u00e9ny az I. sz. Patol\u00f3giai \u00e9s K\u00eds\u00e9rleti R\u00e1kkutat\u00f3 Int\u00e9zet, az Int\u00e9zetben m\u0171k\u00f6d\u0151 MTA-SE Molekul\u00e1ris Onkohematol\u00f3gia Kutat\u00f3csoport, valamint az I. \u00e9s III. sz. Belgy\u00f3gy\u00e1szati Klinik\u00e1k hematol\u00f3giai munkacsoportjainak szervez\u00e9s\u00e9ben ker\u00fcl megrendez\u00e9sre. A szimp\u00f3zium az onkohematol\u00f3gia ter\u00fclet\u00e9n dolgoz\u00f3 klinikusok \u00e9s kutat\u00f3k k\u00f6z\u00f6tti tudom\u00e1nyos eszmecser\u00e9nek teremt f\u00f3rumot. A tematika az &hellip;<\/p>\n","protected":false},"author":101021,"featured_media":0,"parent":228,"menu_order":18,"comment_status":"closed","ping_status":"closed","template":"","meta":{"_acf_changed":false,"footnotes":""},"categories":[],"tags":[],"class_list":["post-1235","page","type-page","status-publish","hentry"],"acf":[],"_links":{"self":[{"href":"https:\/\/semmelweis.hu\/symposium\/wp-json\/wp\/v2\/pages\/1235","targetHints":{"allow":["GET"]}}],"collection":[{"href":"https:\/\/semmelweis.hu\/symposium\/wp-json\/wp\/v2\/pages"}],"about":[{"href":"https:\/\/semmelweis.hu\/symposium\/wp-json\/wp\/v2\/types\/page"}],"author":[{"embeddable":true,"href":"https:\/\/semmelweis.hu\/symposium\/wp-json\/wp\/v2\/users\/101021"}],"replies":[{"embeddable":true,"href":"https:\/\/semmelweis.hu\/symposium\/wp-json\/wp\/v2\/comments?post=1235"}],"version-history":[{"count":10,"href":"https:\/\/semmelweis.hu\/symposium\/wp-json\/wp\/v2\/pages\/1235\/revisions"}],"predecessor-version":[{"id":1628,"href":"https:\/\/semmelweis.hu\/symposium\/wp-json\/wp\/v2\/pages\/1235\/revisions\/1628"}],"up":[{"embeddable":true,"href":"https:\/\/semmelweis.hu\/symposium\/wp-json\/wp\/v2\/pages\/228"}],"wp:attachment":[{"href":"https:\/\/semmelweis.hu\/symposium\/wp-json\/wp\/v2\/media?parent=1235"}],"wp:term":[{"taxonomy":"category","embeddable":true,"href":"https:\/\/semmelweis.hu\/symposium\/wp-json\/wp\/v2\/categories?post=1235"},{"taxonomy":"post_tag","embeddable":true,"href":"https:\/\/semmelweis.hu\/symposium\/wp-json\/wp\/v2\/tags?post=1235"}],"curies":[{"name":"wp","href":"https:\/\/api.w.org\/{rel}","templated":true}]}}