{"id":1199,"date":"2016-08-17T14:30:29","date_gmt":"2016-08-17T12:30:29","guid":{"rendered":"http:\/\/semmelweis.hu\/symposium\/?page_id=1199"},"modified":"2018-01-17T13:52:19","modified_gmt":"2018-01-17T12:52:19","slug":"the-venue","status":"publish","type":"page","link":"https:\/\/semmelweis.hu\/symposium\/en\/archive\/semmelweis-symposium-2016\/the-venue\/","title":{"rendered":"The venue 2016"},"content":{"rendered":"<p>The Symposium will be hosted by the 1st Department of Pathology and Experimental Cancer Research. The lectures will take place in the Aranyi Lajos lecture hall (1st floor).<\/p>\n\r\n        [slb_exclude]\r\n        <div class=\"row galeria-wrapper mx-0 h-auto\">\r\n            <div class=\"col-9 pl-0 pr-2\">\r\n            <span class=\"gallery-item frame\">\r\n\t\t\t\t<div class=\"galeria-left-img\"><a href=\"https:\/\/semmelweis.hu\/symposium\/files\/2016\/08\/RS54683_KA-20161027-IMG_1967-scr.jpg\"><img src=https:\/\/semmelweis.hu\/symposium\/files\/2016\/08\/RS54683_KA-20161027-IMG_1967-scr.jpg  \r\n                            alt=\"\" \r\n                            class=\"attachment-sote-gallery-big size-sote-gallery-big\" \r\n                            srcset=\"https:\/\/semmelweis.hu\/symposium\/files\/2016\/08\/RS54683_KA-20161027-IMG_1967-scr-300x200.jpg 300w, https:\/\/semmelweis.hu\/symposium\/files\/2016\/08\/RS54683_KA-20161027-IMG_1967-scr-768x512.jpg 768w, https:\/\/semmelweis.hu\/symposium\/files\/2016\/08\/RS54683_KA-20161027-IMG_1967-scr-450x300.jpg 450w, https:\/\/semmelweis.hu\/symposium\/files\/2016\/08\/RS54683_KA-20161027-IMG_1967-scr.jpg 950w\" ><\/a><\/div>\r\n            <\/span>\r\n\r\n            <\/div>\r\n\r\n\t\t\t<div class=\"col-3 pl-0 pr-0\">\r\n\t\t\t\t<div class=\"galeria-right-img d-flex justify-content-between flex-column h-100 w-100 px-0 mx-0 \">\r\n                <div class=\"galeria-box\">\r\n\t\t\t\t\t<h3 class=\"galeria-title\">Gal\u00e9ria<\/h3>\r\n\t\t\t\t\t<div class=\"galeria-subtitle\">\r\n\r\n\t\t\t\t\t\t<div class=\"galeria-page-counter\"><span>6<\/span>k\u00e9p<\/div>\r\n                    <\/div> <\/div>\r\n                    <span class=\"gallery-item frame d-none d-md-flex\">\r\n\t\t\t\t\t<div class=\"galeria-small-img mt-0\"><a href=\"https:\/\/semmelweis.hu\/symposium\/files\/2016\/08\/RS54681_KA-20161027-IMG_1969-scr-1.jpg\"><img src=https:\/\/semmelweis.hu\/symposium\/files\/2016\/08\/RS54681_KA-20161027-IMG_1969-scr-1.jpg \r\n                                alt=\"\"  \r\n                                class=\"attachment-sote-gallery-small size-sote-gallery-small\" \r\n                                srcset=\"https:\/\/semmelweis.hu\/symposium\/files\/2016\/08\/RS54681_KA-20161027-IMG_1969-scr-1-300x200.jpg 300w, https:\/\/semmelweis.hu\/symposium\/files\/2016\/08\/RS54681_KA-20161027-IMG_1969-scr-1-768x512.jpg 768w, https:\/\/semmelweis.hu\/symposium\/files\/2016\/08\/RS54681_KA-20161027-IMG_1969-scr-1-450x300.jpg 450w, https:\/\/semmelweis.hu\/symposium\/files\/2016\/08\/RS54681_KA-20161027-IMG_1969-scr-1.jpg 950w\" ><\/a><\/div>\r\n                    <\/span>\r\n                    <span class=\"gallery-item frame d-none d-md-flex\">\r\n\t\t\t\t\t<div class=\"galeria-small-img mt-0\"><a href=\"https:\/\/semmelweis.hu\/symposium\/files\/2016\/08\/Picture-006.jpg\"><img src=https:\/\/semmelweis.hu\/symposium\/files\/2016\/08\/Picture-006.jpg \r\n                                alt=\"\" \r\n                                class=\"attachment-sote-gallery-small size-sote-gallery-small\" \r\n                                srcset=\"https:\/\/semmelweis.hu\/symposium\/files\/2016\/08\/Picture-006-300x225.jpg 300w, https:\/\/semmelweis.hu\/symposium\/files\/2016\/08\/Picture-006-768x577.jpg 768w, https:\/\/semmelweis.hu\/symposium\/files\/2016\/08\/Picture-006-1024x769.jpg 1024w, https:\/\/semmelweis.hu\/symposium\/files\/2016\/08\/Picture-006-399x300.jpg 399w\" ><\/a><\/div>\r\n                    <\/span>\r\n\r\n                <\/div>\r\n\r\n            <\/div>\r\n\r\n            <span class=\"gallery-item\"><div class=\"hidden\"><a href=\"https:\/\/semmelweis.hu\/symposium\/files\/2016\/08\/Picture-013.jpg\">\r\n        <img src=https:\/\/semmelweis.hu\/symposium\/files\/2016\/08\/Picture-013.jpg alt=\"\" class=\"attachment-sote-gallery-big size-sote-gallery-big\" srcset=\"https:\/\/semmelweis.hu\/symposium\/files\/2016\/08\/Picture-013-300x225.jpg 300w, https:\/\/semmelweis.hu\/symposium\/files\/2016\/08\/Picture-013-768x577.jpg 768w, https:\/\/semmelweis.hu\/symposium\/files\/2016\/08\/Picture-013-1024x769.jpg 1024w, https:\/\/semmelweis.hu\/symposium\/files\/2016\/08\/Picture-013-399x300.jpg 399w\" >\r\n        <\/a><\/div><\/span><span class=\"gallery-item\"><div class=\"hidden\"><a href=\"https:\/\/semmelweis.hu\/symposium\/files\/2016\/08\/Picture-028.jpg\">\r\n        <img src=https:\/\/semmelweis.hu\/symposium\/files\/2016\/08\/Picture-028.jpg alt=\"\" class=\"attachment-sote-gallery-big size-sote-gallery-big\" srcset=\"https:\/\/semmelweis.hu\/symposium\/files\/2016\/08\/Picture-028-300x225.jpg 300w, https:\/\/semmelweis.hu\/symposium\/files\/2016\/08\/Picture-028-768x577.jpg 768w, https:\/\/semmelweis.hu\/symposium\/files\/2016\/08\/Picture-028-1024x769.jpg 1024w, https:\/\/semmelweis.hu\/symposium\/files\/2016\/08\/Picture-028-399x300.jpg 399w\" >\r\n        <\/a><\/div><\/span><span class=\"gallery-item\"><div class=\"hidden\"><a href=\"https:\/\/semmelweis.hu\/symposium\/files\/2016\/08\/RS54698_KA-20161027-IMG_1888-scr.jpg\">\r\n        <img src=https:\/\/semmelweis.hu\/symposium\/files\/2016\/08\/RS54698_KA-20161027-IMG_1888-scr.jpg alt=\"\" class=\"attachment-sote-gallery-big size-sote-gallery-big\" srcset=\"https:\/\/semmelweis.hu\/symposium\/files\/2016\/08\/RS54698_KA-20161027-IMG_1888-scr-300x200.jpg 300w, https:\/\/semmelweis.hu\/symposium\/files\/2016\/08\/RS54698_KA-20161027-IMG_1888-scr-768x512.jpg 768w, https:\/\/semmelweis.hu\/symposium\/files\/2016\/08\/RS54698_KA-20161027-IMG_1888-scr-450x300.jpg 450w, https:\/\/semmelweis.hu\/symposium\/files\/2016\/08\/RS54698_KA-20161027-IMG_1888-scr.jpg 950w\" >\r\n        <\/a><\/div><\/span>\r\n            <\/div>\r\n\r\n            [\/slb_exclude]\r\n\t\n<p><strong>Address:<br \/>\n <\/strong>Semmelweis University<br \/>\n 1st Department of Pathology and Experimental Cancer Research<br \/>\n Ar\u00e1nyi Lajos lecture hall (1st floor)<br \/>\n \u00dcll\u0151i \u00fat 26, 1085 Budapest<br \/>\n Hungary<\/p>\n","protected":false},"excerpt":{"rendered":"<p>The Symposium will be hosted by the 1st Department of Pathology and Experimental Cancer Research. The lectures will take place in the Aranyi Lajos lecture hall (1st floor).<\/p>\n<p>Address:<br \/>\n Semmelweis University<br \/>\n 1st Department of Pathology and Experimental Cancer Research<br \/>\n Ar\u00e1nyi Lajos lecture hall (1st floor)<br \/>\n \u00dcll\u0151i \u00fat 26, 1085 Budapest<br \/>\n Hungary<\/p>\n","protected":false},"author":101021,"featured_media":0,"parent":1152,"menu_order":0,"comment_status":"closed","ping_status":"closed","template":"","meta":{"_acf_changed":false,"footnotes":""},"categories":[],"tags":[],"class_list":["post-1199","page","type-page","status-publish","hentry"],"acf":[],"_links":{"self":[{"href":"https:\/\/semmelweis.hu\/symposium\/wp-json\/wp\/v2\/pages\/1199","targetHints":{"allow":["GET"]}}],"collection":[{"href":"https:\/\/semmelweis.hu\/symposium\/wp-json\/wp\/v2\/pages"}],"about":[{"href":"https:\/\/semmelweis.hu\/symposium\/wp-json\/wp\/v2\/types\/page"}],"author":[{"embeddable":true,"href":"https:\/\/semmelweis.hu\/symposium\/wp-json\/wp\/v2\/users\/101021"}],"replies":[{"embeddable":true,"href":"https:\/\/semmelweis.hu\/symposium\/wp-json\/wp\/v2\/comments?post=1199"}],"version-history":[{"count":8,"href":"https:\/\/semmelweis.hu\/symposium\/wp-json\/wp\/v2\/pages\/1199\/revisions"}],"predecessor-version":[{"id":1617,"href":"https:\/\/semmelweis.hu\/symposium\/wp-json\/wp\/v2\/pages\/1199\/revisions\/1617"}],"up":[{"embeddable":true,"href":"https:\/\/semmelweis.hu\/symposium\/wp-json\/wp\/v2\/pages\/1152"}],"wp:attachment":[{"href":"https:\/\/semmelweis.hu\/symposium\/wp-json\/wp\/v2\/media?parent=1199"}],"wp:term":[{"taxonomy":"category","embeddable":true,"href":"https:\/\/semmelweis.hu\/symposium\/wp-json\/wp\/v2\/categories?post=1199"},{"taxonomy":"post_tag","embeddable":true,"href":"https:\/\/semmelweis.hu\/symposium\/wp-json\/wp\/v2\/tags?post=1199"}],"curies":[{"name":"wp","href":"https:\/\/api.w.org\/{rel}","templated":true}]}}