{"id":1197,"date":"2016-08-17T14:30:10","date_gmt":"2016-08-17T12:30:10","guid":{"rendered":"http:\/\/semmelweis.hu\/symposium\/?page_id=1197"},"modified":"2018-01-17T13:53:03","modified_gmt":"2018-01-17T12:53:03","slug":"a-helyszin","status":"publish","type":"page","link":"https:\/\/semmelweis.hu\/symposium\/szimpozium-archiv\/semmelweis-szimpozium-2016-b\/a-helyszin\/","title":{"rendered":"A helysz\u00edn 2016."},"content":{"rendered":"<p>A szimp\u00f3zium az I. sz. Patol\u00f3giai \u00e9s K\u00eds\u00e9rleti R\u00e1kkutat\u00f3 Int\u00e9zet \u00e9p\u00fclet\u00e9ben ker\u00fcl megrendez\u00e9sre. Az el\u0151ad\u00e1sok helysz\u00edne az Ar\u00e1nyi Lajos tanterem (1. emelet).<\/p>\n[slb_exclude]<div data-carousel-extra='{\"blog_id\":55,\"permalink\":\"https:\\\/\\\/semmelweis.hu\\\/symposium\\\/szimpozium-archiv\\\/semmelweis-szimpozium-2016-b\\\/a-helyszin\\\/\"}' class=\"tiled-gallery type-square\" data-original-width=\"753\"><div class=\"tiled-gallery-item\"><a border=\"0\" href=\"https:\/\/semmelweis.hu\/symposium\/szimpozium-archiv\/semmelweis-szimpozium-2016-b\/a-helyszin\/rs54683_ka-20161027-img_1967-scr\/\"><img decoding=\"async\" data-attachment-id=\"1368\" data-orig-file=\"https:\/\/semmelweis.hu\/symposium\/files\/2016\/08\/RS54683_KA-20161027-IMG_1967-scr.jpg\" data-orig-size=\"950,633\" data-comments-opened=\"0\" data-image-meta=\"{&quot;aperture&quot;:&quot;0&quot;,&quot;credit&quot;:&quot;Attila Kovacs&quot;,&quot;camera&quot;:&quot;Canon EOS 6D&quot;,&quot;caption&quot;:&quot;&quot;,&quot;created_timestamp&quot;:&quot;0&quot;,&quot;copyright&quot;:&quot;&quot;,&quot;focal_length&quot;:&quot;0&quot;,&quot;iso&quot;:&quot;0&quot;,&quot;shutter_speed&quot;:&quot;0&quot;,&quot;title&quot;:&quot;&quot;,&quot;orientation&quot;:&quot;0&quot;}\" data-image-title=\"RS54683_KA-20161027-IMG_1967-scr\" data-image-description=\"\" data-medium-file=\"https:\/\/semmelweis.hu\/symposium\/files\/2016\/08\/RS54683_KA-20161027-IMG_1967-scr-300x200.jpg\" data-large-file=\"https:\/\/semmelweis.hu\/symposium\/files\/2016\/08\/RS54683_KA-20161027-IMG_1967-scr.jpg\" style=\"margin: 2px;max-width:550px;max-height:550px;\" src=\"https:\/\/semmelweis.hu\/symposium\/files\/2016\/08\/RS54683_KA-20161027-IMG_1967-scr-372x372.jpg\" width=372 height=372 title=\"\" \/><\/a><\/div><div class=\"tiled-gallery-item\"><a border=\"0\" href=\"https:\/\/semmelweis.hu\/symposium\/szimpozium-archiv\/semmelweis-szimpozium-2016-b\/a-helyszin\/rs54681_ka-20161027-img_1969-scr-1\/\"><img decoding=\"async\" data-attachment-id=\"1367\" data-orig-file=\"https:\/\/semmelweis.hu\/symposium\/files\/2016\/08\/RS54681_KA-20161027-IMG_1969-scr-1.jpg\" data-orig-size=\"950,633\" data-comments-opened=\"0\" data-image-meta=\"{&quot;aperture&quot;:&quot;0&quot;,&quot;credit&quot;:&quot;Attila Kovacs&quot;,&quot;camera&quot;:&quot;Canon EOS 6D&quot;,&quot;caption&quot;:&quot;&quot;,&quot;created_timestamp&quot;:&quot;0&quot;,&quot;copyright&quot;:&quot;&quot;,&quot;focal_length&quot;:&quot;0&quot;,&quot;iso&quot;:&quot;0&quot;,&quot;shutter_speed&quot;:&quot;0&quot;,&quot;title&quot;:&quot;&quot;,&quot;orientation&quot;:&quot;0&quot;}\" data-image-title=\"RS54681_KA-20161027-IMG_1969-scr-1\" data-image-description=\"\" data-medium-file=\"https:\/\/semmelweis.hu\/symposium\/files\/2016\/08\/RS54681_KA-20161027-IMG_1969-scr-1-300x200.jpg\" data-large-file=\"https:\/\/semmelweis.hu\/symposium\/files\/2016\/08\/RS54681_KA-20161027-IMG_1969-scr-1.jpg\" style=\"margin: 2px;max-width:550px;max-height:550px;\" src=\"https:\/\/semmelweis.hu\/symposium\/files\/2016\/08\/RS54681_KA-20161027-IMG_1969-scr-1-372x372.jpg\" width=372 height=372 title=\"\" \/><\/a><\/div><div class=\"tiled-gallery-item\"><a border=\"0\" href=\"https:\/\/semmelweis.hu\/symposium\/szimpozium-archiv\/semmelweis-szimpozium-2016-b\/a-helyszin\/picture-006\/\"><img decoding=\"async\" data-attachment-id=\"1291\" data-orig-file=\"https:\/\/semmelweis.hu\/symposium\/files\/2016\/08\/Picture-006.jpg\" data-orig-size=\"2560,1924\" data-comments-opened=\"0\" data-image-meta=\"{&quot;aperture&quot;:&quot;2.8&quot;,&quot;credit&quot;:&quot;&quot;,&quot;camera&quot;:&quot;KODAK Z612 ZOOM DIGITAL CAMERA&quot;,&quot;caption&quot;:&quot;&quot;,&quot;created_timestamp&quot;:&quot;1254063108&quot;,&quot;copyright&quot;:&quot;&quot;,&quot;focal_length&quot;:&quot;5.85&quot;,&quot;iso&quot;:&quot;80&quot;,&quot;shutter_speed&quot;:&quot;0.033333333333333&quot;,&quot;title&quot;:&quot;&quot;,&quot;orientation&quot;:&quot;1&quot;}\" data-image-title=\"Photo1\" data-image-description=\"\" data-medium-file=\"https:\/\/semmelweis.hu\/symposium\/files\/2016\/08\/Picture-006-300x225.jpg\" data-large-file=\"https:\/\/semmelweis.hu\/symposium\/files\/2016\/08\/Picture-006-1024x769.jpg\" style=\"margin: 2px;max-width:550px;max-height:550px;\" src=\"https:\/\/semmelweis.hu\/symposium\/files\/2016\/08\/Picture-006-184x184.jpg\" width=184 height=184 title=\"\" \/><\/a><\/div><div class=\"tiled-gallery-item\"><a border=\"0\" href=\"https:\/\/semmelweis.hu\/symposium\/szimpozium-archiv\/semmelweis-szimpozium-2016-b\/a-helyszin\/picture-013\/\"><img decoding=\"async\" data-attachment-id=\"1290\" data-orig-file=\"https:\/\/semmelweis.hu\/symposium\/files\/2016\/08\/Picture-013.jpg\" data-orig-size=\"2560,1924\" data-comments-opened=\"0\" data-image-meta=\"{&quot;aperture&quot;:&quot;2.8&quot;,&quot;credit&quot;:&quot;&quot;,&quot;camera&quot;:&quot;KODAK Z612 ZOOM DIGITAL CAMERA&quot;,&quot;caption&quot;:&quot;&quot;,&quot;created_timestamp&quot;:&quot;1254063415&quot;,&quot;copyright&quot;:&quot;&quot;,&quot;focal_length&quot;:&quot;5.85&quot;,&quot;iso&quot;:&quot;80&quot;,&quot;shutter_speed&quot;:&quot;0.033333333333333&quot;,&quot;title&quot;:&quot;&quot;,&quot;orientation&quot;:&quot;1&quot;}\" data-image-title=\"Photo2\" data-image-description=\"\" data-medium-file=\"https:\/\/semmelweis.hu\/symposium\/files\/2016\/08\/Picture-013-300x225.jpg\" data-large-file=\"https:\/\/semmelweis.hu\/symposium\/files\/2016\/08\/Picture-013-1024x769.jpg\" style=\"margin: 2px;max-width:550px;max-height:550px;\" src=\"https:\/\/semmelweis.hu\/symposium\/files\/2016\/08\/Picture-013-184x184.jpg\" width=184 height=184 title=\"\" \/><\/a><\/div><div class=\"tiled-gallery-item\"><a border=\"0\" href=\"https:\/\/semmelweis.hu\/symposium\/szimpozium-archiv\/semmelweis-szimpozium-2016-b\/a-helyszin\/picture-028\/\"><img decoding=\"async\" data-attachment-id=\"1289\" data-orig-file=\"https:\/\/semmelweis.hu\/symposium\/files\/2016\/08\/Picture-028.jpg\" data-orig-size=\"2560,1924\" data-comments-opened=\"0\" data-image-meta=\"{&quot;aperture&quot;:&quot;2.8&quot;,&quot;credit&quot;:&quot;&quot;,&quot;camera&quot;:&quot;KODAK Z612 ZOOM DIGITAL CAMERA&quot;,&quot;caption&quot;:&quot;&quot;,&quot;created_timestamp&quot;:&quot;1254063241&quot;,&quot;copyright&quot;:&quot;&quot;,&quot;focal_length&quot;:&quot;5.85&quot;,&quot;iso&quot;:&quot;160&quot;,&quot;shutter_speed&quot;:&quot;0.033333333333333&quot;,&quot;title&quot;:&quot;&quot;,&quot;orientation&quot;:&quot;1&quot;}\" data-image-title=\"Photo3\" data-image-description=\"\" data-medium-file=\"https:\/\/semmelweis.hu\/symposium\/files\/2016\/08\/Picture-028-300x225.jpg\" data-large-file=\"https:\/\/semmelweis.hu\/symposium\/files\/2016\/08\/Picture-028-1024x769.jpg\" style=\"margin: 2px;max-width:550px;max-height:550px;\" src=\"https:\/\/semmelweis.hu\/symposium\/files\/2016\/08\/Picture-028-184x184.jpg\" width=184 height=184 title=\"\" \/><\/a><\/div><div class=\"tiled-gallery-item\"><a border=\"0\" href=\"https:\/\/semmelweis.hu\/symposium\/szimpozium-archiv\/semmelweis-szimpozium-2016-b\/a-helyszin\/rs54698_ka-20161027-img_1888-scr\/\"><img decoding=\"async\" data-attachment-id=\"1369\" data-orig-file=\"https:\/\/semmelweis.hu\/symposium\/files\/2016\/08\/RS54698_KA-20161027-IMG_1888-scr.jpg\" data-orig-size=\"950,633\" data-comments-opened=\"0\" data-image-meta=\"{&quot;aperture&quot;:&quot;0&quot;,&quot;credit&quot;:&quot;Attila Kovacs&quot;,&quot;camera&quot;:&quot;Canon EOS 6D&quot;,&quot;caption&quot;:&quot;&quot;,&quot;created_timestamp&quot;:&quot;0&quot;,&quot;copyright&quot;:&quot;&quot;,&quot;focal_length&quot;:&quot;0&quot;,&quot;iso&quot;:&quot;0&quot;,&quot;shutter_speed&quot;:&quot;0&quot;,&quot;title&quot;:&quot;&quot;,&quot;orientation&quot;:&quot;0&quot;}\" data-image-title=\"RS54698_KA-20161027-IMG_1888-scr\" data-image-description=\"\" data-medium-file=\"https:\/\/semmelweis.hu\/symposium\/files\/2016\/08\/RS54698_KA-20161027-IMG_1888-scr-300x200.jpg\" data-large-file=\"https:\/\/semmelweis.hu\/symposium\/files\/2016\/08\/RS54698_KA-20161027-IMG_1888-scr.jpg\" style=\"margin: 2px;max-width:550px;max-height:550px;\" src=\"https:\/\/semmelweis.hu\/symposium\/files\/2016\/08\/RS54698_KA-20161027-IMG_1888-scr-184x184.jpg\" width=184 height=184 title=\"\" \/><\/a><\/div><\/div>[\/slb_exclude]\n<p><strong>C\u00edm:<br \/>\n <\/strong>Semmelweis\u00a0Egyetem<br \/>\n I. sz. Patol\u00f3giai \u00e9s K\u00eds\u00e9rleti R\u00e1kkutat\u00f3 Int\u00e9zet<br \/>\n Ar\u00e1nyi Lajos tanterem (1. emelet)<br \/>\n \u00dcll\u0151i \u00fat 26, 1085 Budapest<\/p>\n","protected":false},"excerpt":{"rendered":"<p>A szimp\u00f3zium az I. sz. Patol\u00f3giai \u00e9s K\u00eds\u00e9rleti R\u00e1kkutat\u00f3 Int\u00e9zet \u00e9p\u00fclet\u00e9ben ker\u00fcl megrendez\u00e9sre. Az el\u0151ad\u00e1sok helysz\u00edne az Ar\u00e1nyi Lajos tanterem (1. emelet).<\/p>\n<p>C\u00edm:<br \/>\n Semmelweis\u00a0Egyetem<br \/>\n I. sz. Patol\u00f3giai \u00e9s K\u00eds\u00e9rleti R\u00e1kkutat\u00f3 Int\u00e9zet<br \/>\n Ar\u00e1nyi Lajos tanterem (1. emelet)<br \/>\n \u00dcll\u0151i \u00fat 26, 1085 Budapest<\/p>\n","protected":false},"author":101021,"featured_media":0,"parent":1235,"menu_order":0,"comment_status":"closed","ping_status":"closed","template":"","meta":{"_acf_changed":false,"footnotes":""},"categories":[],"tags":[],"class_list":["post-1197","page","type-page","status-publish","hentry"],"acf":[],"_links":{"self":[{"href":"https:\/\/semmelweis.hu\/symposium\/wp-json\/wp\/v2\/pages\/1197","targetHints":{"allow":["GET"]}}],"collection":[{"href":"https:\/\/semmelweis.hu\/symposium\/wp-json\/wp\/v2\/pages"}],"about":[{"href":"https:\/\/semmelweis.hu\/symposium\/wp-json\/wp\/v2\/types\/page"}],"author":[{"embeddable":true,"href":"https:\/\/semmelweis.hu\/symposium\/wp-json\/wp\/v2\/users\/101021"}],"replies":[{"embeddable":true,"href":"https:\/\/semmelweis.hu\/symposium\/wp-json\/wp\/v2\/comments?post=1197"}],"version-history":[{"count":9,"href":"https:\/\/semmelweis.hu\/symposium\/wp-json\/wp\/v2\/pages\/1197\/revisions"}],"predecessor-version":[{"id":1620,"href":"https:\/\/semmelweis.hu\/symposium\/wp-json\/wp\/v2\/pages\/1197\/revisions\/1620"}],"up":[{"embeddable":true,"href":"https:\/\/semmelweis.hu\/symposium\/wp-json\/wp\/v2\/pages\/1235"}],"wp:attachment":[{"href":"https:\/\/semmelweis.hu\/symposium\/wp-json\/wp\/v2\/media?parent=1197"}],"wp:term":[{"taxonomy":"category","embeddable":true,"href":"https:\/\/semmelweis.hu\/symposium\/wp-json\/wp\/v2\/categories?post=1197"},{"taxonomy":"post_tag","embeddable":true,"href":"https:\/\/semmelweis.hu\/symposium\/wp-json\/wp\/v2\/tags?post=1197"}],"curies":[{"name":"wp","href":"https:\/\/api.w.org\/{rel}","templated":true}]}}