{"id":1190,"date":"2016-08-16T19:41:03","date_gmt":"2016-08-16T17:41:03","guid":{"rendered":"http:\/\/semmelweis.hu\/symposium\/?page_id=1190"},"modified":"2021-12-06T14:16:12","modified_gmt":"2021-12-06T13:16:12","slug":"absztrakt-bekuldes","status":"publish","type":"page","link":"https:\/\/semmelweis.hu\/symposium\/szimpozium-archiv\/semmelweis-szimpozium-2016-b\/absztrakt-bekuldes\/","title":{"rendered":"Absztrakt bek\u00fcld\u00e9s 2016."},"content":{"rendered":"<p style=\"text-align: justify;\">A Semmelweis Szimp\u00f3zium r\u00e9sztvev\u0151i poszter prezent\u00e1ci\u00f3 form\u00e1j\u00e1ban mutathatj\u00e1k be tudom\u00e1nyos eredm\u00e9nyeiket. A Tudom\u00e1nyos Bizotts\u00e1g az \u00f6sszefoglal\u00f3k bek\u00fcld\u00e9s\u00e9t k\u00f6vet\u0151en n\u00e9h\u00e1ny napon bel\u00fcl \u00e9rtes\u00edti a szerz\u0151ket azok elfogad\u00e1s\u00e1r\u00f3l.<\/p>\n<p style=\"text-align: center;\">Az online \u0171rlap m\u00e1r inakt\u00edv<\/p>\n<p>&nbsp;<\/p>\n<p>&nbsp;<\/p>\n","protected":false},"excerpt":{"rendered":"<p>A Semmelweis Szimp\u00f3zium r\u00e9sztvev\u0151i poszter prezent\u00e1ci\u00f3 form\u00e1j\u00e1ban mutathatj\u00e1k be tudom\u00e1nyos eredm\u00e9nyeiket. A Tudom\u00e1nyos Bizotts\u00e1g az \u00f6sszefoglal\u00f3k bek\u00fcld\u00e9s\u00e9t k\u00f6vet\u0151en n\u00e9h\u00e1ny napon bel\u00fcl \u00e9rtes\u00edti a szerz\u0151ket azok elfogad\u00e1s\u00e1r\u00f3l.<br \/>\nAz online \u0171rlap m\u00e1r inakt\u00edv<br \/>\n&nbsp;<br \/>\n&nbsp;<\/p>\n","protected":false},"author":101021,"featured_media":0,"parent":1235,"menu_order":0,"comment_status":"closed","ping_status":"closed","template":"","meta":{"_acf_changed":false,"footnotes":""},"categories":[],"tags":[],"class_list":["post-1190","page","type-page","status-publish","hentry"],"acf":[],"_links":{"self":[{"href":"https:\/\/semmelweis.hu\/symposium\/wp-json\/wp\/v2\/pages\/1190","targetHints":{"allow":["GET"]}}],"collection":[{"href":"https:\/\/semmelweis.hu\/symposium\/wp-json\/wp\/v2\/pages"}],"about":[{"href":"https:\/\/semmelweis.hu\/symposium\/wp-json\/wp\/v2\/types\/page"}],"author":[{"embeddable":true,"href":"https:\/\/semmelweis.hu\/symposium\/wp-json\/wp\/v2\/users\/101021"}],"replies":[{"embeddable":true,"href":"https:\/\/semmelweis.hu\/symposium\/wp-json\/wp\/v2\/comments?post=1190"}],"version-history":[{"count":10,"href":"https:\/\/semmelweis.hu\/symposium\/wp-json\/wp\/v2\/pages\/1190\/revisions"}],"predecessor-version":[{"id":2367,"href":"https:\/\/semmelweis.hu\/symposium\/wp-json\/wp\/v2\/pages\/1190\/revisions\/2367"}],"up":[{"embeddable":true,"href":"https:\/\/semmelweis.hu\/symposium\/wp-json\/wp\/v2\/pages\/1235"}],"wp:attachment":[{"href":"https:\/\/semmelweis.hu\/symposium\/wp-json\/wp\/v2\/media?parent=1190"}],"wp:term":[{"taxonomy":"category","embeddable":true,"href":"https:\/\/semmelweis.hu\/symposium\/wp-json\/wp\/v2\/categories?post=1190"},{"taxonomy":"post_tag","embeddable":true,"href":"https:\/\/semmelweis.hu\/symposium\/wp-json\/wp\/v2\/tags?post=1190"}],"curies":[{"name":"wp","href":"https:\/\/api.w.org\/{rel}","templated":true}]}}