{"id":1152,"date":"2016-08-16T09:42:04","date_gmt":"2016-08-16T07:42:04","guid":{"rendered":"http:\/\/semmelweis.hu\/symposium\/?page_id=1152"},"modified":"2026-03-16T09:57:08","modified_gmt":"2026-03-16T08:57:08","slug":"semmelweis-symposium-2016","status":"publish","type":"page","link":"https:\/\/semmelweis.hu\/symposium\/en\/archive\/semmelweis-symposium-2016\/","title":{"rendered":"Semmelweis Symposium 2016"},"content":{"rendered":"<p style=\"text-align: justify\">\u00a0<\/p>\n<p style=\"text-align: justify\">It is our great pleasure to cordially invite you to the 2016 Semmelweis Symposium, the major annual scientific event at <a href=\"https:\/\/semmelweis.hu\/english\/\">Semmelweis University<\/a> in Budapest, Hungary.<\/p>\n<p style=\"text-align: justify\">\u00a0<\/p>\n<p style=\"text-align: justify\"><a href=\"https:\/\/semmelweis.hu\/symposium\/files\/2016\/08\/Symposium.jpg\"><img loading=\"lazy\" decoding=\"async\" class=\"alignleft wp-image-1384\" src=\"https:\/\/semmelweis.hu\/symposium\/files\/2016\/08\/Symposium-212x300.jpg\" alt=\"Symposium\" width=\"205\" height=\"291\" srcset=\"https:\/\/semmelweis.hu\/symposium\/files\/2016\/08\/Symposium-212x300.jpg 212w, https:\/\/semmelweis.hu\/symposium\/files\/2016\/08\/Symposium.jpg 595w\" sizes=\"auto, (max-width: 205px) 100vw, 205px\" \/><\/a><\/p>\n<p style=\"text-align: justify\">The 2016 Semmelweis Symposium will be dedicated to the topic of translational oncohematology. The goal of the conference is to foster scientific exchange between clinicians and laboratory scientists working in oncohematology worldwide. The meeting will cover different aspects of haematological malignancies from pathogenesis and diagnostics to novel targeted therapies and stem cell transplantation.<\/p>\n<p style=\"text-align: justify\">A selection of world-renowned\u00a0speakers\u00a0will ensure the highest quality of science and provide the attendees with the most recent advances of the field. The <a href=\"https:\/\/semmelweis.hu\/symposium\/en\/semmelweis-symposium-2016\/scientific-program\/\">program <\/a>will include plenary educational sessions, presentations of scientist working at Semmelweis University and poster presentations.<\/p>\n<p style=\"text-align: justify\">\u00a0<\/p>\n<p style=\"text-align: justify\">We look forward to meeting you at this exciting scientific event in November 2016.<\/p>\n<p style=\"text-align: justify\">\u00a0<\/p>\n<p style=\"text-align: justify\">The Organizers:<br \/>\n Andr\u00e1s Matolcsy, Csaba B\u00f6d\u00f6r, Judit Demeter &amp; Tam\u00e1s Masszi<\/p>\n<p style=\"text-align: justify\">\u00a0<\/p>\n<p style=\"text-align: justify\"><em><strong>Date:<\/strong><br \/>\n <\/em> November 17-18, 2016<\/p>\n<p style=\"text-align: justify\">\u00a0<\/p>\n<p style=\"text-align: justify\"><em><strong>Venue:<\/strong><br \/>\n <\/em> Semmelweis University, 1st Department of Pathology and Experimental Cancer Research<\/p>\n<p style=\"text-align: justify\">\u00a0<\/p>\n<p style=\"text-align: justify\"><em><strong>Speakers:<\/strong><br \/>\n <\/em>J. Fitzgibbon, R. Jager, L. Saft, C. B\u00f6d\u00f6r, A. Matolcsy, P. Kir\u00e1ly, D. Veres, T. Masszi, R. Gale, F. Dazzi, K. N\u00e9meth, Z. P\u00f3s, J. Sink\u00f3, E. Gluckmann, J. Sink\u00f3, G. Kriv\u00e1n, J. Apperley, P. Holl\u00f3, J. Demeter, R. Houot, Z. Nagy.<\/p>\n<p style=\"text-align: justify\">\u00a0<\/p>\n<div class=\"exp-col-content-holder\">\n<div class=\"hidden-content\">\n<div class=\"exp-col-content-holder\" style=\"text-align: justify\">\n<p>&nbsp;<\/p>\n<\/div>\n<\/div>\n<\/div>\n","protected":false},"excerpt":{"rendered":"<p>\u00a0 It is our great pleasure to cordially invite you to the 2016 Semmelweis Symposium, the major annual scientific event at <a href=\"https:\/\/semmelweis.hu\/english\/\">Semmelweis University<\/a> in Budapest, Hungary. \u00a0 <a href=\"https:\/\/semmelweis.hu\/symposium\/files\/2016\/08\/Symposium.jpg\"><\/a> The 2016 Semmelweis Symposium will be dedicated to the topic of translational oncohematology. The goal of the conference is to foster scientific exchange between clinicians and laboratory scientists working in &hellip;<\/p>\n","protected":false},"author":12,"featured_media":0,"parent":1846,"menu_order":93,"comment_status":"closed","ping_status":"closed","template":"","meta":{"_acf_changed":false,"footnotes":""},"categories":[],"tags":[],"class_list":["post-1152","page","type-page","status-publish","hentry"],"acf":[],"_links":{"self":[{"href":"https:\/\/semmelweis.hu\/symposium\/wp-json\/wp\/v2\/pages\/1152","targetHints":{"allow":["GET"]}}],"collection":[{"href":"https:\/\/semmelweis.hu\/symposium\/wp-json\/wp\/v2\/pages"}],"about":[{"href":"https:\/\/semmelweis.hu\/symposium\/wp-json\/wp\/v2\/types\/page"}],"author":[{"embeddable":true,"href":"https:\/\/semmelweis.hu\/symposium\/wp-json\/wp\/v2\/users\/12"}],"replies":[{"embeddable":true,"href":"https:\/\/semmelweis.hu\/symposium\/wp-json\/wp\/v2\/comments?post=1152"}],"version-history":[{"count":10,"href":"https:\/\/semmelweis.hu\/symposium\/wp-json\/wp\/v2\/pages\/1152\/revisions"}],"predecessor-version":[{"id":2213,"href":"https:\/\/semmelweis.hu\/symposium\/wp-json\/wp\/v2\/pages\/1152\/revisions\/2213"}],"up":[{"embeddable":true,"href":"https:\/\/semmelweis.hu\/symposium\/wp-json\/wp\/v2\/pages\/1846"}],"wp:attachment":[{"href":"https:\/\/semmelweis.hu\/symposium\/wp-json\/wp\/v2\/media?parent=1152"}],"wp:term":[{"taxonomy":"category","embeddable":true,"href":"https:\/\/semmelweis.hu\/symposium\/wp-json\/wp\/v2\/categories?post=1152"},{"taxonomy":"post_tag","embeddable":true,"href":"https:\/\/semmelweis.hu\/symposium\/wp-json\/wp\/v2\/tags?post=1152"}],"curies":[{"name":"wp","href":"https:\/\/api.w.org\/{rel}","templated":true}]}}