{"id":107,"date":"2015-10-05T15:46:01","date_gmt":"2015-10-05T13:46:01","guid":{"rendered":"http:\/\/semmelweis.hu\/symposium\/?page_id=107"},"modified":"2023-02-17T10:06:43","modified_gmt":"2023-02-17T09:06:43","slug":"semmelweis-szimpozium-2015","status":"publish","type":"page","link":"https:\/\/semmelweis.hu\/symposium\/szimpozium-archiv\/semmelweis-szimpozium-2015\/","title":{"rendered":"Semmelweis Szimp\u00f3zium 2015"},"content":{"rendered":"<p><strong>Semmelweis Symposium: molekul\u00e1ris onkol\u00f3gia a laborat\u00f3riumt\u00f3l a beteg\u00e1gyig<\/strong><\/p>\n<p>2015. november 5-6. k\u00f6z\u00f6tt a\u00a0molekul\u00e1ris onkol\u00f3gia kiemelked\u0151 nemzetk\u00f6zi szak\u00e9rt\u0151i tartanak el\u0151ad\u00e1st az idei Semmelweis Symposiumon.<\/p>\n<p><a href=\"https:\/\/semmelweis.hu\/hirek\/files\/2015\/10\/RS27490_20120110-IMG_5814-scr.jpg\"><img loading=\"lazy\" decoding=\"async\" class=\"alignright size-medium wp-image-46181\" src=\"https:\/\/semmelweis.hu\/hirek\/files\/2015\/10\/RS27490_20120110-IMG_5814-scr-200x300.jpg\" alt=\"RS27490_20120110-IMG_5814-scr\" width=\"200\" height=\"300\" \/><\/a>Nagy hagyom\u00e1nya van a Semmelweis Egyetemen a r\u00e1kkutat\u00e1snak, melyben ma is kiemelked\u0151en er\u0151s az egyetem \u2013 indokolja az idei szimp\u00f3zium t\u00e9mav\u00e1laszt\u00e1s\u00e1t Dr. T\u00edm\u00e1r J\u00f3zsef, a II. Sz. Patol\u00f3giai Int\u00e9zet igazgat\u00f3ja, a 2015-\u00f6s Semmelweis Symposium f\u0151szervez\u0151je. Mint eml\u00e9keztetett: az id\u00e9n 120 \u00e9ves II. Sz. Patol\u00f3giai Int\u00e9zet m\u00e1sodik igazgat\u00f3ja, Dr. Krompecher \u00d6d\u00f6n volt az els\u0151 r\u00e1kkutat\u00f3 patol\u00f3gus az egyetem. Az elm\u00falt sz\u00e1z \u00e9vben a k\u00e9t patol\u00f3giai int\u00e9zet hatalmas tapasztalatot halmozott fel ezen a ter\u00fcleten, emellett t\u00f6bb Lend\u00fclet programban r\u00e9sztvev\u0151 kutat\u00f3nak is onkol\u00f3giai f\u00f3kusz\u00fa a programja, egyes klinik\u00e1kon pedig akt\u00edv klinikai onkol\u00f3giai kutat\u00e1sok folynak \u2013 mutatott r\u00e1 Dr. T\u00edm\u00e1r J\u00f3zsef.<\/p>\n<p>A k\u00e9tnapos szimp\u00f3ziumon a t\u00e9ma egyetemi szakemberei is bemutatkoznak, ugyanakkor minden szekci\u00f3ban elismert nemzetk\u00f6zi kutat\u00f3k is tartanak el\u0151ad\u00e1sokat. \u00cdgy p\u00e9ld\u00e1ul a k\u00eds\u00e9rleti r\u00e1kkutat\u00e1sr\u00f3l Dr. Sirpa Jalkanen, a finn tudom\u00e1nyos akad\u00e9mia tagja besz\u00e9l, aki a jelent\u0151s szerepet j\u00e1tszik az immunonkol\u00f3gia alapjainak felt\u00e1r\u00e1s\u00e1ban. A patol\u00f3gia ter\u00fclet\u00e9n a molekul\u00e1ris patol\u00f3gia rutin alkalmaz\u00e1sainak kifejleszt\u00e9s\u00e9ben nagy eredm\u00e9nyeket el\u00e9r\u0151 Dr. Manfred Dietel \u00e9rkezik Berlinb\u0151l. A genomikai medicin\u00e1r\u00f3l sz\u00f3l\u00f3 szekci\u00f3ban Dr. Christine Desmedt tart el\u0151ad\u00e1st, aki az eml\u0151r\u00e1k genomik\u00e1ban mutatott fel komoly eredm\u00e9nyeket, m\u00edg a klinikai onkol\u00f3gia ter\u00fclet\u00e9n Dr. Hans-Joachim Schmoll, vastagb\u00e9lr\u00e1k c\u00e9lzott ter\u00e1pi\u00e1s klinikai alkalmaz\u00e1s\u00e1nak szakembere ad el\u0151.<\/p>\n<p><a href=\"https:\/\/semmelweis.hu\/hirek\/files\/2015\/10\/program-600x400_1.jpg\"><img loading=\"lazy\" decoding=\"async\" class=\"alignleft size-medium wp-image-46190\" src=\"https:\/\/semmelweis.hu\/hirek\/files\/2015\/10\/program-600x400_1-300x200.jpg\" alt=\"program-600x400_1\" width=\"300\" height=\"200\" \/><\/a>Mint azt Dr. T\u00edm\u00e1r J\u00f3zsef elmondta: a szimp\u00f3zium c\u00e9lja bemutatni, hogy mik\u00e9nt jut el egy kutat\u00e1s a laborat\u00f3riumi szob\u00e1t\u00f3l a beteg\u00e1gyig; erre mutatnak majd \u00edg\u00e9retes p\u00e9ld\u00e1kat, kit\u00e9rve a gy\u00f3gyszerfejleszt\u00e9s \u00e9s a v\u00e1llalkoz\u00e1s l\u00e9trehoz\u00e1s\u00e1nak k\u00e9rd\u00e9seire is. A megh\u00edvottak k\u00f6z\u00f6tt van egy sikeres finn biotechnol\u00f3giai v\u00e1llalkoz\u00e1s is, mely ez ut\u00f3bbi aspektust vil\u00e1g\u00edtja meg.<\/p>\n<p>A f\u0151szervez\u0151 els\u0151sorban fiatal klinikusoknak \u00e9s kutat\u00f3knak aj\u00e1nlja a szimp\u00f3ziumon val\u00f3 r\u00e9szv\u00e9telt, de a program minden r\u00e1kkutat\u00e1sban \u00e9rintett szakembernek \u00e9rdekes lehet. A PhD-hallgat\u00f3knak poszterversenyt tartanak alap- \u00e9s transzl\u00e1ci\u00f3s kutat\u00e1s kateg\u00f3ri\u00e1ban. K\u00e9t d\u00edjat osztanak ki, az egyik nyertes el\u0151ad\u00e1st tarthat a szimp\u00f3zium nemzetk\u00f6zi programja keret\u00e9ben, m\u00edg a m\u00e1sik kongresszuson val\u00f3 r\u00e9szv\u00e9telhez kap t\u00e1mogat\u00e1st.<\/p>\n<p>A hagyom\u00e1nyoknak megfelel\u0151en a szimp\u00f3ziumon val\u00f3 r\u00e9szv\u00e9tel ingyenes, a r\u00e9szletes program <a href=\"https:\/\/semmelweis.hu\/symposium\/en\/semmelweis-symposium-2015\/\" target=\"_blank\" rel=\"noopener\">ide\u00a0\u00a0kattintva<\/a> megtekinthet\u0151.<\/p>\n<p>Dobozi P\u00e1lma<br \/>\nSemmelweis H\u00edrek<\/p>\n","protected":false},"excerpt":{"rendered":"<p>Semmelweis Symposium: molekul\u00e1ris onkol\u00f3gia a laborat\u00f3riumt\u00f3l a beteg\u00e1gyig 2015. november 5-6. k\u00f6z\u00f6tt a\u00a0molekul\u00e1ris onkol\u00f3gia kiemelked\u0151 nemzetk\u00f6zi szak\u00e9rt\u0151i tartanak el\u0151ad\u00e1st az idei Semmelweis Symposiumon. <a href=\"https:\/\/semmelweis.hu\/hirek\/files\/2015\/10\/RS27490_20120110-IMG_5814-scr.jpg\"><\/a> Nagy hagyom\u00e1nya van a Semmelweis Egyetemen a r\u00e1kkutat\u00e1snak, melyben ma is kiemelked\u0151en er\u0151s az egyetem \u2013 indokolja az idei szimp\u00f3zium t\u00e9mav\u00e1laszt\u00e1s\u00e1t Dr. T\u00edm\u00e1r J\u00f3zsef, a II. Sz. Patol\u00f3giai Int\u00e9zet igazgat\u00f3ja, a 2015-\u00f6s &hellip;<\/p>\n","protected":false},"author":12,"featured_media":0,"parent":228,"menu_order":19,"comment_status":"closed","ping_status":"closed","template":"","meta":{"_acf_changed":false,"footnotes":""},"categories":[],"tags":[],"class_list":["post-107","page","type-page","status-publish","hentry"],"acf":[],"_links":{"self":[{"href":"https:\/\/semmelweis.hu\/symposium\/wp-json\/wp\/v2\/pages\/107","targetHints":{"allow":["GET"]}}],"collection":[{"href":"https:\/\/semmelweis.hu\/symposium\/wp-json\/wp\/v2\/pages"}],"about":[{"href":"https:\/\/semmelweis.hu\/symposium\/wp-json\/wp\/v2\/types\/page"}],"author":[{"embeddable":true,"href":"https:\/\/semmelweis.hu\/symposium\/wp-json\/wp\/v2\/users\/12"}],"replies":[{"embeddable":true,"href":"https:\/\/semmelweis.hu\/symposium\/wp-json\/wp\/v2\/comments?post=107"}],"version-history":[{"count":10,"href":"https:\/\/semmelweis.hu\/symposium\/wp-json\/wp\/v2\/pages\/107\/revisions"}],"predecessor-version":[{"id":2493,"href":"https:\/\/semmelweis.hu\/symposium\/wp-json\/wp\/v2\/pages\/107\/revisions\/2493"}],"up":[{"embeddable":true,"href":"https:\/\/semmelweis.hu\/symposium\/wp-json\/wp\/v2\/pages\/228"}],"wp:attachment":[{"href":"https:\/\/semmelweis.hu\/symposium\/wp-json\/wp\/v2\/media?parent=107"}],"wp:term":[{"taxonomy":"category","embeddable":true,"href":"https:\/\/semmelweis.hu\/symposium\/wp-json\/wp\/v2\/categories?post=107"},{"taxonomy":"post_tag","embeddable":true,"href":"https:\/\/semmelweis.hu\/symposium\/wp-json\/wp\/v2\/tags?post=107"}],"curies":[{"name":"wp","href":"https:\/\/api.w.org\/{rel}","templated":true}]}}