{"id":1004,"date":"2015-11-06T00:00:00","date_gmt":"2015-11-05T23:00:00","guid":{"rendered":"http:\/\/semmelweis.hu\/symposium\/committees-and-contacts\/"},"modified":"2015-11-06T12:56:54","modified_gmt":"2015-11-06T11:56:54","slug":"committees-and-contacts","status":"publish","type":"page","link":"https:\/\/semmelweis.hu\/symposium\/szimpozium-archiv\/semmelweis-symposium-2013\/committees-and-contacts\/","title":{"rendered":"Committees and contacts"},"content":{"rendered":"\n<div style=\"width: 470px\">\n<h2 style=\"font-weight: bold;text-align: left\">Local Organising Committee:<\/h2>\n<ul>\n<li><strong>Edit Buz\u00e1s<\/strong> (Department of Genetics, Cell Biology and Immunology)<\/li>\n<li><strong>Andr\u00e1s Falus<\/strong> (Department of Genetics, Cell Biology and Immunology)<\/li>\n<li><strong>Attila M\u00f3csai<\/strong> (Department of Physiology)<\/li>\n<li><strong>Gy\u00f6rgy Nagy<\/strong> (Department of Rheumatology, Department of Genetics, Cell Biology and Immunology)<\/li>\n<\/ul>\n<h2><strong>Conference Secretariat &#8211; Diamond Congress Ltd.<\/strong><\/h2>\n<p><strong>Attila Varga<\/strong><br \/>H-1015 Budapest, Csalog\u00e1ny u. 28.<br \/>H-1255 Budapest, P.O.Box 48<br \/>Tel: +36 1 225 0210<br \/>Email: <a href=\"mailto:diamond@diamond-congress.hu\">diamond@diamond-congress.hu<\/a><br \/><a href=\"http:\/\/www.diamond-congress.hu\" target=\"_blank\">www.diamond-congress.hu<\/a><br \/><em><\/em><\/p>\n<\/p><\/div>\n","protected":false},"excerpt":{"rendered":"<p>Local Organising Committee: Edit Buz\u00e1s (Department of Genetics, Cell Biology and Immunology) Andr\u00e1s Falus (Department of Genetics, Cell Biology and Immunology) Attila M\u00f3csai (Department of Physiology) Gy\u00f6rgy Nagy (Department of Rheumatology, Department of Genetics, Cell Biology and Immunology) Conference Secretariat &#8211; Diamond Congress Ltd. Attila VargaH-1015 Budapest, Csalog\u00e1ny u. 28.H-1255 Budapest, P.O.Box 48Tel: +36 1 &hellip;<\/p>\n","protected":false},"author":101030,"featured_media":0,"parent":996,"menu_order":0,"comment_status":"closed","ping_status":"closed","template":"","meta":{"_acf_changed":false,"footnotes":""},"categories":[],"tags":[],"class_list":["post-1004","page","type-page","status-publish","hentry"],"acf":[],"_links":{"self":[{"href":"https:\/\/semmelweis.hu\/symposium\/wp-json\/wp\/v2\/pages\/1004","targetHints":{"allow":["GET"]}}],"collection":[{"href":"https:\/\/semmelweis.hu\/symposium\/wp-json\/wp\/v2\/pages"}],"about":[{"href":"https:\/\/semmelweis.hu\/symposium\/wp-json\/wp\/v2\/types\/page"}],"author":[{"embeddable":true,"href":"https:\/\/semmelweis.hu\/symposium\/wp-json\/wp\/v2\/users\/101030"}],"replies":[{"embeddable":true,"href":"https:\/\/semmelweis.hu\/symposium\/wp-json\/wp\/v2\/comments?post=1004"}],"version-history":[{"count":1,"href":"https:\/\/semmelweis.hu\/symposium\/wp-json\/wp\/v2\/pages\/1004\/revisions"}],"predecessor-version":[{"id":1014,"href":"https:\/\/semmelweis.hu\/symposium\/wp-json\/wp\/v2\/pages\/1004\/revisions\/1014"}],"up":[{"embeddable":true,"href":"https:\/\/semmelweis.hu\/symposium\/wp-json\/wp\/v2\/pages\/996"}],"wp:attachment":[{"href":"https:\/\/semmelweis.hu\/symposium\/wp-json\/wp\/v2\/media?parent=1004"}],"wp:term":[{"taxonomy":"category","embeddable":true,"href":"https:\/\/semmelweis.hu\/symposium\/wp-json\/wp\/v2\/categories?post=1004"},{"taxonomy":"post_tag","embeddable":true,"href":"https:\/\/semmelweis.hu\/symposium\/wp-json\/wp\/v2\/tags?post=1004"}],"curies":[{"name":"wp","href":"https:\/\/api.w.org\/{rel}","templated":true}]}}