{"id":913,"date":"2021-09-08T12:08:06","date_gmt":"2021-09-08T10:08:06","guid":{"rendered":"https:\/\/semmelweis.hu\/surgosseg\/?page_id=913"},"modified":"2026-04-22T10:36:32","modified_gmt":"2026-04-22T08:36:32","slug":"i-ev-elsosegely","status":"publish","type":"page","link":"https:\/\/semmelweis.hu\/surgosseg\/oktatas\/gradualis\/i-ev-elsosegely\/","title":{"rendered":"I. \u00e9v &#8211; Els\u0151seg\u00e9ly"},"content":{"rendered":"<p>A Klinika v\u00e9gzi az Els\u0151seg\u00e9ly c. k\u00f6telez\u0151 I. \u00e9ves \u00c1OK tant\u00e1rgy oktat\u00e1s\u00e1t magyar, angol \u00e9s n\u00e9met nyelven.<\/p>\n<p><strong>A gyakorlat helysz\u00edne<\/strong>: Avicenna International College &#8211; \u00e9p\u00fclet\u00e9ben &#8211;\u00a0Budapest, Orczy \u00fat 3, 1089\u00a0<\/p>\n<p><a href=\"https:\/\/semmelweis.hu\/surgosseg\/files\/2026\/04\/1608.pdf\">A tant\u00e1rgyle\u00edr\u00e1s, k\u00f6vetelm\u00e9nyrendszer ide kattintva t\u00f6lthet\u0151 le.<\/a><\/p>\n<p>\u00d3rarend \u00e9s beoszt\u00e1s a Moodle rendszeren kereszt\u00fcl \u00e9rhet\u0151 el, vagy <a href=\"https:\/\/semmelweis.hu\/surgosseg\/files\/2023\/08\/ORAREND-ELSOSEGELY-2023_24_1-MAGYAR-1.pdf\" target=\"_blank\" rel=\"attachment noopener wp-att-1822\">itt<\/a>.<\/p>\n<p>Az el\u0151ad\u00e1sok a szemeszter els\u0151 3 oktat\u00e1si het\u00e9n ker\u00fclnek megtart\u00e1sra, pontos id\u0151pont a Neptun rendszerben megtal\u00e1lhat\u00f3. Az el\u0151ad\u00e1sokon a r\u00e9szv\u00e9tel NEM k\u00f6telez\u0151, a jelenl\u00e9t r\u00f6gz\u00edt\u00e9s\u00e9nek statisztikai okai vannak csak, annak semminem\u0171 befoly\u00e1sa nincsen a t\u00e1rgy al\u00e1\u00edr\u00e1s\u00e1ra illetve az \u00e9rdemjegyre.<\/p>\n<p>Az el\u0151ad\u00e1sok anyaga a Moodle rendszerbe ker\u00fcl felt\u00f6lt\u00e9sre pdf form\u00e1tumban.<\/p>\n<p>A gyakorlatok egym\u00e1sra \u00e9p\u00fcl\u0151 tematik\u00e1j\u00fa gyakorlatok az egym\u00e1st k\u00f6vet\u0151 5 oktat\u00e1si h\u00e9ten. Teh\u00e1t gyakorlatok a 4.-8. \u00e9s a 9.-13. oktat\u00e1si heteken lesznek, r\u00e9szletes \u00f3rarenden itt tal\u00e1lhat\u00f3. A gyakorlatok id\u0151tartama 3&#215;45=135 perc.<\/p>\n<p>Gyakorlatok t\u00edpusai:<\/p>\n<p>ABCDE gyakorlat: Kritikus \u00e1llapot felismer\u00e9se, ABCDE szeml\u00e9let\u0171 betegvizsg\u00e1lat megtanul\u00e1sa, gyakorl\u00e1sa. Seg\u00edts\u00e9gh\u00edv\u00e1s SBAR kommunik\u00e1ci\u00f3 seg\u00edts\u00e9g\u00e9vel.<\/p>\n<p>AIRWAY gyakorlat: L\u00e9g\u00fat megnyit\u00e1sa \u00e9s fenntart\u00e1sa eszk\u00f6z n\u00e9lk\u00fcl (Eschmark, Fej h\u00e1tra-\u00e1ll el\u0151re) \u00e9s egyszer\u0171 l\u00e9g\u00fati eszk\u00f6z\u00f6kkel (OPA,NPA,LMA). Stabil oldalfekv\u00e9s. Maszkos ballonos l\u00e9legeztet\u00e9s. Teend\u0151k l\u00e9g\u00fati idegentest eset\u00e9n-Heimlich m\u0171fog\u00e1s.<\/p>\n<p>BLS-AED gyakorlat: Kering\u00e9sle\u00e1ll\u00e1s felismer\u00e9se, seg\u00edts\u00e9gh\u00edv\u00e1s. Min\u0151s\u00e9gi mellkaskompresszi\u00f3. Mellkaskompresszi\u00f3 \u00e9s l\u00e9legeztet\u00e9s. AED haszn\u00e1lata.<\/p>\n<p>SEB gyakorlat: V\u00e9rz\u00e9sek, s\u00e9r\u00fcl\u00e9sek ell\u00e1t\u00e1sa. Art\u00e9ri\u00e1s v\u00e9rz\u00e9s ell\u00e1t\u00e1sa. Nyom\u00f3k\u00f6t\u00e9sek, turniquet haszn\u00e1lata. V\u00e9gtagr\u00f6gz\u00edt\u00e9sek. Nyaki<\/p>\n<p>gerinc r\u00f6gz\u00edt\u00e9sek. Sapkak\u00f6t\u00e9s. Parittya k\u00f6t\u00e9s. Ujjs\u00e9r\u00fcl\u00e9sek ell\u00e1t\u00e1sa. V\u00e9gtags\u00e9r\u00fcl\u00e9sek k\u00f6t\u00f6z\u00e9se. \u00c9g\u00e9sek-fagy\u00e1sok ell\u00e1t\u00e1sa.<\/p>\n<p>REX gyakorlat: Ism\u00e9tl\u00e9s, gyakorl\u00e1s \u00c9S Gyakorlati Vizsga<\/p>\n<p>A TVSz \u00e9rtelm\u00e9ben a gyakorlatok 75 %-n a r\u00e9szv\u00e9tel k\u00f6telez\u0151. Az ABCDE betegvizsg\u00e1lat \u00e9s min\u0151s\u00e9gi BLS kivitelez\u00e9se a Gyakorlati Vizsga kritikus r\u00e9szei, teh\u00e1t ezen gyakorlatokon a r\u00e9szv\u00e9tel k\u00f6telez\u0151. Amennyiben valamely k\u00f6telez\u0151 gyakorlaton valaki nem tud r\u00e9szt venni, akkor b\u00e1rmely m\u00e1sik csoport azonos tematik\u00e1j\u00fa gyakorlat\u00e1hoz csatlakozhat az adott h\u00e9ten.<\/p>\n<p>Helysz\u00edn:<br \/>\naz Avicenna International College &#8211; \u00e9p\u00fclet\u00e9ben &#8211; Budapest, Orczy \u00fat 3, 1089.<br \/>\nBejut\u00e1s csak Oktat\u00f3i k\u00eds\u00e9rettel, ez\u00e9rt k\u00e9r\u00fcnk gy\u00fclekezzetek a gyakorlat kezdetekor a K\u00f6nyvt\u00e1r bej\u00e1rata el\u0151tti ter\u00fcleten.<\/p>\n<p>Amennyiben valamely gyakorlata valamely csoportnak \u00dcnnepnapra esik \u00e9s ez\u00e9rt elmarad, k\u00e9rj\u00fck mihamarabb vegy\u00e9tek fel vel\u00fcnk a kapcsolatot (edu.sok@semmelweis.hu) alternat\u00edv id\u0151pont megbesz\u00e9l\u00e9se miatt.<\/p>\n","protected":false},"excerpt":{"rendered":"<p>A Klinika v\u00e9gzi az Els\u0151seg\u00e9ly c. k\u00f6telez\u0151 I. \u00e9ves \u00c1OK tant\u00e1rgy oktat\u00e1s\u00e1t magyar, angol \u00e9s n\u00e9met nyelven. A gyakorlat helysz\u00edne: Avicenna International College &#8211; \u00e9p\u00fclet\u00e9ben &#8211;\u00a0Budapest, Orczy \u00fat 3, 1089\u00a0 <a href=\"https:\/\/semmelweis.hu\/surgosseg\/files\/2026\/04\/1608.pdf\">A tant\u00e1rgyle\u00edr\u00e1s, k\u00f6vetelm\u00e9nyrendszer ide kattintva t\u00f6lthet\u0151 le.<\/a> \u00d3rarend \u00e9s beoszt\u00e1s a Moodle rendszeren kereszt\u00fcl \u00e9rhet\u0151 el, vagy <a href=\"https:\/\/semmelweis.hu\/surgosseg\/files\/2023\/08\/ORAREND-ELSOSEGELY-2023_24_1-MAGYAR-1.pdf\" target=\"_blank\" rel=\"attachment noopener wp-att-1822\">itt<\/a> . Az el\u0151ad\u00e1sok a szemeszter els\u0151 3 oktat\u00e1si het\u00e9n ker\u00fclnek megtart\u00e1sra, pontos id\u0151pont a Neptun &hellip;<\/p>\n","protected":false},"author":101921,"featured_media":0,"parent":1482,"menu_order":1,"comment_status":"closed","ping_status":"closed","template":"","meta":{"_acf_changed":false,"footnotes":""},"categories":[],"tags":[],"class_list":["post-913","page","type-page","status-publish","hentry"],"acf":[],"_links":{"self":[{"href":"https:\/\/semmelweis.hu\/surgosseg\/wp-json\/wp\/v2\/pages\/913","targetHints":{"allow":["GET"]}}],"collection":[{"href":"https:\/\/semmelweis.hu\/surgosseg\/wp-json\/wp\/v2\/pages"}],"about":[{"href":"https:\/\/semmelweis.hu\/surgosseg\/wp-json\/wp\/v2\/types\/page"}],"author":[{"embeddable":true,"href":"https:\/\/semmelweis.hu\/surgosseg\/wp-json\/wp\/v2\/users\/101921"}],"replies":[{"embeddable":true,"href":"https:\/\/semmelweis.hu\/surgosseg\/wp-json\/wp\/v2\/comments?post=913"}],"version-history":[{"count":10,"href":"https:\/\/semmelweis.hu\/surgosseg\/wp-json\/wp\/v2\/pages\/913\/revisions"}],"predecessor-version":[{"id":2516,"href":"https:\/\/semmelweis.hu\/surgosseg\/wp-json\/wp\/v2\/pages\/913\/revisions\/2516"}],"up":[{"embeddable":true,"href":"https:\/\/semmelweis.hu\/surgosseg\/wp-json\/wp\/v2\/pages\/1482"}],"wp:attachment":[{"href":"https:\/\/semmelweis.hu\/surgosseg\/wp-json\/wp\/v2\/media?parent=913"}],"wp:term":[{"taxonomy":"category","embeddable":true,"href":"https:\/\/semmelweis.hu\/surgosseg\/wp-json\/wp\/v2\/categories?post=913"},{"taxonomy":"post_tag","embeddable":true,"href":"https:\/\/semmelweis.hu\/surgosseg\/wp-json\/wp\/v2\/tags?post=913"}],"curies":[{"name":"wp","href":"https:\/\/api.w.org\/{rel}","templated":true}]}}