{"id":89,"date":"2016-08-12T11:13:14","date_gmt":"2016-08-12T09:13:14","guid":{"rendered":"http:\/\/semmelweis.hu\/surgosseg\/?page_id=89"},"modified":"2023-08-04T10:20:34","modified_gmt":"2023-08-04T08:20:34","slug":"oktatas","status":"publish","type":"page","link":"https:\/\/semmelweis.hu\/surgosseg\/oktatas\/","title":{"rendered":"Oktat\u00e1s"},"content":{"rendered":"<p style=\"text-align: justify\">A S\u00fcrg\u0151ss\u00e9gi Orvostani Klinika munkat\u00e1rsai r\u00e9szt vesznek az \u00c1ltal\u00e1nos Orvostudom\u00e1nyi Kar gradu\u00e1lis k\u00e9pz\u00e9seiben \u00e9s a posztgradu\u00e1lis orvosk\u00e9pz\u00e9sben egyar\u00e1nt, valamint az Eg\u00e9szs\u00e9gtudom\u00e1nyi Kar\u00a0tansz\u00e9keivel egy\u00fcttm\u0171k\u00f6dve r\u00e9szt v\u00e1llalnak azok k\u00e9pz\u00e9seiben \u00a0(pl. ment\u0151tiszt, APN).\u00a0A Klinika biztos\u00edtja a szakorvosk\u00e9pz\u00e9s \u00e9s a szinten tart\u00e1s gyakorlati \u00e9s elm\u00e9leti k\u00e9pz\u00e9si folyamat\u00e1t.<\/p>\n<p><strong>Gradu\u00e1lis oktat\u00e1s<\/strong><br \/>\n<a href=\"https:\/\/semmelweis.hu\/surgosseg\/hu\/oktatas\/i-ev-elsosegely\/\">\u00c1OK I. \u00e9vf.: Els\u0151seg\u00e9ly<\/a><br \/>\n<a href=\"https:\/\/semmelweis.hu\/surgosseg\/hu\/oktatas\/gradualis__trashed\/i-ev-apolastan-nyari-gyakorlat\/\">\u00c1OK I. \u00e9vf.: Ny\u00e1ri \u00e1pol\u00e1stan gyakorlat<\/a><br \/>\n<a href=\"https:\/\/semmelweis.hu\/surgosseg\/hu\/oktatas\/iv-ev-oxyologia-surgossegi-orvostan-kotelezo\/\">\u00c1OK IV. \u00e9vf.: S\u00fcrg\u0151ss\u00e9gi Orvostan &#8211; oxiol\u00f3gia<\/a><br \/>\n<a href=\"https:\/\/semmelweis.hu\/surgosseg\/hu\/oktatas\/gradualis__trashed\/vi-ev-6-hetes-elektiv-valaszthato-gyakorlat\/\">\u00c1OK VI. \u00e9vf.: V\u00e1laszthat\u00f3 (elekt\u00edv) hat hetes gyakorlat<\/a><br \/>\n<a href=\"https:\/\/semmelweis.hu\/surgosseg\/hu\/oktatas\/gradualis__trashed\/klinikai-munka-targy\/\">Klinikai munka<\/a><\/p>\n<p><strong>Posztgradu\u00e1lis<\/strong>\u00a0<br \/>\n<a href=\"https:\/\/semmelweis.hu\/surgosseg\/hu\/oktatas\/posztgradualis\/\">Rezidensk\u00e9pz\u00e9s<\/a><br \/>\n<a href=\"https:\/\/semmelweis.hu\/surgosseg\/hu\/oktatas\/oftex-tanfolyamok\/\">OFTEX tanfolyamok<\/a><\/p>\n<p><strong>Kapcsolat<br \/>\n<\/strong><strong>Dr. Vass P\u00e9ter<\/strong>, mesteroktat\u00f3 &#8211; gradu\u00e1lis tanulm\u00e1nyi felel\u0151s<br \/>\n<a href=\"mailto:edu.sok@med.semmelweis-univ.hu\">edu.sok@med.semmelweis-univ.hu<\/a><br \/>\n<a href=\"mailto:seemgrad@gmail.com\">seemgrad@gmail.com<\/a><\/p>\n<p>&nbsp;<\/p>\n","protected":false},"excerpt":{"rendered":"<p>A S\u00fcrg\u0151ss\u00e9gi Orvostani Klinika munkat\u00e1rsai r\u00e9szt vesznek az \u00c1ltal\u00e1nos Orvostudom\u00e1nyi Kar gradu\u00e1lis k\u00e9pz\u00e9seiben \u00e9s a posztgradu\u00e1lis orvosk\u00e9pz\u00e9sben egyar\u00e1nt, valamint az Eg\u00e9szs\u00e9gtudom\u00e1nyi Kar\u00a0tansz\u00e9keivel egy\u00fcttm\u0171k\u00f6dve r\u00e9szt v\u00e1llalnak azok k\u00e9pz\u00e9seiben \u00a0(pl. ment\u0151tiszt, APN).\u00a0A Klinika biztos\u00edtja a szakorvosk\u00e9pz\u00e9s \u00e9s a szinten tart\u00e1s gyakorlati \u00e9s elm\u00e9leti k\u00e9pz\u00e9si folyamat\u00e1t. Gradu\u00e1lis oktat\u00e1s <a href=\"https:\/\/semmelweis.hu\/surgosseg\/hu\/oktatas\/i-ev-elsosegely\/\">\u00c1OK I. \u00e9vf.: Els\u0151seg\u00e9ly<\/a> <a href=\"https:\/\/semmelweis.hu\/surgosseg\/hu\/oktatas\/gradualis__trashed\/i-ev-apolastan-nyari-gyakorlat\/\">\u00c1OK I. \u00e9vf.: Ny\u00e1ri \u00e1pol\u00e1stan gyakorlat<\/a> <a href=\"https:\/\/semmelweis.hu\/surgosseg\/hu\/oktatas\/iv-ev-oxyologia-surgossegi-orvostan-kotelezo\/\">\u00c1OK IV. \u00e9vf.: S\u00fcrg\u0151ss\u00e9gi Orvostan &#8211; oxiol\u00f3gia<\/a> <a href=\"https:\/\/semmelweis.hu\/surgosseg\/hu\/oktatas\/gradualis__trashed\/vi-ev-6-hetes-elektiv-valaszthato-gyakorlat\/\">\u00c1OK VI. \u00e9vf.: V\u00e1laszthat\u00f3 (elekt\u00edv) hat hetes gyakorlat<\/a> <a href=\"https:\/\/semmelweis.hu\/surgosseg\/hu\/oktatas\/gradualis__trashed\/klinikai-munka-targy\/\">Klinikai munka<\/a> Posztgradu\u00e1lis\u00a0 <a href=\"https:\/\/semmelweis.hu\/surgosseg\/hu\/oktatas\/posztgradualis\/\">Rezidensk\u00e9pz\u00e9s<\/a> <a href=\"https:\/\/semmelweis.hu\/surgosseg\/hu\/oktatas\/oftex-tanfolyamok\/\">OFTEX tanfolyamok<\/a> Kapcsolat Dr. Vass P\u00e9ter, mesteroktat\u00f3 &#8211; gradu\u00e1lis tanulm\u00e1nyi felel\u0151s &hellip;<\/p>\n","protected":false},"author":101921,"featured_media":0,"parent":0,"menu_order":2,"comment_status":"closed","ping_status":"closed","template":"","meta":{"_acf_changed":false,"footnotes":""},"categories":[34],"tags":[],"class_list":["post-89","page","type-page","status-publish","hentry","category-oktatas-hu"],"acf":[],"_links":{"self":[{"href":"https:\/\/semmelweis.hu\/surgosseg\/wp-json\/wp\/v2\/pages\/89","targetHints":{"allow":["GET"]}}],"collection":[{"href":"https:\/\/semmelweis.hu\/surgosseg\/wp-json\/wp\/v2\/pages"}],"about":[{"href":"https:\/\/semmelweis.hu\/surgosseg\/wp-json\/wp\/v2\/types\/page"}],"author":[{"embeddable":true,"href":"https:\/\/semmelweis.hu\/surgosseg\/wp-json\/wp\/v2\/users\/101921"}],"replies":[{"embeddable":true,"href":"https:\/\/semmelweis.hu\/surgosseg\/wp-json\/wp\/v2\/comments?post=89"}],"version-history":[{"count":12,"href":"https:\/\/semmelweis.hu\/surgosseg\/wp-json\/wp\/v2\/pages\/89\/revisions"}],"predecessor-version":[{"id":1389,"href":"https:\/\/semmelweis.hu\/surgosseg\/wp-json\/wp\/v2\/pages\/89\/revisions\/1389"}],"wp:attachment":[{"href":"https:\/\/semmelweis.hu\/surgosseg\/wp-json\/wp\/v2\/media?parent=89"}],"wp:term":[{"taxonomy":"category","embeddable":true,"href":"https:\/\/semmelweis.hu\/surgosseg\/wp-json\/wp\/v2\/categories?post=89"},{"taxonomy":"post_tag","embeddable":true,"href":"https:\/\/semmelweis.hu\/surgosseg\/wp-json\/wp\/v2\/tags?post=89"}],"curies":[{"name":"wp","href":"https:\/\/api.w.org\/{rel}","templated":true}]}}