{"id":785,"date":"2021-08-27T09:54:52","date_gmt":"2021-08-27T07:54:52","guid":{"rendered":"https:\/\/semmelweis.hu\/surgosseg\/?page_id=785"},"modified":"2025-08-06T14:37:35","modified_gmt":"2025-08-06T12:37:35","slug":"oftex-tanfolyamok","status":"publish","type":"page","link":"https:\/\/semmelweis.hu\/surgosseg\/oktatas\/oftex-tanfolyamok\/","title":{"rendered":"OFTEX tanfolyamok"},"content":{"rendered":"<p>2022. II. f\u00e9l\u00e9v\u00e9ben 3 tanfolyam ker\u00fclt meghirdet\u00e9sre:<\/p>\n<ul>\n<li>S\u00fcrg\u0151ss\u00e9gi oszt\u00e1lyos menedzsment <br \/>\nSE-TK\/2022.II\/00099<\/li>\n<li>Szakvizsga el\u0151k\u00e9sz\u00edt\u0151 tanfolyam <br \/>\nSE-TK\/2022.II\/00161<\/li>\n<li>EKG tanfolyam <br \/>\nSE-TK\/2022.II\/00219<\/li>\n<\/ul>\n<p>2023. I. f\u00e9l\u00e9v\u00e9ben 1 tanfolyam ker\u00fclt meghirdet\u00e9sre:<\/p>\n<ul>\n<li>Katasztr\u00f3fa medicina tanfolyam <br \/>\nSE-TK\/2023.I.\/00360<\/li>\n<li>L\u00e9legeztet\u00e9s korszer\u0171en tanfolyam <br \/>\nSE-TK\/2023.I.\/00366<\/li>\n<\/ul>\n<p>2023. II. f\u00e9l\u00e9v\u00e9ben 1 tanfolyam ker\u00fclt meghirdet\u00e9sre:<\/p>\n<ul>\n<li>Szakvizsga el\u0151k\u00e9sz\u00edt\u0151 tanfolyam <em>(jelentkez\u00e9si hat\u00e1rid\u0151: 2023.09.18)<\/em><br \/>\nSE-TK\/2023.II\/00382<\/li>\n<\/ul>\n<p>2024.II. f\u00e9l\u00e9v\u00e9ben 2 tanfolyam ker\u00fclt meghirdet\u00e9sre:<\/p>\n<ul>\n<li>Katasztr\u00f3fa-medicina tanfolyam <em>(jelentkez\u00e9si hat\u00e1rid\u0151: 2024.09.06)<\/em><br \/>\nSE-TK\/2024.II\/00385<\/li>\n<li>L\u00e9legeztet\u00e9s tanfolyam: Oftex k\u00f3dsz\u00e1ma:\u00a0<em>SE-SZTOK\/2024.II\/00409<\/em><\/li>\n<\/ul>\n<div><strong>2025. II. f\u00e9l\u00e9v\u00e9ben 1 tanfolyam ker\u00fclt meghirdet\u00e9sre:<\/strong><\/div>\n<div>\n<ul>\n<li>Katasztr\u00f3fa-medicina tanfolyam <em>(jelentkez\u00e9si hat\u00e1rid\u0151: 2025.09.12)<\/em><br \/>\n<strong>SE-SZTOK\/2025.II\/00422<\/strong><\/li>\n<\/ul>\n<\/div>\n","protected":false},"excerpt":{"rendered":"<p>2022. II. f\u00e9l\u00e9v\u00e9ben 3 tanfolyam ker\u00fclt meghirdet\u00e9sre: S\u00fcrg\u0151ss\u00e9gi oszt\u00e1lyos menedzsment SE-TK\/2022.II\/00099 Szakvizsga el\u0151k\u00e9sz\u00edt\u0151 tanfolyam SE-TK\/2022.II\/00161 EKG tanfolyam SE-TK\/2022.II\/00219 2023. I. f\u00e9l\u00e9v\u00e9ben 1 tanfolyam ker\u00fclt meghirdet\u00e9sre: Katasztr\u00f3fa medicina tanfolyam SE-TK\/2023.I.\/00360 L\u00e9legeztet\u00e9s korszer\u0171en tanfolyam SE-TK\/2023.I.\/00366 2023. II. f\u00e9l\u00e9v\u00e9ben 1 tanfolyam ker\u00fclt meghirdet\u00e9sre: Szakvizsga el\u0151k\u00e9sz\u00edt\u0151 tanfolyam (jelentkez\u00e9si hat\u00e1rid\u0151: 2023.09.18) SE-TK\/2023.II\/00382 2024.II. f\u00e9l\u00e9v\u00e9ben 2 tanfolyam ker\u00fclt meghirdet\u00e9sre: Katasztr\u00f3fa-medicina tanfolyam &hellip;<\/p>\n","protected":false},"author":101921,"featured_media":0,"parent":89,"menu_order":3,"comment_status":"closed","ping_status":"closed","template":"","meta":{"_acf_changed":false,"footnotes":""},"categories":[],"tags":[],"class_list":["post-785","page","type-page","status-publish","hentry"],"acf":[],"_links":{"self":[{"href":"https:\/\/semmelweis.hu\/surgosseg\/wp-json\/wp\/v2\/pages\/785","targetHints":{"allow":["GET"]}}],"collection":[{"href":"https:\/\/semmelweis.hu\/surgosseg\/wp-json\/wp\/v2\/pages"}],"about":[{"href":"https:\/\/semmelweis.hu\/surgosseg\/wp-json\/wp\/v2\/types\/page"}],"author":[{"embeddable":true,"href":"https:\/\/semmelweis.hu\/surgosseg\/wp-json\/wp\/v2\/users\/101921"}],"replies":[{"embeddable":true,"href":"https:\/\/semmelweis.hu\/surgosseg\/wp-json\/wp\/v2\/comments?post=785"}],"version-history":[{"count":11,"href":"https:\/\/semmelweis.hu\/surgosseg\/wp-json\/wp\/v2\/pages\/785\/revisions"}],"predecessor-version":[{"id":2353,"href":"https:\/\/semmelweis.hu\/surgosseg\/wp-json\/wp\/v2\/pages\/785\/revisions\/2353"}],"up":[{"embeddable":true,"href":"https:\/\/semmelweis.hu\/surgosseg\/wp-json\/wp\/v2\/pages\/89"}],"wp:attachment":[{"href":"https:\/\/semmelweis.hu\/surgosseg\/wp-json\/wp\/v2\/media?parent=785"}],"wp:term":[{"taxonomy":"category","embeddable":true,"href":"https:\/\/semmelweis.hu\/surgosseg\/wp-json\/wp\/v2\/categories?post=785"},{"taxonomy":"post_tag","embeddable":true,"href":"https:\/\/semmelweis.hu\/surgosseg\/wp-json\/wp\/v2\/tags?post=785"}],"curies":[{"name":"wp","href":"https:\/\/api.w.org\/{rel}","templated":true}]}}