{"id":777,"date":"2021-08-27T09:52:11","date_gmt":"2021-08-27T07:52:11","guid":{"rendered":"https:\/\/semmelweis.hu\/surgosseg\/?page_id=777"},"modified":"2026-03-01T10:25:49","modified_gmt":"2026-03-01T09:25:49","slug":"posztgradualis","status":"publish","type":"page","link":"https:\/\/semmelweis.hu\/surgosseg\/oktatas\/posztgradualis\/","title":{"rendered":"Rezidensk\u00e9pz\u00e9s"},"content":{"rendered":"<p style=\"text-align: justify\">Klinik\u00e1nk akt\u00edvan r\u00e9szt vesz a posztgradu\u00e1lis k\u00e9pz\u00e9sben. Akkredit\u00e1lt szakk\u00e9pz\u0151 hely oxyol\u00f3gia-s\u00fcrg\u0151ss\u00e9gi orvostan \u00e9s egy\u00e9b szakm\u00e1k vonatkoz\u00e1s\u00e1ban, valamint szakmai tov\u00e1bbk\u00e9pz\u0151 tanfolyamokat is szervez.<\/p>\n<p style=\"text-align: justify\">A Semmelweis Egyetem rezidensei a <em>3 h\u00f3napos s\u00fcrg\u0151ss\u00e9gi oszt\u00e1lyos gyakorlatot<\/em> a Klinika s\u00fcrg\u0151ss\u00e9gi oszt\u00e1ly\u00e1n t\u00f6ltik.\u00a0 Az oxyol\u00f3gia-s\u00fcrg\u0151ss\u00e9gi orvostan szakvizsg\u00e1hoz k\u00f6telez\u0151 posztgradu\u00e1lis tanfolyamokra az OFTEX rendszeren kereszt\u00fcl lehet jelentkezni.\u00a0<\/p>\n<ul style=\"list-style-type: square\">\n<li><span style=\"font-size: 14pt\"><a href=\"https:\/\/semmelweis.hu\/surgosseg\/hu\/oktatas\/posztgradualis#szakkepzes\">Szakk\u00e9pz\u00e9sbe l\u00e9p\u00e9s &#8211; Oxyol\u00f3gia \u00e9s s\u00fcrg\u0151ss\u00e9gi orvostan<\/a><\/span><\/li>\n<li><span style=\"font-size: 14pt\"><a href=\"https:\/\/semmelweis.hu\/surgosseg\/hu\/oktatas\/posztgradualis#sbogyakorlat\">3 h\u00f3napos s\u00fcrg\u0151ss\u00e9gi oszt\u00e1lyos gyakorlat<\/a><\/span><\/li>\n<\/ul>\n<h4 id=\"szakkepz\u00e9s\"><strong>Szakk\u00e9pz\u00e9sbe l\u00e9p\u00e9s &#8211; Oxyol\u00f3gia \u00e9s s\u00fcrg\u0151ss\u00e9gi orvostan<\/strong><\/h4>\n<p>A szak \u00e9s tov\u00e1bbk\u00e9pz\u00e9ssel kapcsolatos inform\u00e1ci\u00f3kat \u00e9s \u00fcgyint\u00e9z\u00e9st a Semmelweis Egyetem Szak- \u00e9s Tov\u00e1bbk\u00e9pz\u00e9si K\u00f6zpontja int\u00e9zi. <a href=\"https:\/\/semmelweis.hu\/szak-es-tovabbkepzes\/aok\/\" target=\"_blank\" rel=\"noopener noreferrer\">Tov\u00e1bb a K\u00f6zpont honlapj\u00e1ra<\/a><a href=\"https:\/\/semmelweis.hu\/szak-es-tovabbkepzes\/aok\/\" target=\"_blank\" rel=\"noopener noreferrer\"> \u2192<\/a><\/p>\n<p>Az \u00e1ll\u00e1shelyekre az \u00e9rdekl\u0151d\u0151k (hatod\u00e9ves hallgat\u00f3k is)\u00a0<strong>motiv\u00e1ci\u00f3s lev\u00e9l<\/strong>, illetve\u00a0<strong>\u00f6n\u00e9letrajz beny\u00fajt\u00e1s\u00e1val<\/strong>\u00a0jelentkezhetnek az\u00a0<a href=\"mailto:szakestovabbkepzes@semmelweis-univ.hu\">szakestovabbkepzes@semmelweis-univ.hu<\/a>\u00a0\u00e9s az <a href=\"mailto:sbo@med.semmelweis-univ.hu\">sbo@semmelweis.hu<\/a> c\u00edmen, amely\u00a0p\u00e1ly\u00e1zati anyag a\u00a0<a href=\"https:\/\/reny.hu\/\">RENY rendszerbe<\/a> is ker\u00fclj\u00f6n felt\u00f6lt\u00e9sre.\u00a0<\/p>\n<p><a href=\"https:\/\/semmelweis.hu\/szak-es-tovabbkepzes\/files\/2019\/02\/Magyar-Rezidens-Sz%C3%B6vets%C3%A9g-t%C3%A1j%C3%A9koztat%C3%B3ja-a-szakk%C3%A9pz%C3%A9sbe-l%C3%A9p%C3%A9sr%C5%91l-v%C3%A9gz%C5%91s-hallgat%C3%B3k-r%C3%A9sz%C3%A9re.pdf\">Magyar Rezidens Sz\u00f6vets\u00e9g t\u00e1j\u00e9koztat\u00f3ja a szakk\u00e9pz\u00e9sbe l\u00e9p\u00e9sr\u0151l, v\u00e9gz\u0151s hallgat\u00f3k r\u00e9sz\u00e9re<\/a><\/p>\n<h3 id=\"sbogyakorlat\">3 h\u00f3napos s\u00fcrg\u0151ss\u00e9gi oszt\u00e1lyos gyakorlat<\/h3>\n<p><strong>Kedves Rezidens!<\/strong><\/p>\n<p style=\"text-align: justify\">A S\u00fcrg\u0151ss\u00e9gi Orvostani Klinika,\u00a0<em>S\u00fcrg\u0151ss\u00e9gi Orvostan- Oxiol\u00f3gia Tansz\u00e9ki Csoport<\/em> r\u00e9sz\u00e9r\u0151l \u00f6r\u00f6mmel \u00fcdv\u00f6zl\u00fcnk gyakornokaink k\u00f6z\u00f6tt, rem\u00e9lj\u00fck, hogy hasznosnak \u00e9s \u00e9lvezetesnek fogod tal\u00e1lni a vel\u00fcnk t\u00f6lt\u00f6tt id\u0151t \u00e9s a k\u00f6z\u00f6s munk\u00e1t.<\/p>\n<p style=\"text-align: justify\">A z\u00f6kken\u0151mentes egy\u00fcttm\u0171k\u00f6d\u00e9shez szeretn\u00e9nk n\u00e9h\u00e1ny tudnival\u00f3t megosztani Veled,\u00a0mint a\u00a0<em>a II. \u00e9s III. progresszivit\u00e1si szint\u0171 s\u00fcrg\u0151ss\u00e9gi oszt\u00e1lyos gyakorlatra <\/em>jelentkez\u0151 rezidenssel<em>.<\/em><\/p>\n<p style=\"text-align: justify\"><span style=\"text-decoration: underline\">A <strong>jelentkez\u00e9st a k\u00e9pz\u00e9si terv szerinti gyakorlati id\u0151 kezdet\u00e9t megel\u0151z\u0151en 5-6 h\u00f3nappal<\/strong>\u00a0v\u00e1rjuk e-mailben az <strong><a href=\"mailto:rezi.sok@med.semmelweis-univ.hu\">rezi.sok@semmelweis.hu<\/a><\/strong> e-mail c\u00edmre. A regisztr\u00e1ci\u00f3s fel\u00fclet kit\u00f6lt\u00e9s\u00e9t a gyakorlat kezdet\u00e9t megel\u0151z\u0151 2 h\u00f3nappal v\u00e1rjuk 20.-ig, ut\u00e1na sajnos nem \u00e1ll m\u00f3dunkban fogadni gyakorlatra a koll\u00e9g\u00e1t. (pl. m\u00e1rciusi gyakorlat eset\u00e9n janu\u00e1r 20.-ig)<\/span> A rezidenseknek a h\u00f3nap els\u0151 napj\u00e1n tartunk egy tanfolyamot, ez\u00e9rt a gyakorlat kezd\u00e9se csak minden h\u00f3nap elsej\u00e9t\u0151l lehets\u00e9ges. A jelentkez\u00e9s v\u00e9gleges\u00edt\u00e9s\u00e9nek felt\u00e9tele a RENY port\u00e1lon t\u00f6rt\u00e9n\u0151 regisztr\u00e1ci\u00f3.<\/p>\n<p style=\"text-align: justify\">A gyakorlat sor\u00e1n minden rezidens akt\u00edvan r\u00e9szt vesz a betegell\u00e1t\u00e1sban, m\u0171szakvezet\u0151 szakorvos fel\u00fcgyelet\u00e9vel. A munkarend igazodik a s\u00fcrg\u0151ss\u00e9gi oszt\u00e1ly m\u0171k\u00f6d\u00e9s\u00e9hez, \u00edgy 12 \u00f3r\u00e1s m\u0171szakokban zajlik, el\u0151re meghat\u00e1rozott beoszt\u00e1s szerint.<\/p>\n<p style=\"text-align: justify\">A gyakorlat el\u0151tt e-mailben felvessz\u00fck a kapcsolatot minden rezidenssel a tov\u00e1bbi tudnival\u00f3k pontos\u00edt\u00e1sa, valamint a beoszt\u00e1s kialak\u00edt\u00e1sa \u00e9rdek\u00e9ben.<\/p>\n<p><span style=\"color: #ff0000\"><strong><a href=\"https:\/\/semmelweis.hu\/surgosseg\/dokumentumok\/\" target=\"_blank\" rel=\"noopener noreferrer\">&#8212;- LINK A BELS\u0150 FEL\u00dcLETHEZ, KISOKOSOKHOZ (jelsz\u00f3val v\u00e9dett) &#8212;-<\/a><\/strong><\/span><\/p>\n<p style=\"text-align: justify\">Tov\u00e1bbi k\u00e9rd\u00e9s eset\u00e9n az al\u00e1bbi el\u00e9rhet\u0151s\u00e9geken sz\u00edvesen \u00e1llunk rendelkez\u00e9sre:<\/p>\n<p><strong>Titk\u00e1rs\u00e1g: <\/strong>SE Ko\u0308zponti Betegella\u0301to\u0301 E\u0301pu\u0308let, I. emelet,<\/p>\n<p><strong>Hivatali \u00f3ra<\/strong>: he\u0301tfo\u030b, kedd, csu\u0308to\u0308rto\u0308k 9-11:30 \u00e9s 13-15 k\u00f6z\u00f6tt, pe\u0301ntek 9-12 o\u0301ra ko\u0308zo\u0308tt.<\/p>\n<p><strong>Sch\u00f6ff Ildik\u00f3<\/strong> &#8211; posztgradu\u00e1lis oktat\u00e1sszervez\u0151<br \/>\n+36208250391<br \/>\n<a href=\"mailto:rezi.sok@semmelweis.hu\">rezi.sok@semmelweis.hu<\/a><br \/>\n<a href=\"mailto:schoff.ildiko@semmelweis.hu\">schoff.ildiko@semmelweis.hu<\/a><\/p>\n<p style=\"text-align: justify\"><strong>R\u00e1cz Vikt\u00f3ria<\/strong> \u2013 posztgradu\u00e1lis oktat\u00e1sszervez\u0151<br \/>\n+36 30 016 4143<br \/>\n<a href=\"mailto:rezi.sok@med.semmelweis-univ.hu\">rezi.sok@semmelweis.hu<\/a><br \/>\n<a href=\"mailto:racz.viktoria@med.semmelweis-univ.hu\">racz.viktoria@semmelweis.hu<\/a><\/p>\n<p><strong>Dr. Imecz Judit<\/strong> \u2013 szakorvos, posztgradu\u00e1lis k\u00e9pz\u00e9s felel\u0151s<br \/>\n+36 30 016 4142<br \/>\n<a href=\"mailto:imecz.judit@med.semmelweis-univ.hu\">imecz.judit@semmelweis.hu<\/a><\/p>\n","protected":false},"excerpt":{"rendered":"<p>Klinik\u00e1nk akt\u00edvan r\u00e9szt vesz a posztgradu\u00e1lis k\u00e9pz\u00e9sben. Akkredit\u00e1lt szakk\u00e9pz\u0151 hely oxyol\u00f3gia-s\u00fcrg\u0151ss\u00e9gi orvostan \u00e9s egy\u00e9b szakm\u00e1k vonatkoz\u00e1s\u00e1ban, valamint szakmai tov\u00e1bbk\u00e9pz\u0151 tanfolyamokat is szervez. A Semmelweis Egyetem rezidensei a 3 h\u00f3napos s\u00fcrg\u0151ss\u00e9gi oszt\u00e1lyos gyakorlatot a Klinika s\u00fcrg\u0151ss\u00e9gi oszt\u00e1ly\u00e1n t\u00f6ltik.\u00a0 Az oxyol\u00f3gia-s\u00fcrg\u0151ss\u00e9gi orvostan szakvizsg\u00e1hoz k\u00f6telez\u0151 posztgradu\u00e1lis tanfolyamokra az OFTEX rendszeren kereszt\u00fcl lehet jelentkezni.\u00a0 <a href=\"https:\/\/semmelweis.hu\/surgosseg\/hu\/oktatas\/posztgradualis#szakkepzes\">Szakk\u00e9pz\u00e9sbe l\u00e9p\u00e9s &#8211; Oxyol\u00f3gia \u00e9s s\u00fcrg\u0151ss\u00e9gi orvostan<\/a> <a href=\"https:\/\/semmelweis.hu\/surgosseg\/hu\/oktatas\/posztgradualis#sbogyakorlat\">3 h\u00f3napos s\u00fcrg\u0151ss\u00e9gi oszt\u00e1lyos gyakorlat<\/a> Szakk\u00e9pz\u00e9sbe l\u00e9p\u00e9s &#8211; Oxyol\u00f3gia \u00e9s &hellip;<\/p>\n","protected":false},"author":101921,"featured_media":0,"parent":89,"menu_order":1,"comment_status":"closed","ping_status":"closed","template":"","meta":{"_acf_changed":false,"footnotes":""},"categories":[34],"tags":[],"class_list":["post-777","page","type-page","status-publish","hentry","category-oktatas-hu"],"acf":[],"_links":{"self":[{"href":"https:\/\/semmelweis.hu\/surgosseg\/wp-json\/wp\/v2\/pages\/777","targetHints":{"allow":["GET"]}}],"collection":[{"href":"https:\/\/semmelweis.hu\/surgosseg\/wp-json\/wp\/v2\/pages"}],"about":[{"href":"https:\/\/semmelweis.hu\/surgosseg\/wp-json\/wp\/v2\/types\/page"}],"author":[{"embeddable":true,"href":"https:\/\/semmelweis.hu\/surgosseg\/wp-json\/wp\/v2\/users\/101921"}],"replies":[{"embeddable":true,"href":"https:\/\/semmelweis.hu\/surgosseg\/wp-json\/wp\/v2\/comments?post=777"}],"version-history":[{"count":13,"href":"https:\/\/semmelweis.hu\/surgosseg\/wp-json\/wp\/v2\/pages\/777\/revisions"}],"predecessor-version":[{"id":2499,"href":"https:\/\/semmelweis.hu\/surgosseg\/wp-json\/wp\/v2\/pages\/777\/revisions\/2499"}],"up":[{"embeddable":true,"href":"https:\/\/semmelweis.hu\/surgosseg\/wp-json\/wp\/v2\/pages\/89"}],"wp:attachment":[{"href":"https:\/\/semmelweis.hu\/surgosseg\/wp-json\/wp\/v2\/media?parent=777"}],"wp:term":[{"taxonomy":"category","embeddable":true,"href":"https:\/\/semmelweis.hu\/surgosseg\/wp-json\/wp\/v2\/categories?post=777"},{"taxonomy":"post_tag","embeddable":true,"href":"https:\/\/semmelweis.hu\/surgosseg\/wp-json\/wp\/v2\/tags?post=777"}],"curies":[{"name":"wp","href":"https:\/\/api.w.org\/{rel}","templated":true}]}}