{"id":775,"date":"2021-08-27T09:50:17","date_gmt":"2021-08-27T07:50:17","guid":{"rendered":"https:\/\/semmelweis.hu\/surgosseg\/?page_id=775"},"modified":"2022-08-20T09:49:17","modified_gmt":"2022-08-20T07:49:17","slug":"apn-kepzes","status":"publish","type":"page","link":"https:\/\/semmelweis.hu\/surgosseg\/oktatas\/apn-kepzes\/","title":{"rendered":"APN k\u00e9pz\u00e9s"},"content":{"rendered":"<p>A S\u00fcrg\u0151ss\u00e9gi Orvostani Klinik\u00e1n k\u00e9t, az APN k\u00e9pz\u00e9shez sz\u00fcks\u00e9ges tant\u00e1rgy teljes\u00edt\u00e9s\u00e9re van lehet\u0151s\u00e9g.<\/p>\n<ul>\n<li>S\u00fcrg\u0151ss\u00e9gi oszt\u00e1lyos gyakorlat<\/li>\n<li>S\u00fcrg\u0151ss\u00e9gi pszichi\u00e1triai \u00e9s neurol\u00f3giai k\u00f3rk\u00e9pek<\/li>\n<\/ul>\n<h2>S\u00fcrg\u0151ss\u00e9gi oszt\u00e1lyos gyakorlat<\/h2>\n<p><a href=\"https:\/\/semmelweis.hu\/surgosseg\/files\/2021\/08\/APN-S\u00dcRG\u0150SS\u00c9GI-OSZT\u00c1LYOS-GYAKORLAT.docx\">Az \u00e9rt\u00e9kel\u0151 lap ide kattintva t\u00f6lthet\u0151 le<\/a><\/p>\n<p><a href=\"https:\/\/semmelweis.hu\/surgosseg\/files\/2021\/08\/APN-gyakorlati-napl\u00f3.pdf\">A gyakorlati napl\u00f3 PDF-ban ide kattintva \u00e9rhet\u0151 el.\u00a0<\/a><\/p>\n<p><em>A hallgat\u00f3 m\u0171szakos munkarendben, 15 alkalommal r\u00e9szt v\u00e9sz a k\u00e9pz\u0151hely betegell\u00e1t\u00e1s\u00e1ban, az ell\u00e1t\u00f3i team tagjak\u00e9nt, a m\u0171szakvezet\u0151 szakorvos \u2013 egyben gyakorlatvezet\u0151 ir\u00e1ny\u00edt\u00e1sa mellett.<\/em><\/p>\n<p><em>A gyakorlat sor\u00e1n m\u00e1s-m\u00e1s hangs\u00faly\u00fa feladatok ell\u00e1t\u00e1s\u00e1ban vesz r\u00e9szt, amit legjobb tud\u00e1sa \u00e9s betegek \u00e9rdek\u00e9ben a m\u0171szakvezet\u0151 szakorvos utas\u00edt\u00e1sa \u00e9s fel\u00fcgyelete mellett kell abszolv\u00e1lnia.<\/em><\/p>\n<p><em>Minden gyakorlatot k\u00f6vet\u0151en k\u00f6zvetlen \u00e9rt\u00e9kel\u00e9se t\u00f6rt\u00e9nik. Az alap modulok (rendszerismeret, tri\u00e1zs) teljes\u00edt\u00e9s\u00e9nek hi\u00e1ny\u00e1ban is a gyakorlat v\u00e9gig elv\u00e9gzend\u0151, de a tov\u00e1bbi modulok megkezd\u00e9s\u00e9re nincs lehet\u0151s\u00e9g.<\/em><\/p>\n<p><em>Az egyes gyakorlatok \u00e9rt\u00e9kel\u00e9s\u00e9b\u0151l \u00e1ll \u00f6ssze a gyakorlati vizsga eredm\u00e9nye: \u201ekiv\u00e1l\u00f3an megfelelt\u201d \u2013 \u201emegfelelt\u201d \u2013 \u201enem felelt meg\u201d szinten.<\/em><\/p>\n<p><em>\u00a0<\/em><em>A gyakorlati feladat beoszt\u00e1s ar\u00e1nya:<\/em><\/p>\n<ol>\n<li><em><u>rendszerismeret<\/u><\/em><em>: a hallgat\u00f3 megismeri a k\u00e9pz\u0151hely munka-, elj\u00e1r\u00e1srendj\u00e9t (az ell\u00e1t\u00f3i csapat egyes szerepl\u0151inek feladatk\u00f6r\u00e9t \u00e9s kompetenci\u00e1it, a betegell\u00e1t\u00e1s folyamat\u00e1t, a kapcsol\u00f3d\u00f3 dokument\u00e1ci\u00f3s rendet. A megismer\u00e9sben rendelkez\u00e9s\u00e9re bocs\u00e1tott \u00edr\u00e1sos le\u00edr\u00e1s seg\u00edti. K\u00f6zvetlen betegell\u00e1t\u00e1sban \u00f6n\u00e1ll\u00f3an semmilyen form\u00e1ban nem vesz r\u00e9szt.<\/em><\/li>\n<li><em><u>tri\u00e1zs_1<\/u><\/em><em>: a hallgat\u00f3 a m\u0171szakvezet\u0151 \u00e1pol\u00f3 \u00e9s a beosztott tri\u00e1zs \u00e1pol\u00f3 k\u00f6zvetlen ir\u00e1ny\u00edt\u00e1sa mellett r\u00e9szt vesz a tri\u00e1zs folyamat\u00e1ban, megismerkedik a Magyar S\u00fcrg\u0151ss\u00e9gi Tri\u00e1zs Rendszer (MSTR) gyakorlati haszn\u00e1lat\u00e1val. (ehhez a tri\u00e1zsrendszer elm\u00e9leti ismerete sz\u00fcks\u00e9ges)<\/em><\/li>\n<li><em><u>tri\u00e1zs 2<\/u><\/em><em>: \u00f6n\u00e1ll\u00f3 tri\u00e1zs feladatot v\u00e9gez<\/em><\/li>\n<li><em><u>tri\u00e1zs 3<\/u><\/em><em>: \u00f6n\u00e1ll\u00f3 tri\u00e1zs feladatot v\u00e9gez<\/em><\/li>\n<li><em><u>betegell\u00e1t\u00e1s_1:<\/u><\/em><em> fel\u00fcgyelet mellett \u00f6n\u00e1ll\u00f3an vesz r\u00e9szt MSTR_3-4-5 szint\u0171 betegek ell\u00e1t\u00e1s\u00e1ban (vizsg\u00e1lat \u2013 diagnosztika \u2013 ter\u00e1pia \u2013 obszerv\u00e1ci\u00f3 \u2013 diszpoz\u00edci\u00f3 \u00e9s mindezek dokument\u00e1l\u00e1sa) \u2013 az ell\u00e1t\u00e1si folyamat minden elem\u00e9t egyezteti \u00e9s j\u00f3v\u00e1hagyatja a m\u0171szak- egyben gyakorlatvezet\u0151 szakorvossal, annak utas\u00edt\u00e1sait \u2013 a beteg biztons\u00e1ga \u00e9rdek\u00e9ben \u2013 maxim\u00e1lisan betartja. Kommunik\u00e1ci\u00f3j\u00e1t minden esetben strukt\u00far\u00e1lt form\u00e1ban a beteg \u00e9rdekeit szem el\u0151tt tartva, k\u00e9ts\u00e9gei \u00e9s gondolatai, javaslatai verbaliz\u00e1l\u00e1sa mellett v\u00e9gzi.<\/em><\/li>\n<li><em><u>betegell\u00e1t\u00e1s_2:<\/u><\/em><em> az 5. gyakorlatban le\u00edrtaknak megfelel\u0151en fel\u00fcgyelet mellett \u00f6n\u00e1ll\u00f3an vesz r\u00e9szt MSTR_3-4-5 szint\u0171 betegek ell\u00e1t\u00e1s\u00e1ban<\/em><\/li>\n<li><em><u>betegell\u00e1t\u00e1s_3:<\/u><\/em><em> az 5. gyakorlatban le\u00edrtaknak megfelel\u0151en fel\u00fcgyelet mellett \u00f6n\u00e1ll\u00f3an vesz r\u00e9szt MSTR_3-4-5 szint\u0171 betegek ell\u00e1t\u00e1s\u00e1ban<\/em><\/li>\n<li><em><u>betegell\u00e1t\u00e1s_4:<\/u><\/em><em> az 5. gyakorlatban le\u00edrtaknak megfelel\u0151en fel\u00fcgyelet mellett \u00f6n\u00e1ll\u00f3an vesz r\u00e9szt MSTR_3-4-5 szint\u0171 betegek ell\u00e1t\u00e1s\u00e1ban<\/em><\/li>\n<li><em><u>betegell\u00e1t\u00e1s_5:<\/u><\/em><em> az 5. gyakorlatban le\u00edrtaknak megfelel\u0151en fel\u00fcgyelet mellett \u00f6n\u00e1ll\u00f3an vesz r\u00e9szt MSTR_3-4-5 szint\u0171 betegek ell\u00e1t\u00e1s\u00e1ban<\/em><\/li>\n<li><em><u>betegell\u00e1t\u00e1s_6:<\/u><\/em><em> az 5. gyakorlatban le\u00edrtaknak megfelel\u0151en fel\u00fcgyelet mellett \u00f6n\u00e1ll\u00f3an vesz r\u00e9szt MSTR_3-4-5 szint\u0171 betegek ell\u00e1t\u00e1s\u00e1ban<\/em><\/li>\n<li><em><u>betegell\u00e1t\u00e1s_7:<\/u><\/em><em> az 5. gyakorlatban le\u00edrtaknak megfelel\u0151en fel\u00fcgyelet mellett \u00f6n\u00e1ll\u00f3an vesz r\u00e9szt MSTR_3-4-5 szint\u0171 betegek ell\u00e1t\u00e1s\u00e1ban<\/em><\/li>\n<li><em><u>betegell\u00e1t\u00e1s_8:<\/u><\/em><em> az 5. gyakorlatban le\u00edrtaknak megfelel\u0151en fel\u00fcgyelet mellett \u00f6n\u00e1ll\u00f3an vesz r\u00e9szt MSTR_3-4-5 szint\u0171 betegek<\/em><\/li>\n<li><em><u>betegell\u00e1t\u00e1s_9:<\/u><\/em><em> az eddigi gyakorlatok \u00e9rt\u00e9kel\u00e9se (alkalmass\u00e1g) alapj\u00e1n r\u00e9szt vehet az MSTR_1_2 szint\u0171 betegek ell\u00e1t\u00e1s\u00e1ban az ell\u00e1t\u00f3i csapat tagjak\u00e9nt a m\u0171szakvezet\u0151 \u00e1ltal kijel\u00f6lt feladatk\u00f6rben<\/em><\/li>\n<li><em><u>betegell\u00e1t\u00e1s_10:<\/u><\/em><em> az eddigi gyakorlatok \u00e9rt\u00e9kel\u00e9se (alkalmass\u00e1g) alapj\u00e1n r\u00e9szt vehet az MSTR_1_2 szint\u0171 betegek ell\u00e1t\u00e1s\u00e1ban az ell\u00e1t\u00f3i csapat tagjak\u00e9nt a m\u0171szakvezet\u0151 \u00e1ltal kijel\u00f6lt feladatk\u00f6rben<\/em><\/li>\n<li><em><u>betegell\u00e1t\u00e1s_11:<\/u><\/em><em> az eddigi gyakorlatok \u00e9rt\u00e9kel\u00e9se (alkalmass\u00e1g) alapj\u00e1n r\u00e9szt vehet az MSTR_1_2 szint\u0171 betegek ell\u00e1t\u00e1s\u00e1ban az ell\u00e1t\u00f3i csapat tagjak\u00e9nt a m\u0171szakvezet\u0151 \u00e1ltal kijel\u00f6lt feladatk\u00f6rben<\/em><\/li>\n<\/ol>\n<p><em>A folyamatos \u00e9rt\u00e9kel\u00e9s az egyes gyakorlatok sor\u00e1n mindv\u00e9gig k\u00f6zvetlen visszacsatol\u00e1st biztos\u00edt a hallgat\u00f3 sz\u00e1m\u00e1ra. A standard \u00e9rt\u00e9kel\u00e9si szempontrendszer a s\u00fcrg\u0151ss\u00e9gi ell\u00e1t\u00e1s l\u00e9nyegi mozzanataira f\u00f3kusz\u00e1l. A k\u00e9pz\u00e9si elemek folyamat\u00e1ban az egyes szempontok, jel\u00f6lten m\u00e1s-m\u00e1s s\u00fallyal \u00e9rt\u00e9kel\u0151dnek. A gyakorlati k\u00e9pz\u00e9s h\u00e1rom szintje egym\u00e1sra \u00e9p\u00fcl, \u00e1tl\u00e9p\u00e9sre \u2013 a betegek biztons\u00e1ga \u00e9rdek\u00e9ben \u2013 csak az egyes szintek abszolv\u00e1l\u00e1sa eset\u00e9n van m\u00f3d, amit a m\u0171szakvezet\u0151, a k\u00e9pz\u00e9s\u00e9rt felel\u0151s f\u0151orvos ellenjegyz\u00e9s\u00e9vel igazol.<\/em><\/p>\n<p><em>A gyakorlatok \u00e9rt\u00e9kel\u00e9se:<\/em><\/p>\n<ul>\n<li><em>az el\u00e9rhet\u0151 maxim\u00e1lis \u00f6sszpontsz\u00e1m 70%-a alatt <strong>nem alkalmas<\/strong><\/em><\/li>\n<li><em>az el\u00e9rhet\u0151 maxim\u00e1lis \u00f6sszpontsz\u00e1m 70-90% k\u00f6z\u00f6tt <strong>alkalmas<\/strong><\/em><\/li>\n<li><em>az el\u00e9rhet\u0151 maxim\u00e1lis \u00f6sszpontsz\u00e1m 90%-a felett <strong>kiv\u00e1l\u00f3an alkalmas<\/strong> min\u0151s\u00edt\u00e9st nyer<\/em><\/li>\n<\/ul>\n<h2>S\u00fcrg\u0151ss\u00e9gi pszichi\u00e1triai \u00e9s neurol\u00f3giai k\u00f3rk\u00e9pek<\/h2>\n<p><a href=\"https:\/\/semmelweis.hu\/surgosseg\/hu\/apn-kepzes\/eloadastematika_apn_surgossegi_pszichiatriai-es-neurologiai_korkepek\/\" rel=\"attachment wp-att-893\">El\u0151ad\u00e1s tematika (2021\/22 I. f\u00e9l\u00e9v)<\/a><\/p>\n","protected":false},"excerpt":{"rendered":"<p>A S\u00fcrg\u0151ss\u00e9gi Orvostani Klinik\u00e1n k\u00e9t, az APN k\u00e9pz\u00e9shez sz\u00fcks\u00e9ges tant\u00e1rgy teljes\u00edt\u00e9s\u00e9re van lehet\u0151s\u00e9g. S\u00fcrg\u0151ss\u00e9gi oszt\u00e1lyos gyakorlat S\u00fcrg\u0151ss\u00e9gi pszichi\u00e1triai \u00e9s neurol\u00f3giai k\u00f3rk\u00e9pek S\u00fcrg\u0151ss\u00e9gi oszt\u00e1lyos gyakorlat <a href=\"https:\/\/semmelweis.hu\/surgosseg\/files\/2021\/08\/APN-S\u00dcRG\u0150SS\u00c9GI-OSZT\u00c1LYOS-GYAKORLAT.docx\">Az \u00e9rt\u00e9kel\u0151 lap ide kattintva t\u00f6lthet\u0151 le<\/a> <a href=\"https:\/\/semmelweis.hu\/surgosseg\/files\/2021\/08\/APN-gyakorlati-napl\u00f3.pdf\">A gyakorlati napl\u00f3 PDF-ban ide kattintva \u00e9rhet\u0151 el.\u00a0<\/a> A hallgat\u00f3 m\u0171szakos munkarendben, 15 alkalommal r\u00e9szt v\u00e9sz a k\u00e9pz\u0151hely betegell\u00e1t\u00e1s\u00e1ban, az ell\u00e1t\u00f3i team tagjak\u00e9nt, a m\u0171szakvezet\u0151 szakorvos \u2013 egyben gyakorlatvezet\u0151 ir\u00e1ny\u00edt\u00e1sa mellett. A gyakorlat sor\u00e1n m\u00e1s-m\u00e1s hangs\u00faly\u00fa feladatok ell\u00e1t\u00e1s\u00e1ban vesz &hellip;<\/p>\n","protected":false},"author":101921,"featured_media":0,"parent":89,"menu_order":2,"comment_status":"closed","ping_status":"closed","template":"","meta":{"_acf_changed":false,"footnotes":""},"categories":[],"tags":[],"class_list":["post-775","page","type-page","status-publish","hentry"],"acf":[],"_links":{"self":[{"href":"https:\/\/semmelweis.hu\/surgosseg\/wp-json\/wp\/v2\/pages\/775","targetHints":{"allow":["GET"]}}],"collection":[{"href":"https:\/\/semmelweis.hu\/surgosseg\/wp-json\/wp\/v2\/pages"}],"about":[{"href":"https:\/\/semmelweis.hu\/surgosseg\/wp-json\/wp\/v2\/types\/page"}],"author":[{"embeddable":true,"href":"https:\/\/semmelweis.hu\/surgosseg\/wp-json\/wp\/v2\/users\/101921"}],"replies":[{"embeddable":true,"href":"https:\/\/semmelweis.hu\/surgosseg\/wp-json\/wp\/v2\/comments?post=775"}],"version-history":[{"count":10,"href":"https:\/\/semmelweis.hu\/surgosseg\/wp-json\/wp\/v2\/pages\/775\/revisions"}],"predecessor-version":[{"id":1238,"href":"https:\/\/semmelweis.hu\/surgosseg\/wp-json\/wp\/v2\/pages\/775\/revisions\/1238"}],"up":[{"embeddable":true,"href":"https:\/\/semmelweis.hu\/surgosseg\/wp-json\/wp\/v2\/pages\/89"}],"wp:attachment":[{"href":"https:\/\/semmelweis.hu\/surgosseg\/wp-json\/wp\/v2\/media?parent=775"}],"wp:term":[{"taxonomy":"category","embeddable":true,"href":"https:\/\/semmelweis.hu\/surgosseg\/wp-json\/wp\/v2\/categories?post=775"},{"taxonomy":"post_tag","embeddable":true,"href":"https:\/\/semmelweis.hu\/surgosseg\/wp-json\/wp\/v2\/tags?post=775"}],"curies":[{"name":"wp","href":"https:\/\/api.w.org\/{rel}","templated":true}]}}