{"id":773,"date":"2021-08-27T09:50:05","date_gmt":"2021-08-27T07:50:05","guid":{"rendered":"https:\/\/semmelweis.hu\/surgosseg\/?page_id=773"},"modified":"2025-04-24T09:06:31","modified_gmt":"2025-04-24T07:06:31","slug":"klinikai-munka-targy","status":"publish","type":"page","link":"https:\/\/semmelweis.hu\/surgosseg\/oktatas\/gradualis\/klinikai-munka-targy\/","title":{"rendered":"Klinikai munka t\u00e1rgy"},"content":{"rendered":"<p>A S\u00fcrg\u0151ss\u00e9gi Orvostani Klinik\u00e1n a \u201eKlinikai munka\u201d nev\u0171 k\u00f6telez\u0151en v\u00e1laszthat\u00f3 t\u00e1rgy f\u0151 c\u00e9lja, hogy a hallgat\u00f3k betekint\u00e9st nyerhessenek a s\u00fcrg\u0151ss\u00e9gi orvosl\u00e1s mindennapjaiba \u00e9s ez\u00e1ltal r\u00e1l\u00e1t\u00e1st kapjanak a s\u00fcrg\u0151ss\u00e9gi betegell\u00e1t\u00e1s speci\u00e1lis szeml\u00e9let\u00e9re. Emellett kiemelt figyelmet ford\u00edtunk a gyakorlati k\u00e9szs\u00e9gek oktat\u00e1s\u00e1ra is, \u00edgy lehet\u0151s\u00e9get biztos\u00edtunk az alapvet\u0151 manu\u00e1lis technik\u00e1k (pl. perif\u00e9ri\u00e1s v\u00e9n\u00e1s kan\u00fcl behelyez\u00e9se, art\u00e9ri\u00e1s v\u00e9rg\u00e1z mintav\u00e9tel, h\u00f3lyagkat\u00e9terez\u00e9s) magabiztos elsaj\u00e1t\u00edt\u00e1s\u00e1ra, tov\u00e1bb\u00e1 a betegvizsg\u00e1lat gyakorl\u00e1s\u00e1ra. A gyakorlat \u201eshadowing\u201d jelleg\u0171, minden hallgat\u00f3 mell\u00e9 kijel\u00f6l\u00e9sre ker\u00fcl egy tutor a Klinika egyik \u00e1pol\u00f3- \/ orvosmunkat\u00e1rsa szem\u00e9ly\u00e9ben.<\/p>\n<p>A bej\u00e1r\u00e1s havonta, az egy\u00e9ni r\u00e1\u00e9r\u00e9s alapj\u00e1n elk\u00e9sz\u00fclt beoszt\u00e1s alapj\u00e1n t\u00f6rt\u00e9nik 12 \u00f3r\u00e1s m\u0171szakokban. \u00c1tlagosan havonta 2 m\u0171szak teljes\u00edt\u00e9se az elv\u00e1rt minimum, a f\u00e9l\u00e9v sor\u00e1n 6 m\u0171szakot kell teljes\u00edteni. \u00a7 Klinikai munka T\u00c1RGYLE\u00cdR\u00c1SA ide kattintva \u00e9rhet\u0151 el (pdf). \u00a7 Klinikai munka napl\u00f3 (pdf).<\/p>\n<p>A t\u00e1rgyat klinikumi ismeretek f\u00fcggv\u00e9ny\u00e9ben k\u00e9t k\u00fcl\u00f6n kurzusban hirdetj\u00fck meg:<\/p>\n<p>&#8211; I-III. \u00e9vfolyam: ezen \u00e9vfolyam hallgat\u00f3inak els\u0151dleges c\u00e9lunk a kurzussal az \u00e1pol\u00f3i skillek megtan\u00edt\u00e1sa \u00e9s azok gyakorl\u00e1sa.<\/p>\n<p>&#8211; IV-VI. \u00e9vfolyam: a klinikumban m\u00e1r j\u00e1rtasabb hallgat\u00f3k sz\u00e1m\u00e1ra f\u0151k\u00e9nt az orvosi shadowing, a s\u00fcrg\u0151ss\u00e9gi medicina orvosszakmai ismereteinek \u00e1tad\u00e1sa \u00e1ll a kurzus k\u00f6z\u00e9ppontj\u00e1ban.<\/p>\n<p>Jelentkez\u00e9s a Neptunon kereszt\u00fcl a t\u00e1rgyfelv\u00e9teli id\u0151szakban, a kurzust minden f\u00e9l\u00e9vben meghirdetj\u00fck.<\/p>\n<p>T\u00e1rgyk\u00f3d: AOVKLM157F1M (Kurzus k\u00f3d: SOK \u2013 Klinikai munka)<\/p>\n<p>A t\u00e1rggyal kapcsolatban \u00e9rdekl\u0151dni Dr. Szentgr\u00f3ti Rit\u00e1n\u00e1l lehet az al\u00e1bbi el\u00e9rhet\u0151s\u00e9gen: szentgroti.rita@semmelweis.hu<\/p>\n<p>&nbsp;<\/p>\n<p>2024. \u0151sz\u00e9t\u0151l lehet\u0151s\u00e9g van a \u201eKlinikai munka eg\u00e9szs\u00e9g\u00fcgyi szolg\u00e1lati jogviszonnyal\u201d nev\u0171 t\u00e1rgyra is jelentkezni \u00e9s ennek keretein bel\u00fcl \u00e1pol\u00f3i \u00e1ll\u00e1st v\u00e1llalni (ak\u00e1r Klinik\u00e1nkon is, amennyiben aktu\u00e1lisan el\u00e9rhet\u0151 szabad st\u00e1tusz). Az erre val\u00f3 jelentkez\u00e9s t\u0151l\u00fcnk f\u00fcggetlen\u00fcl, a Semmelweis Egyetem hivatalos Di\u00e1kmunka Platformj\u00e1n kereszt\u00fcl t\u00f6rt\u00e9nik. A fel\u00fcleten kiz\u00e1r\u00f3lag a Klinikai K\u00f6zpont \u00e1ltal j\u00f3v\u00e1hagyott, aktu\u00e1lisan el\u00e9rhet\u0151 munkalehet\u0151s\u00e9gek tal\u00e1lhat\u00f3k meg, amelyekre n\u00e9h\u00e1ny kattint\u00e1ssal, egyszer\u0171en lehet jelentkezni. Az aktu\u00e1lisan el\u00e9rhet\u0151 lehet\u0151s\u00e9gek \u00e9s jelentkez\u00e9si felt\u00e9telek a https:\/\/diakmunka.semmelweis.hu oldalon tal\u00e1lhat\u00f3k.<\/p>\n","protected":false},"excerpt":{"rendered":"<p>A S\u00fcrg\u0151ss\u00e9gi Orvostani Klinik\u00e1n a \u201eKlinikai munka\u201d nev\u0171 k\u00f6telez\u0151en v\u00e1laszthat\u00f3 t\u00e1rgy f\u0151 c\u00e9lja, hogy a hallgat\u00f3k betekint\u00e9st nyerhessenek a s\u00fcrg\u0151ss\u00e9gi orvosl\u00e1s mindennapjaiba \u00e9s ez\u00e1ltal r\u00e1l\u00e1t\u00e1st kapjanak a s\u00fcrg\u0151ss\u00e9gi betegell\u00e1t\u00e1s speci\u00e1lis szeml\u00e9let\u00e9re. Emellett kiemelt figyelmet ford\u00edtunk a gyakorlati k\u00e9szs\u00e9gek oktat\u00e1s\u00e1ra is, \u00edgy lehet\u0151s\u00e9get biztos\u00edtunk az alapvet\u0151 manu\u00e1lis technik\u00e1k (pl. perif\u00e9ri\u00e1s v\u00e9n\u00e1s kan\u00fcl behelyez\u00e9se, art\u00e9ri\u00e1s v\u00e9rg\u00e1z mintav\u00e9tel, &hellip;<\/p>\n","protected":false},"author":101921,"featured_media":0,"parent":1482,"menu_order":7,"comment_status":"closed","ping_status":"closed","template":"","meta":{"_acf_changed":false,"footnotes":""},"categories":[],"tags":[],"class_list":["post-773","page","type-page","status-publish","hentry"],"acf":[],"_links":{"self":[{"href":"https:\/\/semmelweis.hu\/surgosseg\/wp-json\/wp\/v2\/pages\/773","targetHints":{"allow":["GET"]}}],"collection":[{"href":"https:\/\/semmelweis.hu\/surgosseg\/wp-json\/wp\/v2\/pages"}],"about":[{"href":"https:\/\/semmelweis.hu\/surgosseg\/wp-json\/wp\/v2\/types\/page"}],"author":[{"embeddable":true,"href":"https:\/\/semmelweis.hu\/surgosseg\/wp-json\/wp\/v2\/users\/101921"}],"replies":[{"embeddable":true,"href":"https:\/\/semmelweis.hu\/surgosseg\/wp-json\/wp\/v2\/comments?post=773"}],"version-history":[{"count":10,"href":"https:\/\/semmelweis.hu\/surgosseg\/wp-json\/wp\/v2\/pages\/773\/revisions"}],"predecessor-version":[{"id":2297,"href":"https:\/\/semmelweis.hu\/surgosseg\/wp-json\/wp\/v2\/pages\/773\/revisions\/2297"}],"up":[{"embeddable":true,"href":"https:\/\/semmelweis.hu\/surgosseg\/wp-json\/wp\/v2\/pages\/1482"}],"wp:attachment":[{"href":"https:\/\/semmelweis.hu\/surgosseg\/wp-json\/wp\/v2\/media?parent=773"}],"wp:term":[{"taxonomy":"category","embeddable":true,"href":"https:\/\/semmelweis.hu\/surgosseg\/wp-json\/wp\/v2\/categories?post=773"},{"taxonomy":"post_tag","embeddable":true,"href":"https:\/\/semmelweis.hu\/surgosseg\/wp-json\/wp\/v2\/tags?post=773"}],"curies":[{"name":"wp","href":"https:\/\/api.w.org\/{rel}","templated":true}]}}