{"id":771,"date":"2021-08-27T09:49:40","date_gmt":"2021-08-27T07:49:40","guid":{"rendered":"https:\/\/semmelweis.hu\/surgosseg\/?page_id=771"},"modified":"2025-09-08T14:19:04","modified_gmt":"2025-09-08T12:19:04","slug":"vi-ev-6-hetes-elektiv-valaszthato-gyakorlat","status":"publish","type":"page","link":"https:\/\/semmelweis.hu\/surgosseg\/oktatas\/gradualis\/vi-ev-6-hetes-elektiv-valaszthato-gyakorlat\/","title":{"rendered":"VI. \u00e9v &#8211; 6 hetes elekt\u00edv (v\u00e1laszthat\u00f3) gyakorlat"},"content":{"rendered":"<p>VI. \u00e9ves \u00c1OK hallgat\u00f3k r\u00e9sz\u00e9re meghirdetett, elekt\u00edv gyakorlat.\u00a0<\/p>\n<p><a href=\"https:\/\/semmelweis.hu\/surgosseg\/files\/2023\/08\/2023-TARGYLEIRAS-HATODEVES-VALASZTHATO-GYAKORLAT-MAGYAR.pdf\" target=\"_blank\" rel=\"noopener\">A t\u00e1rgyle\u00edr\u00e1s \u00e9s a k\u00f6vetelm\u00e9nyrendszer ezen a linken t\u00f6lthet\u0151 le.<\/a><\/p>\n<p data-start=\"190\" data-end=\"229\"><strong data-start=\"193\" data-end=\"229\">El\u00e9rend\u0151 c\u00e9lok a gyakorlat sor\u00e1n<\/strong><\/p>\n<p data-start=\"231\" data-end=\"368\">Minden hallgat\u00f3 <strong data-start=\"247\" data-end=\"306\">14 db, egyenk\u00e9nt 12 \u00f3r\u00e1s nappali vagy \u00e9jszakai m\u0171szakot<\/strong> teljes\u00edt a S\u00fcrg\u0151ss\u00e9gi Oszt\u00e1lyokon, el\u0151zetes beoszt\u00e1s alapj\u00e1n.<\/p>\n<p data-start=\"370\" data-end=\"598\">A gyakorlat sor\u00e1n a szigorl\u00f3 hallgat\u00f3k <strong data-start=\"409\" data-end=\"452\">akt\u00edvan r\u00e9szt vesznek a betegell\u00e1t\u00e1sban<\/strong>, folyamatos orvosi vagy szakorvosi fel\u00fcgyelet mellett. A c\u00e9l, hogy a hallgat\u00f3k elsaj\u00e1t\u00edts\u00e1k \u00e9s alkalmazni tudj\u00e1k a <strong data-start=\"568\" data-end=\"597\">s\u00fcrg\u0151ss\u00e9gi szeml\u00e9letm\u00f3dot<\/strong>.<\/p>\n<p data-start=\"600\" data-end=\"642\"><strong>Tov\u00e1bbi lehet\u0151s\u00e9gek a gyakorlat sor\u00e1n:<\/strong><\/p>\n<ul data-start=\"643\" data-end=\"934\">\n<li data-start=\"643\" data-end=\"849\">\n<p data-start=\"645\" data-end=\"849\"><strong data-start=\"645\" data-end=\"686\">Kritikus \u00e1llapot\u00fa betegek ell\u00e1t\u00e1s\u00e1n\u00e1l<\/strong> val\u00f3 r\u00e9szv\u00e9tel lehet\u0151s\u00e9ge, amennyiben az adott helyzet engedi.<br data-start=\"749\" data-end=\"752\" \/><br \/>\nAz ell\u00e1t\u00e1st k\u00f6vet\u0151en <strong data-start=\"775\" data-end=\"806\">visszacsatol\u00e1s (debriefing)<\/strong> t\u00f6rt\u00e9nik a tanul\u00e1si folyamat t\u00e1mogat\u00e1s\u00e1ra.<\/p>\n<\/li>\n<li data-start=\"850\" data-end=\"934\">\n<p data-start=\"852\" data-end=\"934\">Lehet\u0151s\u00e9g <strong data-start=\"862\" data-end=\"902\">invaz\u00edv beavatkoz\u00e1sok megfigyel\u00e9s\u00e9re<\/strong> az \u00e9rdekl\u0151d\u0151 hallgat\u00f3k sz\u00e1m\u00e1ra.<\/p>\n<\/li>\n<\/ul>\n","protected":false},"excerpt":{"rendered":"<p>VI. \u00e9ves \u00c1OK hallgat\u00f3k r\u00e9sz\u00e9re meghirdetett, elekt\u00edv gyakorlat.\u00a0 <a href=\"https:\/\/semmelweis.hu\/surgosseg\/files\/2023\/08\/2023-TARGYLEIRAS-HATODEVES-VALASZTHATO-GYAKORLAT-MAGYAR.pdf\" target=\"_blank\" rel=\"noopener\">A t\u00e1rgyle\u00edr\u00e1s \u00e9s a k\u00f6vetelm\u00e9nyrendszer ezen a linken t\u00f6lthet\u0151 le.<\/a> El\u00e9rend\u0151 c\u00e9lok a gyakorlat sor\u00e1n Minden hallgat\u00f3 14 db, egyenk\u00e9nt 12 \u00f3r\u00e1s nappali vagy \u00e9jszakai m\u0171szakot teljes\u00edt a S\u00fcrg\u0151ss\u00e9gi Oszt\u00e1lyokon, el\u0151zetes beoszt\u00e1s alapj\u00e1n. A gyakorlat sor\u00e1n a szigorl\u00f3 hallgat\u00f3k akt\u00edvan r\u00e9szt vesznek a betegell\u00e1t\u00e1sban, folyamatos orvosi vagy szakorvosi fel\u00fcgyelet mellett. A c\u00e9l, hogy a hallgat\u00f3k elsaj\u00e1t\u00edts\u00e1k \u00e9s &hellip;<\/p>\n","protected":false},"author":101921,"featured_media":0,"parent":1482,"menu_order":4,"comment_status":"closed","ping_status":"closed","template":"","meta":{"_acf_changed":false,"footnotes":""},"categories":[],"tags":[],"class_list":["post-771","page","type-page","status-publish","hentry"],"acf":[],"_links":{"self":[{"href":"https:\/\/semmelweis.hu\/surgosseg\/wp-json\/wp\/v2\/pages\/771","targetHints":{"allow":["GET"]}}],"collection":[{"href":"https:\/\/semmelweis.hu\/surgosseg\/wp-json\/wp\/v2\/pages"}],"about":[{"href":"https:\/\/semmelweis.hu\/surgosseg\/wp-json\/wp\/v2\/types\/page"}],"author":[{"embeddable":true,"href":"https:\/\/semmelweis.hu\/surgosseg\/wp-json\/wp\/v2\/users\/101921"}],"replies":[{"embeddable":true,"href":"https:\/\/semmelweis.hu\/surgosseg\/wp-json\/wp\/v2\/comments?post=771"}],"version-history":[{"count":11,"href":"https:\/\/semmelweis.hu\/surgosseg\/wp-json\/wp\/v2\/pages\/771\/revisions"}],"predecessor-version":[{"id":2406,"href":"https:\/\/semmelweis.hu\/surgosseg\/wp-json\/wp\/v2\/pages\/771\/revisions\/2406"}],"up":[{"embeddable":true,"href":"https:\/\/semmelweis.hu\/surgosseg\/wp-json\/wp\/v2\/pages\/1482"}],"wp:attachment":[{"href":"https:\/\/semmelweis.hu\/surgosseg\/wp-json\/wp\/v2\/media?parent=771"}],"wp:term":[{"taxonomy":"category","embeddable":true,"href":"https:\/\/semmelweis.hu\/surgosseg\/wp-json\/wp\/v2\/categories?post=771"},{"taxonomy":"post_tag","embeddable":true,"href":"https:\/\/semmelweis.hu\/surgosseg\/wp-json\/wp\/v2\/tags?post=771"}],"curies":[{"name":"wp","href":"https:\/\/api.w.org\/{rel}","templated":true}]}}