{"id":769,"date":"2021-08-27T09:48:11","date_gmt":"2021-08-27T07:48:11","guid":{"rendered":"https:\/\/semmelweis.hu\/surgosseg\/?page_id=769"},"modified":"2024-03-27T12:08:28","modified_gmt":"2024-03-27T11:08:28","slug":"iv-ev-oxyologia-surgossegi-orvostan-kotelezo","status":"publish","type":"page","link":"https:\/\/semmelweis.hu\/surgosseg\/oktatas\/gradualis\/iv-ev-oxyologia-surgossegi-orvostan-kotelezo\/","title":{"rendered":"IV. \u00e9v &#8211; Oxyol\u00f3gia &#8211; s\u00fcrg\u0151ss\u00e9gi orvostan (k\u00f6telez\u0151)"},"content":{"rendered":"<p><a href=\"https:\/\/semmelweis.hu\/surgosseg\/files\/2024\/03\/2023-TARGYLEIRAS-NEGYEDEV-OSO-MAGYAR_final.pdf\" target=\"_blank\" rel=\"noopener\">A t\u00e1rgyle\u00edr\u00e1s \u00e9s a k\u00f6vetelm\u00e9nyrendszer ide kattintva \u00e9rhet\u0151 el.<\/a><\/p>\n<p><a href=\"https:\/\/semmelweis.hu\/surgosseg\/files\/2023\/08\/SE-SOK-Orarend-2023-24-Block-orarend_MAGYAR_jo.pdf\" target=\"_blank\" rel=\"attachment noopener wp-att-1842\">A block \u00f3rarend ezen a linken el\u00e9rhet\u0151.<\/a><\/p>\n<p>A\u00a0<strong>klinikai modulok<\/strong>\u00a0oktat\u00e1s\u00e1nak elej\u00e9n olyan szeml\u00e9let \u00e9s k\u00e9szs\u00e9g \u00e1tad\u00e1s\u00e1t c\u00e9lozzuk, ami minden specifikum szintj\u00e9n hasznos\u00edthat\u00f3. A t\u00fal\u00e9l\u00e9si l\u00e1nc alapj\u00e1t k\u00e9pez\u0151 korai felismer\u00e9s \u00e9s kapcsol\u00f3d\u00f3 seg\u00e9lyk\u00e9r\u00e9s k\u00e9szs\u00e9ge meghat\u00e1roz\u00f3 eleme a klinikai gyakorlatnak. A felismer\u00e9s k\u00e9szs\u00e9ge rizik\u00f3 menedzsmentre \u00e9p\u00fcl, ami a s\u00fcrg\u0151ss\u00e9gi ell\u00e1t\u00e1s alapja is egyben. Technikailag ez a k\u00e9szs\u00e9g beteghez rendelt, \u00edgy individu\u00e1lis f\u00f3kusz\u00e1lt l\u00e1t\u00e1sm\u00f3dot, rizik\u00f3 orient\u00e1lts\u00e1got, id\u0151-menedzsmentet \u00e9s kommunik\u00e1ci\u00f3s k\u00e9szs\u00e9get felt\u00e9telez. A kapcsol\u00f3d\u00f3 oblig\u00e1t seg\u00e9lyk\u00e9r\u00e9s tov\u00e1bb viszi a kommunik\u00e1ci\u00f3s k\u00e9szs\u00e9get, oblig\u00e1ci\u00f3ja meg az integr\u00e1lt, team-szer\u0171 ell\u00e1t\u00e1si forma alapja. A k\u00e9szs\u00e9geket a hallgat\u00f3 egy beteg-centrikus rendszerben saj\u00e1t\u00edtja el.<\/p>\n<p>A f\u00f3kusz\u00e1lt gyakorlati k\u00e9szs\u00e9g \u00e1tad\u00e1s\u00e1nak form\u00e1ja, technik\u00e1ja hordoz olyan tartalmi elemeket, ami specifikusan a s\u00fcrg\u0151ss\u00e9gi ell\u00e1t\u00e1st jellemzi \u2013 \u00edgy ezekkel a hallgat\u00f3 indirekt m\u00f3don ismerkedik meg, \u00e9p\u00edtheti be orvosi gyakorlat\u00e1ba.<\/p>\n<p><strong>Gyakorlat-f\u00f3kusz\u00e1lt modul<\/strong> kimeneteli c\u00e9lja, hogy a hallgat\u00f3 b\u00e1rmely k\u00f6rnyezetben, b\u00e1rmilyen kor\u00fa, nem\u0171 egy\u00e9n vesz\u00e9lyeztetetts\u00e9g\u00e9t felismerje, b\u00e1rmilyen eredet\u0171 k\u00f3rfolyamat eset\u00e9n. Indirekt m\u00f3don ismeri meg, alapk\u00e9szs\u00e9g szintj\u00e9n teheti mag\u00e1\u00e9v\u00e1 a tri\u00e1zs folyamat\u00e1t, els\u0151 l\u00e9p\u00e9seit. C\u00e9l tov\u00e1bb\u00e1, hogy a vesz\u00e9lyeztetetts\u00e9g felismer\u00e9sekor azonnal tudjon seg\u00edts\u00e9get k\u00e9rni.<\/p>\n<p><strong>A k\u00e9thetes alap-s\u00fcrg\u0151ss\u00e9gi modul fel\u00e9p\u00edt\u00e9se<\/strong><\/p>\n<ol>\n<li>Briefing (1&#215;20 perc El\u0151ad\u00e1s &#8211; NEM K\u00d6TELEZ\u0150)<\/li>\n<li>Quick Look (1&#215;30 perc El\u0151ad\u00e1s &#8211; NEM K\u00d6TELEZ\u0150)<\/li>\n<li>T\u00fcnetcsoportok \/ V\u00f6r\u00f6s z\u00e1szl\u00f3k (1&#215;45 perc El\u0151ad\u00e1s &#8211; NEM K\u00d6TELEZ\u0150)<\/li>\n<li>Param\u00e9terek (1&#215;30 perc El\u0151ad\u00e1s &#8211; NEM K\u00d6TELEZ\u0150<\/li>\n<li>Beteg\u00e1gy melleti Gyakorlat (8&#215;45 perc \u2013 4&#215;45 perc K\u00d6TELEZ\u0150)<\/li>\n<li>SBAR Gyakorlat (2&#215;45 perc \u2013 K\u00d6TELEZ\u0150)<\/li>\n<li>OMV Gyakorlat (2&#215;45 perc \u2013 NEM K\u00d6TELEZ\u0150)<\/li>\n<li>SzIM Gyakorlat (4&#215;45 perc &#8211; NEM K\u00d6TELEZ\u0150)<\/li>\n<li>EMS gyakorlat (90 perc El\u0151ad\u00e1s \u2013 NEM K\u00d6TELEZ\u0150 \u00e9s\u00a0 90 perc Gyakorlat-K\u00d6TELEZ\u0150)<\/li>\n<li>Konzult\u00e1ci\u00f3 \u2013 Debriefing (90 perc El\u0151ad\u00e1s \u2013 NEM K\u00d6TELEZ\u0150)<\/li>\n<li><strong> BRIEFING\u00a0+<\/strong><\/li>\n<\/ol>\n<p><strong>Az almodul c\u00e9lja, hogy a hallgat\u00f3 megismerje:<\/strong><\/p>\n<ul>\n<li>a teljes modul c\u00e9lj\u00e1t, strukt\u00far\u00e1j\u00e1t<\/li>\n<li>a gyakorlatok m\u00f3dszertan\u00e1t<\/li>\n<li>saj\u00e1t feladatait (az elv\u00e1r\u00e1sokat), szerep\u00e9t<\/li>\n<li><strong>motiv\u00e1lja a hallgat\u00f3t a modulban val\u00f3 akt\u00edv \u00e9s nyitott r\u00e9szv\u00e9telre<\/strong><\/li>\n<li>az akut jelleg\u0171 beteg-centrikus ell\u00e1t\u00e1s tartalm\u00e1t<\/li>\n<li>a s\u00fcrg\u0151ss\u00e9gi ell\u00e1t\u00e1s hely\u00e9t \u00e9s szerep\u00e9t<\/li>\n<li>a s\u00fcrg\u0151ss\u00e9gi ell\u00e1t\u00e1s szeml\u00e9leti- \u00e9s gyakorlati alapelemeit\n<ul>\n<li>rizik\u00f3 orient\u00e1ci\u00f3<\/li>\n<li>f\u00f3kusz\u00e1lt gondolkod\u00e1sm\u00f3d<\/li>\n<li>id\u0151-dependencia<\/li>\n<li>integr\u00e1ci\u00f3 (beteg-k\u00f6zpont\u00fa, csapat jelleg\u0171)<\/li>\n<\/ul>\n<\/li>\n<li>indirekt m\u00f3don, elsaj\u00e1t\u00edthatja\n<ul>\n<li>csapatmunka<\/li>\n<li>struktur\u00e1lt, front\u00e1lis kommunik\u00e1ci\u00f3<\/li>\n<\/ul>\n<\/li>\n<\/ul>\n<ol start=\"2\">\n<li><strong> QUICK LOOK +<\/strong><\/li>\n<\/ol>\n<p><strong>Az almodul c\u00e9lja, hogy a hallgat\u00f3 megismerje:<\/strong><\/p>\n<ul>\n<li>a gyors megtekint\u00e9s l\u00e9nyeg\u00e9t<\/li>\n<li>azokat a szempontokat melyek szerint a vesz\u00e9lyeztetett beteg gyorsan kiemelhet\u0151 a rendszer sz\u00e1m\u00e1ra a t\u00f6megb\u0151l<\/li>\n<li>a d\u00f6nt\u00e9si folyamatot mely elvezet a d\u00f6nt\u00e9shez\n<ul>\n<li>beteg vesz\u00e9lyeztetett<\/li>\n<li>potenci\u00e1lisan vesz\u00e9lyeztetett<\/li>\n<li>val\u00f3sz\u00edn\u0171leg stabil<\/li>\n<\/ul>\n<\/li>\n<li>seg\u00edts\u00e9g k\u00e9r\u00e9s vagy h\u00edv\u00e1s menet\u00e9t \u2013 annak kommunik\u00e1ci\u00f3s jellemz\u0151it (SBAR strukt\u00fara)<\/li>\n<\/ul>\n<ol start=\"3\">\n<li><strong> T\u00dcNETCSOPORTOK \/ V\u00d6R\u00d6S Z\u00c1SZL\u00d3K+<\/strong><\/li>\n<\/ol>\n<p><strong>Az almodul c\u00e9lja, hogy a hallgat\u00f3 megismerje:<\/strong><\/p>\n<ul>\n<li>A s\u00fcrg\u0151ss\u00e9gi ell\u00e1t\u00e1s alap gondolkod\u00e1s\u00e1t<\/li>\n<li>A t\u00fcnetcsoportokat<\/li>\n<li>A t\u00fcnetcsoportokhoz rendelt rizik\u00f3 t\u00e9nyez\u0151ket \/ v\u00f6r\u00f6s z\u00e1szl\u00f3kat<\/li>\n<\/ul>\n<ol start=\"4\">\n<li><strong> PARAM\u00c9TEREK+<\/strong><\/li>\n<\/ol>\n<p><strong>Az almodul c\u00e9lja, hogy a hallgat\u00f3 megismerje:<\/strong><\/p>\n<ul>\n<li>Az alapmodalit\u00e1sokat (NIBP, P, SpO2, T)<\/li>\n<li>Az alapmodalit\u00e1sok m\u00e9r\u00e9si technol\u00f3gi\u00e1j\u00e1t<\/li>\n<li>A m\u00e9r\u00e9si technol\u00f3gi\u00e1k hibaforr\u00e1sait, buktat\u00f3it<\/li>\n<li>Az alapmodalit\u00e1sok norm\u00e1l\u00e9rt\u00e9keit \u00e9s ezzel egy\u00fctt integrat\u00edvan az el\u0151z\u0151 modulokkal a a KRP rendszert<\/li>\n<\/ul>\n<ol start=\"5\">\n<li><strong> F\u00d3KUSZ\u00c1LT VIZSG\u00c1LAT +<\/strong><\/li>\n<\/ol>\n<p><strong>Az almodul c\u00e9lja, hogy a hallgat\u00f3 megismerje \/gyakorolja:<\/strong><\/p>\n<ul>\n<li>Szintetiz\u00e1l\u00f3 gyakorlat \u2013 az eddig tanultak alapj\u00e1n, most m\u00e1r komplexen kell speci\u00e1lis, s\u00fcrg\u0151ss\u00e9gi szeml\u00e9let\u0171 \u2013 f\u00f3kusz\u00e1lt betegvizsg\u00e1latot v\u00e9gezni<\/li>\n<li>T\u00fcnetcsoport specifikus gondolkod\u00e1st<\/li>\n<li>Vezet\u0151 t\u00fcnet \/ panasz felder\u00edt\u00e9s\u00e9nek lehet\u0151s\u00e9geit<\/li>\n<li>T\u00fcnet, panasz relev\u00e1ns rizik\u00f3k felder\u00edt\u00e9se<\/li>\n<\/ul>\n<ul>\n<li>A &#8222;Beteg\u00e1gy\u201d melletti gyakorlatok c\u00e9lja a fenti moduloknak megfelel\u0151 tud\u00e1s gyakorlatba val\u00f3 \u00e1t\u00fcltet\u00e9se \u00e9s gyakorl\u00e1sa, illetve komplex betegutak, ell\u00e1t\u00e1sok v\u00e9gigk\u00eds\u00e9r\u00e9se.<\/li>\n<\/ul>\n<ol start=\"6\">\n<li><strong> EMS GYAKORLAT+<\/strong><\/li>\n<\/ol>\n<p><strong>Az almodul c\u00e9lja, hogy a hallgat\u00f3 megismerje:<\/strong><\/p>\n<ul>\n<li>A bevet\u00e9s ir\u00e1ny\u00edt\u00e1st<\/li>\n<li>A feladat felv\u00e9tel specialit\u00e1sai<\/li>\n<li>A k\u00fcl\u00f6nb\u00f6z\u0151 ment\u0151egys\u00e9g t\u00edpusokat<\/li>\n<li>A kompetencia szinteket<\/li>\n<li>A kiment\u00e9stechnika speci\u00e1lis eszk\u00f6zeit<\/li>\n<\/ul>\n<ol start=\"7\">\n<li><strong> DEBRIEFING <\/strong><\/li>\n<\/ol>\n<p><strong>Az almodul c\u00e9lja:<\/strong><\/p>\n<ul>\n<li>Az oktat\u00f3k megbizonyosodjanak r\u00f3la, hogy a hallgat\u00f3 meg\u00e9rtette a s\u00fcrg\u0151ss\u00e9gi szeml\u00e9let\u0171 megk\u00f6zel\u00edt\u00e9s\u00e9t a betegnek<\/li>\n<li>Az oktat\u00f3k megbizonyosodjanak r\u00f3la, hogy a hallgat\u00f3 alkalmazni is tudja a s\u00fcrg\u0151ss\u00e9gi szeml\u00e9let\u0171 betegmeg\u00edt\u00e9l\u00e9st<\/li>\n<li>Sz\u00fcks\u00e9g eset\u00e9n seg\u00edts\u00e9get h\u00edv \u2013 beteget refer\u00e1l<\/li>\n<li>\u00c9rti \u00e9s alkalmazza az SBAR kommunik\u00e1ci\u00f3t<\/li>\n<\/ul>\n<p>Tekintettel arra, hogy a Briefing \u00e9s EMS modul kiv\u00e9tel\u00e9vel, minden gyakorlat nagyr\u00e9szt beteg\u00e1gy mellett t\u00f6rt\u00e9nik, ez\u00e9rt k\u00e9r\u00fcnk minden hallgat\u00f3t, hogy a gyakorlatokra tiszta, feh\u00e9r k\u00f6penyt mindig hozzon mag\u00e1val. Az SBAR, OMV \u00e9s SzIM gyakorlatokra feh\u00e9r k\u00f6peny nem sz\u00fcks\u00e9ges.<\/p>\n<p><strong>A GYAKORLATOK HELYSZ\u00cdNEI:<\/strong><\/p>\n<div class=\"x_elementToProof\">\n<p id=\"x_yui_3_18_1_1_1694761336675_648\"><span id=\"x_yui_3_18_1_1_1694761336675_647\" class=\"x_ContentPasted1\"><span id=\"x_yui_3_18_1_1_1694761336675_15789\" class=\"x_ContentPasted1\">SE SOK SBO<\/span>: 1082 Budapest, \u00dcll\u0151i \u00fat 78\/A (Beteg\u00e1gy melletti gyakorlat)<\/span><\/p>\n<p id=\"x_yui_3_18_1_1_1694761336675_648\"><span id=\"x_yui_3_18_1_1_1694761336675_689\" class=\"x_ContentPasted1\"><em id=\"x_yui_3_18_1_1_1694761336675_15973\" class=\"x_ContentPasted1\">SE Klinikai K\u00f6zpont<\/em><span class=\"x_Apple-converted-space x_ContentPasted1\">\u00a0<\/span>(KBE &#8211; \u00dcll\u0151i \u00fat 78\/A) \u00a0<em id=\"x_yui_3_18_1_1_1694761336675_15929\" class=\"x_ContentPasted1\">K04.53-as terem<\/em><span class=\"x_Apple-converted-space x_ContentPasted1\">\u00a0<\/span>(a ST\u00c9G III. emeleti Konz\u00edliumi helyis\u00e9ge) &#8211; EL\u0150AD\u00c1SOK (Briefing, Quick look, V\u00f6r\u00f6s Z\u00e1szl\u00f3k, Param\u00e9terek) &#8211; h\u00e9tf\u0151n d\u00e9lel\u0151tt<\/span><\/p>\n<p id=\"x_yui_3_18_1_1_1694761336675_648\"><span id=\"x_yui_3_18_1_1_1694761336675_1187\" class=\"x_ContentPasted1\"><em id=\"x_yui_3_18_1_1_1694761336675_16707\" class=\"x_ContentPasted1\">BOK<\/em><span class=\"x_Apple-converted-space x_ContentPasted1\">\u00a0<\/span>(1083. Budapest, Kor\u00e1nyi S\u00e1ndor u. 2a.)<span class=\"x_Apple-converted-space x_ContentPasted1\">\u00a0<\/span><em id=\"x_yui_3_18_1_1_1694761336675_16758\" class=\"x_ContentPasted1\">4.sz Oktat\u00f3helys\u00e9g<\/em><span class=\"x_Apple-converted-space x_ContentPasted1\">\u00a0<\/span>&#8211; \u00a01. emelet a B\u00fcf\u00e9n\u00e9l (SBAR, OMV, SIM)<\/span><\/p>\n<p id=\"x_yui_3_18_1_1_1694761336675_648\"><span class=\"x_ContentPasted1\">MHEK SBC: 1134 Budapest, R\u00f3bert K\u00e1roly Krt. 44. (Beteg\u00e1gy melletti gyakorlat)<\/span><\/p>\n<p class=\"x_ContentPasted1\">OMSz: 1142. Budapest XIV, Erzs\u00e9bet kir\u00e1lyn\u00e9 \u00fatja 87. III. emelet (P\u00e9nteki nap)<\/p>\n<\/div>\n<div class=\"x_elementToProof\">\u00a0<\/div>\n<p>&nbsp;<\/p>\n<p><strong>INFORM\u00c1CI\u00d3K AZ E-LEARNING \u2013 MOODLE RENDSZERR\u0150L<\/strong><\/p>\n<p><strong>Tansz\u00e9ki csoportunk teljesen \u00e1t\u00e1llt a Moodle rendszer haszn\u00e1lat\u00e1ra. Minden oktat\u00e1si \u00e9s vizsg\u00e1hoz sz\u00fcks\u00e9ges anyagunk a rendszerben el\u00e9rhet\u0151.<\/strong><\/p>\n<p>A gyakorlati jegyzet megtekinthet\u0151 \u00e9s let\u00f6lthet\u0151\u00a0<a href=\"https:\/\/semmelweis.hu\/surgosseg\/files\/2019\/08\/Gyakorlati_jegyzet-_OSO_19-20_IV_\u00e9vf.pdf\">itt.<\/a><\/p>\n<p>\u00c9szrev\u00e9teleiteket, javaslataitokat, k\u00e9r\u00e9seiteket eg\u00e9sz \u00e9v sora\u0301n az\u00a0<a href=\"mailto:edu.sok@med.semmelweis-univ.hu\"><strong>edu.sok@semmelweis.hu<\/strong><\/a>\u00a0e-mail c\u00edmen v\u00e1rjuk, igyeksz\u00fcnk min\u00e9l hamarabb v\u00e1laszolni.<\/p>\n<p>Sok \u00f6r\u00f6met k\u00edv\u00e1nunk a gyakorlatokon!<\/p>\n","protected":false},"excerpt":{"rendered":"<p><a href=\"https:\/\/semmelweis.hu\/surgosseg\/files\/2024\/03\/2023-TARGYLEIRAS-NEGYEDEV-OSO-MAGYAR_final.pdf\" target=\"_blank\" rel=\"noopener\">A t\u00e1rgyle\u00edr\u00e1s \u00e9s a k\u00f6vetelm\u00e9nyrendszer ide kattintva \u00e9rhet\u0151 el.<\/a> <a href=\"https:\/\/semmelweis.hu\/surgosseg\/files\/2023\/08\/SE-SOK-Orarend-2023-24-Block-orarend_MAGYAR_jo.pdf\" target=\"_blank\" rel=\"attachment noopener wp-att-1842\">A block \u00f3rarend ezen a linken el\u00e9rhet\u0151.<\/a> A\u00a0klinikai modulok\u00a0oktat\u00e1s\u00e1nak elej\u00e9n olyan szeml\u00e9let \u00e9s k\u00e9szs\u00e9g \u00e1tad\u00e1s\u00e1t c\u00e9lozzuk, ami minden specifikum szintj\u00e9n hasznos\u00edthat\u00f3. A t\u00fal\u00e9l\u00e9si l\u00e1nc alapj\u00e1t k\u00e9pez\u0151 korai felismer\u00e9s \u00e9s kapcsol\u00f3d\u00f3 seg\u00e9lyk\u00e9r\u00e9s k\u00e9szs\u00e9ge meghat\u00e1roz\u00f3 eleme a klinikai gyakorlatnak. A felismer\u00e9s k\u00e9szs\u00e9ge rizik\u00f3 menedzsmentre \u00e9p\u00fcl, ami a s\u00fcrg\u0151ss\u00e9gi ell\u00e1t\u00e1s alapja is egyben. Technikailag ez a k\u00e9szs\u00e9g beteghez rendelt, \u00edgy individu\u00e1lis f\u00f3kusz\u00e1lt l\u00e1t\u00e1sm\u00f3dot, rizik\u00f3 orient\u00e1lts\u00e1got, &hellip;<\/p>\n","protected":false},"author":101921,"featured_media":0,"parent":1482,"menu_order":3,"comment_status":"closed","ping_status":"closed","template":"","meta":{"_acf_changed":false,"footnotes":""},"categories":[],"tags":[],"class_list":["post-769","page","type-page","status-publish","hentry"],"acf":[],"_links":{"self":[{"href":"https:\/\/semmelweis.hu\/surgosseg\/wp-json\/wp\/v2\/pages\/769","targetHints":{"allow":["GET"]}}],"collection":[{"href":"https:\/\/semmelweis.hu\/surgosseg\/wp-json\/wp\/v2\/pages"}],"about":[{"href":"https:\/\/semmelweis.hu\/surgosseg\/wp-json\/wp\/v2\/types\/page"}],"author":[{"embeddable":true,"href":"https:\/\/semmelweis.hu\/surgosseg\/wp-json\/wp\/v2\/users\/101921"}],"replies":[{"embeddable":true,"href":"https:\/\/semmelweis.hu\/surgosseg\/wp-json\/wp\/v2\/comments?post=769"}],"version-history":[{"count":12,"href":"https:\/\/semmelweis.hu\/surgosseg\/wp-json\/wp\/v2\/pages\/769\/revisions"}],"predecessor-version":[{"id":2035,"href":"https:\/\/semmelweis.hu\/surgosseg\/wp-json\/wp\/v2\/pages\/769\/revisions\/2035"}],"up":[{"embeddable":true,"href":"https:\/\/semmelweis.hu\/surgosseg\/wp-json\/wp\/v2\/pages\/1482"}],"wp:attachment":[{"href":"https:\/\/semmelweis.hu\/surgosseg\/wp-json\/wp\/v2\/media?parent=769"}],"wp:term":[{"taxonomy":"category","embeddable":true,"href":"https:\/\/semmelweis.hu\/surgosseg\/wp-json\/wp\/v2\/categories?post=769"},{"taxonomy":"post_tag","embeddable":true,"href":"https:\/\/semmelweis.hu\/surgosseg\/wp-json\/wp\/v2\/tags?post=769"}],"curies":[{"name":"wp","href":"https:\/\/api.w.org\/{rel}","templated":true}]}}