{"id":767,"date":"2021-08-27T09:47:42","date_gmt":"2021-08-27T07:47:42","guid":{"rendered":"https:\/\/semmelweis.hu\/surgosseg\/?page_id=767"},"modified":"2025-07-14T11:22:34","modified_gmt":"2025-07-14T09:22:34","slug":"i-ev-apolastan-nyari-gyakorlat","status":"publish","type":"page","link":"https:\/\/semmelweis.hu\/surgosseg\/oktatas\/gradualis\/i-ev-apolastan-nyari-gyakorlat\/","title":{"rendered":"I. \u00e9v &#8211; \u00c1pol\u00e1stan ny\u00e1ri gyakorlat"},"content":{"rendered":"<p>Klinik\u00e1nkon lehet\u0151s\u00e9g van I. \u00e9ves \u00e1pol\u00e1stan ny\u00e1ri gyakorlat v\u00e9gz\u00e9s\u00e9re.\u00a0<\/p>\n<p>Jelentkez\u00e9s a Neptun rendszeren kereszt\u00fcl.\u00a0<\/p>\n<p>\u00c1pol\u00e1stan ny\u00e1ri gyakorlat t\u00e9telek:\u00a0<a href=\"https:\/\/semmelweis.hu\/surgosseg\/files\/2025\/07\/Tetesor_Apolastan_eredeti.docx\">T\u00e9telsor_\u00c1pol\u00e1stan<\/a><\/p>\n","protected":false},"excerpt":{"rendered":"<p>Klinik\u00e1nkon lehet\u0151s\u00e9g van I. \u00e9ves \u00e1pol\u00e1stan ny\u00e1ri gyakorlat v\u00e9gz\u00e9s\u00e9re.\u00a0<br \/>\nJelentkez\u00e9s a Neptun rendszeren kereszt\u00fcl.\u00a0<br \/>\n\u00c1pol\u00e1stan ny\u00e1ri gyakorlat t\u00e9telek:\u00a0<a href=\"https:\/\/semmelweis.hu\/surgosseg\/files\/2025\/07\/Tetesor_Apolastan_eredeti.docx\">T\u00e9telsor_\u00c1pol\u00e1stan<\/a><\/p>\n","protected":false},"author":101921,"featured_media":0,"parent":1482,"menu_order":2,"comment_status":"closed","ping_status":"closed","template":"","meta":{"_acf_changed":false,"footnotes":""},"categories":[],"tags":[],"class_list":["post-767","page","type-page","status-publish","hentry"],"acf":[],"_links":{"self":[{"href":"https:\/\/semmelweis.hu\/surgosseg\/wp-json\/wp\/v2\/pages\/767","targetHints":{"allow":["GET"]}}],"collection":[{"href":"https:\/\/semmelweis.hu\/surgosseg\/wp-json\/wp\/v2\/pages"}],"about":[{"href":"https:\/\/semmelweis.hu\/surgosseg\/wp-json\/wp\/v2\/types\/page"}],"author":[{"embeddable":true,"href":"https:\/\/semmelweis.hu\/surgosseg\/wp-json\/wp\/v2\/users\/101921"}],"replies":[{"embeddable":true,"href":"https:\/\/semmelweis.hu\/surgosseg\/wp-json\/wp\/v2\/comments?post=767"}],"version-history":[{"count":3,"href":"https:\/\/semmelweis.hu\/surgosseg\/wp-json\/wp\/v2\/pages\/767\/revisions"}],"predecessor-version":[{"id":2336,"href":"https:\/\/semmelweis.hu\/surgosseg\/wp-json\/wp\/v2\/pages\/767\/revisions\/2336"}],"up":[{"embeddable":true,"href":"https:\/\/semmelweis.hu\/surgosseg\/wp-json\/wp\/v2\/pages\/1482"}],"wp:attachment":[{"href":"https:\/\/semmelweis.hu\/surgosseg\/wp-json\/wp\/v2\/media?parent=767"}],"wp:term":[{"taxonomy":"category","embeddable":true,"href":"https:\/\/semmelweis.hu\/surgosseg\/wp-json\/wp\/v2\/categories?post=767"},{"taxonomy":"post_tag","embeddable":true,"href":"https:\/\/semmelweis.hu\/surgosseg\/wp-json\/wp\/v2\/tags?post=767"}],"curies":[{"name":"wp","href":"https:\/\/api.w.org\/{rel}","templated":true}]}}