{"id":668,"date":"2019-08-26T13:08:07","date_gmt":"2019-08-26T11:08:07","guid":{"rendered":"http:\/\/semmelweis.hu\/surgosseg\/?page_id=668"},"modified":"2022-04-04T14:38:28","modified_gmt":"2022-04-04T12:38:28","slug":"sekretariat","status":"publish","type":"page","link":"https:\/\/semmelweis.hu\/surgosseg\/de\/sekretariat\/","title":{"rendered":"Sekretariat"},"content":{"rendered":"<p>&nbsp;<\/p>\n<p>&nbsp;<\/p>\n<p style=\"text-align: center\"><span style=\"color: #003366\"><strong><span style=\"font-size: 14pt\">Die Direktion f\u00fcr Bildung von Lehrstuhlgruppe f\u00fcr Notfallmedizin und Oxyologie<\/span> <\/strong><\/span><\/p>\n<p>&nbsp;<\/p>\n<p style=\"text-align: justify\">In Falle dass ein Problem von Ihnen kann nur\u00a0 auf Papier Basis gel\u00f6st werden die Sekretariat von Direktor der \u00a0Lehrstuhlgruppe f\u00fcr Notfallmedizin und Oxyologie steht in B\u00fcrozeiten zu Verf\u00fcgung.<\/p>\n<p style=\"text-align: justify\">Best\u00e4tigungen und andere Papier basierte Dokumente k\u00f6nnen Sie auf folgenden Orten f\u00fcr uns abgeben, aber bitte auf jeden Fall immer auch ein E-Mail Nachricht senden, damit wir Bescheid wissen, was Sie von uns m\u00f6chten und wo Sie die Dokumente abgegeben haben, damit wir so bald wie m\u00f6glich R\u00fcckmeldung geben k\u00f6nnen.<\/p>\n<p><strong>Adressen:<br \/>\n<\/strong>Klinik f\u00fcr An\u00e4sthesiologie und Intensivmedizin <br \/>\nAusbildungsleitung <br \/>\n<em>1125 Budapest, K\u00fatv\u00f6lgyi Stra\u00dfe 4.<\/em><\/p>\n<p><span style=\"color: #003366\"><strong>Fach<\/strong>:<\/span><\/p>\n<p style=\"text-align: justify\">Die Verantwortlichen von verschiedene Unterrichtaufgaben der Klinik stehen immer zur Verf\u00fcgung auf dem unten angegebenen <strong>elektronische<\/strong> Erreichbarkeiten:\u00a0<\/p>\n<p>&nbsp;<\/p>\n<p><span style=\"color: #003366\"><strong>Leiter von Lehrstuhlgruppe: <\/strong><\/span><\/p>\n<p>Dr. med habil. Iv\u00e1nyi Zsolt\u00a0 \u00a0 \u00a0 \u00a0 \u00a0 \u00a0 \u00a0 \u00a0 \u00a0 \u00a0 \u00a0 \u00a0 \u00a0 \u00a0 \u00a0 \u00a0 \u00a0 \u00a0 \u00a0 \u00a0 \u00a0 \u00a0 \u00a0 \u00a0 \u00a0 \u00a0 \u00a0 \u00a0 \u00a0 \u00a0 \u00a0 \u00a0 \u00a0 \u00a0 \u00a0 \u00a0 <a href=\"mailto:seemgrad@gmail.com\">seemgrad@gmail.com<\/a><\/p>\n<p><span style=\"color: #003366\"><strong>Manager von Unterricht der Lehrstuhlgruppe:<\/strong>\u00a0<\/span>\u00a0\u00a0\u00a0\u00a0\u00a0\u00a0\u00a0\u00a0\u00a0<\/p>\n<p>Wird sp\u00e4ter angegeben\u00a0 \u00a0 \u00a0 \u00a0 \u00a0 \u00a0 \u00a0 \u00a0 \u00a0 \u00a0 \u00a0 \u00a0 \u00a0 \u00a0 \u00a0 \u00a0 \u00a0 \u00a0 \u00a0 \u00a0 \u00a0 \u00a0 \u00a0 \u00a0 \u00a0 \u00a0 \u00a0 \u00a0\u00a0 \u00a0\u00a0 \u00a0\u00a0 \u00a0\u00a0 \u00a0\u00a0 \u00a0\u00a0 \u00a0\u00a0 \u00a0\u00a0 \u00a0<a href=\"mailto:seemgrad@gmail.com\">seemgrad@gmail.com<\/a><\/p>\n<p><strong>Fachverantwortliche:<\/strong><\/p>\n<p><strong>Notfallmedizin-Oxyologie <\/strong>Pflichtfach:\u00a0\u00a0\u00a0\u00a0\u00a0\u00a0\u00a0 Dr. Vass P\u00e9ter\u00a0\u00a0\u00a0\u00a0\u00a0\u00a0\u00a0\u00a0\u00a0 <a href=\"mailto:seemgrad@gmail.com\">seemgrad@gmail.com<\/a><\/p>\n","protected":false},"excerpt":{"rendered":"<p>&nbsp; &nbsp; Die Direktion f\u00fcr Bildung von Lehrstuhlgruppe f\u00fcr Notfallmedizin und Oxyologie &nbsp; In Falle dass ein Problem von Ihnen kann nur\u00a0 auf Papier Basis gel\u00f6st werden die Sekretariat von Direktor der \u00a0Lehrstuhlgruppe f\u00fcr Notfallmedizin und Oxyologie steht in B\u00fcrozeiten zu Verf\u00fcgung. Best\u00e4tigungen und andere Papier basierte Dokumente k\u00f6nnen Sie auf folgenden Orten f\u00fcr uns &hellip;<\/p>\n","protected":false},"author":101550,"featured_media":0,"parent":0,"menu_order":4,"comment_status":"closed","ping_status":"closed","template":"","meta":{"_acf_changed":false,"footnotes":""},"categories":[],"tags":[],"class_list":["post-668","page","type-page","status-publish","hentry"],"acf":[],"_links":{"self":[{"href":"https:\/\/semmelweis.hu\/surgosseg\/wp-json\/wp\/v2\/pages\/668","targetHints":{"allow":["GET"]}}],"collection":[{"href":"https:\/\/semmelweis.hu\/surgosseg\/wp-json\/wp\/v2\/pages"}],"about":[{"href":"https:\/\/semmelweis.hu\/surgosseg\/wp-json\/wp\/v2\/types\/page"}],"author":[{"embeddable":true,"href":"https:\/\/semmelweis.hu\/surgosseg\/wp-json\/wp\/v2\/users\/101550"}],"replies":[{"embeddable":true,"href":"https:\/\/semmelweis.hu\/surgosseg\/wp-json\/wp\/v2\/comments?post=668"}],"version-history":[{"count":3,"href":"https:\/\/semmelweis.hu\/surgosseg\/wp-json\/wp\/v2\/pages\/668\/revisions"}],"predecessor-version":[{"id":690,"href":"https:\/\/semmelweis.hu\/surgosseg\/wp-json\/wp\/v2\/pages\/668\/revisions\/690"}],"wp:attachment":[{"href":"https:\/\/semmelweis.hu\/surgosseg\/wp-json\/wp\/v2\/media?parent=668"}],"wp:term":[{"taxonomy":"category","embeddable":true,"href":"https:\/\/semmelweis.hu\/surgosseg\/wp-json\/wp\/v2\/categories?post=668"},{"taxonomy":"post_tag","embeddable":true,"href":"https:\/\/semmelweis.hu\/surgosseg\/wp-json\/wp\/v2\/tags?post=668"}],"curies":[{"name":"wp","href":"https:\/\/api.w.org\/{rel}","templated":true}]}}