{"id":659,"date":"2019-08-26T12:48:17","date_gmt":"2019-08-26T10:48:17","guid":{"rendered":"http:\/\/semmelweis.hu\/surgosseg\/?page_id=659"},"modified":"2022-04-04T14:45:58","modified_gmt":"2022-04-04T12:45:58","slug":"unterrichtsangelegenheiten","status":"publish","type":"page","link":"https:\/\/semmelweis.hu\/surgosseg\/de\/unterrichtsangelegenheiten\/","title":{"rendered":"Unterrichtsangelegenheiten"},"content":{"rendered":"<p style=\"text-align: center;\"><span style=\"font-size: 18pt; color: #003366;\"><strong>Sehr geehrte Studenten !<\/strong><\/span><\/p>\n<p style=\"text-align: justify;\">Das Ziel von diesem 2 st\u00fcndigen Praktikum ist dass ihr die Struktur von eine Notaufnahme, die t\u00e4gliche Routine und Patientenmanagement kennenlernt. Ihr sollt die Patientenwege beobachten, einige Patienten von Triage bis zum Entlassen begleiten, verstehen die Denkmechanismus bei Entscheidungen, die die Patienten betreffen.<\/p>\n<p style=\"text-align: justify;\">Mittels f\u00fcrs Praktikum die mitgebracht werden m\u00fcssen: saubere, wei\u00dfe Visitenmantel oder Arztkittel und Stethoskop<\/p>\n<p style=\"text-align: justify;\"><strong>Dauer von Praktikum:<\/strong> 2 Unterrichtsstunden (90 Minuten)<\/p>\n<p style=\"text-align: justify;\">Ort von Praktikum in erster Linie ist die Notaufnahme von der Semmelweis Universit\u00e4t Klinisches Zentrum. Die Zeitpunkte werden in Moodle System angegeben, dort k\u00f6nnt ihr euch anmelden. Auf einem Termin k\u00f6nnen gleichzeitig maximum 7 Studenten sich registrieren.<\/p>\n<p>&nbsp;<\/p>\n<p>&nbsp;<\/p>\n<p>&nbsp;<\/p>\n<p>&nbsp;<\/p>\n","protected":false},"excerpt":{"rendered":"<p>Sehr geehrte Studenten ! Das Ziel von diesem 2 st\u00fcndigen Praktikum ist dass ihr die Struktur von eine Notaufnahme, die t\u00e4gliche Routine und Patientenmanagement kennenlernt. Ihr sollt die Patientenwege beobachten, einige Patienten von Triage bis zum Entlassen begleiten, verstehen die Denkmechanismus bei Entscheidungen, die die Patienten betreffen. Mittels f\u00fcrs Praktikum die mitgebracht werden m\u00fcssen: saubere, &hellip;<\/p>\n","protected":false},"author":101550,"featured_media":0,"parent":0,"menu_order":2,"comment_status":"closed","ping_status":"closed","template":"","meta":{"_acf_changed":false,"footnotes":""},"categories":[],"tags":[],"class_list":["post-659","page","type-page","status-publish","hentry"],"acf":[],"_links":{"self":[{"href":"https:\/\/semmelweis.hu\/surgosseg\/wp-json\/wp\/v2\/pages\/659","targetHints":{"allow":["GET"]}}],"collection":[{"href":"https:\/\/semmelweis.hu\/surgosseg\/wp-json\/wp\/v2\/pages"}],"about":[{"href":"https:\/\/semmelweis.hu\/surgosseg\/wp-json\/wp\/v2\/types\/page"}],"author":[{"embeddable":true,"href":"https:\/\/semmelweis.hu\/surgosseg\/wp-json\/wp\/v2\/users\/101550"}],"replies":[{"embeddable":true,"href":"https:\/\/semmelweis.hu\/surgosseg\/wp-json\/wp\/v2\/comments?post=659"}],"version-history":[{"count":10,"href":"https:\/\/semmelweis.hu\/surgosseg\/wp-json\/wp\/v2\/pages\/659\/revisions"}],"predecessor-version":[{"id":1211,"href":"https:\/\/semmelweis.hu\/surgosseg\/wp-json\/wp\/v2\/pages\/659\/revisions\/1211"}],"wp:attachment":[{"href":"https:\/\/semmelweis.hu\/surgosseg\/wp-json\/wp\/v2\/media?parent=659"}],"wp:term":[{"taxonomy":"category","embeddable":true,"href":"https:\/\/semmelweis.hu\/surgosseg\/wp-json\/wp\/v2\/categories?post=659"},{"taxonomy":"post_tag","embeddable":true,"href":"https:\/\/semmelweis.hu\/surgosseg\/wp-json\/wp\/v2\/tags?post=659"}],"curies":[{"name":"wp","href":"https:\/\/api.w.org\/{rel}","templated":true}]}}