{"id":294,"date":"2017-03-08T10:52:14","date_gmt":"2017-03-08T09:52:14","guid":{"rendered":"http:\/\/semmelweis.hu\/surgosseg\/?page_id=294"},"modified":"2023-08-30T12:32:09","modified_gmt":"2023-08-30T10:32:09","slug":"notfallmedizinische-oxyologische","status":"publish","type":"page","link":"https:\/\/semmelweis.hu\/surgosseg\/de\/unterrichtsangelegenheiten\/notfallmedizinische-oxyologische\/","title":{"rendered":"Notfallmedizinische \u2013 Oxyologische Lehrstuhlgruppe"},"content":{"rendered":"<p><a href=\"https:\/\/semmelweis.hu\/surgosseg\/files\/2023\/08\/SE-SOK-Orarend-2023-24-Block-orarend-Nemet-3.pdf\" target=\"_blank\" rel=\"attachment noopener wp-att-1844\">Den Blockfahrplan finden Sie unter diesem Link.<\/a>\u00a0<\/p>\n<p style=\"text-align: justify\">Die notfallmedizinsche Versorgungsform, als selbstendige Disziplin ist zuerst in den 70-er Jahren, in der USA erschienen.\u00a0 Diese Disziplin wurde ber\u00fchmt, durch die Erkennung, dass mit diese Ansichtsweise f\u00fchrte Versorgungssytheme sind sehr Kosten- \u00a0und Arbeitskraft-g\u00fcnstig, sogar nehmen gr\u00f6\u00dfere Last von Schulter der station\u00e4re Versorgung ab. Einige Jahre sp\u00e4ter wurden auch in Europa Notaufnahmen mit dieser Ansichtsweise aufgemacht. \u00a0In dem Prozess, da\u00df die Notaufnahmen \u00fcberall verbreitet wurden, war Ungarn eine der Leitenden.\u00a0 Es wurde in 1956 in Budapest unter Aufsicht von Landesrettungsdienst und mit engem Zusammenarbeit mit dem neu ausgebauten NAW System die erste Notaufnahme er\u00f6ffnet. Sp\u00e4ter wurde in 1982 in Nyiregyhaza und in 1992 in Szekesfehervar multidisziplin\u00e4re Notaufnahmen er\u00f6ffnet.<\/p>\n<p style=\"text-align: justify\">In diese Geistigkeit wurde in 2013 als Teil von AITK (Klinik f\u00fcr An\u00e4sthesiologie und Intensivmedizin) die Notfallmdeizinische \u2013Oxyologische Lehrstuhlgruppe gegr\u00fcndet. Unsere deklarierten Ziele sind unter anderen, da\u00df wir f\u00fcr Medizinstudenten in prehospitalen und hospitalen Notfallversorgung kurzen Einblick geben.\u00a0 In unserem Lehrsystem ist kardio-pulmonale Wiederbelebung sehr betont. In Rahmen von dem situation-simulation Praktikum die Medizinstudenten k\u00f6nnen Entscheidungssituationen durchmachen, und wir zeigen auch die Vorteile von Teamarbeit.<\/p>\n<p style=\"text-align: justify\">Wir versuchen unser Wissen \u00fcber Notfallversorgung mit Hilfe von speziellen Ansichtswise, genannt notfallmedizinische Triade \u00fcberzugeben. Die Notfallmedizinische Triade ist Allokation, Integration und Zeit-Dependenz. (Allokation: Einordnung, Zuordnung von akute Versorgung zu Patient, Integration: Interdisziplin\u00e4re Ansichtsweise, wenn n\u00f6tig der Einzug von anderen Fachgebieten in Versorgung, Zeit-Dependenz: F\u00fcr Zustande der Patient entschprechende m\u00f6glichst schnellste Versorgung<\/p>\n<p style=\"text-align: justify\">Unseres grunds\u00e4tzliches Ziel ist diese neue Versorgungsphilosophie \u2013 n\u00e4mlich, da\u00df wir unsere Patienten in eine gewissen Zeitraum heilen (24 Stunden), oder wenn es nicht m\u00f6glich ist in diesen Zeitraum, dann den Zustand und Krankheit entschprechende Station verlegen &#8211; zu verbreiten. In unserem Entscheidungssystem, \u00a0in richtigen Diagnosestellung und in weitere Management von Patienten spielen Triage (Einteilung), symtomorientierter Diagnostik und Versorgung, und Point of Care Technologien \u2013 dessen werden wehrend der Unterricht gr\u00fcndlichstes durchgeschprochen -, eine wichtige Rolle.\u00a0 Ein spezielles Gebiet von Notfallversorgung ist Versorgung am lebensende (end of life care).\u00a0 F\u00fcr dieses spezielles Gebiet widmen wir ein Praktikum.<\/p>\n<p style=\"text-align: justify\">Wir werden einige spezielle Symptomgruppen, in dessen Hintergrund mit Atemweg, mit Atmung, mit Kardiovaskul\u00e4ren System, mit Nervensystem, mit Verletzungen, mit Vergiftungen in Zusammenhang stehende Krankheitsprozessen mit einem kurzem therapeutischem Zeitfenster stehen, gr\u00fcndlich erl\u00e4utern. Wir werden auch die differentialdiagnostische und therapeutische M\u00f6glichkeiten erkl\u00e4ren.<\/p>\n<p style=\"text-align: justify\">W\u00e4hrend der Vorlesungen versuchen wir die physiologischen und pharmakologischen Grundlagen in die symptomorientierte Diagnosestellung, in die Risikoeinstufung und in die therapeutische M\u00f6glichkeiten zu integrieren<\/p>\n<p style=\"text-align: justify\">Das interaktives Praktikum mit sog. PBL (problem based learning, problemorientiert lernen) Ansicht bietet f\u00fcr uns ein M\u00f6glichkeit, da\u00df wir durch einige Beispiele f\u00fcr Notfallmedizin typische Denkweise darstellen. W\u00e4hrend der Wiederbelebung Praktikum werden wir mit Hilfe von simulation Systeme und Teamarbeit die aktuellen Vorgehensprotokollen ein\u00fcben lassen. W\u00e4hren dem PBL-Praktikum werden Allokation Systeme, Kommunikation, symptomorientierte Differenzialdiagnostik und Behandlung extra betont. Diese Zeit bietet auch M\u00f6glichkeit f\u00fcr Analyse von Fehlern.<\/p>\n<p style=\"text-align: justify\">Wir habe versucht die Thematik der Vorlesungen so zu gestalten, da\u00df dies die wichtigsten Aspekte der Notfallversorgung abdeckt.<\/p>\n<p style=\"text-align: justify\">Es gibt auch M\u00f6glichkeit daf\u00fcr, da\u00df Interessanten, die Verpflichtung in Richtung von Notfallmedizin f\u00fchlen, TDK (Gesellschaft f\u00fcr wissenschaftliche Studenten)\u00a0 Arbeit bei uns leisten oder Diplomarbeit bei uns schreiben.\u00a0 Es sind alle Medizinstudenten, bei uns herzlich Willkommen, die in Freizeit ein wenig Praktik von Umgehen\u00a0 mit Patienten gewinnen m\u00f6chten.<\/p>\n<p style=\"text-align: justify\">In weiteren werden alle Interessanten auf unseren ad hoc Seminare erwartet, die neben guten Speisen gerne \u00fcber Aktualit\u00e4ten von Notfallmedizin unterhalten wollen.<\/p>\n<p style=\"text-align: justify\">Es wurde durch die Institut f\u00fcr Pharmakologie und durch die Institut f\u00fcr Pathophysiologie in eine Form von Kooperation f\u00fcr uns erm\u00f6glicht, das wir \u00a0die spezielle Notfallmedizinische Aspekte von Pharmakologie und Pathophysiologie auch von unser Sicht betonen k\u00f6nnen.<\/p>\n<p>\n<span style=\"font-size: 14pt;color: #003366\"><strong>Mitarbeiter<\/strong><\/span><\/p>\n<p><strong>\u00a0 \u00a0 \u00a0Dr. med. habil. Zsolt Iv\u00e1nyi PhD, <\/strong><\/p>\n<p>\u00a0 \u00a0 \u00a0Universit\u00e4ts Dozent, Leiter Lehrstuhlgruppe<\/p>\n<p>&nbsp;<\/p>\n<p>&nbsp;<\/p>\n<p>&nbsp;<\/p>\n<h1 style=\"text-align: center\"><strong><span style=\"color: #003366\">Notfallmedizin \u2013 Oxyologie (Pflichtfach in 9. Semester)<\/span><\/strong><\/h1>\n<p>&nbsp;<\/p>\n<p style=\"text-align: justify\">Notfallmedizin-Oxyologie Pflichtfach in 9. Semester \u2013 in\u00a0<strong>Neptun<\/strong>\u00a0findet man als Oxyologie \u2013 Notfallmedizin.<\/p>\n<p style=\"text-align: justify\">Seit dem Schuljahr 2007\/08 wurde Notfallmedizin \u2013 Oxyologie als Pflichfach Teil von Ausbildung. Unser Fach einigt die Spezialit\u00e4ten von prehospitalen und hospitalen Notfallversorgung<\/p>\n<p style=\"text-align: justify\">Ziel unseren Fach ist dieses in letzen Zeit zunehmende Bedeutung gewinnende Fachgebiet von praktischen, didaktischen Seite darzustellen. Unsere Themen sind: die Rolle von Notfallversorgung, die Spezialit\u00e4ten von Notfallversorgung, Triage, die Theorie und Praktikum von Notfallversorgung von akuten und weniger akuten Patienten, Differenzialdiagnostik, Zustand Stabilisierung. Wir werden einige spezielle Symptomgruppen, in dessen Hintergrund mit Atemweg, mit Atmung, mit Kardiovaskul\u00e4ren System, mit Nervensystem, mit Verletzungen, mit Vergiftungen in Zusammenhang stehende Krankheitsprozessen mit einem kurzem therapeutischem Zeitfenster stehen, gr\u00fcndlich erl\u00e4utern. Wir werden auch die differentialdiagnostische und therapeutische M\u00f6glichkeiten erkl\u00e4ren<\/p>\n<p style=\"text-align: justify\">W\u00e4hrend der Vorlesungen versuchen wir die physiologischen und pharmakologischen Grundlagen in die symptomorientierte Diagnosestellung, in die Risikoeinstufung und in die therapeutische M\u00f6glichkeiten zu integrieren<\/p>\n<p style=\"text-align: justify\">W\u00e4hrend das thematisches Praktikum wir modellieren Entscheidungssituationen von praktische Medizin durch Darstellung von Symptome und Probleme zentrierte Ansicht. W\u00e4hrend der Wiederbelebung Praktikum werden wir mit Hilfe von simulation Systeme und Teamarbeit die aktuellen Vorgehensprotokollen ein\u00fcben lassen. W\u00e4hren dem PBL-Praktikum werden Allokation Systeme, Kommunikation, symptomorientierte Differenzialdiagnostik und Behandlung extra betont. Diese Zeit bietet auch M\u00f6glichkeit f\u00fcr Analyse von Fehlern.<\/p>\n<p style=\"text-align: justify\">Wegen historische Genauigkeit wir m\u00fcssen zugeben, da\u00df diese Fach integriert andere seit Jahren schon anwesende Ausbildungsformen: die fr\u00fchere Oxyologie, die Vorlesungen von Rettungsoffizier Lehrgang, das Spezialkollegium Theorie und Praktikum von Kardiopulmonale Resuscitation, das Spezialkollegium Notfallmedizin.\u00a0\u00a0<\/p>\n<p style=\"text-align: justify\">Die theoretische Pr\u00fcfung wird seit 2014 in Form von E-Pr\u00fcfung gemacht in NET. Die Fragen werden von Material der Vorlesungen und Praktiken und von Lehrstuhlgruppe geschriebenes Lehrbuch zusammengestellt. Um das E-Buch und die Pr\u00fcfung zu erreichen ist ein Moodle Registration erforderlich. Die Webseite k\u00f6nnen Sie hier erreichen:<\/p>\n<p><a href=\"https:\/\/seka.semmelweis-univ.hu\/e-learning\/\">https:\/\/seka.semmelweis-univ.hu\/e-learning\/<\/a><\/p>\n<p>Wenn Sie mit Registration irgendwelche Probleme haben,\u00a0 Hilfe k\u00f6nnen Sie hier anfordern:<\/p>\n<p><a href=\"mailto:helpdesk@seka.semmelweis-univ.hu\">helpdesk@seka.semmelweis\u00ad-univ.hu<\/a><\/p>\n<p><span style=\"color: #ff0000\"><strong>ACHTUNG: Wenn Sie nicht registrieren, k\u00f6nnen Sie keine Pr\u00fcfung ablegen! Bitte deswegen rechtzeitig die Registrierung zu machen!<\/strong><\/span><\/p>\n<p>&nbsp;<\/p>\n<p>&nbsp;<\/p>\n<p>&nbsp;<\/p>\n<h1 style=\"text-align: center\"><span style=\"color: #003366\"><strong>Notfallmedizin und Oxyologie (NO)<\/strong><\/span><\/h1>\n<h1 style=\"text-align: center\"><span style=\"color: #003366\"><strong>Pfilchtfach, X. Semester<\/strong><\/span><\/h1>\n<p>&nbsp;<\/p>\n<p style=\"text-align: justify\">Die Lehrstuhlgruppe f\u00fcr Notfallmedizin und Oxyologie seit der Studienjahr 2014\/15 schrittm\u00e4\u00dfig f\u00fchrt das E-Learning System (itc.semmelweis.hu) ein. Unter der Kapitel Notfallmedizin uns Oxiolog (<strong>Student im IV. jahr<\/strong> <strong>:<\/strong><a href=\"https:\/\/itc.semmelweis.hu\/moodle\/course\/view.php?id=885\">https:\/\/itc.semmelweis.hu\/moodle\/course\/view.php?id=885<\/a> , <strong>Student im V. jahr :<\/strong> <a href=\"https:\/\/itc.semmelweis.hu\/moodle\/course\/view.php?id=882\">https:\/\/itc.semmelweis.hu\/moodle\/course\/view.php?id=882<\/a>) findet ihr unseren Fach. Hier findet ihr auch die Stundenpl\u00e4ne und Unterrichtsorte.<\/p>\n<p style=\"text-align: justify\">Das Studien- und Pr\u00fcfungs-Statut der Semmelweis Universit\u00e4t entsprechend um das Semester zu absolvieren k\u00f6nnen m\u00fcsst ihr auf <em><u>mindestens 75 % der Vorlesungen<\/u><\/em> teilnehmen.<\/p>\n<p style=\"text-align: justify\">Das Studien- und Pr\u00fcfungs-Statut der Semmelweis Universit\u00e4t entsprechend um das Semester absolvieren zu k\u00f6nnen m\u00fcsst ihr auf <em><u>mindestens 75 % der Seminare\/Praktika<\/u><\/em> (PBL) teilnehmen. Es hei\u00dft von 5 thematische Seminare m\u00fcsst ihr auf 3 teilnehmen, davon der PBL-SBAR und PBL-Triage sind vorschriftlich (<em>obligatorisch<\/em>), und von verbleibende 2 (Notaufnahme Praktikum und OMV) k\u00f6nnt ihr frei w\u00e4hlen (Nat\u00fcrlich ihr k\u00f6nnt an alle teilnehmen).<\/p>\n<p style=\"text-align: justify\">\nF\u00fcr weitere Fragen steht: seemgrad@gmail.com<\/p>\n<p>&nbsp;<\/p>\n<p>&nbsp;<\/p>\n<p>&nbsp;<\/p>\n<p>In praktischen Unterricht findet immer statt auf unserem Notaufnahme in Klinisches Zentrum von Semmelweis Universit\u00e4t (Koranyi Projekt, 1082 Budapest, \u00dcll\u0151i \u00fat 78.\/A).<\/p>\n<p><a href=\"https:\/\/semmelweis.hu\/surgosseg\/files\/2017\/03\/karte-1.jpg\"><img loading=\"lazy\" decoding=\"async\" class=\"aligncenter size-full wp-image-296\" src=\"https:\/\/semmelweis.hu\/surgosseg\/files\/2017\/03\/karte-1.jpg\" alt=\"\" width=\"511\" height=\"453\" srcset=\"https:\/\/semmelweis.hu\/surgosseg\/files\/2017\/03\/karte-1.jpg 511w, https:\/\/semmelweis.hu\/surgosseg\/files\/2017\/03\/karte-1-300x266.jpg 300w, https:\/\/semmelweis.hu\/surgosseg\/files\/2017\/03\/karte-1-338x300.jpg 338w\" sizes=\"auto, (max-width: 511px) 100vw, 511px\" \/><\/a><\/p>\n<p>&nbsp;<\/p>\n","protected":false},"excerpt":{"rendered":"<p><a href=\"https:\/\/semmelweis.hu\/surgosseg\/files\/2023\/08\/SE-SOK-Orarend-2023-24-Block-orarend-Nemet-3.pdf\" target=\"_blank\" rel=\"attachment noopener wp-att-1844\">Den Blockfahrplan finden Sie unter diesem Link.<\/a> \u00a0 Die notfallmedizinsche Versorgungsform, als selbstendige Disziplin ist zuerst in den 70-er Jahren, in der USA erschienen.\u00a0 Diese Disziplin wurde ber\u00fchmt, durch die Erkennung, dass mit diese Ansichtsweise f\u00fchrte Versorgungssytheme sind sehr Kosten- \u00a0und Arbeitskraft-g\u00fcnstig, sogar nehmen gr\u00f6\u00dfere Last von Schulter der station\u00e4re Versorgung ab. Einige Jahre sp\u00e4ter wurden auch in Europa Notaufnahmen mit dieser &hellip;<\/p>\n","protected":false},"author":12,"featured_media":0,"parent":659,"menu_order":0,"comment_status":"closed","ping_status":"closed","template":"","meta":{"_acf_changed":false,"footnotes":""},"categories":[],"tags":[],"class_list":["post-294","page","type-page","status-publish","hentry"],"acf":[],"_links":{"self":[{"href":"https:\/\/semmelweis.hu\/surgosseg\/wp-json\/wp\/v2\/pages\/294","targetHints":{"allow":["GET"]}}],"collection":[{"href":"https:\/\/semmelweis.hu\/surgosseg\/wp-json\/wp\/v2\/pages"}],"about":[{"href":"https:\/\/semmelweis.hu\/surgosseg\/wp-json\/wp\/v2\/types\/page"}],"author":[{"embeddable":true,"href":"https:\/\/semmelweis.hu\/surgosseg\/wp-json\/wp\/v2\/users\/12"}],"replies":[{"embeddable":true,"href":"https:\/\/semmelweis.hu\/surgosseg\/wp-json\/wp\/v2\/comments?post=294"}],"version-history":[{"count":10,"href":"https:\/\/semmelweis.hu\/surgosseg\/wp-json\/wp\/v2\/pages\/294\/revisions"}],"predecessor-version":[{"id":1846,"href":"https:\/\/semmelweis.hu\/surgosseg\/wp-json\/wp\/v2\/pages\/294\/revisions\/1846"}],"up":[{"embeddable":true,"href":"https:\/\/semmelweis.hu\/surgosseg\/wp-json\/wp\/v2\/pages\/659"}],"wp:attachment":[{"href":"https:\/\/semmelweis.hu\/surgosseg\/wp-json\/wp\/v2\/media?parent=294"}],"wp:term":[{"taxonomy":"category","embeddable":true,"href":"https:\/\/semmelweis.hu\/surgosseg\/wp-json\/wp\/v2\/categories?post=294"},{"taxonomy":"post_tag","embeddable":true,"href":"https:\/\/semmelweis.hu\/surgosseg\/wp-json\/wp\/v2\/tags?post=294"}],"curies":[{"name":"wp","href":"https:\/\/api.w.org\/{rel}","templated":true}]}}