{"id":260,"date":"2017-01-30T15:35:09","date_gmt":"2017-01-30T14:35:09","guid":{"rendered":"http:\/\/semmelweis.hu\/surgosseg\/?page_id=260"},"modified":"2022-05-16T15:10:03","modified_gmt":"2022-05-16T13:10:03","slug":"patientenversorgung","status":"publish","type":"page","link":"https:\/\/semmelweis.hu\/surgosseg\/de\/patientenversorgung\/","title":{"rendered":"Patientenversorgung"},"content":{"rendered":"<p>Bitte alle Fragen durch unseren <a href=\"https:\/\/www.facebook.com\/KoranyiSBC\/?fref=ts\" target=\"_blank\" rel=\"noopener\">Facebook<\/a> Profile stellen<\/p>\n<p>Um Belange und W\u00fcnsche, aber auch Kritik von Patienten Geh\u00f6r finden &#8211;<\/p>\n<p>Augaben von Patientenf\u00fcrsprecher: <br \/>\n&#8211; kl\u00e4rt Sie auf und informiert Sie \u00fcber Ihre Rechte als Patient wird aktiv und nimmt mit anderen Personen Kontakt auf, wenn Sie es w\u00fcnschen <br \/>\n&#8211; kann vermitteln zwischen Ihnen als Patient oder Angeh\u00f6rigen und den Klinikmitarbeitern <br \/>\n&#8211; ber\u00e4t und unterst\u00fctzt Sie mit seiner langj\u00e4hrigen Erfahrung im Gesundheitswesen <br \/>\n&#8211; steht Ihnen zur Seite, um Ihrem Anliegen Geh\u00f6r zu verschaffen<\/p>\n<p>Die Patientenf\u00fcrsprecher werden von <a href=\"http:\/\/obdk.hu\" target=\"_blank\" rel=\"noopener\">Nationalen Patientenrechts, Versorgerrechts, Kinderrechts und Dokumentations Zentrale<\/a> ernannt.<\/p>\n<p>F\u00fcr unseren Patienten zust\u00e4ndige Patientenf\u00fcrsprecherin ist: <\/p>\n<p><strong>dr. Andr\u00e1s Mina<\/strong><br \/>\nHauptst\u00e4dliche Patientetnf\u00fcrsprecher <br \/>\nMittel-Ungarische regionale Koordinatorin Erreichbarkeiten<\/p>\n<p>&nbsp;<\/p>\n","protected":false},"excerpt":{"rendered":"<p>Bitte alle Fragen durch unseren <a href=\"https:\/\/www.facebook.com\/KoranyiSBC\/?fref=ts\" target=\"_blank\" rel=\"noopener\">Facebook<\/a> Profile stellen Um Belange und W\u00fcnsche, aber auch Kritik von Patienten Geh\u00f6r finden &#8211; Augaben von Patientenf\u00fcrsprecher: &#8211; kl\u00e4rt Sie auf und informiert Sie \u00fcber Ihre Rechte als Patient wird aktiv und nimmt mit anderen Personen Kontakt auf, wenn Sie es w\u00fcnschen &#8211; kann vermitteln zwischen Ihnen als Patient oder &hellip;<\/p>\n","protected":false},"author":74,"featured_media":1368,"parent":0,"menu_order":1,"comment_status":"closed","ping_status":"closed","template":"","meta":{"_acf_changed":false,"footnotes":""},"categories":[],"tags":[],"class_list":["post-260","page","type-page","status-publish","has-post-thumbnail","hentry"],"acf":[],"_links":{"self":[{"href":"https:\/\/semmelweis.hu\/surgosseg\/wp-json\/wp\/v2\/pages\/260","targetHints":{"allow":["GET"]}}],"collection":[{"href":"https:\/\/semmelweis.hu\/surgosseg\/wp-json\/wp\/v2\/pages"}],"about":[{"href":"https:\/\/semmelweis.hu\/surgosseg\/wp-json\/wp\/v2\/types\/page"}],"author":[{"embeddable":true,"href":"https:\/\/semmelweis.hu\/surgosseg\/wp-json\/wp\/v2\/users\/74"}],"replies":[{"embeddable":true,"href":"https:\/\/semmelweis.hu\/surgosseg\/wp-json\/wp\/v2\/comments?post=260"}],"version-history":[{"count":6,"href":"https:\/\/semmelweis.hu\/surgosseg\/wp-json\/wp\/v2\/pages\/260\/revisions"}],"predecessor-version":[{"id":1210,"href":"https:\/\/semmelweis.hu\/surgosseg\/wp-json\/wp\/v2\/pages\/260\/revisions\/1210"}],"wp:featuredmedia":[{"embeddable":true,"href":"https:\/\/semmelweis.hu\/surgosseg\/wp-json\/wp\/v2\/media\/1368"}],"wp:attachment":[{"href":"https:\/\/semmelweis.hu\/surgosseg\/wp-json\/wp\/v2\/media?parent=260"}],"wp:term":[{"taxonomy":"category","embeddable":true,"href":"https:\/\/semmelweis.hu\/surgosseg\/wp-json\/wp\/v2\/categories?post=260"},{"taxonomy":"post_tag","embeddable":true,"href":"https:\/\/semmelweis.hu\/surgosseg\/wp-json\/wp\/v2\/tags?post=260"}],"curies":[{"name":"wp","href":"https:\/\/api.w.org\/{rel}","templated":true}]}}