{"id":2421,"date":"2025-09-16T15:03:48","date_gmt":"2025-09-16T13:03:48","guid":{"rendered":"https:\/\/semmelweis.hu\/surgosseg\/?page_id=2421"},"modified":"2026-04-22T12:41:06","modified_gmt":"2026-04-22T10:41:06","slug":"tdk-studentsscientific-association","status":"publish","type":"page","link":"https:\/\/semmelweis.hu\/surgosseg\/en\/research\/tdk-studentsscientific-association\/","title":{"rendered":"TDK (Students&#8217;Scientific Association)"},"content":{"rendered":"<h2>TDK (Students\u2019 Scientific Association) \/ Thesis (Dissertation)<\/h2>\n<p>The Department of Emergency Medicine welcomes anyone interested in our TDK or thesis topics.<\/p>\n<p>How to apply:<\/p>\n<p>After selecting one of the topics listed below, please first contact the supervisor via email. Once you have reached an agreement with the supervisor, please inform Dr. D\u00f3ra Melicher, Head of Reseach, via email <em><strong>(<a href=\"mailto:melicher.dora@semmelweis.hu\">melicher.dora@semmelweis.hu<\/a>)<\/strong><\/em>.<\/p>\n<p><a href=\"https:\/\/semmelweis.hu\/tdk\/en\/welcome_en\/\" target=\"_blank\" rel=\"noopener\">Website of Students\u2019 Scientific Association at Semmelweis University<\/a><\/p>\n<p><a href=\"https:\/\/semmelweis.hu\/etk\/en\/students\/thesis-related-information\/\" target=\"_blank\" rel=\"noopener\">Information for students writing a thesis at the Faculty of Medicine<\/a><\/p>\n<p><a href=\"https:\/\/semmelweis.hu\/surgosseg\/files\/2021\/08\/Thesis-requirements-2.pdf\" target=\"_blank\" rel=\"noopener\">Thesis requirements at the Departments of Emergency Medicine<\/a><\/p>\n<h5>Currently available TDK (Students\u2019 Scientific Association) \/ thesis topics:<\/h5>\n<p>&nbsp;<\/p>\n<ul>\n<li><strong>Dr. Vass P\u00e9ter &#8211; <\/strong>E-mail: <a href=\"mailto:vass.peter@semmelweis.hu\"><em><strong>vass.p\u00e9ter@semmelweis.hu<\/strong><\/em>\u00a0<\/a>\n<p>\n\u00b7 Using Blood Gas Analysis to Diagnose Electrolyte Disorders and to Monitor Treatment Effectiveness in Emergency Care.<\/p>\n<p>\u00b7 The role and ED Use of blood Gas Testing in Identifying Respiratory Disorders and Monitoring Response to Therapy.<\/p>\n<p>\u00b7 Management of Severe Metabolic Derangements Diagnosable by Blood Gas Analysis in the Emergency Department.<\/p>\n<p>\u00b7 Recognition and Management of Cold-Related Injuries and Hypothermia in the Emergency Department.<\/p>\n<p>\u00b7 Recognition and Management of Heat-Related Illness and Heat Stroke in the Emergency Department.<\/p>\n<p>\u00b7 Challenges of Abdominal Pain in the Emergency Department.<\/p>\n<p>\u00b7 The role of Dynamic Coagulation Tests (e.g., thromboelastometry) in Emergency Care.<\/p>\n<p>\u00b7 Management Strategies for Gastrointestinal Bleeding.<\/p>\n<\/li>\n<li>\n<p><strong>Dr. Hetzman T. L\u00e1szl\u00f3<\/strong> \u2013 E-mail: <a href=\"mailto:hetzman.laszlo.tibor@semmelweis.hu\"><em><strong>hetzman.laszlo.tibor@semmelweis.hu<\/strong><\/em><\/a><\/p>\n<p>\u00b7 Management of Critically Injured Trauma Patients<\/p>\n<\/li>\n<li>\n<p><strong>Dr. S\u00f3ti \u00c1kos<\/strong> \u2013 E-mail: <a href=\"mailto:soti.akos.tamas@semmelweis.hu\"><em><strong>soti.akos.tamas@semmelweis.hu<\/strong><\/em><\/a><\/p>\n<p>\u00b7 Advanced Airway Management in the Emergency Department: Practice and Quality Assurance.<\/p>\n<p>\u00b7 Investigating the Reasons for Unplanned Return Visits to the Emergency Department Within 72 Hours.<\/p>\n<\/li>\n<li>\n<p><strong>Dr. Melicher D\u00f3ra<\/strong> \u2013 E-mail: <strong><a href=\"mailto:melicher.dora@semmelweis.hu\"><em>melicher.dora@semmelweis.hu<\/em><\/a><\/strong><\/p>\n<p>\u00b7 Emergency Care of Oncology Patients.<\/p>\n<p>\u00b7 Patient Blood Management in the Emergency Department.<\/p>\n<\/li>\n<li>\n<p><strong>Dr. B\u00e9kefi L\u00e1szl\u00f3<\/strong> \u2013 E-mail: <a href=\"mailto:bekefi.laszlo@semmelweis.hu\"><em><strong>bekefi.laszlo@semmelweis.hu<\/strong><\/em><\/a><\/p>\n<p>\u00b7 The Role of Bedside Ultrasound in the Differential Diagnosis of Emergency Conditions.<\/p>\n<\/li>\n<li>\n<p><strong>Dr. Ga\u00e1l-Marschal Szabolcs<\/strong> \u2013 E-mail: <a href=\"mailto:gaal.szabolcs@semmelweis.hu\"><em><strong>gaal.szabolcs@semmelweis.hu<\/strong><\/em><\/a><\/p>\n<p>\u00b7 Patient-Reported Outcomes and Experience in Older Adults Attending the Emergency Department<\/p>\n<p>\u00b7 Frailty Assessment and Care Quality in the Emergency Department.<\/p>\n<\/li>\n<li>\n<p><strong>Dr. Mer\u00e9nyi Andr\u00e1s<\/strong> \u2013 E-mail: <a href=\"mailto:merenyi.andras.gabor@semmelweis.hu\"><em><strong>merenyi.andras.gabor@semmelweis.hu<\/strong><\/em><\/a><\/p>\n<p>\u00b7 The Diagnostic Role of Extracellular Vesicles in Sepsis.<\/p>\n<\/li>\n<li>\n<p><strong>Dr. Fazekas Bal\u00e1zs<\/strong> \u2013 E-mail: <a href=\"mailto:fazekas.balazs@semmelweis.hu\"><em><strong>fazekas.balazs@semmelweis.hu<\/strong><\/em><\/a><\/p>\n<p>\u00b7 Diagnosis of Acute Neurological Disorders in Emergency Care.<\/p>\n<\/li>\n<\/ul>\n","protected":false},"excerpt":{"rendered":"<p>TDK (Students\u2019 Scientific Association) \/ Thesis (Dissertation) The Department of Emergency Medicine welcomes anyone interested in our TDK or thesis topics. How to apply: After selecting one of the topics listed below, please first contact the supervisor via email. Once you have reached an agreement with the supervisor, please inform Dr. D\u00f3ra Melicher, Head of &hellip;<\/p>\n","protected":false},"author":102257,"featured_media":0,"parent":1449,"menu_order":1,"comment_status":"closed","ping_status":"closed","template":"","meta":{"_acf_changed":false,"footnotes":""},"categories":[],"tags":[],"class_list":["post-2421","page","type-page","status-publish","hentry"],"acf":[],"_links":{"self":[{"href":"https:\/\/semmelweis.hu\/surgosseg\/wp-json\/wp\/v2\/pages\/2421","targetHints":{"allow":["GET"]}}],"collection":[{"href":"https:\/\/semmelweis.hu\/surgosseg\/wp-json\/wp\/v2\/pages"}],"about":[{"href":"https:\/\/semmelweis.hu\/surgosseg\/wp-json\/wp\/v2\/types\/page"}],"author":[{"embeddable":true,"href":"https:\/\/semmelweis.hu\/surgosseg\/wp-json\/wp\/v2\/users\/102257"}],"replies":[{"embeddable":true,"href":"https:\/\/semmelweis.hu\/surgosseg\/wp-json\/wp\/v2\/comments?post=2421"}],"version-history":[{"count":7,"href":"https:\/\/semmelweis.hu\/surgosseg\/wp-json\/wp\/v2\/pages\/2421\/revisions"}],"predecessor-version":[{"id":2540,"href":"https:\/\/semmelweis.hu\/surgosseg\/wp-json\/wp\/v2\/pages\/2421\/revisions\/2540"}],"up":[{"embeddable":true,"href":"https:\/\/semmelweis.hu\/surgosseg\/wp-json\/wp\/v2\/pages\/1449"}],"wp:attachment":[{"href":"https:\/\/semmelweis.hu\/surgosseg\/wp-json\/wp\/v2\/media?parent=2421"}],"wp:term":[{"taxonomy":"category","embeddable":true,"href":"https:\/\/semmelweis.hu\/surgosseg\/wp-json\/wp\/v2\/categories?post=2421"},{"taxonomy":"post_tag","embeddable":true,"href":"https:\/\/semmelweis.hu\/surgosseg\/wp-json\/wp\/v2\/tags?post=2421"}],"curies":[{"name":"wp","href":"https:\/\/api.w.org\/{rel}","templated":true}]}}