{"id":2278,"date":"2025-02-25T18:31:35","date_gmt":"2025-02-25T17:31:35","guid":{"rendered":"https:\/\/semmelweis.hu\/surgosseg\/?page_id=2278"},"modified":"2025-02-25T18:34:19","modified_gmt":"2025-02-25T17:34:19","slug":"pocus-alapjai-a-surgossegi-betegellatasban","status":"publish","type":"page","link":"https:\/\/semmelweis.hu\/surgosseg\/oktatas\/gradualis\/kepzeseink\/pocus-alapjai-a-surgossegi-betegellatasban\/","title":{"rendered":"POCUS alapjai a s\u00fcrg\u0151ss\u00e9gi betegell\u00e1t\u00e1sban"},"content":{"rendered":"<p>Engedj\u00e9tek meg, hogy r\u00f6viden bemutassuk a munkacsoport m\u0171k\u00f6d\u00e9s\u00e9t:<\/p>\n<p>C\u00e9lunk minden ell\u00e1t\u00f3hoz eljuttatni egy \u00e1tfog\u00f3, a magyar \u00e9s nemzetk\u00f6zi ir\u00e1nyelveket figyelembe vev\u0151 oktat\u00e1st \u00e9s folyamatos tanul\u00e1si lehet\u0151s\u00e9get a mentor rendszer \u00e1ltal.<\/p>\n<p>Feladatunk, hogy biztos\u00edtsuk az ultrahang k\u00e9sz\u00fcl\u00e9kek megfelel\u0151 haszn\u00e1lat\u00e1t, karbantart\u00e1s\u00e1t, a k\u00e9panyagok megfelel\u0151 dokument\u00e1l\u00e1s\u00e1t \u00e9s interpret\u00e1ci\u00f3j\u00e1t.<\/p>\n<p>Rendszeresen r\u00e9szt vesz\u00fcnk a postgradu\u00e1lis oktat\u00e1si napokon elm\u00e9leti \u00e9s gyakorlati oktat\u00e1ssal.<\/p>\n<p>Gradu\u00e1lis k\u00e9pz\u00e9sben szabadon v\u00e1laszthat\u00f3 kurzusk\u00e9nt meghirdetj\u00fck a POCUS alapjai a s\u00fcrg\u0151ss\u00e9gi betegell\u00e1t\u00e1sban kurzust.<\/p>\n<p>Hamarosan megkezdj\u00fck az ell\u00e1t\u00f3k \u00e9s \u00e1pol\u00f3k k\u00e9pz\u00e9s\u00e9t az ultrahang-vez\u00e9relt v\u00e9nabiztos\u00edt\u00e1s rendszeres oktat\u00e1s\u00e1val, mely a nehezen kan\u00fcl\u00e1lhat\u00f3 betegek ell\u00e1t\u00e1s\u00e1ban jav\u00edthatja p\u00e1cienseink komfortj\u00e1t \u00e9s ell\u00e1t\u00e1si sz\u00ednvonal\u00e1t.<\/p>\n<p>Tervezz\u00fck POCUS t\u00e9m\u00e1j\u00fa workshopok rendszeres megszervez\u00e9s\u00e9t, ahol k\u00e9pess\u00e9geinket tov\u00e1bbfejleszthetj\u00fck \u00e9s tanulhatunk radiol\u00f3gusokt\u00f3l, intenz\u00edv ter\u00e1pi\u00e1s \u00e9s kardiol\u00f3gus szakorvosokt\u00f3l.<\/p>\n<p>C\u00e9lkit\u0171z\u00e9seink k\u00f6z\u00e9 tartozik POCUS t\u00e9m\u00e1j\u00fa kutat\u00e1si munka \u00e9s TDK t\u00e9m\u00e1k ind\u00edt\u00e1sa.<\/p>\n<p>Amennyiben b\u00e1rkinek k\u00e9rd\u00e9se van a munkacsoport m\u0171k\u00f6d\u00e9s\u00e9vel, illetve az \u00e1gymelletti ultrahangdiagnosztik\u00e1val kapcsolatban, k\u00e9rlek forduljatok b\u00e1tran a munkacsoport tagjaihoz: B\u00e9kefi L\u00e1szl\u00f3, Mer\u00e9nyi Andr\u00e1s, F\u00f6ldi\u00e1k \u00c1d\u00e1m, Nagy Gergely, P\u00e1link\u00e1s L\u00f3r\u00e1nt \u00e9s Garancsy Gilbert.<\/p>\n<p>Dr. B\u00e9kefi L\u00e1szl\u00f3<\/p>\n<p>Ultrahang Munkacsoport vezet\u0151<\/p>\n","protected":false},"excerpt":{"rendered":"<p>Engedj\u00e9tek meg, hogy r\u00f6viden bemutassuk a munkacsoport m\u0171k\u00f6d\u00e9s\u00e9t: C\u00e9lunk minden ell\u00e1t\u00f3hoz eljuttatni egy \u00e1tfog\u00f3, a magyar \u00e9s nemzetk\u00f6zi ir\u00e1nyelveket figyelembe vev\u0151 oktat\u00e1st \u00e9s folyamatos tanul\u00e1si lehet\u0151s\u00e9get a mentor rendszer \u00e1ltal. Feladatunk, hogy biztos\u00edtsuk az ultrahang k\u00e9sz\u00fcl\u00e9kek megfelel\u0151 haszn\u00e1lat\u00e1t, karbantart\u00e1s\u00e1t, a k\u00e9panyagok megfelel\u0151 dokument\u00e1l\u00e1s\u00e1t \u00e9s interpret\u00e1ci\u00f3j\u00e1t. Rendszeresen r\u00e9szt vesz\u00fcnk a postgradu\u00e1lis oktat\u00e1si napokon elm\u00e9leti \u00e9s gyakorlati &hellip;<\/p>\n","protected":false},"author":102257,"featured_media":0,"parent":2276,"menu_order":0,"comment_status":"closed","ping_status":"closed","template":"","meta":{"_acf_changed":false,"footnotes":""},"categories":[],"tags":[],"class_list":["post-2278","page","type-page","status-publish","hentry"],"acf":[],"_links":{"self":[{"href":"https:\/\/semmelweis.hu\/surgosseg\/wp-json\/wp\/v2\/pages\/2278","targetHints":{"allow":["GET"]}}],"collection":[{"href":"https:\/\/semmelweis.hu\/surgosseg\/wp-json\/wp\/v2\/pages"}],"about":[{"href":"https:\/\/semmelweis.hu\/surgosseg\/wp-json\/wp\/v2\/types\/page"}],"author":[{"embeddable":true,"href":"https:\/\/semmelweis.hu\/surgosseg\/wp-json\/wp\/v2\/users\/102257"}],"replies":[{"embeddable":true,"href":"https:\/\/semmelweis.hu\/surgosseg\/wp-json\/wp\/v2\/comments?post=2278"}],"version-history":[{"count":1,"href":"https:\/\/semmelweis.hu\/surgosseg\/wp-json\/wp\/v2\/pages\/2278\/revisions"}],"predecessor-version":[{"id":2279,"href":"https:\/\/semmelweis.hu\/surgosseg\/wp-json\/wp\/v2\/pages\/2278\/revisions\/2279"}],"up":[{"embeddable":true,"href":"https:\/\/semmelweis.hu\/surgosseg\/wp-json\/wp\/v2\/pages\/2276"}],"wp:attachment":[{"href":"https:\/\/semmelweis.hu\/surgosseg\/wp-json\/wp\/v2\/media?parent=2278"}],"wp:term":[{"taxonomy":"category","embeddable":true,"href":"https:\/\/semmelweis.hu\/surgosseg\/wp-json\/wp\/v2\/categories?post=2278"},{"taxonomy":"post_tag","embeddable":true,"href":"https:\/\/semmelweis.hu\/surgosseg\/wp-json\/wp\/v2\/tags?post=2278"}],"curies":[{"name":"wp","href":"https:\/\/api.w.org\/{rel}","templated":true}]}}