{"id":2177,"date":"2024-10-08T18:28:31","date_gmt":"2024-10-08T16:28:31","guid":{"rendered":"https:\/\/semmelweis.hu\/surgosseg\/?page_id=2177"},"modified":"2025-05-13T20:28:30","modified_gmt":"2025-05-13T18:28:30","slug":"bemutatkozas","status":"publish","type":"page","link":"https:\/\/semmelweis.hu\/surgosseg\/a-klinikarol\/bemutatkozas\/","title":{"rendered":"Bemutatkoz\u00e1s"},"content":{"rendered":"<p>&nbsp;<\/p>\n<p><img loading=\"lazy\" decoding=\"async\" class=\"size-medium wp-image-2299 alignright\" src=\"https:\/\/semmelweis.hu\/surgosseg\/files\/2025\/05\/Kepernyofoto-2025-04-07-20.41.35-335x400.png\" alt=\"\" width=\"335\" height=\"400\" srcset=\"https:\/\/semmelweis.hu\/surgosseg\/files\/2025\/05\/Kepernyofoto-2025-04-07-20.41.35-335x400.png 335w, https:\/\/semmelweis.hu\/surgosseg\/files\/2025\/05\/Kepernyofoto-2025-04-07-20.41.35-857x1024.png 857w, https:\/\/semmelweis.hu\/surgosseg\/files\/2025\/05\/Kepernyofoto-2025-04-07-20.41.35-768x918.png 768w, https:\/\/semmelweis.hu\/surgosseg\/files\/2025\/05\/Kepernyofoto-2025-04-07-20.41.35-753x900.png 753w, https:\/\/semmelweis.hu\/surgosseg\/files\/2025\/05\/Kepernyofoto-2025-04-07-20.41.35.png 994w\" sizes=\"auto, (max-width: 335px) 100vw, 335px\" \/><\/p>\n<p style=\"text-align: justify\"><span data-olk-copy-source=\"MessageBody\">A S\u00fcrg\u0151ss\u00e9gi Orvostani Klinika Budapest \u00e9s a r\u00e9gi\u00f3 k\u00f6zponti szerepet ell\u00e1t\u00f3 s\u00fcrg\u0151ss\u00e9gi betegell\u00e1t\u00f3 centruma, t\u00f6bb mint\u00a0250 dolgoz\u00f3j\u00e1val a gradu\u00e1lis \u00e9s posztgradu\u00e1lis, valamint a szakk\u00e9pz\u00e9s fontos helysz\u00edne, tudom\u00e1nyos m\u0171hely. C\u00e9lunk a betegell\u00e1t\u00e1s, az oktat\u00e1s, \u00e9s a tudom\u00e1nyos munka min\u00e9l magasabb szint\u0171 m\u0171vel\u00e9se \u00e9s a min\u0151s\u00e9g folyamatos n\u00f6vel\u00e9se.\u00a0<\/span><\/p>\n<p style=\"text-align: justify\">A Semmelweis Egyetem S\u00fcrg\u0151ss\u00e9gi Betegell\u00e1t\u00f3 Oszt\u00e1lya 2016-ban kezdte meg m\u0171k\u00f6d\u00e9s\u00e9t, a K\u00fcls\u0151 Klinikai T\u00f6mbben a\u00a0Kor\u00e1nyi-projekt r\u00e9szek\u00e9nt \u00fajonnan \u00e9p\u00fclt K\u00f6zponti Betegell\u00e1t\u00f3 \u00c9p\u00fcletben, az \u00e9v minden napj\u00e1n 0-24 \u00f3r\u00e1ban ell\u00e1t\u00e1st biztos\u00edt\u00f3 akut betegell\u00e1t\u00e1si egys\u00e9gk\u00e9nt. Az Egyetem \u00e9s a f\u0151v\u00e1ros s\u00fcrg\u0151ss\u00e9gi centrumak\u00e9nt feladata a s\u00fcrg\u0151ss\u00e9gi ell\u00e1t\u00e1st ig\u00e9nyl\u0151 j\u00e1r\u00f3- \u00e9s ment\u0151vel \u00e9rkez\u0151 betegek bel\u00e9ptet\u00e9se, oszt\u00e1lyoz\u00e1sa (tri\u00e1zs), \u00e1llapotstabiliz\u00e1l\u00e1sa, gyakran definit\u00edv ell\u00e1t\u00e1sa. Ez a szolg\u00e1ltat\u00e1s t\u00f6bb szakter\u00fclet egy\u00fcttm\u0171k\u00f6d\u00e9s\u00e9vel, esetenk\u00e9nti bevon\u00e1s\u00e1val t\u00f6rt\u00e9nik.\u00a0<\/p>\n<p style=\"text-align: justify\">A S\u00fcrg\u0151ss\u00e9gi Betegell\u00e1t\u00f3 Oszt\u00e1ly l\u00e9trehoz\u00e1sa Dr. Kanizsai P\u00e9ternek k\u00f6sz\u00f6nhet\u0151, aki 2016 \u00e9s 2018 k\u00f6z\u00f6tt vezette az oszt\u00e1lyt. \u0150t Dr. Ber\u00e9nyi Tam\u00e1s k\u00f6vette, akinek 2019-2021 k\u00f6z\u00f6tti vezet\u00e9se alatt az oszt\u00e1ly tov\u00e1bb n\u00f6vekedett, mind dolgoz\u00f3i l\u00e9tsz\u00e1m\u00e1ban, mind betegell\u00e1t\u00e1si volumenben. 2021-ben Dr. Varga Csaba vezet\u00e9s\u00e9vel, az SBO \u00e9s a S\u00fcrg\u0151ss\u00e9gi Orvostan \u2013 Oxiol\u00f3gia Tansz\u00e9ki Csoport integr\u00e1ci\u00f3j\u00e1val l\u00e9trej\u00f6tt a S\u00fcrg\u0151ss\u00e9gi Orvostani Klinika, amely betegell\u00e1t\u00e1si, oktat\u00e1si \u00e9s kutat\u00e1si centrumk\u00e9nt szolg\u00e1l.<\/p>\n<p style=\"text-align: justify\">2025. janu\u00e1r \u00f3ta a klinika igazgat\u00f3ja Dr. Fenyves B\u00e1nk.<\/p>\n","protected":false},"excerpt":{"rendered":"<p>&nbsp; A S\u00fcrg\u0151ss\u00e9gi Orvostani Klinika Budapest \u00e9s a r\u00e9gi\u00f3 k\u00f6zponti szerepet ell\u00e1t\u00f3 s\u00fcrg\u0151ss\u00e9gi betegell\u00e1t\u00f3 centruma, t\u00f6bb mint\u00a0250 dolgoz\u00f3j\u00e1val a gradu\u00e1lis \u00e9s posztgradu\u00e1lis, valamint a szakk\u00e9pz\u00e9s fontos helysz\u00edne, tudom\u00e1nyos m\u0171hely. C\u00e9lunk a betegell\u00e1t\u00e1s, az oktat\u00e1s, \u00e9s a tudom\u00e1nyos munka min\u00e9l magasabb szint\u0171 m\u0171vel\u00e9se \u00e9s a min\u0151s\u00e9g folyamatos n\u00f6vel\u00e9se.\u00a0 A Semmelweis Egyetem S\u00fcrg\u0151ss\u00e9gi Betegell\u00e1t\u00f3 Oszt\u00e1lya 2016-ban kezdte &hellip;<\/p>\n","protected":false},"author":102257,"featured_media":0,"parent":498,"menu_order":0,"comment_status":"closed","ping_status":"closed","template":"","meta":{"_acf_changed":false,"footnotes":""},"categories":[],"tags":[],"class_list":["post-2177","page","type-page","status-publish","hentry"],"acf":[],"_links":{"self":[{"href":"https:\/\/semmelweis.hu\/surgosseg\/wp-json\/wp\/v2\/pages\/2177","targetHints":{"allow":["GET"]}}],"collection":[{"href":"https:\/\/semmelweis.hu\/surgosseg\/wp-json\/wp\/v2\/pages"}],"about":[{"href":"https:\/\/semmelweis.hu\/surgosseg\/wp-json\/wp\/v2\/types\/page"}],"author":[{"embeddable":true,"href":"https:\/\/semmelweis.hu\/surgosseg\/wp-json\/wp\/v2\/users\/102257"}],"replies":[{"embeddable":true,"href":"https:\/\/semmelweis.hu\/surgosseg\/wp-json\/wp\/v2\/comments?post=2177"}],"version-history":[{"count":3,"href":"https:\/\/semmelweis.hu\/surgosseg\/wp-json\/wp\/v2\/pages\/2177\/revisions"}],"predecessor-version":[{"id":2303,"href":"https:\/\/semmelweis.hu\/surgosseg\/wp-json\/wp\/v2\/pages\/2177\/revisions\/2303"}],"up":[{"embeddable":true,"href":"https:\/\/semmelweis.hu\/surgosseg\/wp-json\/wp\/v2\/pages\/498"}],"wp:attachment":[{"href":"https:\/\/semmelweis.hu\/surgosseg\/wp-json\/wp\/v2\/media?parent=2177"}],"wp:term":[{"taxonomy":"category","embeddable":true,"href":"https:\/\/semmelweis.hu\/surgosseg\/wp-json\/wp\/v2\/categories?post=2177"},{"taxonomy":"post_tag","embeddable":true,"href":"https:\/\/semmelweis.hu\/surgosseg\/wp-json\/wp\/v2\/tags?post=2177"}],"curies":[{"name":"wp","href":"https:\/\/api.w.org\/{rel}","templated":true}]}}