{"id":2075,"date":"2024-04-10T15:45:15","date_gmt":"2024-04-10T13:45:15","guid":{"rendered":"https:\/\/semmelweis.hu\/surgosseg\/?page_id=2075"},"modified":"2025-05-29T13:51:06","modified_gmt":"2025-05-29T11:51:06","slug":"referaloi-halozat","status":"publish","type":"page","link":"https:\/\/semmelweis.hu\/surgosseg\/kutatas\/klinikai-vizsgalatok\/referaloi-halozat\/","title":{"rendered":"Refer\u00e1l\u00f3i H\u00e1l\u00f3zat"},"content":{"rendered":"<div class=\"x_elementToProof\">\n<p><strong>Refer\u00e1l\u00f3i H\u00e1l\u00f3zat<\/strong><\/p>\n<\/div>\n<div>\u00a0<\/div>\n<div class=\"x_elementToProof\">\n<p>A S\u00fcrg\u0151ss\u00e9gi Orvostani Klinika Refer\u00e1l\u00f3i H\u00e1l\u00f3zata c\u00e9lja, hogy seg\u00edtsen az egyetemi klinik\u00e1knak hat\u00e9konyabban betegeket toborozni klinikai vizsg\u00e1latokhoz. A h\u00e1l\u00f3zat lehet\u0151v\u00e9 teszi a kutat\u00f3csoportok sz\u00e1m\u00e1ra a betegpopul\u00e1ci\u00f3 b\u0151v\u00edt\u00e9s\u00e9t, jav\u00edtva ezzel a vizsg\u00e1latok eredm\u00e9nyess\u00e9g\u00e9t. A h\u00e1l\u00f3zatba val\u00f3 csatlakoz\u00e1ssal az egyetemi klinik\u00e1k sz\u00e9lesebb k\u00f6r\u0171 hozz\u00e1f\u00e9r\u00e9st nyernek a klinikai vizsg\u00e1latokhoz.<\/p>\n<\/div>\n<div>\u00a0<\/div>\n<div class=\"x_elementToProof\">Tov\u00e1bbi inform\u00e1ci\u00f3k\u00e9rt keress\u00e9k a <strong>kutatas.sok@semmelweis.hu<\/strong> e-mail c\u00edmet!<\/div>\n<div>\u00a0<\/div>\n<div><a href=\"https:\/\/semmelweis.hu\/surgosseg\/files\/2025\/05\/Referaloi-Halozat.pdf\">Refera\u0301lo\u0301i Ha\u0301lo\u0301zat<\/a><\/div>\n","protected":false},"excerpt":{"rendered":"<p>Refer\u00e1l\u00f3i H\u00e1l\u00f3zat \u00a0 A S\u00fcrg\u0151ss\u00e9gi Orvostani Klinika Refer\u00e1l\u00f3i H\u00e1l\u00f3zata c\u00e9lja, hogy seg\u00edtsen az egyetemi klinik\u00e1knak hat\u00e9konyabban betegeket toborozni klinikai vizsg\u00e1latokhoz. A h\u00e1l\u00f3zat lehet\u0151v\u00e9 teszi a kutat\u00f3csoportok sz\u00e1m\u00e1ra a betegpopul\u00e1ci\u00f3 b\u0151v\u00edt\u00e9s\u00e9t, jav\u00edtva ezzel a vizsg\u00e1latok eredm\u00e9nyess\u00e9g\u00e9t. A h\u00e1l\u00f3zatba val\u00f3 csatlakoz\u00e1ssal az egyetemi klinik\u00e1k sz\u00e9lesebb k\u00f6r\u0171 hozz\u00e1f\u00e9r\u00e9st nyernek a klinikai vizsg\u00e1latokhoz. \u00a0 Tov\u00e1bbi inform\u00e1ci\u00f3k\u00e9rt keress\u00e9k a kutatas.sok@semmelweis.hu &hellip;<\/p>\n","protected":false},"author":102257,"featured_media":0,"parent":2073,"menu_order":6,"comment_status":"closed","ping_status":"closed","template":"","meta":{"_acf_changed":false,"footnotes":""},"categories":[],"tags":[],"class_list":["post-2075","page","type-page","status-publish","hentry"],"acf":[],"_links":{"self":[{"href":"https:\/\/semmelweis.hu\/surgosseg\/wp-json\/wp\/v2\/pages\/2075","targetHints":{"allow":["GET"]}}],"collection":[{"href":"https:\/\/semmelweis.hu\/surgosseg\/wp-json\/wp\/v2\/pages"}],"about":[{"href":"https:\/\/semmelweis.hu\/surgosseg\/wp-json\/wp\/v2\/types\/page"}],"author":[{"embeddable":true,"href":"https:\/\/semmelweis.hu\/surgosseg\/wp-json\/wp\/v2\/users\/102257"}],"replies":[{"embeddable":true,"href":"https:\/\/semmelweis.hu\/surgosseg\/wp-json\/wp\/v2\/comments?post=2075"}],"version-history":[{"count":7,"href":"https:\/\/semmelweis.hu\/surgosseg\/wp-json\/wp\/v2\/pages\/2075\/revisions"}],"predecessor-version":[{"id":2324,"href":"https:\/\/semmelweis.hu\/surgosseg\/wp-json\/wp\/v2\/pages\/2075\/revisions\/2324"}],"up":[{"embeddable":true,"href":"https:\/\/semmelweis.hu\/surgosseg\/wp-json\/wp\/v2\/pages\/2073"}],"wp:attachment":[{"href":"https:\/\/semmelweis.hu\/surgosseg\/wp-json\/wp\/v2\/media?parent=2075"}],"wp:term":[{"taxonomy":"category","embeddable":true,"href":"https:\/\/semmelweis.hu\/surgosseg\/wp-json\/wp\/v2\/categories?post=2075"},{"taxonomy":"post_tag","embeddable":true,"href":"https:\/\/semmelweis.hu\/surgosseg\/wp-json\/wp\/v2\/tags?post=2075"}],"curies":[{"name":"wp","href":"https:\/\/api.w.org\/{rel}","templated":true}]}}