{"id":2073,"date":"2024-04-10T15:44:44","date_gmt":"2024-04-10T13:44:44","guid":{"rendered":"https:\/\/semmelweis.hu\/surgosseg\/?page_id=2073"},"modified":"2025-12-22T07:23:40","modified_gmt":"2025-12-22T06:23:40","slug":"klinikai-vizsgalatok","status":"publish","type":"page","link":"https:\/\/semmelweis.hu\/surgosseg\/kutatas\/klinikai-vizsgalatok\/","title":{"rendered":"Klinikai vizsg\u00e1latok"},"content":{"rendered":"<div class=\"x_elementToProof\">\n<p><strong>Klinikai Vizsg\u00e1latok<\/strong><\/p>\n<\/div>\n<div>\u00a0<\/div>\n<div class=\"x_elementToProof\">\n<p><span data-olk-copy-source=\"MessageBody\">A S\u00fcrg\u0151ss\u00e9gi Orvostani Klinika a Semmelweis Egyetemen folyamatos, 24 \u00f3r\u00e1s el\u00e9rhet\u0151s\u00e9get biztos\u00edt az akut betegek sz\u00e1m\u00e1ra, ahol korl\u00e1toz\u00e1s n\u00e9lk\u00fcl, b\u00e1rki r\u00e9szes\u00fclhet ell\u00e1t\u00e1sban. A klinika magas szint\u0171 diagnosztikai \u00e9s ter\u00e1pi\u00e1s felszerelts\u00e9ggel rendelkezik, t\u00f6bbek k\u00f6z\u00f6tt k\u00e9palkot\u00f3 laborral, mikrobiol\u00f3gi\u00e1val \u00e9s point-of-care eszk\u00f6z\u00f6kkel. A klinik\u00e1n eddig \u00f6sszesen 5700 beteg vett r\u00e9szt klinikai vizsg\u00e1latokban, melyeket hat szponzor\u00e1lt \u00e9s hat egyetemi egy\u00fcttm\u0171k\u00f6d\u00e9s keret\u00e9ben v\u00e9gezt\u00fcnk.\u00a0<\/span><\/p>\n<p>A r\u00e9szletek\u00e9rt \u00e9s tov\u00e1bbi egy\u00fcttm\u0171k\u00f6d\u00e9si lehet\u0151s\u00e9gek\u00e9rt keressenek minket bizalommal!<\/p>\n<\/div>\n<div>\u00a0<\/div>\n<div>Dr. Fenyves B\u00e1nk PhD &#8211;\u00a0<\/div>\n<div>Klinikaigazgat\u00f3<\/div>\n<div>kutatas.sok@semmelweis.hu<\/div>\n<div>\u00a0<\/div>\n<div>Stelkovics Anna &#8211;\u00a0<\/div>\n<div>klinikai kutat\u00e1si menedzser<\/div>\n<div class=\"x_elementToProof\">stelkovics.anna@semmelweis.hu<\/div>\n<div>\u00a0<\/div>\n<div>Csap\u00f3 Alexandra Klaudia &#8211;\u00a0<\/div>\n<div>klinikai kutat\u00e1si koordin\u00e1tor, CRA<\/div>\n<div>csapo.alexandra.klaudia@semmelweis.hu<\/div>\n<div>\u00a0<\/div>\n<div>\u00a0<\/div>\n<p><img loading=\"lazy\" decoding=\"async\" class=\"alignnone size-medium wp-image-2321\" src=\"https:\/\/semmelweis.hu\/surgosseg\/files\/2025\/05\/Untitled-design-400x225.png\" alt=\"\" width=\"400\" height=\"225\" srcset=\"https:\/\/semmelweis.hu\/surgosseg\/files\/2025\/05\/Untitled-design-400x225.png 400w, https:\/\/semmelweis.hu\/surgosseg\/files\/2025\/05\/Untitled-design-1024x576.png 1024w, https:\/\/semmelweis.hu\/surgosseg\/files\/2025\/05\/Untitled-design-768x432.png 768w, https:\/\/semmelweis.hu\/surgosseg\/files\/2025\/05\/Untitled-design-1536x864.png 1536w, https:\/\/semmelweis.hu\/surgosseg\/files\/2025\/05\/Untitled-design-753x424.png 753w, https:\/\/semmelweis.hu\/surgosseg\/files\/2025\/05\/Untitled-design.png 1920w\" sizes=\"auto, (max-width: 400px) 100vw, 400px\" \/><\/p>\n<div>\u00a0<\/div>\n","protected":false},"excerpt":{"rendered":"<p>Klinikai Vizsg\u00e1latok \u00a0 A S\u00fcrg\u0151ss\u00e9gi Orvostani Klinika a Semmelweis Egyetemen folyamatos, 24 \u00f3r\u00e1s el\u00e9rhet\u0151s\u00e9get biztos\u00edt az akut betegek sz\u00e1m\u00e1ra, ahol korl\u00e1toz\u00e1s n\u00e9lk\u00fcl, b\u00e1rki r\u00e9szes\u00fclhet ell\u00e1t\u00e1sban. A klinika magas szint\u0171 diagnosztikai \u00e9s ter\u00e1pi\u00e1s felszerelts\u00e9ggel rendelkezik, t\u00f6bbek k\u00f6z\u00f6tt k\u00e9palkot\u00f3 laborral, mikrobiol\u00f3gi\u00e1val \u00e9s point-of-care eszk\u00f6z\u00f6kkel. A klinik\u00e1n eddig \u00f6sszesen 5700 beteg vett r\u00e9szt klinikai vizsg\u00e1latokban, melyeket hat szponzor\u00e1lt &hellip;<\/p>\n","protected":false},"author":102257,"featured_media":0,"parent":162,"menu_order":5,"comment_status":"closed","ping_status":"closed","template":"","meta":{"_acf_changed":false,"footnotes":""},"categories":[],"tags":[],"class_list":["post-2073","page","type-page","status-publish","hentry"],"acf":[],"_links":{"self":[{"href":"https:\/\/semmelweis.hu\/surgosseg\/wp-json\/wp\/v2\/pages\/2073","targetHints":{"allow":["GET"]}}],"collection":[{"href":"https:\/\/semmelweis.hu\/surgosseg\/wp-json\/wp\/v2\/pages"}],"about":[{"href":"https:\/\/semmelweis.hu\/surgosseg\/wp-json\/wp\/v2\/types\/page"}],"author":[{"embeddable":true,"href":"https:\/\/semmelweis.hu\/surgosseg\/wp-json\/wp\/v2\/users\/102257"}],"replies":[{"embeddable":true,"href":"https:\/\/semmelweis.hu\/surgosseg\/wp-json\/wp\/v2\/comments?post=2073"}],"version-history":[{"count":9,"href":"https:\/\/semmelweis.hu\/surgosseg\/wp-json\/wp\/v2\/pages\/2073\/revisions"}],"predecessor-version":[{"id":2483,"href":"https:\/\/semmelweis.hu\/surgosseg\/wp-json\/wp\/v2\/pages\/2073\/revisions\/2483"}],"up":[{"embeddable":true,"href":"https:\/\/semmelweis.hu\/surgosseg\/wp-json\/wp\/v2\/pages\/162"}],"wp:attachment":[{"href":"https:\/\/semmelweis.hu\/surgosseg\/wp-json\/wp\/v2\/media?parent=2073"}],"wp:term":[{"taxonomy":"category","embeddable":true,"href":"https:\/\/semmelweis.hu\/surgosseg\/wp-json\/wp\/v2\/categories?post=2073"},{"taxonomy":"post_tag","embeddable":true,"href":"https:\/\/semmelweis.hu\/surgosseg\/wp-json\/wp\/v2\/tags?post=2073"}],"curies":[{"name":"wp","href":"https:\/\/api.w.org\/{rel}","templated":true}]}}