{"id":2069,"date":"2024-04-10T15:42:37","date_gmt":"2024-04-10T13:42:37","guid":{"rendered":"https:\/\/semmelweis.hu\/surgosseg\/?page_id=2069"},"modified":"2024-07-29T11:31:44","modified_gmt":"2024-07-29T09:31:44","slug":"korabbi-evek-szakdolgozatai","status":"publish","type":"page","link":"https:\/\/semmelweis.hu\/surgosseg\/kutatas\/tdk-munka-szakdolgozat\/korabbi-evek-szakdolgozatai\/","title":{"rendered":"Kor\u00e1bbi \u00e9vek szakdolgozatai"},"content":{"rendered":"<table style=\"border-collapse: collapse;width: 100%;height: 1164px\">\n<tbody>\n<tr style=\"height: 33px\">\n<td style=\"width: 18.1659%;height: 33px\">\n<p>N\u00e9v<\/p>\n<\/td>\n<td style=\"width: 4.63309%;height: 33px\">\u00c9v<\/td>\n<td style=\"width: 54.2091%;height: 33px\">C\u00edm<\/td>\n<td style=\"width: 22.992%;height: 33px\">T\u00e9mavezet\u0151<\/td>\n<\/tr>\n<tr>\n<td style=\"width: 18.1659%\">\n<p>V\u00f6r\u00f6s B\u00e1lint<\/p>\n<\/td>\n<td style=\"width: 4.63309%\">2023<\/td>\n<td style=\"width: 54.2091%;text-align: left\">The Use of Pupillometry in Monitoring the Effectiveness of Analgesia<\/td>\n<td style=\"width: 22.992%\">Dr. Fenyves B\u00e1nk<\/td>\n<\/tr>\n<tr>\n<td style=\"width: 18.1659%\">\n<p>T\u00fari Benedek<\/p>\n<\/td>\n<td style=\"width: 4.63309%\">2023<\/td>\n<td style=\"width: 54.2091%;text-align: left\">Akut intracranialis t\u00f6rt\u00e9n\u00e9ssel jelentkez\u0151 betegek kardiol\u00f3giai vonatkoz\u00e1sa<\/td>\n<td style=\"width: 22.992%\">Dr. Varga Csaba<\/td>\n<\/tr>\n<tr>\n<td style=\"width: 18.1659%\">\n<p>Hajdufi R\u00e9ka Anna<\/p>\n<\/td>\n<td style=\"width: 4.63309%\">2023<\/td>\n<td style=\"width: 54.2091%;text-align: left\">Az inf\u00fazi\u00f3s ter\u00e1pia \u00e9s a v\u00e9rk\u00e9sz\u00edtm\u00e9nyek kapcsolata a dil\u00faci\u00f3s koagulop\u00e1ti\u00e1val<\/td>\n<td style=\"width: 22.992%\">Dr. Ga\u00e1l Szabolcs<\/td>\n<\/tr>\n<tr>\n<td style=\"width: 18.1659%\">\n<p>Sas \u00c1gnes<\/p>\n<\/td>\n<td style=\"width: 4.63309%\">2023<\/td>\n<td style=\"width: 54.2091%;text-align: left\">A status epilepticus prehospitalis \u00e9s S\u00fcrg\u0151ss\u00e9gi oszt\u00e1lyos ell\u00e1t\u00e1sa<\/td>\n<td style=\"width: 22.992%\">Dr. Fenyves B\u00e1nk<\/td>\n<\/tr>\n<tr>\n<td style=\"width: 18.1659%\">\n<p>Mendlik S\u00e1ra<\/p>\n<\/td>\n<td style=\"width: 4.63309%\">2023<\/td>\n<td style=\"width: 54.2091%;text-align: left\">Ultrahang szerepe a volumenstatus k\u00f6vet\u00e9s\u00e9ben<\/td>\n<td style=\"width: 22.992%\">Dr. Vass P\u00e9ter<\/td>\n<\/tr>\n<tr>\n<td style=\"width: 18.1659%\">\n<p>Janka D\u00e1niel<\/p>\n<\/td>\n<td style=\"width: 4.63309%\">2023<\/td>\n<td style=\"width: 54.2091%;text-align: left\">Az ultrahang szerepe a hypovolaemia diagnosztik\u00e1j\u00e1ban \u00e9s a ter\u00e1pia k\u00f6vet\u00e9s\u00e9ben<\/td>\n<td style=\"width: 22.992%\">Dr. Vass P\u00e9ter<\/td>\n<\/tr>\n<tr>\n<td style=\"width: 18.1659%\">\n<p>Rosta Zolt\u00e1n<\/p>\n<\/td>\n<td style=\"width: 4.63309%\">2023<\/td>\n<td style=\"width: 54.2091%;text-align: left\">GI v\u00e9rz\u00e9sek ell\u00e1t\u00e1si strat\u00e9gi\u00e1i<\/td>\n<td style=\"width: 22.992%\">Dr. Vass P\u00e9ter<\/td>\n<\/tr>\n<tr>\n<td style=\"width: 18.1659%\">\n<p>Rozsnyik L\u00f3r\u00e1nt<\/p>\n<\/td>\n<td style=\"width: 4.63309%\">2023<\/td>\n<td style=\"width: 54.2091%;text-align: left\">A bedside ultrahang szerepe a s\u00fcrg\u0151ss\u00e9gi k\u00f3rk\u00e9pek differenci\u00e1l diagnosztik\u00e1j\u00e1ban<\/td>\n<td style=\"width: 22.992%\">Dr. Mer\u00e9nyi Andr\u00e1s<\/td>\n<\/tr>\n<tr style=\"height: 63px\">\n<td style=\"width: 18.1659%;height: 63px\">\n<p>Vigh Abig\u00e9l<\/p>\n<\/td>\n<td style=\"width: 4.63309%;height: 63px\">2022<\/td>\n<td style=\"width: 54.2091%;height: 63px;text-align: left\">Pneumonia a s\u00fcrg\u0151ss\u00e9gi oszt\u00e1lyon: Radiol\u00f3giai, laborat\u00f3riumi \u00e9s mikrobiol\u00f3giai vonatkoz\u00e1sok<\/td>\n<td style=\"width: 22.992%;height: 63px\">Dr. Fenyves B\u00e1nk\u00a0<\/td>\n<\/tr>\n<tr style=\"height: 33px\">\n<td style=\"width: 18.1659%;height: 33px\">S\u00f3s Bence<\/td>\n<td style=\"width: 4.63309%;height: 33px\">2022<\/td>\n<td style=\"width: 54.2091%;height: 33px;text-align: left\">Viszkoelasztometria szerepe a COVID-asszoci\u00e1lt koagulop\u00e1tia diagn\u00f3zis\u00e1ban<\/td>\n<td style=\"width: 22.992%;height: 33px\">Dr. Eke Csaba<\/td>\n<\/tr>\n<tr style=\"height: 72px\">\n<td style=\"width: 18.1659%;height: 72px\">Leonhard Beck<\/td>\n<td style=\"width: 4.63309%;height: 72px\">2022<\/td>\n<td style=\"width: 54.2091%;height: 72px;text-align: left\">Clinical characterization and risk stratification of septic patients in the emergency department<\/td>\n<td style=\"width: 22.992%;height: 72px\">Dr. Fenyves B\u00e1nk\u00a0<\/td>\n<\/tr>\n<tr style=\"height: 40px\">\n<td style=\"width: 18.1659%;height: 40px\">Jonas Wigand Hey<\/td>\n<td style=\"width: 4.63309%;height: 40px\">2022<\/td>\n<td style=\"width: 54.2091%;height: 40px;text-align: left\">Lungenarterienembolie: Retrospektive \u00dcberpr\u00fcfung eines kombinierten Diagnostischen Algorithmus mit Verifizierung durch CTPA<\/td>\n<td style=\"width: 22.992%;height: 40px\">Dr. Vass P\u00e9ter<\/td>\n<\/tr>\n<tr style=\"height: 33px\">\n<td style=\"width: 18.1659%;height: 33px\">Rapszky Gabriella Anna<\/td>\n<td style=\"width: 4.63309%;height: 33px\">2022<\/td>\n<td style=\"width: 54.2091%;height: 33px;text-align: left\">A COVID j\u00e1rv\u00e1ny hat\u00e1sa az Semmelweis Egyetem S\u00fcrg\u0151ss\u00e9gi Betegell\u00e1t\u00f3 Oszt\u00e1ly\u00e1nak betegforgalm\u00e1ra<\/td>\n<td style=\"width: 22.992%;height: 33px\">Dr. Ga\u00e1l Szabolcs<\/td>\n<\/tr>\n<tr style=\"height: 33px\">\n<td style=\"width: 18.1659%;height: 33px\">Terj\u00e9k Blanka<\/td>\n<td style=\"width: 4.63309%;height: 33px\">2022<\/td>\n<td style=\"width: 54.2091%;height: 33px;text-align: left\">Obere gastrointestinale Blutungen in der Notaufnahme: Untersuchung der endoskopischenInterventionsrate<\/td>\n<td style=\"width: 22.992%;height: 33px\">Dr. Vass P\u00e9ter<\/td>\n<\/tr>\n<tr style=\"height: 37px\">\n<td style=\"width: 18.1659%;height: 37px\">Szoll\u00e1r B\u00e1lint<\/td>\n<td style=\"width: 4.63309%;height: 37px\">2020<\/td>\n<td style=\"width: 54.2091%;height: 37px;text-align: left\">A szeptikus esetek ell\u00e1t\u00e1sa a s\u00fcrg\u0151ss\u00e9gi oszt\u00e1lyon<\/td>\n<td style=\"width: 22.992%;height: 37px\">Dr. Vass P\u00e9ter<\/td>\n<\/tr>\n<tr style=\"height: 33px\">\n<td style=\"width: 18.1659%;height: 33px\">Fredrik Sj\u00f8holt Morsund<\/td>\n<td style=\"width: 4.63309%;height: 33px\">2019<\/td>\n<td style=\"width: 54.2091%;height: 33px;text-align: left\">Use of ventilatorysupport methods (HFNOT, CPAP, BiPAP, IMV) foracute respiratory failurein theemergency department<\/td>\n<td style=\"width: 22.992%;height: 33px\">Dr. Vass P\u00e9ter<\/td>\n<\/tr>\n<tr style=\"height: 33px\">\n<td style=\"width: 18.1659%;height: 33px\">T\u00f3th Bence<\/td>\n<td style=\"width: 4.63309%;height: 33px\">2019<\/td>\n<td style=\"width: 54.2091%;height: 33px;text-align: left\">A heveny iszk\u00e9mi\u00e1s stroke endovaszkul\u00e1ris trombekt\u00f3mi\u00e1val t\u00f6rt\u00e9n\u0151 kezel\u00e9s\u00e9nek helye a s\u00fcrg\u0151ss\u00e9gi ell\u00e1t\u00e1sban<\/td>\n<td style=\"width: 22.992%;height: 33px\">Dr. Ga\u00e1l Szabolcs<\/td>\n<\/tr>\n<tr style=\"height: 33px\">\n<td style=\"width: 18.1659%;height: 33px\">Noa Arad<\/td>\n<td style=\"width: 4.63309%;height: 33px\">2018<\/td>\n<td style=\"width: 54.2091%;height: 33px;text-align: left\">Algorithms used in the evaluation of chest pain in the emergency department<\/td>\n<td style=\"width: 22.992%;height: 33px\">Dr. Vass P\u00e9ter<\/td>\n<\/tr>\n<tr style=\"height: 33px\">\n<td style=\"width: 18.1659%;height: 33px\">Birgitte Tholin<\/td>\n<td style=\"width: 4.63309%;height: 33px\">2017<\/td>\n<td style=\"width: 54.2091%;height: 33px;text-align: left\">A review of oxygen therapy in acutemyocardial infarction<\/td>\n<td style=\"width: 22.992%;height: 33px\">Dr. Vass P\u00e9ter<\/td>\n<\/tr>\n<tr style=\"height: 63px\">\n<td style=\"width: 18.1659%;height: 63px\">Yasmin Maria Myhre<\/td>\n<td style=\"width: 4.63309%;height: 63px\">2017<\/td>\n<td style=\"width: 54.2091%;height: 63px;text-align: left\">Application of Emergency decision algorithms in chest pain, Identification of pulmonary emboli as a cause of acute chest pain in emergency settings<\/td>\n<td style=\"width: 22.992%;height: 63px\">Dr. Kanizsai P\u00e9ter<\/td>\n<\/tr>\n<tr style=\"height: 33px\">\n<td style=\"width: 18.1659%;height: 33px\">Stine Jeanette Kvernevik<\/td>\n<td style=\"width: 4.63309%;height: 33px\">2017<\/td>\n<td style=\"width: 54.2091%;height: 33px;text-align: left\">Application of Emergency Decision Algorithms: Prehospital management of traumatically injured patients, focusing on bleeding control, extremity injuries and pelvic injuries-A comparisonof local Norwegian guidelines, PHTLS international, PHTLS Norwayand other accessible academic sources.<\/td>\n<td style=\"width: 22.992%;height: 33px\">Dr. Kanizsai P\u00e9ter<\/td>\n<\/tr>\n<tr style=\"height: 37px\">\n<td style=\"width: 18.1659%;height: 37px\">Magnus Fr\u00f8nsdal<\/td>\n<td style=\"width: 4.63309%;height: 37px\">2017<\/td>\n<td style=\"width: 54.2091%;height: 37px;text-align: left\">Applications of emergency decision algorithms &#8211; Tactical Combat Casualty Care Improving battlefield survival<\/td>\n<td style=\"width: 22.992%;height: 37px\">Dr. Vass P\u00e9ter<\/td>\n<\/tr>\n<tr style=\"height: 40px\">\n<td style=\"width: 18.1659%;height: 40px\">J\u00e1nosi Szabolcs<\/td>\n<td style=\"width: 4.63309%;height: 40px\">2017<\/td>\n<td style=\"width: 54.2091%;height: 40px;text-align: left\">Biomarkerek a mellkasi f\u00e1jdalom diagnosztik\u00e1j\u00e1ban<\/td>\n<td style=\"width: 22.992%;height: 40px\">Dr. Vass P\u00e9ter<\/td>\n<\/tr>\n<tr style=\"height: 38px\">\n<td style=\"width: 18.1659%;height: 38px\">\u00c9zsi\u00e1s M\u00e1t\u00e9<\/td>\n<td style=\"width: 4.63309%;height: 38px\">2017<\/td>\n<td style=\"width: 54.2091%;height: 38px;text-align: left\">Algoritmusok alkalmaz\u00e1sa a stroke ell\u00e1t\u00e1s\u00e1ban<\/td>\n<td style=\"width: 22.992%;height: 38px\">Dr. Vass P\u00e9ter<\/td>\n<\/tr>\n<tr style=\"height: 33px\">\n<td style=\"width: 18.1659%;height: 33px\">M\u00e4rtha Lagercrantz<\/td>\n<td style=\"width: 4.63309%;height: 33px\">2016<\/td>\n<td style=\"width: 54.2091%;height: 33px;text-align: left\">Early Detection of Sepsis in The Emergency Department<\/td>\n<td style=\"width: 22.992%;height: 33px\">Dr. Kanizsai P\u00e9ter<\/td>\n<\/tr>\n<tr style=\"height: 33px\">\n<td style=\"width: 18.1659%;height: 33px\">Jonas Mikael Rolland<\/td>\n<td style=\"width: 4.63309%;height: 33px\">2016<\/td>\n<td style=\"width: 54.2091%;height: 33px;text-align: left\">Early detection of Sepsis in the ED &#8211; A review of critical biomarkers<\/td>\n<td style=\"width: 22.992%;height: 33px\">Dr. Vass P\u00e9ter<\/td>\n<\/tr>\n<tr style=\"height: 69px\">\n<td style=\"width: 18.1659%;height: 69px\">Daniel Safar<\/td>\n<td style=\"width: 4.63309%;height: 69px\">2016<\/td>\n<td style=\"width: 54.2091%;height: 69px;text-align: left\">Development, Application and Evolution of Evidence-Based Clinical Algorithms in the Management of Severe Sepsis and Septic Shock<\/td>\n<td style=\"width: 22.992%;height: 69px\">Dr. Vass P\u00e9ter<\/td>\n<\/tr>\n<tr style=\"height: 38px\">\n<td style=\"width: 18.1659%;height: 38px\">Kalapos M\u00e1t\u00e9<\/td>\n<td style=\"width: 4.63309%;height: 38px\">2015<\/td>\n<td style=\"width: 54.2091%;height: 38px;text-align: left\">Algorithm of Coagulation Therapy in Polytraumatic Patients<\/td>\n<td style=\"width: 22.992%;height: 38px\">Dr. Vass P\u00e9ter<\/td>\n<\/tr>\n<tr style=\"height: 43px\">\n<td style=\"width: 18.1659%;height: 43px\">Gudenus Gerg\u0151<\/td>\n<td style=\"width: 4.63309%;height: 43px\">2015<\/td>\n<td style=\"width: 54.2091%;height: 43px;text-align: left\">Mellkasi f\u00e1jdalom \u00e9s biomarkerei<\/td>\n<td style=\"width: 22.992%;height: 43px\">Dr. Kanizsai P\u00e9ter<\/td>\n<\/tr>\n<\/tbody>\n<\/table>\n","protected":false},"excerpt":{"rendered":"<p>N\u00e9v \u00c9v C\u00edm T\u00e9mavezet\u0151 V\u00f6r\u00f6s B\u00e1lint 2023 The Use of Pupillometry in Monitoring the Effectiveness of Analgesia Dr. Fenyves B\u00e1nk T\u00fari Benedek 2023 Akut intracranialis t\u00f6rt\u00e9n\u00e9ssel jelentkez\u0151 betegek kardiol\u00f3giai vonatkoz\u00e1sa Dr. Varga Csaba Hajdufi R\u00e9ka Anna 2023 Az inf\u00fazi\u00f3s ter\u00e1pia \u00e9s a v\u00e9rk\u00e9sz\u00edtm\u00e9nyek kapcsolata a dil\u00faci\u00f3s koagulop\u00e1ti\u00e1val Dr. Ga\u00e1l Szabolcs Sas \u00c1gnes 2023 A status &hellip;<\/p>\n","protected":false},"author":102257,"featured_media":0,"parent":2060,"menu_order":1,"comment_status":"closed","ping_status":"closed","template":"","meta":{"_acf_changed":false,"footnotes":""},"categories":[],"tags":[],"class_list":["post-2069","page","type-page","status-publish","hentry"],"acf":[],"_links":{"self":[{"href":"https:\/\/semmelweis.hu\/surgosseg\/wp-json\/wp\/v2\/pages\/2069","targetHints":{"allow":["GET"]}}],"collection":[{"href":"https:\/\/semmelweis.hu\/surgosseg\/wp-json\/wp\/v2\/pages"}],"about":[{"href":"https:\/\/semmelweis.hu\/surgosseg\/wp-json\/wp\/v2\/types\/page"}],"author":[{"embeddable":true,"href":"https:\/\/semmelweis.hu\/surgosseg\/wp-json\/wp\/v2\/users\/102257"}],"replies":[{"embeddable":true,"href":"https:\/\/semmelweis.hu\/surgosseg\/wp-json\/wp\/v2\/comments?post=2069"}],"version-history":[{"count":5,"href":"https:\/\/semmelweis.hu\/surgosseg\/wp-json\/wp\/v2\/pages\/2069\/revisions"}],"predecessor-version":[{"id":2136,"href":"https:\/\/semmelweis.hu\/surgosseg\/wp-json\/wp\/v2\/pages\/2069\/revisions\/2136"}],"up":[{"embeddable":true,"href":"https:\/\/semmelweis.hu\/surgosseg\/wp-json\/wp\/v2\/pages\/2060"}],"wp:attachment":[{"href":"https:\/\/semmelweis.hu\/surgosseg\/wp-json\/wp\/v2\/media?parent=2069"}],"wp:term":[{"taxonomy":"category","embeddable":true,"href":"https:\/\/semmelweis.hu\/surgosseg\/wp-json\/wp\/v2\/categories?post=2069"},{"taxonomy":"post_tag","embeddable":true,"href":"https:\/\/semmelweis.hu\/surgosseg\/wp-json\/wp\/v2\/tags?post=2069"}],"curies":[{"name":"wp","href":"https:\/\/api.w.org\/{rel}","templated":true}]}}