{"id":2067,"date":"2024-04-10T15:41:17","date_gmt":"2024-04-10T13:41:17","guid":{"rendered":"https:\/\/semmelweis.hu\/surgosseg\/?page_id=2067"},"modified":"2024-04-11T09:19:24","modified_gmt":"2024-04-11T07:19:24","slug":"rektori-palyamunka","status":"publish","type":"page","link":"https:\/\/semmelweis.hu\/surgosseg\/kutatas\/rektori-palyamunka\/","title":{"rendered":"Rektori p\u00e1lyamunka"},"content":{"rendered":"<p>A Klinik\u00e1n kimagasl\u00f3 TDK-munk\u00e1t v\u00e9gz\u0151 hallgat\u00f3k sz\u00e1m\u00e1ra a diplomaszerz\u00e9s \u00e9v\u00e9t megel\u0151z\u0151en lehet\u0151s\u00e9g van rektori p\u00e1lyamunka bead\u00e1s\u00e1ra. A rektori p\u00e1lyamunka k\u00e9s\u0151bb elfogadtathat\u00f3 szakdolgozatk\u00e9nt.\u00a0<\/p>\n<p>A Rektori p\u00e1ly\u00e1zattal kapcsolatos inform\u00e1ci\u00f3k a <a href=\"https:\/\/semmelweis.hu\/tdk\/palyazatok\/rektori-palyazat\/\">TDK honlapon szerepelnek. <\/a>A bead\u00e1si hat\u00e1rid\u0151 minden \u00e9v \u0151sszel szokott lenni.<\/p>\n","protected":false},"excerpt":{"rendered":"<p>A Klinik\u00e1n kimagasl\u00f3 TDK-munk\u00e1t v\u00e9gz\u0151 hallgat\u00f3k sz\u00e1m\u00e1ra a diplomaszerz\u00e9s \u00e9v\u00e9t megel\u0151z\u0151en lehet\u0151s\u00e9g van rektori p\u00e1lyamunka bead\u00e1s\u00e1ra. A rektori p\u00e1lyamunka k\u00e9s\u0151bb elfogadtathat\u00f3 szakdolgozatk\u00e9nt.\u00a0<br \/>\nA Rektori p\u00e1ly\u00e1zattal kapcsolatos inform\u00e1ci\u00f3k a <a href=\"https:\/\/semmelweis.hu\/tdk\/palyazatok\/rektori-palyazat\/\">TDK honlapon szerepelnek. <\/a>A bead\u00e1si hat\u00e1rid\u0151 minden \u00e9v \u0151sszel szokott lenni.<\/p>\n","protected":false},"author":102257,"featured_media":0,"parent":162,"menu_order":4,"comment_status":"closed","ping_status":"closed","template":"","meta":{"_acf_changed":false,"footnotes":""},"categories":[],"tags":[],"class_list":["post-2067","page","type-page","status-publish","hentry"],"acf":[],"_links":{"self":[{"href":"https:\/\/semmelweis.hu\/surgosseg\/wp-json\/wp\/v2\/pages\/2067","targetHints":{"allow":["GET"]}}],"collection":[{"href":"https:\/\/semmelweis.hu\/surgosseg\/wp-json\/wp\/v2\/pages"}],"about":[{"href":"https:\/\/semmelweis.hu\/surgosseg\/wp-json\/wp\/v2\/types\/page"}],"author":[{"embeddable":true,"href":"https:\/\/semmelweis.hu\/surgosseg\/wp-json\/wp\/v2\/users\/102257"}],"replies":[{"embeddable":true,"href":"https:\/\/semmelweis.hu\/surgosseg\/wp-json\/wp\/v2\/comments?post=2067"}],"version-history":[{"count":1,"href":"https:\/\/semmelweis.hu\/surgosseg\/wp-json\/wp\/v2\/pages\/2067\/revisions"}],"predecessor-version":[{"id":2068,"href":"https:\/\/semmelweis.hu\/surgosseg\/wp-json\/wp\/v2\/pages\/2067\/revisions\/2068"}],"up":[{"embeddable":true,"href":"https:\/\/semmelweis.hu\/surgosseg\/wp-json\/wp\/v2\/pages\/162"}],"wp:attachment":[{"href":"https:\/\/semmelweis.hu\/surgosseg\/wp-json\/wp\/v2\/media?parent=2067"}],"wp:term":[{"taxonomy":"category","embeddable":true,"href":"https:\/\/semmelweis.hu\/surgosseg\/wp-json\/wp\/v2\/categories?post=2067"},{"taxonomy":"post_tag","embeddable":true,"href":"https:\/\/semmelweis.hu\/surgosseg\/wp-json\/wp\/v2\/tags?post=2067"}],"curies":[{"name":"wp","href":"https:\/\/api.w.org\/{rel}","templated":true}]}}