{"id":2060,"date":"2024-04-10T15:28:45","date_gmt":"2024-04-10T13:28:45","guid":{"rendered":"https:\/\/semmelweis.hu\/surgosseg\/?page_id=2060"},"modified":"2026-04-22T09:52:26","modified_gmt":"2026-04-22T07:52:26","slug":"tdk-munka-szakdolgozat","status":"publish","type":"page","link":"https:\/\/semmelweis.hu\/surgosseg\/kutatas\/tdk-munka-szakdolgozat\/","title":{"rendered":"TDK munka \/ Szakdolgozat"},"content":{"rendered":"<p>TDK hallgat\u00f3k, valamint szakdolgozatot \u00edr\u00f3k jelentkez\u00e9s\u00e9t folyamatosan v\u00e1rjuk.<\/p>\n<p>Jelentkez\u00e9s menete:<\/p>\n<p>Az al\u00e1bb meghirdetett t\u00e9m\u00e1k k\u00f6z\u00fcl v\u00e1lasztva el\u0151sz\u00f6r a t\u00e9mavezet\u0151vel sz\u00fcks\u00e9ges emailben felvenni a kapcsolatot. A t\u00e9mavezet\u0151vel val\u00f3 meg\u00e1llapod\u00e1st k\u00f6vet\u0151en t\u00e1j\u00e9koztat\u00e1s c\u00e9lj\u00e1b\u00f3l Dr. Melicher D\u00f3ra kutat\u00e1si felel\u0151s email-ben t\u00f6rt\u00e9n\u0151 t\u00e1j\u00e9koztat\u00e1s\u00e1t k\u00e9rj\u00fck <em><strong>(<a href=\"mailto:melicher.dora@semmelweis.hu\">melicher.dora@semmelweis.hu<\/a>).<\/strong><\/em><\/p>\n<p><span style=\"color: #993300\"><a href=\"https:\/\/semmelweis.hu\/tdk\/\"><strong>Egyetemi t\u00e1j\u00e9koztat\u00f3 honlap a TDK munk\u00e1r\u00f3l<\/strong><\/a><\/span><br \/>\n<span style=\"color: #993300\"><strong><a href=\"https:\/\/semmelweis.hu\/aok\/oktatas\/szakdolgozat\/\">Egyetemi t\u00e1j\u00e9koztat\u00f3 honlap szakdolgozatot \u00edr\u00f3 \u00c1OK hallgat\u00f3k r\u00e9sz\u00e9re<\/a><\/strong><\/span><br \/>\n<span style=\"color: #993300\"><strong><a href=\"https:\/\/semmelweis.hu\/surgosseg\/files\/2021\/08\/Diplomamunka-kovetelmenyek.pdf\">A szakdolgozat \u00edr\u00e1s\u00e1nak k\u00f6vetelm\u00e9nyei a S\u00fcrg\u0151ss\u00e9gi Orvostani Klinik\u00e1n<\/a><\/strong><\/span><\/p>\n<div class=\"responsive-tabs\">\n<h2 class=\"tabtitle\">\u00c1OK hallgat\u00f3k r\u00e9sz\u00e9re<\/h2>\n<div class=\"tabcontent\">\n\n<h3>Jelenleg meghirdetett TDK \/ szakdolgozati t\u00e9m\u00e1k:<\/h3>\n<ul style=\"list-style-type: disc\">\n<li>\n<p><strong>Dr. Vass P\u00e9ter<\/strong> &#8211; E-mail: <a href=\"mailto:vass.peter@semmelweis.hu\"><em><strong>vass.p\u00e9ter@semmelweis.hu<\/strong><\/em><\/a><\/p>\n<p>\u00b7 Ionzavarok diagnosztik\u00e1ja \u00e9s kezel\u00e9s hat\u00e9konys\u00e1g\u00e1nak k\u00f6vet\u00e9se a v\u00e9rg\u00e1z vizsg\u00e1lat seg\u00edts\u00e9g\u00e9vel a s\u00fcrg\u0151ss\u00e9gi ell\u00e1t\u00e1sban.<\/p>\n<p>\u00b7 V\u00e9rg\u00e1z helye \u00e9s s\u00fcrg\u0151ss\u00e9gi oszt\u00e1lyos haszn\u00e1lata a l\u00e9gz\u00e9si zavarok felismer\u00e9s\u00e9ben \u00e9s a ter\u00e1pia k\u00f6vet\u00e9s\u00e9ben.<\/p>\n<p>\u00b7 V\u00e9rg\u00e1z vizsg\u00e1lattal diagnosztiz\u00e1lhat\u00f3 s\u00falyos metabolikus elt\u00e9r\u00e9sek kezel\u00e9se s\u00fcrg\u0151ss\u00e9gi oszt\u00e1lyon.<\/p>\n<p>\u00b7 Hideg\u00e1rtalmak, hypothermia felismer\u00e9se \u00e9s ell\u00e1t\u00e1sa s\u00fcrg\u0151ss\u00e9gi oszt\u00e1lyon.<\/p>\n<p>\u00b7 H\u0151\u00e1rtalmak, h\u0151guta (heat stroke) felismer\u00e9se \u00e9s ell\u00e1t\u00e1sa a s\u00fcrg\u0151ss\u00e9gi oszt\u00e1lyon.<\/p>\n<p>\u00b7 Hasi f\u00e1jdalom okozta kih\u00edv\u00e1sok a s\u00fcrg\u0151ss\u00e9gi oszt\u00e1lyon.<\/p>\n<p>\u00b7 Dinamikus koagul\u00e1ci\u00f3s vizsg\u00e1latok (pl. tromboelasztometria) helye a s\u00fcrg\u0151ss\u00e9gi ell\u00e1t\u00e1sban<\/p>\n<p>\u00b7 Gasztrointesztin\u00e1lis v\u00e9rz\u00e9sek ell\u00e1t\u00e1si strat\u00e9gi\u00e1i<\/p>\n<\/li>\n<li>\n<p><strong>Dr. Hetzman T. L\u00e1szl\u00f3<\/strong> \u2013 E-mail: <a href=\"mailto:hetzman.laszlo.tibor@semmelweis.hu\"><em><strong>hetzman.laszlo.tibor@semmelweis.hu<\/strong><\/em><\/a><\/p>\n<p>\u00b7 S\u00falyos s\u00e9r\u00fcltek ell\u00e1t\u00e1sa<\/p>\n<\/li>\n<li>\n<p><strong>Dr. S\u00f3ti \u00c1kos<\/strong> \u2013 E-mail: <a href=\"mailto:soti.akos.tamas@semmelweis.hu\"><em><strong>soti.akos.tamas@semmelweis.hu<\/strong><\/em><\/a><\/p>\n<p>\u00b7 Emelt szint\u0171 l\u00e9g\u00fatbiztos\u00edt\u00e1s gyakorlata \u00e9s min\u0151s\u00e9gbiztos\u00edt\u00e1sa s\u00fcrg\u0151ss\u00e9gi oszt\u00e1lyon.<\/p>\n<p>\u00b7 S\u00fcrg\u0151ss\u00e9gi Oszt\u00e1lyon 72 \u00f3r\u00e1n bel\u00fcl val\u00f3 ism\u00e9telt megjelen\u00e9s okainak vizsg\u00e1lata .<\/p>\n<\/li>\n<li>\n<p><strong>Dr. Melicher D\u00f3ra<\/strong> \u2013 E-mail: <a href=\"mailto:melicher.dora@semmelweis.hu\"><strong><em>melicher.dora@semmelweis.hu<\/em><\/strong><\/a><\/p>\n<p>\u00b7 Onkol\u00f3giai betegek s\u00fcrg\u0151ss\u00e9gi ell\u00e1t\u00e1sa<\/p>\n<p>\u00b7 Beteghez rendelt v\u00e9rz\u00e9smenedzsment a s\u00fcrg\u0151ss\u00e9gi oszt\u00e1lyon<\/p>\n<\/li>\n<li>\n<p><strong>Dr. B\u00e9kefi L\u00e1szl\u00f3<\/strong> \u2013 E-mail: <a href=\"mailto:bekefi.laszlo@semmelweis.hu\"><em><strong>bekefi.laszlo@semmelweis.hu<\/strong><\/em><\/a><\/p>\n<p>\u00b7 Bedside ultrahang szerepe s\u00fcrg\u0151ss\u00e9gi k\u00f3rk\u00e9pek differenci\u00e1ldiagnosztik\u00e1j\u00e1ban<\/p>\n<\/li>\n<li>\n<p><strong>Dr. Ga\u00e1l-Marschal Szabolcs<\/strong> \u2013 E-mail: <a href=\"mailto:gaal.szabolcs@semmelweis.hu\"><em><strong>gaal.szabolcs@semmelweis.hu<\/strong><\/em><\/a><\/p>\n<p>\u00b7 Id\u0151s betegek s\u00fcrg\u0151ss\u00e9gi ell\u00e1t\u00e1s\u00e1nak min\u0151s\u00e9ge \u00e9s betegk\u00f6zpont\u00fa kimeneteli mutat\u00f3i<\/p>\n<p>\u00b7 Az id\u0151skor \u00e9s az esend\u0151s\u00e9g (frailty) vizsg\u00e1lata a s\u00fcrg\u0151ss\u00e9gi oszt\u00e1lyon<\/p>\n<\/li>\n<li>\n<p><strong>Dr. Mer\u00e9nyi Andr\u00e1s<\/strong> \u2013 E-mail: <a href=\"mailto:merenyi.andras.gabor@semmelweis.hu\"><em><strong>merenyi.andras.gabor@semmelweis.hu<\/strong><\/em><\/a><\/p>\n<p>\u00b7 Extracellul\u00e1ris vezikul\u00e1k diagnosztikai szerepe szepszisben.<\/p>\n<\/li>\n<li>\n<p><strong>Dr. Fazekas Bal\u00e1zs<\/strong> \u2013 E-mail: <a href=\"mailto:fazekas.balazs@semmelweis.hu\"><em><strong>fazekas.balazs@semmelweis.hu<\/strong><\/em><\/a><\/p>\n<p>\u00b7 Akut neurol\u00f3giai k\u00f3rk\u00e9pek diagnosztik\u00e1ja a s\u00fcrg\u0151ss\u00e9gi ell\u00e1t\u00e1sban<\/p>\n<\/li>\n<\/ul>\n\n<\/div><h2 class=\"tabtitle\">ETK hallgat\u00f3k r\u00e9sz\u00e9re<\/h2>\n<div class=\"tabcontent\">\n\n<h3>Jelenleg meghirdetett TDK \/ szakdolgozati t\u00e9m\u00e1k:<\/h3>\n<ul>\n<li><strong>Az extr\u00e9m h\u0151m\u00e9rs\u00e9kletek okozta \u00e1llapotok s\u00fcrg\u0151ss\u00e9gi ell\u00e1t\u00e1sa.<br \/>\n<\/strong>\u00c1d\u00e1m Korn\u00e9l<\/li>\n<li><strong>Ionh\u00e1ztart\u00e1si egyens\u00falyzavarok felismer\u00e9se \u00e9s kezel\u00e9se a s\u00fcrg\u0151ss\u00e9gi ell\u00e1t\u00e1sban.<br \/>\n<\/strong>\u00c1d\u00e1m Korn\u00e9l<\/li>\n<li><strong>Mesters\u00e9ges intelligencia alkalmaz\u00e1sa a szakdolgoz\u00f3i feladatok t\u00e1mogat\u00e1s\u00e1<span class=\"mark7jza4sh4t\" data-markjs=\"true\" data-ogac=\"\" data-ogab=\"\" data-ogsc=\"\" data-ogsb=\"\">ba<\/span>n a s\u00fcrg\u0151ss\u00e9gi oszt\u00e1lyon.<br \/>\n<\/strong>\u00c1d\u00e1m Korn\u00e9l<\/li>\n<li><strong>Betegel\u00e9gedetts\u00e9g a s\u00fcrg\u0151ss\u00e9gi ell\u00e1t\u00e1sban.<\/strong><br \/>\n\u00c1d\u00e1m Korn\u00e9l<\/li>\n<li><span data-olk-copy-source=\"MessageBody\"><strong>Szeptikus betegek folyad\u00e9kter\u00e1pi\u00e1ja, valamint az eredm\u00e9ny \u00e9rt\u00e9kel\u00e9s\u00e9nek lehet\u0151s\u00e9gei s\u00fcrg\u0151ss\u00e9gi oszt\u00e1lyon.<\/strong>\u00a0<br \/>\n<\/span>Nagy G\u00e1bor<\/li>\n<li><span data-olk-copy-source=\"MessageBody\"><strong>Kritikus \u00e1llapot\u00fa betegek oxig\u00e9nter\u00e1pi\u00e1ja a hypo-, illetve hyperoxeamia potenci\u00e1lis\u00a0 k\u00f6vetkezm\u00e9nyeinek t\u00fckr\u00e9ben.<\/strong><br \/>\n<\/span>Nagy G\u00e1bor<\/li>\n<li><span data-olk-copy-source=\"MessageBody\"><strong>Kering\u00e9si el\u00e9gtelens\u00e9g korai ell\u00e1t\u00e1sa s\u00fcrg\u0151ss\u00e9gi oszt\u00e1lyon.<\/strong><br \/>\n<\/span>Nagy G\u00e1bor<\/li>\n<li><strong>Kering\u00e9si el\u00e9gtelens\u00e9g korai ell\u00e1t\u00e1sa s\u00fcrg\u0151ss\u00e9gi oszt\u00e1lyon.<br \/>\n<\/strong>Nagy G\u00e1bor<\/li>\n<li><span data-olk-copy-source=\"MessageBody\"><strong> Szeptikus betegek korai, emp\u00edrikusan alkalmazott antibiotikum ter\u00e1pi\u00e1j\u00e1nak kimenetelre gyakorolt hat\u00e1sa.<\/strong>\u00a0<br \/>\n<\/span>Nagy G\u00e1bor<\/li>\n<li><span data-olk-copy-source=\"MessageBody\"><strong>A hasi f\u00e1jdalmak differenci\u00e1ldiagnosztik\u00e1ja.<\/strong><br \/>\n<\/span>Ungv\u00e1ri D\u00f3ra<\/li>\n<li data-olk-copy-source=\"MessageBody\"><strong>A s\u00fcrg\u0151ss\u00e9gi oszt\u00e1lyon el\u0151fordul\u00f3 pszichi\u00e1triai v\u00e9szhelyzetek kezel\u00e9se.<\/strong><br \/>\nFarkas Barbara<\/li>\n<li><strong>A diabeteses ketoacid\u00f3zis korai diagn\u00f3zis\u00e1nak szerepe a kezel\u00e9si kimenetelek jav\u00edt\u00e1s\u00e1ban.<\/strong><br \/>\nFarkas Barbara<\/li>\n<li><strong>A cukorbetegs\u00e9g t\u00edpusai k\u00f6z\u00f6tti k\u00fcl\u00f6nbs\u00e9gek a diabeteses ketoacid\u00f3zis kialakul\u00e1s\u00e1ban.<\/strong><br \/>\nFarkas Barbara<\/li>\n<li><strong>A kr\u00f3nikus veseel\u00e9gtelens\u00e9g akut exacerb\u00e1ci\u00f3j\u00e1nak s\u00fcrg\u0151ss\u00e9gi kezel\u00e9si strat\u00e9gi\u00e1i.<\/strong><br \/>\nFarkas Barbara<\/li>\n<li><strong>A gasztrointesztin\u00e1lis v\u00e9rz\u00e9s s\u00fcrg\u0151ss\u00e9gi diagn\u00f3zis\u00e1nak \u00e9s kezel\u00e9s\u00e9nek ir\u00e1nyelvei\/A s\u00fcrg\u0151ss\u00e9gi ell\u00e1t\u00e1s hat\u00e9konys\u00e1ga a gasztrointesztin\u00e1lis v\u00e9rz\u00e9sben szenved\u0151 betegek eset\u00e9n.<\/strong><br \/>\nFarkas Barbara<\/li>\n<li><strong>Etikai k\u00e9rd\u00e9sek a gasztrointesztin\u00e1lis v\u00e9rz\u00e9s kezel\u00e9s\u00e9ben: d\u00f6nt\u00e9si dilemm\u00e1k a s\u00fcrg\u0151ss\u00e9gi ell\u00e1t\u00e1sban.<\/strong><br \/>\nFarkas Barbara<\/li>\n<li><strong>A non-invaz\u00edv l\u00e9legeztet\u00e9s szerepe a l\u00e9gz\u00e9si el\u00e9gtelens\u00e9g kezel\u00e9s\u00e9ben: tapasztalatok \u00e9s eredm\u00e9nyek.<\/strong><br \/>\nFarkas Barbara<\/li>\n<li><strong>A l\u00e9gz\u00e9si el\u00e9gtelens\u00e9g kezel\u00e9si lehet\u0151s\u00e9gei s\u00fcrg\u0151ss\u00e9gi oszt\u00e1lyokon.<\/strong><br \/>\nFarkas Barbara<\/li>\n<\/ul>\n<\/div><\/div>\n","protected":false},"excerpt":{"rendered":"<p>TDK hallgat\u00f3k, valamint szakdolgozatot \u00edr\u00f3k jelentkez\u00e9s\u00e9t folyamatosan v\u00e1rjuk. Jelentkez\u00e9s menete: Az al\u00e1bb meghirdetett t\u00e9m\u00e1k k\u00f6z\u00fcl v\u00e1lasztva el\u0151sz\u00f6r a t\u00e9mavezet\u0151vel sz\u00fcks\u00e9ges emailben felvenni a kapcsolatot. A t\u00e9mavezet\u0151vel val\u00f3 meg\u00e1llapod\u00e1st k\u00f6vet\u0151en t\u00e1j\u00e9koztat\u00e1s c\u00e9lj\u00e1b\u00f3l Dr. Melicher D\u00f3ra kutat\u00e1si felel\u0151s email-ben t\u00f6rt\u00e9n\u0151 t\u00e1j\u00e9koztat\u00e1s\u00e1t k\u00e9rj\u00fck ( <a href=\"mailto:melicher.dora@semmelweis.hu\">melicher.dora@semmelweis.hu<\/a> ). <a href=\"https:\/\/semmelweis.hu\/tdk\/\">Egyetemi t\u00e1j\u00e9koztat\u00f3 honlap a TDK munk\u00e1r\u00f3l<\/a> <a href=\"https:\/\/semmelweis.hu\/aok\/oktatas\/szakdolgozat\/\">Egyetemi t\u00e1j\u00e9koztat\u00f3 honlap szakdolgozatot \u00edr\u00f3 \u00c1OK hallgat\u00f3k r\u00e9sz\u00e9re<\/a> <a href=\"https:\/\/semmelweis.hu\/surgosseg\/files\/2021\/08\/Diplomamunka-kovetelmenyek.pdf\">A szakdolgozat \u00edr\u00e1s\u00e1nak k\u00f6vetelm\u00e9nyei a S\u00fcrg\u0151ss\u00e9gi Orvostani Klinik\u00e1n<\/a> Jelenleg meghirdetett TDK \/ szakdolgozati t\u00e9m\u00e1k: Dr. Vass P\u00e9ter &#8211; E-mail: <a href=\"mailto:vass.peter@semmelweis.hu\">vass.p\u00e9ter@semmelweis.hu<\/a> \u00b7 Ionzavarok &hellip;<\/p>\n","protected":false},"author":102257,"featured_media":0,"parent":162,"menu_order":1,"comment_status":"closed","ping_status":"closed","template":"","meta":{"_acf_changed":false,"footnotes":""},"categories":[],"tags":[],"class_list":["post-2060","page","type-page","status-publish","hentry"],"acf":[],"_links":{"self":[{"href":"https:\/\/semmelweis.hu\/surgosseg\/wp-json\/wp\/v2\/pages\/2060","targetHints":{"allow":["GET"]}}],"collection":[{"href":"https:\/\/semmelweis.hu\/surgosseg\/wp-json\/wp\/v2\/pages"}],"about":[{"href":"https:\/\/semmelweis.hu\/surgosseg\/wp-json\/wp\/v2\/types\/page"}],"author":[{"embeddable":true,"href":"https:\/\/semmelweis.hu\/surgosseg\/wp-json\/wp\/v2\/users\/102257"}],"replies":[{"embeddable":true,"href":"https:\/\/semmelweis.hu\/surgosseg\/wp-json\/wp\/v2\/comments?post=2060"}],"version-history":[{"count":11,"href":"https:\/\/semmelweis.hu\/surgosseg\/wp-json\/wp\/v2\/pages\/2060\/revisions"}],"predecessor-version":[{"id":2137,"href":"https:\/\/semmelweis.hu\/surgosseg\/wp-json\/wp\/v2\/pages\/2060\/revisions\/2137"}],"up":[{"embeddable":true,"href":"https:\/\/semmelweis.hu\/surgosseg\/wp-json\/wp\/v2\/pages\/162"}],"wp:attachment":[{"href":"https:\/\/semmelweis.hu\/surgosseg\/wp-json\/wp\/v2\/media?parent=2060"}],"wp:term":[{"taxonomy":"category","embeddable":true,"href":"https:\/\/semmelweis.hu\/surgosseg\/wp-json\/wp\/v2\/categories?post=2060"},{"taxonomy":"post_tag","embeddable":true,"href":"https:\/\/semmelweis.hu\/surgosseg\/wp-json\/wp\/v2\/tags?post=2060"}],"curies":[{"name":"wp","href":"https:\/\/api.w.org\/{rel}","templated":true}]}}