{"id":1705,"date":"2023-01-11T10:05:03","date_gmt":"2023-01-11T09:05:03","guid":{"rendered":"https:\/\/semmelweis.hu\/surgosseg\/?page_id=1705"},"modified":"2025-09-30T22:44:44","modified_gmt":"2025-09-30T20:44:44","slug":"foundation","status":"publish","type":"page","link":"https:\/\/semmelweis.hu\/surgosseg\/en\/foundation\/","title":{"rendered":"Foundation"},"content":{"rendered":"<p>The Foundation for Integrated Patient Care, established in 2017, is a major supporter of the Emergency Medicine Clinic and you can donate 1% of your tax.<\/p>\n<p>Individuals and companies can also support our work through the Foundation.<\/p>\n<p><strong>We welcome your support directly or by donating 1% of your tax!<\/strong><\/p>\n<p><strong>Details<\/strong><br \/>\nThe name of the foundation is: Integr\u00e1lt Betegell\u00e1t\u00e1s\u00e9rt K\u00f6zhaszn\u00fa Alap\u00edtv\u00e1ny (Foundation for Integrated Patient Care)\u00a0<br \/>\nAddress: 1048 Budapest, Homot\u00f6vis utca 101.-103. fszt<br \/>\nBank account number: 12100011-10328620-00000000<br \/>\nTax number: 18941861-1-41<br \/>\nRegistration number: 13-01-0003901<\/p>\n<p>Chairman of the Board of Trustees of the Foundation: Dr Fenyves B\u00e1nk<br \/>\n<a href=\"mailto:fenyves.bank@semmelweis.hu\">fenyves.bank@semmelweis.hu<\/a><\/p>\n","protected":false},"excerpt":{"rendered":"<p>The Foundation for Integrated Patient Care, established in 2017, is a major supporter of the Emergency Medicine Clinic and you can donate 1% of your tax. Individuals and companies can also support our work through the Foundation. We welcome your support directly or by donating 1% of your tax! Details The name of the foundation &hellip;<\/p>\n","protected":false},"author":102014,"featured_media":0,"parent":0,"menu_order":4,"comment_status":"closed","ping_status":"closed","template":"","meta":{"_acf_changed":false,"footnotes":""},"categories":[],"tags":[],"class_list":["post-1705","page","type-page","status-publish","hentry"],"acf":[],"_links":{"self":[{"href":"https:\/\/semmelweis.hu\/surgosseg\/wp-json\/wp\/v2\/pages\/1705","targetHints":{"allow":["GET"]}}],"collection":[{"href":"https:\/\/semmelweis.hu\/surgosseg\/wp-json\/wp\/v2\/pages"}],"about":[{"href":"https:\/\/semmelweis.hu\/surgosseg\/wp-json\/wp\/v2\/types\/page"}],"author":[{"embeddable":true,"href":"https:\/\/semmelweis.hu\/surgosseg\/wp-json\/wp\/v2\/users\/102014"}],"replies":[{"embeddable":true,"href":"https:\/\/semmelweis.hu\/surgosseg\/wp-json\/wp\/v2\/comments?post=1705"}],"version-history":[{"count":7,"href":"https:\/\/semmelweis.hu\/surgosseg\/wp-json\/wp\/v2\/pages\/1705\/revisions"}],"predecessor-version":[{"id":2436,"href":"https:\/\/semmelweis.hu\/surgosseg\/wp-json\/wp\/v2\/pages\/1705\/revisions\/2436"}],"wp:attachment":[{"href":"https:\/\/semmelweis.hu\/surgosseg\/wp-json\/wp\/v2\/media?parent=1705"}],"wp:term":[{"taxonomy":"category","embeddable":true,"href":"https:\/\/semmelweis.hu\/surgosseg\/wp-json\/wp\/v2\/categories?post=1705"},{"taxonomy":"post_tag","embeddable":true,"href":"https:\/\/semmelweis.hu\/surgosseg\/wp-json\/wp\/v2\/tags?post=1705"}],"curies":[{"name":"wp","href":"https:\/\/api.w.org\/{rel}","templated":true}]}}