{"id":162,"date":"2016-08-23T13:19:26","date_gmt":"2016-08-23T11:19:26","guid":{"rendered":"http:\/\/semmelweis.hu\/surgosseg\/?page_id=162"},"modified":"2024-04-10T15:44:08","modified_gmt":"2024-04-10T13:44:08","slug":"kutatas","status":"publish","type":"page","link":"https:\/\/semmelweis.hu\/surgosseg\/kutatas\/","title":{"rendered":"Kutat\u00e1s"},"content":{"rendered":"<h2>Kutat\u00e1si tev\u00e9kenys\u00e9g<\/h2>\n<p style=\"text-align: left\">A S\u00fcrg\u0151ss\u00e9gi Orvostani Klinik\u00e1n folyamatos \u00e9s dinamikusan b\u0151v\u00fcl\u0151 kutat\u00e1si tev\u00e9kenys\u00e9g is folyik. Nyitottak vagyunk az egy\u00fcttm\u0171k\u00f6d\u00e9sre t\u00e1rsszakm\u00e1kkal, t\u00e1rsklinik\u00e1kkal, ipari partnerekkel, valamint \u00f6n\u00e1ll\u00f3, investigator-initiated kutat\u00e1si projektjeink is futnak.\u00a0<\/p>\n<p style=\"text-align: left\">A klinik\u00e1nak jelenleg 3 PhD fokozattal rendelkez\u0151, \u00e9s 3 doktori k\u00e9pz\u00e9st folytat\u00f3 munkat\u00e1rsa van.\u00a0<\/p>\n<p>Publik\u00e1ci\u00f3s aktivit\u00e1sunk a Magyar Tudom\u00e1nyos M\u0171vek T\u00e1r\u00e1ban <a href=\"https:\/\/m2.mtmt.hu\/gui2\/?type=institutes&amp;mode=browse&amp;sel=institutes22258\">ide kattintva<\/a> tekinthet\u0151 meg.<\/p>\n<p>&nbsp;<\/p>\n<h2>\u00a0<\/h2>\n","protected":false},"excerpt":{"rendered":"<p>Kutat\u00e1si tev\u00e9kenys\u00e9g<br \/>\nA S\u00fcrg\u0151ss\u00e9gi Orvostani Klinik\u00e1n folyamatos \u00e9s dinamikusan b\u0151v\u00fcl\u0151 kutat\u00e1si tev\u00e9kenys\u00e9g is folyik. Nyitottak vagyunk az egy\u00fcttm\u0171k\u00f6d\u00e9sre t\u00e1rsszakm\u00e1kkal, t\u00e1rsklinik\u00e1kkal, ipari partnerekkel, valamint \u00f6n\u00e1ll\u00f3, investigator-initiated kutat\u00e1si projektjeink is futnak.\u00a0<br \/>\nA klinik\u00e1nak jelenleg 3 PhD fokozattal rendelkez\u0151, \u00e9s 3 doktori k\u00e9pz\u00e9st folytat\u00f3 munkat\u00e1rsa van.\u00a0<br \/>\nPublik\u00e1ci\u00f3s aktivit\u00e1sunk a Magyar Tudom\u00e1nyos M\u0171vek T\u00e1r\u00e1ban <a href=\"https:\/\/m2.mtmt.hu\/gui2\/?type=institutes&amp;mode=browse&amp;sel=institutes22258\">ide kattintva<\/a> tekinthet\u0151 meg.<br \/>\n&nbsp;<br \/>\n\u00a0<\/p>\n","protected":false},"author":101921,"featured_media":0,"parent":0,"menu_order":3,"comment_status":"closed","ping_status":"closed","template":"","meta":{"_acf_changed":false,"footnotes":""},"categories":[],"tags":[],"class_list":["post-162","page","type-page","status-publish","hentry"],"acf":[],"_links":{"self":[{"href":"https:\/\/semmelweis.hu\/surgosseg\/wp-json\/wp\/v2\/pages\/162","targetHints":{"allow":["GET"]}}],"collection":[{"href":"https:\/\/semmelweis.hu\/surgosseg\/wp-json\/wp\/v2\/pages"}],"about":[{"href":"https:\/\/semmelweis.hu\/surgosseg\/wp-json\/wp\/v2\/types\/page"}],"author":[{"embeddable":true,"href":"https:\/\/semmelweis.hu\/surgosseg\/wp-json\/wp\/v2\/users\/101921"}],"replies":[{"embeddable":true,"href":"https:\/\/semmelweis.hu\/surgosseg\/wp-json\/wp\/v2\/comments?post=162"}],"version-history":[{"count":14,"href":"https:\/\/semmelweis.hu\/surgosseg\/wp-json\/wp\/v2\/pages\/162\/revisions"}],"predecessor-version":[{"id":2072,"href":"https:\/\/semmelweis.hu\/surgosseg\/wp-json\/wp\/v2\/pages\/162\/revisions\/2072"}],"wp:attachment":[{"href":"https:\/\/semmelweis.hu\/surgosseg\/wp-json\/wp\/v2\/media?parent=162"}],"wp:term":[{"taxonomy":"category","embeddable":true,"href":"https:\/\/semmelweis.hu\/surgosseg\/wp-json\/wp\/v2\/categories?post=162"},{"taxonomy":"post_tag","embeddable":true,"href":"https:\/\/semmelweis.hu\/surgosseg\/wp-json\/wp\/v2\/tags?post=162"}],"curies":[{"name":"wp","href":"https:\/\/api.w.org\/{rel}","templated":true}]}}