{"id":16,"date":"2022-01-01T13:00:25","date_gmt":"2022-01-01T12:00:25","guid":{"rendered":"http:\/\/semmelweis.hu\/surgosseg\/?page_id=16"},"modified":"2022-06-17T00:49:14","modified_gmt":"2022-06-16T22:49:14","slug":"betegellatas","status":"publish","type":"page","link":"https:\/\/semmelweis.hu\/surgosseg\/betegellatas\/","title":{"rendered":"Betegell\u00e1t\u00e1s"},"content":{"rendered":"","protected":false},"excerpt":{"rendered":"<p>Klinik\u00e1nkon a betegell\u00e1t\u00e1s nem \u00e9rkez\u00e9si sorrend szerint, hanem objekt\u00edv t\u00e9nyez\u0151ket figyelembe v\u00e9ve, a beteg aktu\u00e1lis \u00e1llapota \u00e9s akut ell\u00e1t\u00e1si sz\u00fcks\u00e9ge szerinti rangsorol\u00e1s alapj\u00e1n t\u00f6rt\u00e9nik. K\u00e9szs\u00e9ggel fogadjuk \u00d6nt, ha hirtelen fell\u00e9p\u0151 t\u00fcnetet, f\u00e1jdalmat, \u00e1llapotroml\u00e1st \u00e9szlel! Klinik\u00e1nkon minden hozz\u00e1nk \u00e9rkez\u0151 beteget az akut ell\u00e1t\u00e1si sz\u00fcks\u00e9g\u00e9nek megfelel\u0151en ell\u00e1tunk. Fontos azonban, hogy traumatol\u00f3giai\u00a0esetek\u00a0(baleseti s\u00e9r\u00fcl\u00e9sek)\u00a0ell\u00e1t\u00e1s\u00e1ra\u00a0oszt\u00e1lyunkon\u00a0nincs lehet\u0151s\u00e9g. A bejelentkez\u00e9sr\u0151l \u00e9s a betegell\u00e1t\u00e1s r\u00e9szletes folyamat\u00e1r\u00f3l az al\u00e1bbi linkre kattintva olvashatnak b\u0151vebben. <\/p>\n","protected":false},"author":12,"featured_media":1368,"parent":0,"menu_order":1,"comment_status":"closed","ping_status":"closed","template":"template-fullwidth.php","meta":{"_acf_changed":false,"footnotes":""},"categories":[],"tags":[],"class_list":["post-16","page","type-page","status-publish","has-post-thumbnail","hentry"],"acf":[],"_links":{"self":[{"href":"https:\/\/semmelweis.hu\/surgosseg\/wp-json\/wp\/v2\/pages\/16","targetHints":{"allow":["GET"]}}],"collection":[{"href":"https:\/\/semmelweis.hu\/surgosseg\/wp-json\/wp\/v2\/pages"}],"about":[{"href":"https:\/\/semmelweis.hu\/surgosseg\/wp-json\/wp\/v2\/types\/page"}],"author":[{"embeddable":true,"href":"https:\/\/semmelweis.hu\/surgosseg\/wp-json\/wp\/v2\/users\/12"}],"replies":[{"embeddable":true,"href":"https:\/\/semmelweis.hu\/surgosseg\/wp-json\/wp\/v2\/comments?post=16"}],"version-history":[{"count":13,"href":"https:\/\/semmelweis.hu\/surgosseg\/wp-json\/wp\/v2\/pages\/16\/revisions"}],"predecessor-version":[{"id":1425,"href":"https:\/\/semmelweis.hu\/surgosseg\/wp-json\/wp\/v2\/pages\/16\/revisions\/1425"}],"wp:featuredmedia":[{"embeddable":true,"href":"https:\/\/semmelweis.hu\/surgosseg\/wp-json\/wp\/v2\/media\/1368"}],"wp:attachment":[{"href":"https:\/\/semmelweis.hu\/surgosseg\/wp-json\/wp\/v2\/media?parent=16"}],"wp:term":[{"taxonomy":"category","embeddable":true,"href":"https:\/\/semmelweis.hu\/surgosseg\/wp-json\/wp\/v2\/categories?post=16"},{"taxonomy":"post_tag","embeddable":true,"href":"https:\/\/semmelweis.hu\/surgosseg\/wp-json\/wp\/v2\/tags?post=16"}],"curies":[{"name":"wp","href":"https:\/\/api.w.org\/{rel}","templated":true}]}}