{"id":1461,"date":"2022-08-17T11:26:15","date_gmt":"2022-08-17T09:26:15","guid":{"rendered":"https:\/\/semmelweis.hu\/surgosseg\/?page_id=1461"},"modified":"2025-09-09T10:34:57","modified_gmt":"2025-09-09T08:34:57","slug":"gremium","status":"publish","type":"page","link":"https:\/\/semmelweis.hu\/surgosseg\/gremium\/","title":{"rendered":"Gr\u00e9mium"},"content":{"rendered":"<p>Az Oxyol\u00f3gia \u00e9s S\u00fcrg\u0151ss\u00e9gi Orvostan szakk\u00e9pz\u00e9si gr\u00e9mium a Semmelweis Egyetem r\u00e9gi\u00f3 szakk\u00e9pz\u00e9s\u00e9nek, szakorvosk\u00e9pz\u00e9s\u00e9nek szakmai ir\u00e1ny\u00edt\u00e1s\u00e1t v\u00e9gzi. \u00a0<\/p>\n<p>A gr\u00e9mium eln\u00f6ke: Dr. Varga Csaba egyetemi docens<\/p>\n<p>Kapcsolatfelv\u00e9tel a gr\u00e9miummal: <br \/>\nDr. Imecz Judit egyetemi tan\u00e1rseg\u00e9d, gr\u00e9miumi tag<br \/>\nTanfolyamszervez\u0151, <span class=\"tel-value\">posztgradu\u00e1lis \u00e9s gr\u00e9miumi \u00fcgyek<\/span>: Sch\u00f6ff Ildik\u00f3<br \/>\n<a href=\"mailto:gremium.sok@med.semmelweis-univ.hu\">gremium.sok@semmelweis.hu<\/a><\/p>\n<hr \/>\n<p><strong>Rezidens k\u00e9pz\u00e9s:<\/strong><\/p>\n<p><strong>Jelentkez\u00e9s: RENY fel\u00fcleten kereszt\u00fcl.<\/strong><\/p>\n<hr \/>\n<p>Az Oxyol\u00f3gia \u00e9s S\u00fcrg\u0151ss\u00e9gi Orvostan szakk\u00e9pz\u00e9s sor\u00e1n k\u00f6telez\u0151 tanfolyamok el\u00e9rhet\u0151s\u00e9g\u00e9vel kapcsolatban az OFTEX az ir\u00e1nyad\u00f3.\u00a0<\/p>\n<ul>\n<li>ALS: <a href=\"https:\/\/www.reanimatio.hu\">https:\/\/www.reanimatio.hu<\/a><\/li>\n<li>EPALS: <a href=\"https:\/\/www.reanimatio.hu\">https:\/\/www.reanimatio.hu<\/a><\/li>\n<li>ETC \/ ATLS: <a href=\"https:\/\/www.erc.edu\/courses\/european-trauma-course\">https:\/\/www.erc.edu\/courses\/european-trauma-course<\/a><\/li>\n<li>ASLS, POCUS: <a href=\"https:\/\/msotke.kmcongress.com\/\">http:\/\/msotke.kmcongress.com<\/a><\/li>\n<\/ul>\n<hr \/>\n<p><i>k\u00e9pz\u00e9si id\u0151pontok:<\/i><\/p>\n<p><span style=\"text-decoration: underline\">&#8211;\u00a0<b><span style=\"color: #000000;text-decoration: underline\">L\u00c9LEGEZTET\u00c9S TANFOLYAM<\/span><\/b>\u00a0\u2013<\/span><\/p>\n<p><strong>S\u00fcrg\u0151ss\u00e9gi szakvizsga el\u0151k\u00e9sz\u00edt\u0151 l\u00e9legeztet\u00e9si tanfolyam<\/strong><\/p>\n<div>\n<div>Jelentkez\u00e9s: <span style=\"color: #00ccff\">\u00a0<span style=\"color: #3366ff\"><strong><a href=\"https:\/\/msotke.us14.list-manage.com\/track\/click?u=14e473b9cd4f72c10dfe0b7d8&amp;id=a48b456505&amp;e=5a5352ad45\">Jelentkez\u00e9si \u0171rlap<\/a><\/strong><\/span><\/span><\/div>\n<div>OFTEX link\/k\u00f3dsz\u00e1m: <a href=\"https:\/\/oftex.hu\/project_o\/actual_prg\/system\/launch.php?pg=.%2Foftex%2FKONG_List.php%3FAllapotTipus%3D9&amp;ACNT=Fkod&amp;RecordNumber=25&amp;OldalSzam=0&amp;Sor=12&amp;DPW=&amp;AllapotTipus=9&amp;Sem=3&amp;Sm=2&amp;NoEgyetem=1&amp;ablakcim=Akkredit%C3%A1lt+kongresszusok&amp;mtext=&amp;Action=0&amp;Order=0&amp;Fszemeszter=42&amp;Fkod=93822&amp;Fszerv=&amp;Ffocim=&amp;Fcel=&amp;Fkezdodatum=&amp;Fhely=\" target=\"_blank\" rel=\"noopener\">93822<\/a>\u00a0<\/div>\n<div>Szervez\u0151: MSOTKE<\/div>\n<div>\n<p>Id\u0151pont:\u00a02025. okt\u00f3ber 7\u20139.<br \/>\nHelysz\u00edn:\u00a0Semmelweis Egyetem, Bels\u0151 Klinikai T\u00f6mb, Baross utca 23\u201325., Tanterem<\/p>\n<p><strong>R\u00e9szv\u00e9teli d\u00edj:<\/strong>\u00a0105.000 Ft\/f\u0151<\/p>\n<p><strong>Hat\u00e1rid\u0151 a szakvizsga el\u0151tt \u00e1ll\u00f3knak fenntartott helyekre:<\/strong>\u00a02025.09.14.<\/p>\n<p><strong>Fizet\u00e9si inform\u00e1ci\u00f3k:<\/strong><br \/>\nA tanfolyam d\u00edj\u00e1t \u00e1tutal\u00e1ssal k\u00e9rj\u00fck rendezni az MSOTKE Erste Bankn\u00e1l vezetett sz\u00e1ml\u00e1j\u00e1ra:<br \/>\n11600006-00000000-99200488<br \/>\nAmennyiben k\u00f6lts\u00e9gv\u00e1llal\u00f3 fizeti a r\u00e9szv\u00e9teli d\u00edjat, a\u00a0<strong>K\u00f6lts\u00e9gv\u00e1llal\u00f3i nyilatkozatot<\/strong>\u00a0a jelentkez\u00e9ssel egy\u00fctt, kit\u00f6ltve \u00e9s al\u00e1\u00edrva k\u00e9rj\u00fck megk\u00fcldeni az\u00a0<strong><a href=\"mailto:info@msotke.hu\">info@msotke.hu<\/a><\/strong> c\u00edmre.<\/p>\n<p><a href=\"https:\/\/msotke.us14.list-manage.com\/track\/click?u=14e473b9cd4f72c10dfe0b7d8&amp;id=9448773b86&amp;e=5a5352ad45\"><strong>K\u00f6lts\u00e9gv\u00e1llal\u00f3 nyilatkozat<\/strong><\/a><\/p>\n<p><a href=\"https:\/\/msotke.us14.list-manage.com\/track\/click?u=14e473b9cd4f72c10dfe0b7d8&amp;id=25554975ea&amp;e=5a5352ad45\"><strong>R\u00e9szletes program<\/strong><\/a><\/p>\n<\/div>\n<div>\u00a0<\/div>\n<\/div>\n<p><strong>&#8211; Katasztr\u00f3fa-medicina tanfolyam <\/strong>(SE SOK szervez\u00e9s\u0171) &#8211;<\/p>\n<div>\n<p>Oftex k\u00f3dsz\u00e1ma:\u00a0 <em>SE-SZTOK\/2025.II\/00422<\/em><\/p>\n<\/div>\n<div>\u00a0d\u00e1tum: 2025.09.16-09.17.<\/div>\n<div>Jelentkez\u00e9s OFTEX-en, \u00e9s az ott jel\u00f6lt jelentkez\u00e9si lap kit\u00f6lt\u00e9s\u00e9vel.<\/div>\n<div>\u00a0<\/div>\n<div>\u00a0<\/div>\n<div>&#8211;\u00a0<b>EKG tanfolyam<\/b> (SE SOK szervez\u00e9s\u0171) &#8211;<\/p>\n<div>SZERVEZ\u00c9S ALATT<\/div>\n<div>Jelentkez\u00e9s OFTEX-en, \u00e9s az ott jel\u00f6lt jelentkez\u00e9si lap kit\u00f6lt\u00e9s\u00e9vel.<\/div>\n<\/div>\n<div>\u00a0<\/div>\n<div>&#8211; <b>Oxyol\u00f3gia \u00e9s s\u00fcrg\u0151ss\u00e9gi orvostan &#8211; K\u00f6telez\u0151 szakvizsga el\u0151k\u00e9sz\u00edt\u0151 tanfolyam\u00a0<\/b>(SE SOK szervez\u00e9s\u0171) \u2013<\/p>\n<div>SZERVEZ\u00c9S ALATT<\/div>\n<div>Jelentkez\u00e9s OFTEX-en, \u00e9s az ott jel\u00f6lt jelentkez\u00e9si lap kit\u00f6lt\u00e9s\u00e9vel.<\/div>\n<\/div>\n<div>\u00a0<\/div>\n<div>\u00a0&#8211; <strong>Oxyol\u00f3gia-S\u00fcrg\u0151ss\u00e9gi Orvostan k\u00f6telez\u0151 szintentart\u00f3 tanfolyam <\/strong>(P\u00e9cs) Id\u0151pont: 2024.09.16-20.-ig<\/p>\n<p>Jelentkez\u00e9s az Oftex-en: PTE \u00c1OK\/2024.II\/00125 \u2013 Jelentkez\u00e9si hat\u00e1rid\u0151: 09.05.\u00a0 \u00a0 \u00a0 \u00a0 \u00a0 \u00a0 \u00a0 \u00a0 \u00a0 \u00a0 \u00a0 \u00a0 \u00a0 \u00a0 \u00a0 \u00a0 \u00a0 \u00a0 \u00a0 \u00a0 \u00a0 \u00a0 \u00a0 \u00a0 \u00a0 \u00a0 \u00a0 \u00a0 \u00a0 \u00a0 \u00a0 \u00a0 \u00a0 \u00a0 \u00a0 \u00a0 \u00a0 \u00a0 \u00a0 \u00a0 \u00a0 \u00a0 \u00a0 \u00a0 \u00a0<\/p>\n<p><span style=\"color: #0000ff\"><em>A tanfolyam <strong>megfeleltethet\u0151<\/strong> az OSO szakk\u00e9pz\u00e9sben k\u00f6telez\u0151, &#8222;<b>Oxyol\u00f3gia \u00e9s s\u00fcrg\u0151ss\u00e9gi orvostan &#8211; K\u00f6telez\u0151 szakvizsga el\u0151k\u00e9sz\u00edt\u0151 tanfolyam\u00e1nak&#8221;!<\/b><\/em><\/span><\/p>\n<p>&nbsp;<\/p>\n<\/div>\n<p><iframe loading=\"lazy\" src=\"https:\/\/calendar.google.com\/calendar\/embed?src=b7c82hcfgnbe34sare0c5iljss%40group.calendar.google.com&amp;ctz=Europe%2FBudapest\" width=\"800\" height=\"600\"><\/iframe><\/p>\n","protected":false},"excerpt":{"rendered":"<p>Az Oxyol\u00f3gia \u00e9s S\u00fcrg\u0151ss\u00e9gi Orvostan szakk\u00e9pz\u00e9si gr\u00e9mium a Semmelweis Egyetem r\u00e9gi\u00f3 szakk\u00e9pz\u00e9s\u00e9nek, szakorvosk\u00e9pz\u00e9s\u00e9nek szakmai ir\u00e1ny\u00edt\u00e1s\u00e1t v\u00e9gzi. \u00a0 A gr\u00e9mium eln\u00f6ke: Dr. Varga Csaba egyetemi docens Kapcsolatfelv\u00e9tel a gr\u00e9miummal: Dr. Imecz Judit egyetemi tan\u00e1rseg\u00e9d, gr\u00e9miumi tag Tanfolyamszervez\u0151, posztgradu\u00e1lis \u00e9s gr\u00e9miumi \u00fcgyek: Sch\u00f6ff Ildik\u00f3 <a href=\"mailto:gremium.sok@med.semmelweis-univ.hu\">gremium.sok@semmelweis.hu<\/a> Rezidens k\u00e9pz\u00e9s: Jelentkez\u00e9s: RENY fel\u00fcleten kereszt\u00fcl. Az Oxyol\u00f3gia \u00e9s S\u00fcrg\u0151ss\u00e9gi Orvostan szakk\u00e9pz\u00e9s sor\u00e1n &hellip;<\/p>\n","protected":false},"author":102256,"featured_media":0,"parent":0,"menu_order":4,"comment_status":"closed","ping_status":"closed","template":"","meta":{"_acf_changed":false,"footnotes":""},"categories":[],"tags":[],"class_list":["post-1461","page","type-page","status-publish","hentry"],"acf":[],"_links":{"self":[{"href":"https:\/\/semmelweis.hu\/surgosseg\/wp-json\/wp\/v2\/pages\/1461","targetHints":{"allow":["GET"]}}],"collection":[{"href":"https:\/\/semmelweis.hu\/surgosseg\/wp-json\/wp\/v2\/pages"}],"about":[{"href":"https:\/\/semmelweis.hu\/surgosseg\/wp-json\/wp\/v2\/types\/page"}],"author":[{"embeddable":true,"href":"https:\/\/semmelweis.hu\/surgosseg\/wp-json\/wp\/v2\/users\/102256"}],"replies":[{"embeddable":true,"href":"https:\/\/semmelweis.hu\/surgosseg\/wp-json\/wp\/v2\/comments?post=1461"}],"version-history":[{"count":12,"href":"https:\/\/semmelweis.hu\/surgosseg\/wp-json\/wp\/v2\/pages\/1461\/revisions"}],"predecessor-version":[{"id":2415,"href":"https:\/\/semmelweis.hu\/surgosseg\/wp-json\/wp\/v2\/pages\/1461\/revisions\/2415"}],"wp:attachment":[{"href":"https:\/\/semmelweis.hu\/surgosseg\/wp-json\/wp\/v2\/media?parent=1461"}],"wp:term":[{"taxonomy":"category","embeddable":true,"href":"https:\/\/semmelweis.hu\/surgosseg\/wp-json\/wp\/v2\/categories?post=1461"},{"taxonomy":"post_tag","embeddable":true,"href":"https:\/\/semmelweis.hu\/surgosseg\/wp-json\/wp\/v2\/tags?post=1461"}],"curies":[{"name":"wp","href":"https:\/\/api.w.org\/{rel}","templated":true}]}}