{"id":1426,"date":"2022-06-22T18:37:34","date_gmt":"2022-06-22T16:37:34","guid":{"rendered":"https:\/\/semmelweis.hu\/surgosseg\/?page_id=1426"},"modified":"2025-06-10T07:32:31","modified_gmt":"2025-06-10T05:32:31","slug":"demonstratorposition","status":"publish","type":"page","link":"https:\/\/semmelweis.hu\/surgosseg\/de\/unterrichtsangelegenheiten\/demonstratorposition\/","title":{"rendered":"Demonstratorposition"},"content":{"rendered":"<p><strong>Bewerbung f\u00fcr Famulus\/In Auftrag an der Klinik f\u00fcr Notfallmedizin\u00a0<\/strong><strong>\u00a0<\/strong><\/p>\n<p>Die Klinik f\u00fcr Notfallmedizin schreibt eine Bewerbung f\u00fcr Famulusse Stellen f\u00fcr die Studenten\/innen der Humanmedizin im Studienjahre 2025\/26 aus.\u00a0<\/p>\n<p><strong>Ziel der Bewerbung:<\/strong>\u00a0<\/p>\n<p>Die Einbeziehung die geeignete und wertw\u00fcrdige Studenten in der Lehr- und Forschungsarbeit der Notfallklinik bei dem Unterricht des Erste-Hilfe-Kurses. Damit schaffen wir die M\u00f6glichkeit sowohl der Schulung die Studenten auf einem h\u00f6heren beruflichen Niveau als auch der Vorbereitung den Nachschub der Klinik.\u00a0\u00a0<\/p>\n<p>Die Mindeststundenzahl f\u00fcr Famulusse ist 10 Stunden\/Monat im I. (deutsch) und II.(english) Semester dem Jahr 2025\/26.\u00a0\u00a0<\/p>\n<p><strong>Famulus Stelle<\/strong> bei fremdsprachliche (Deutsch\/Englisch) Ausbildung: 5 Studenten\u00a0<\/p>\n<p><strong>Voraussetzungen der Bewerbung:<\/strong>\u00a0<\/p>\n<ol>\n<li>Mindestens dritte Studienjahr<\/li>\n<li>Notendurchschnitt im vorigen Semester: mindestens 4,00<\/li>\n<li>Vorbildliches Verhalten<\/li>\n<li>\u00dcberdurchschnittliche Ausdrucksf\u00e4higkeit und Sprachkenntnisse<\/li>\n<li>Einsatzfreude f\u00fcr Mitarbeit beim Unterricht der Erste-Hilfe<\/li>\n<\/ol>\n<p><strong>Aufgaben der Famulusse:<\/strong>\u00a0<\/p>\n<ol>\n<li>Hilfe bei der Vorbereitung der Praktika (Nachpr\u00fcfung der Mannequins und andere Demonstrationszeugs)<\/li>\n<li>Helfen und Assistenz an den Praktika, technische Vorbereitung der Vorlesungen<\/li>\n<li>Der Famulus kann einzelnen praktischen Teil der Unterrichtsstunde unter der Aufsicht des Lehrers halten.<\/li>\n<li>Teilnahme bei der Organisierung der allf\u00e4lligen akademischen Wettbewerben<\/li>\n<li>Teilnahme bei der Ausarbeitung und Einleitung der neuen Praktikumsmethoden<\/li>\n<\/ol>\n<p><strong>Regeln des Famulus-T\u00e4tigkeit:\u00a0<\/strong>\u00a0<\/p>\n<ul>\n<li>Jeder Famulus muss an erste Unterrichtswoche bei dem Unterrichtsleiter melden und die Einteilung der Gruppen vereinbaren, in denen sie arbeiten m\u00f6chten.<\/li>\n<li>Am Amfang des Semesters muss jeder Famulus an der einmaliger Ausbildung der Lehrer der Erste-Hilfe teilnehmen.<\/li>\n<li>In jede Gruppe kann nur ein Famulus arbeiten<\/li>\n<li>In einem Semester nur drei Abwesenheit erlaubt<\/li>\n<li>Bedingungen der Unterschrift:<\/li>\n<li>Kein mehr Abwesenheit als erlaubt<\/li>\n<li>Aktiv Teilnahme an den Praktika, laut die Praktikumleiterin<\/li>\n<\/ul>\n<p><strong>Das Stipendium von dem Famulus:<\/strong>\u00a0<\/p>\n<p>Das Dekan hat die Entlohnung 20\u00a0000 Ft\/Monat, aber maximum 80\u00a0000 Ft\/Semester fixiert.\u00a0<\/p>\n<p><strong>Bewerbung:<\/strong>\u00a0<\/p>\n<p>Die Bewerbung sollte per E-Mail f\u00fcr Dr. Vass P\u00e9ter geschickt werden: edu.sok@<a href=\"mailto:vass.peter@med.semmelweis-univ.hu\">semmelweis.hu<\/a>\u00a0<\/p>\n<p>Die Bewerbung muss enthalten das NEPTUN Code, den vorigen Notendurchschnitt und den Namen der Bewerber, und einen kurzen Motivationsbrief (max. 100 W\u00f6rter) um warum sie bei Erste-Hilfe-Unterricht als Famulus arbeiten m\u00f6chtet.<\/p>\n<p><strong>Bewerbungsfrist: 4<em>. Juli 2025.<\/em>\u00a0<\/strong>\u00a0<\/p>\n<p>Die eingekommenen Bewerbungen werden bei dem Dekan der Humanmedizin sp\u00e4testens bis Anfangs des ersten Semesters und die Bewerber werden gleichzeitig notifiziert.\u00a0\u00a0<\/p>\n","protected":false},"excerpt":{"rendered":"<p>Bewerbung f\u00fcr Famulus\/In Auftrag an der Klinik f\u00fcr Notfallmedizin\u00a0\u00a0 Die Klinik f\u00fcr Notfallmedizin schreibt eine Bewerbung f\u00fcr Famulusse Stellen f\u00fcr die Studenten\/innen der Humanmedizin im Studienjahre 2025\/26 aus.\u00a0 Ziel der Bewerbung:\u00a0 Die Einbeziehung die geeignete und wertw\u00fcrdige Studenten in der Lehr- und Forschungsarbeit der Notfallklinik bei dem Unterricht des Erste-Hilfe-Kurses. Damit schaffen wir die M\u00f6glichkeit &hellip;<\/p>\n","protected":false},"author":102014,"featured_media":0,"parent":659,"menu_order":1,"comment_status":"closed","ping_status":"closed","template":"","meta":{"_acf_changed":false,"footnotes":""},"categories":[],"tags":[],"class_list":["post-1426","page","type-page","status-publish","hentry"],"acf":[],"_links":{"self":[{"href":"https:\/\/semmelweis.hu\/surgosseg\/wp-json\/wp\/v2\/pages\/1426","targetHints":{"allow":["GET"]}}],"collection":[{"href":"https:\/\/semmelweis.hu\/surgosseg\/wp-json\/wp\/v2\/pages"}],"about":[{"href":"https:\/\/semmelweis.hu\/surgosseg\/wp-json\/wp\/v2\/types\/page"}],"author":[{"embeddable":true,"href":"https:\/\/semmelweis.hu\/surgosseg\/wp-json\/wp\/v2\/users\/102014"}],"replies":[{"embeddable":true,"href":"https:\/\/semmelweis.hu\/surgosseg\/wp-json\/wp\/v2\/comments?post=1426"}],"version-history":[{"count":6,"href":"https:\/\/semmelweis.hu\/surgosseg\/wp-json\/wp\/v2\/pages\/1426\/revisions"}],"predecessor-version":[{"id":2333,"href":"https:\/\/semmelweis.hu\/surgosseg\/wp-json\/wp\/v2\/pages\/1426\/revisions\/2333"}],"up":[{"embeddable":true,"href":"https:\/\/semmelweis.hu\/surgosseg\/wp-json\/wp\/v2\/pages\/659"}],"wp:attachment":[{"href":"https:\/\/semmelweis.hu\/surgosseg\/wp-json\/wp\/v2\/media?parent=1426"}],"wp:term":[{"taxonomy":"category","embeddable":true,"href":"https:\/\/semmelweis.hu\/surgosseg\/wp-json\/wp\/v2\/categories?post=1426"},{"taxonomy":"post_tag","embeddable":true,"href":"https:\/\/semmelweis.hu\/surgosseg\/wp-json\/wp\/v2\/tags?post=1426"}],"curies":[{"name":"wp","href":"https:\/\/api.w.org\/{rel}","templated":true}]}}