{"id":1422,"date":"2022-06-17T00:48:15","date_gmt":"2022-06-16T22:48:15","guid":{"rendered":"https:\/\/semmelweis.hu\/surgosseg\/?page_id=1422"},"modified":"2026-01-22T10:43:09","modified_gmt":"2026-01-22T09:43:09","slug":"betegjogi-kepviselo","status":"publish","type":"page","link":"https:\/\/semmelweis.hu\/surgosseg\/betegellatas\/betegjogi-kepviselo\/","title":{"rendered":"Betegjogi k\u00e9pvisel\u0151"},"content":{"rendered":"<h4><strong>Betegjogi k\u00e9pvisel\u0151<\/strong><\/h4>\n<p>A betegjogi k\u00e9pvisel\u0151ket az <strong><a href=\"https:\/\/www.ijsz.hu\/\" target=\"_blank\" rel=\"noopener noreferrer\">Orsz\u00e1gos Betegjogi, Ell\u00e1tottjogi, Gyermekjogi \u00e9s Dokument\u00e1ci\u00f3s K\u00f6zpont<\/a><\/strong> nevezi ki.<\/p>\n<p>A Klinik\u00e1n illet\u00e9kes betegjogi k\u00e9pvisel\u0151:<br \/>\n<strong>Dr. Mina Andr\u00e1s<\/strong><br \/>\nbetegjogi k\u00e9pvisel\u0151<br \/>\nTelefon: +36 20 489 9577<br \/>\nE-mail: <a href=\"mailto:alexandra.szedresi@ijb.emmi.gov.hu\">andras.mina@ijsz.bm.gov.hu<\/a><\/p>\n","protected":false},"excerpt":{"rendered":"<p>Betegjogi k\u00e9pvisel\u0151<br \/>\nA betegjogi k\u00e9pvisel\u0151ket az <a href=\"https:\/\/www.ijsz.hu\/\" target=\"_blank\" rel=\"noopener noreferrer\">Orsz\u00e1gos Betegjogi, Ell\u00e1tottjogi, Gyermekjogi \u00e9s Dokument\u00e1ci\u00f3s K\u00f6zpont<\/a> nevezi ki.<br \/>\nA Klinik\u00e1n illet\u00e9kes betegjogi k\u00e9pvisel\u0151:<br \/>\nDr. Mina Andr\u00e1s<br \/>\nbetegjogi k\u00e9pvisel\u0151<br \/>\nTelefon: +36 20 489 9577<br \/>\nE-mail: <a href=\"mailto:alexandra.szedresi@ijb.emmi.gov.hu\">andras.mina@ijsz.bm.gov.hu<\/a><\/p>\n","protected":false},"author":102014,"featured_media":0,"parent":16,"menu_order":2,"comment_status":"closed","ping_status":"closed","template":"","meta":{"_acf_changed":false,"footnotes":""},"categories":[],"tags":[],"class_list":["post-1422","page","type-page","status-publish","hentry"],"acf":[],"_links":{"self":[{"href":"https:\/\/semmelweis.hu\/surgosseg\/wp-json\/wp\/v2\/pages\/1422","targetHints":{"allow":["GET"]}}],"collection":[{"href":"https:\/\/semmelweis.hu\/surgosseg\/wp-json\/wp\/v2\/pages"}],"about":[{"href":"https:\/\/semmelweis.hu\/surgosseg\/wp-json\/wp\/v2\/types\/page"}],"author":[{"embeddable":true,"href":"https:\/\/semmelweis.hu\/surgosseg\/wp-json\/wp\/v2\/users\/102014"}],"replies":[{"embeddable":true,"href":"https:\/\/semmelweis.hu\/surgosseg\/wp-json\/wp\/v2\/comments?post=1422"}],"version-history":[{"count":3,"href":"https:\/\/semmelweis.hu\/surgosseg\/wp-json\/wp\/v2\/pages\/1422\/revisions"}],"predecessor-version":[{"id":2485,"href":"https:\/\/semmelweis.hu\/surgosseg\/wp-json\/wp\/v2\/pages\/1422\/revisions\/2485"}],"up":[{"embeddable":true,"href":"https:\/\/semmelweis.hu\/surgosseg\/wp-json\/wp\/v2\/pages\/16"}],"wp:attachment":[{"href":"https:\/\/semmelweis.hu\/surgosseg\/wp-json\/wp\/v2\/media?parent=1422"}],"wp:term":[{"taxonomy":"category","embeddable":true,"href":"https:\/\/semmelweis.hu\/surgosseg\/wp-json\/wp\/v2\/categories?post=1422"},{"taxonomy":"post_tag","embeddable":true,"href":"https:\/\/semmelweis.hu\/surgosseg\/wp-json\/wp\/v2\/tags?post=1422"}],"curies":[{"name":"wp","href":"https:\/\/api.w.org\/{rel}","templated":true}]}}