{"id":14,"date":"2016-06-07T13:00:01","date_gmt":"2016-06-07T11:00:01","guid":{"rendered":"http:\/\/semmelweis.hu\/surgosseg\/?page_id=14"},"modified":"2023-10-02T13:33:41","modified_gmt":"2023-10-02T11:33:41","slug":"kapcsolat","status":"publish","type":"page","link":"https:\/\/semmelweis.hu\/surgosseg\/kapcsolat\/","title":{"rendered":"Kapcsolat"},"content":{"rendered":"<h4><strong><span style=\"font-size: 1rem\">Semmelweis Egyetem S\u00fcrg\u0151ss\u00e9gi Orvostani Klinika<\/span><\/strong><\/h4>\n<p><strong>Klinik\u00e1nk c\u00edme:<\/strong> 1082 Budapest, \u00dcll\u0151i \u00fat 78\/A<br \/>\n<strong style=\"font-size: 1rem\">Levelez\u00e9si c\u00edm: <\/strong><span style=\"font-size: 1rem\">1085 Budapest, \u00dcll\u0151i \u00fat 26.<\/span><\/p>\n<div class=\"textwidget\">\n<p dir=\"ltr\"><strong>Egyetemi k\u00f6zponti telefonsz\u00e1m: <\/strong>(+36 1) 459-1445\u00a0<strong><br \/>\nS\u00fcrg\u0151ss\u00e9gi oszt\u00e1ly betegfelv\u00e9teli pult: +36 20 825 9100<\/strong>\u00a0(24 \u00f3r\u00e1s el\u00e9rhet\u0151s\u00e9g)<br \/>\n<strong>\u00c9rdekl\u0151d\u00e9si lehet\u0151s\u00e9g hozz\u00e1tart\u00f3z\u00f3knak: <\/strong><a href=\"https:\/\/semmelweis.hu\/surgosseg\/betegellatas\/hozzatartozoknak\/\">https:\/\/semmelweis.hu\/surgosseg\/betegellatas\/hozzatartozoknak\/<\/a><strong><br \/>\nA Klinika titk\u00e1rs\u00e1ga: <\/strong>(+36 1) 459-1445\/62060<\/p>\n<p><strong>E-mail:<\/strong> <a href=\"mailto:sbo@med.semmelweis-univ.hu\">sbo@semmelweis.hu<\/a><br \/>\n<strong>Facebook:<\/strong> <a href=\"https:\/\/www.facebook.com\/SEKKSBO\/\">https:\/\/www.facebook.com\/SEKKSBO\/<\/a><br \/>\n<strong>Gradu\u00e1lis k\u00e9pz\u00e9sre jelentkez\u00e9s: <\/strong><a href=\"mailto:edu.sok@med.semmelweis-univ.hu\">edu.sok@semmelweis.hu<\/a><\/p>\n<h3>Megk\u00f6zel\u00edt\u00e9s<\/h3>\n<\/div>\n<p>A Klinika a Semmelweis Egyetem K\u00fcls\u0151 Klinikai T\u00f6mb K\u00f6zponti Betegell\u00e1t\u00f3 \u00c9p\u00fclet f\u00f6ldszintj\u00e9n tal\u00e1lhat\u00f3, bej\u00e1rat az udvar fel\u0151li f\u0151bej\u00e1ratt\u00f3l jobbra, az \u00e9p\u00fclet nyugati oldal\u00e1n (ment\u0151be\u00e1ll\u00f3 \u00e9s gyalogos kapu) GPS: 47\u00b028&#8217;57. 19\u00b004&#8217;52.<\/p>\n<p>T\u00f6megk\u00f6zleked\u00e9ssel: Semmelweis Klinik\u00e1k metr\u00f3\u00e1llom\u00e1s, bej\u00e1rat a Szigony utca fel\u0151li 1-es kapun.<\/p>\n<p>Aut\u00f3val: bej\u00e1rat a Kor\u00e1nyi S\u00e1ndor utca fel\u0151li 10-es kapun. Az els\u0151 10 perc ingyenes, ezen fel\u00fcl a parkol\u00e1s fizet\u0151s.<\/p>\n\n<!-- iframe plugin v.4.9 wordpress.org\/plugins\/iframe\/ -->\n<iframe src=\"https:\/\/www.google.com\/maps\/embed?pb=!1m18!1m12!1m3!1d2696.380338032778!2d19.07892241573793!3d47.4825036045353!2m3!1f0!2f0!3f0!3m2!1i1024!2i768!4f13.1!3m3!1m2!1s0x4741dcfa8bf61e57%3A0xbcd2f902341d8454!2zU2VtbWVsd2VpcyBFZ3lldGVtIFPDvHJnxZFzc8OpZ2kgQmV0ZWdlbGzDoXTDsyBPc3p0w6FseQ!5e0!3m2!1shu!2shu!4v1631255762490!5m2!1shu!2shu\" width=\"100%\" height=\"450\" style=\"border:0;\" allowfullscreen loading=\"lazy\" scrolling=\"yes\" class=\"iframe-class\" frameborder=\"0\"><\/iframe>\n\n","protected":false},"excerpt":{"rendered":"<p>Semmelweis Egyetem S\u00fcrg\u0151ss\u00e9gi Orvostani Klinika Klinik\u00e1nk c\u00edme: 1082 Budapest, \u00dcll\u0151i \u00fat 78\/A Levelez\u00e9si c\u00edm: 1085 Budapest, \u00dcll\u0151i \u00fat 26. Egyetemi k\u00f6zponti telefonsz\u00e1m: (+36 1) 459-1445\u00a0 S\u00fcrg\u0151ss\u00e9gi oszt\u00e1ly betegfelv\u00e9teli pult: +36 20 825 9100\u00a0(24 \u00f3r\u00e1s el\u00e9rhet\u0151s\u00e9g) \u00c9rdekl\u0151d\u00e9si lehet\u0151s\u00e9g hozz\u00e1tart\u00f3z\u00f3knak: <a href=\"https:\/\/semmelweis.hu\/surgosseg\/betegellatas\/hozzatartozoknak\/\">https:\/\/semmelweis.hu\/surgosseg\/betegellatas\/hozzatartozoknak\/<\/a> A Klinika titk\u00e1rs\u00e1ga: (+36 1) 459-1445\/62060 E-mail: <a href=\"mailto:sbo@med.semmelweis-univ.hu\">sbo@semmelweis.hu<\/a> Facebook: <a href=\"https:\/\/www.facebook.com\/SEKKSBO\/\">https:\/\/www.facebook.com\/SEKKSBO\/<\/a> Gradu\u00e1lis k\u00e9pz\u00e9sre jelentkez\u00e9s: <a href=\"mailto:edu.sok@med.semmelweis-univ.hu\">edu.sok@semmelweis.hu<\/a> Megk\u00f6zel\u00edt\u00e9s A Klinika a Semmelweis Egyetem &hellip;<\/p>\n","protected":false},"author":12,"featured_media":0,"parent":0,"menu_order":6,"comment_status":"closed","ping_status":"closed","template":"","meta":{"_acf_changed":false,"footnotes":""},"categories":[],"tags":[],"class_list":["post-14","page","type-page","status-publish","hentry"],"acf":[],"_links":{"self":[{"href":"https:\/\/semmelweis.hu\/surgosseg\/wp-json\/wp\/v2\/pages\/14","targetHints":{"allow":["GET"]}}],"collection":[{"href":"https:\/\/semmelweis.hu\/surgosseg\/wp-json\/wp\/v2\/pages"}],"about":[{"href":"https:\/\/semmelweis.hu\/surgosseg\/wp-json\/wp\/v2\/types\/page"}],"author":[{"embeddable":true,"href":"https:\/\/semmelweis.hu\/surgosseg\/wp-json\/wp\/v2\/users\/12"}],"replies":[{"embeddable":true,"href":"https:\/\/semmelweis.hu\/surgosseg\/wp-json\/wp\/v2\/comments?post=14"}],"version-history":[{"count":14,"href":"https:\/\/semmelweis.hu\/surgosseg\/wp-json\/wp\/v2\/pages\/14\/revisions"}],"predecessor-version":[{"id":1949,"href":"https:\/\/semmelweis.hu\/surgosseg\/wp-json\/wp\/v2\/pages\/14\/revisions\/1949"}],"wp:attachment":[{"href":"https:\/\/semmelweis.hu\/surgosseg\/wp-json\/wp\/v2\/media?parent=14"}],"wp:term":[{"taxonomy":"category","embeddable":true,"href":"https:\/\/semmelweis.hu\/surgosseg\/wp-json\/wp\/v2\/categories?post=14"},{"taxonomy":"post_tag","embeddable":true,"href":"https:\/\/semmelweis.hu\/surgosseg\/wp-json\/wp\/v2\/tags?post=14"}],"curies":[{"name":"wp","href":"https:\/\/api.w.org\/{rel}","templated":true}]}}