{"id":1308,"date":"2022-05-12T21:26:19","date_gmt":"2022-05-12T19:26:19","guid":{"rendered":"https:\/\/semmelweis.hu\/surgosseg\/?page_id=1308"},"modified":"2022-05-12T21:38:05","modified_gmt":"2022-05-12T19:38:05","slug":"kontakt","status":"publish","type":"page","link":"https:\/\/semmelweis.hu\/surgosseg\/de\/kontakt\/","title":{"rendered":"Kontakt"},"content":{"rendered":"<div class=\"textwidget\">\n<p>1082 Budapest, \u00dcll\u0151i \u00fat 78\/A<\/p>\n<p><strong>Postadresse:<\/strong><br \/>\nSemmelweis Egyetem S\u00fcrg\u0151ss\u00e9gi Orvostani Klinika<br \/>\n1085 Budapest, \u00dcll\u0151i \u00fat 26.<\/p>\n<p dir=\"ltr\"><strong>Telefon:<\/strong> +36 20 666 2037, +36 20 666 2038 (24\/7 f\u00fcr Patienten)\u00a0<\/p>\n<p><strong>E-mail:<\/strong> <a href=\"mailto:sbo@med.semmelweis-univ.hu\">sbo@med.semmelweis-univ.hu<\/a><\/p>\n<p><strong>Facebook:<\/strong> <a href=\"https:\/\/www.facebook.com\/KoranyiSBC\/\">https:\/\/www.facebook.com\/KoranyiSBC\/<\/a><\/p>\n<\/div>\n<p>Die Abteilung befindet sich im Erdgeschoss des Hauptgeb\u00e4udes &#8222;K\u00f6zponti Betegell\u00e1t\u00f3 \u00c9p\u00fclet&#8221;. Der k\u00fcrzeste Zugang ist von der Szigony-Stra\u00dfe, neben dem Krankenwageneingang.<\/p>\n\n<!-- iframe plugin v.4.9 wordpress.org\/plugins\/iframe\/ -->\n<iframe src=\"https:\/\/www.google.com\/maps\/embed?pb=!1m18!1m12!1m3!1d2696.380338032778!2d19.07892241573793!3d47.4825036045353!2m3!1f0!2f0!3f0!3m2!1i1024!2i768!4f13.1!3m3!1m2!1s0x4741dcfa8bf61e57%3A0xbcd2f902341d8454!2zU2VtbWVsd2VpcyBFZ3lldGVtIFPDvHJnxZFzc8OpZ2kgQmV0ZWdlbGzDoXTDsyBPc3p0w6FseQ!5e0!3m2!1shu!2shu!4v1631255762490!5m2!1shu!2shu\" width=\"100%\" height=\"450\" style=\"border:0;\" allowfullscreen loading=\"lazy\" scrolling=\"yes\" class=\"iframe-class\" frameborder=\"0\"><\/iframe>\n\n","protected":false},"excerpt":{"rendered":"<p>1082 Budapest, \u00dcll\u0151i \u00fat 78\/A<br \/>\nPostadresse:<br \/>\nSemmelweis Egyetem S\u00fcrg\u0151ss\u00e9gi Orvostani Klinika<br \/>\n1085 Budapest, \u00dcll\u0151i \u00fat 26.<br \/>\nTelefon: +36 20 666 2037, +36 20 666 2038 (24\/7 f\u00fcr Patienten)\u00a0<br \/>\nE-mail: <a href=\"mailto:sbo@med.semmelweis-univ.hu\">sbo@med.semmelweis-univ.hu<\/a><br \/>\nFacebook: <a href=\"https:\/\/www.facebook.com\/KoranyiSBC\/\">https:\/\/www.facebook.com\/KoranyiSBC\/<\/a><\/p>\n<p>Die Abteilung befindet sich im Erdgeschoss des Hauptgeb\u00e4udes &#8222;K\u00f6zponti Betegell\u00e1t\u00f3 \u00c9p\u00fclet&#8221;. Der k\u00fcrzeste Zugang ist von der Szigony-Stra\u00dfe, neben dem Krankenwageneingang.<\/p>\n","protected":false},"author":102014,"featured_media":0,"parent":0,"menu_order":3,"comment_status":"closed","ping_status":"closed","template":"","meta":{"_acf_changed":false,"footnotes":""},"categories":[],"tags":[],"class_list":["post-1308","page","type-page","status-publish","hentry"],"acf":[],"_links":{"self":[{"href":"https:\/\/semmelweis.hu\/surgosseg\/wp-json\/wp\/v2\/pages\/1308","targetHints":{"allow":["GET"]}}],"collection":[{"href":"https:\/\/semmelweis.hu\/surgosseg\/wp-json\/wp\/v2\/pages"}],"about":[{"href":"https:\/\/semmelweis.hu\/surgosseg\/wp-json\/wp\/v2\/types\/page"}],"author":[{"embeddable":true,"href":"https:\/\/semmelweis.hu\/surgosseg\/wp-json\/wp\/v2\/users\/102014"}],"replies":[{"embeddable":true,"href":"https:\/\/semmelweis.hu\/surgosseg\/wp-json\/wp\/v2\/comments?post=1308"}],"version-history":[{"count":5,"href":"https:\/\/semmelweis.hu\/surgosseg\/wp-json\/wp\/v2\/pages\/1308\/revisions"}],"predecessor-version":[{"id":1320,"href":"https:\/\/semmelweis.hu\/surgosseg\/wp-json\/wp\/v2\/pages\/1308\/revisions\/1320"}],"wp:attachment":[{"href":"https:\/\/semmelweis.hu\/surgosseg\/wp-json\/wp\/v2\/media?parent=1308"}],"wp:term":[{"taxonomy":"category","embeddable":true,"href":"https:\/\/semmelweis.hu\/surgosseg\/wp-json\/wp\/v2\/categories?post=1308"},{"taxonomy":"post_tag","embeddable":true,"href":"https:\/\/semmelweis.hu\/surgosseg\/wp-json\/wp\/v2\/tags?post=1308"}],"curies":[{"name":"wp","href":"https:\/\/api.w.org\/{rel}","templated":true}]}}