{"id":1178,"date":"2022-04-01T10:05:52","date_gmt":"2022-04-01T08:05:52","guid":{"rendered":"https:\/\/semmelweis.hu\/surgosseg\/?page_id=1178"},"modified":"2026-03-26T22:29:23","modified_gmt":"2026-03-26T21:29:23","slug":"karrier","status":"publish","type":"page","link":"https:\/\/semmelweis.hu\/surgosseg\/karrier\/","title":{"rendered":"Karrier"},"content":{"rendered":"<h4><strong>Rezidensi, klinikai orvosi st\u00e1tuszok<\/strong><\/h4>\n<p class=\"x_MsoNormal\"><span data-olk-copy-source=\"MessageBody\">\ud83d\udce2<\/span>\u00a0Rezidens \u00e1ll\u00e1slehet\u0151s\u00e9g!<\/p>\n<p class=\"x_MsoNormal\">Szeretn\u00e9l egy dinamikus, kih\u00edv\u00e1sokkal teli k\u00f6rnyezetben dolgozni, ahol val\u00f3di tapasztalatot szerezhetsz \u00e9s fejl\u0151dhetsz?<\/p>\n<p class=\"x_MsoNormal\">Csatlakozz csapatunkhoz!<\/p>\n<p class=\"x_MsoNormal\">Olyan koll\u00e9g\u00e1kat keres\u00fcnk, akik:<\/p>\n<ul type=\"disc\">\n<li class=\"x_MsoListParagraph\">j\u00f3l b\u00edrj\u00e1k a p\u00f6rg\u00e9st<\/li>\n<li class=\"x_MsoListParagraph\">csapatban gondolkodnak<\/li>\n<li class=\"x_MsoListParagraph\">fejl\u0151dni \u00e9s tanulni szeretn\u00e9nek<\/li>\n<\/ul>\n<p class=\"x_MsoNormal\">Rezidensk\u00e9nt lehet\u0151s\u00e9ged ny\u00edlik csatlakozni gradu\u00e1lis oktat\u00e1sba, sz\u00e1mos munkacsoport tagjai k\u00f6z\u00e9 (szimul\u00e1ci\u00f3, ultrahang), valamint t\u00f6bb kutat\u00e1si opci\u00f3 k\u00f6z\u00fcl is v\u00e1laszthatsz!<\/p>\n<p class=\"x_MsoNormal\">\ud83d\udcdd\u00a0Jelentkez\u00e9s menete:<\/p>\n<p class=\"x_MsoNormal\">A felv\u00e9teli elj\u00e1r\u00e1srendnek megfelel\u0151en k\u00e9rj\u00fck, hogy jelentkez\u00e9sedet a RENY rendszerben ny\u00fajtsd be.<\/p>\n<p class=\"x_MsoNormal\">\ud83d\udcc4\u00a0Emellett k\u00e9rj\u00fck, hogy \u00f6n\u00e9letrajzodat k\u00fcldd el az\u00a0<a href=\"mailto:sbo@semmelweis.hu\">sbo@semmelweis.hu<\/a>\u00a0email c\u00edmre.<\/p>\n<p class=\"x_MsoNormal\">Ne hagyd ki ezt a lehet\u0151s\u00e9get \u2013 v\u00e1rjuk jelentkez\u00e9sed!<\/p>\n<p>&nbsp;<\/p>\n<p>&nbsp;<\/p>\n<h4><strong>Szakorvosi, oktat\u00f3i \u00e9s kutat\u00f3i st\u00e1tuszok<\/strong><\/h4>\n<ul>\n<li>els\u0151dleges jelentkez\u00e9s az <a href=\"mailto:sbo@med.semmelweis-univ.hu\">sbo@semmelweis.hu<\/a> email c\u00edmen<\/li>\n<\/ul>\n<h4><strong>PhD-hallgat\u00f3i \/ doktori k\u00e9pz\u00e9si lehet\u0151s\u00e9gek<\/strong><\/h4>\n<ul>\n<li>2022\/23 I. f\u00e9l\u00e9v\u00e9t\u0151l 3 <a href=\"https:\/\/semmelweis.hu\/surgosseg\/hu\/kutatas\/\">doktori t\u00e9ma<\/a> van akkredit\u00e1lva a S\u00fcrg\u0151ss\u00e9gi Orvostani Klinik\u00e1n<\/li>\n<li>jelentkez\u00e9s a t\u00e9mavezet\u0151n\u00e9l \u00e9s <a href=\"https:\/\/semmelweis.hu\/phd\/\">Doktori Iskola honlapj\u00e1n<\/a> kereszt\u00fcl<\/li>\n<li>kombin\u00e1lt orvosi-doktori k\u00e9pz\u00e9si lehet\u0151s\u00e9g el\u00e9rhet\u0151 az\u00a0<a href=\"https:\/\/semmelweis.hu\/phd\/md-phd\/\">MD-PhD k\u00e9pz\u00e9si rendszeren<\/a>\u00a0kereszt\u00fcl<\/li>\n<li>kombin\u00e1lt rezidensi-doktori k\u00e9pz\u00e9si lehet\u0151s\u00e9g el\u00e9rhet\u0151 a\u00a0<a href=\"https:\/\/semmelweis.hu\/tmk\/\">Transzl\u00e1ci\u00f3s Medicina K\u00f6zponton<\/a> kereszt\u00fcl vagy egy\u00e9ni szervez\u00e9sben<\/li>\n<\/ul>\n<h4><strong>Egy\u00e9b munkak\u00f6r\u00f6k<\/strong><\/h4>\n<ul>\n<li>folyamatos felv\u00e9tel az al\u00e1bbi munkak\u00f6r\u00f6kbe\n<ul>\n<li>\u00e1pol\u00f3<\/li>\n<li>szak\u00e1pol\u00f3<\/li>\n<li>diplom\u00e1s \u00e1pol\u00f3<\/li>\n<li>betegsz\u00e1ll\u00edt\u00f3<\/li>\n<li>orvos\u00edrnok (adminisztr\u00e1tor, diszp\u00e9cser)<\/li>\n<\/ul>\n<\/li>\n<\/ul>\n<p>&nbsp;<\/p>\n","protected":false},"excerpt":{"rendered":"<p>Rezidensi, klinikai orvosi st\u00e1tuszok \ud83d\udce2\u00a0Rezidens \u00e1ll\u00e1slehet\u0151s\u00e9g! Szeretn\u00e9l egy dinamikus, kih\u00edv\u00e1sokkal teli k\u00f6rnyezetben dolgozni, ahol val\u00f3di tapasztalatot szerezhetsz \u00e9s fejl\u0151dhetsz? Csatlakozz csapatunkhoz! Olyan koll\u00e9g\u00e1kat keres\u00fcnk, akik: j\u00f3l b\u00edrj\u00e1k a p\u00f6rg\u00e9st csapatban gondolkodnak fejl\u0151dni \u00e9s tanulni szeretn\u00e9nek Rezidensk\u00e9nt lehet\u0151s\u00e9ged ny\u00edlik csatlakozni gradu\u00e1lis oktat\u00e1sba, sz\u00e1mos munkacsoport tagjai k\u00f6z\u00e9 (szimul\u00e1ci\u00f3, ultrahang), valamint t\u00f6bb kutat\u00e1si opci\u00f3 k\u00f6z\u00fcl is v\u00e1laszthatsz! \ud83d\udcdd\u00a0Jelentkez\u00e9s &hellip;<\/p>\n","protected":false},"author":101921,"featured_media":0,"parent":0,"menu_order":7,"comment_status":"closed","ping_status":"closed","template":"","meta":{"_acf_changed":false,"footnotes":""},"categories":[],"tags":[],"class_list":["post-1178","page","type-page","status-publish","hentry"],"acf":[],"_links":{"self":[{"href":"https:\/\/semmelweis.hu\/surgosseg\/wp-json\/wp\/v2\/pages\/1178","targetHints":{"allow":["GET"]}}],"collection":[{"href":"https:\/\/semmelweis.hu\/surgosseg\/wp-json\/wp\/v2\/pages"}],"about":[{"href":"https:\/\/semmelweis.hu\/surgosseg\/wp-json\/wp\/v2\/types\/page"}],"author":[{"embeddable":true,"href":"https:\/\/semmelweis.hu\/surgosseg\/wp-json\/wp\/v2\/users\/101921"}],"replies":[{"embeddable":true,"href":"https:\/\/semmelweis.hu\/surgosseg\/wp-json\/wp\/v2\/comments?post=1178"}],"version-history":[{"count":11,"href":"https:\/\/semmelweis.hu\/surgosseg\/wp-json\/wp\/v2\/pages\/1178\/revisions"}],"predecessor-version":[{"id":2505,"href":"https:\/\/semmelweis.hu\/surgosseg\/wp-json\/wp\/v2\/pages\/1178\/revisions\/2505"}],"wp:attachment":[{"href":"https:\/\/semmelweis.hu\/surgosseg\/wp-json\/wp\/v2\/media?parent=1178"}],"wp:term":[{"taxonomy":"category","embeddable":true,"href":"https:\/\/semmelweis.hu\/surgosseg\/wp-json\/wp\/v2\/categories?post=1178"},{"taxonomy":"post_tag","embeddable":true,"href":"https:\/\/semmelweis.hu\/surgosseg\/wp-json\/wp\/v2\/tags?post=1178"}],"curies":[{"name":"wp","href":"https:\/\/api.w.org\/{rel}","templated":true}]}}