{"id":1043,"date":"2021-11-08T22:44:52","date_gmt":"2021-11-08T21:44:52","guid":{"rendered":"https:\/\/semmelweis.hu\/surgosseg\/?page_id=1043"},"modified":"2025-11-14T11:43:51","modified_gmt":"2025-11-14T10:43:51","slug":"alapitvany","status":"publish","type":"page","link":"https:\/\/semmelweis.hu\/surgosseg\/alapitvany\/","title":{"rendered":"Alap\u00edtv\u00e1ny"},"content":{"rendered":"<p>A S\u00fcrg\u0151ss\u00e9gi Orvostani Klinika tev\u00e9kenys\u00e9g\u00e9nek kiemelt t\u00e1mogat\u00f3ja a 2017-ben alap\u00edtott Integr\u00e1lt Betegell\u00e1t\u00e1s\u00e9rt K\u00f6zhaszn\u00fa Alap\u00edtv\u00e1ny, amelynek ad\u00f3ja 1%-\u00e1t is felaj\u00e1nlhatja.<\/p>\n<p>Az alap\u00edtv\u00e1ny t\u00e1mogat\u00e1s\u00e1n kereszt\u00fcl mag\u00e1nszem\u00e9lyek \u00e9s c\u00e9gek is seg\u00edthetik munk\u00e1nkat.<\/p>\n<p><strong>T\u00e1mogat\u00e1s\u00e1t k\u00f6zvetlen\u00fcl vagy ad\u00f3ja 1%-\u00e1nak felaj\u00e1nl\u00e1s\u00e1n kereszt\u00fcl \u00f6r\u00f6mmel fogadjuk!<\/strong><\/p>\n<p><strong>Adatok<\/strong><br \/>\nAz alap\u00edtv\u00e1ny neve: Integr\u00e1lt Betegell\u00e1t\u00e1s\u00e9rt K\u00f6zhaszn\u00fa Alap\u00edtv\u00e1ny<br \/>\nC\u00edm: 1048 Budapest, Homokt\u00f6vis utca 101.-103. fszt<br \/>\nBanksz\u00e1mlasz\u00e1m: 12100011-10328620-00000000<br \/>\nAd\u00f3sz\u00e1ma: 18941861-1-41<br \/>\nNyilv\u00e1ntart\u00e1si sz\u00e1m: 13-01-0003901<\/p>\n<p>Az alap\u00edtv\u00e1ny kurat\u00f3rium\u00e1nak eln\u00f6ke: Dr. Fenyves B\u00e1nk<br \/>\n<a href=\"mailto:fenyves.bank@semmelweis.hu\">fenyves.bank@semmelweis.hu<\/a><\/p>\n<hr \/>\n<p><strong>P\u00e1ly\u00e1zati felh\u00edv\u00e1s\u00a0tudom\u00e1nyos rendezv\u00e9nyen t\u00f6rt\u00e9n\u0151 r\u00e9szv\u00e9tel t\u00e1mogat\u00e1s\u00e1ra\u00a0<\/strong><strong>a SE S\u00fcrg\u0151ss\u00e9gi Orvostani Klinika dolgoz\u00f3i sz\u00e1m\u00e1ra<\/strong><\/p>\n<p>Az Integr\u00e1lt Betegell\u00e1t\u00e1s\u00e9rt K\u00f6zhaszn\u00fa Alap\u00edtv\u00e1ny p\u00e1ly\u00e1zatot hirdet tudom\u00e1nyos rendezv\u00e9nyen val\u00f3 r\u00e9szv\u00e9tel t\u00e1mogat\u00e1s\u00e1ra. A p\u00e1ly\u00e1z\u00e1s \u00e9s az elb\u00edr\u00e1l\u00e1s folyamatos, a p\u00e1ly\u00e1zatokat az alap\u00edtv\u00e1ny kurat\u00f3riuma b\u00edr\u00e1lja el, a mindenkori k\u00f6lts\u00e9gvet\u00e9si keretek f\u00fcggv\u00e9ny\u00e9ben. P\u00e1ly\u00e1zni az al\u00e1bbi p\u00e1ly\u00e1zati adatlap kit\u00f6lt\u00e9s\u00e9vel lehet, amelyet a <a href=\"mailto:bence.orsolya@semmelweis.hu\">bence.orsolya@semmelweis.hu<\/a> c\u00edmre kell megk\u00fcldeni.\u00a0<\/p>\n<p><a href=\"https:\/\/semmelweis.hu\/surgosseg\/files\/2025\/11\/IBA-Utazasi-Palyazat_2022-2.docx\">Konferencia r\u00e9szv\u00e9teli p\u00e1ly\u00e1zat<\/a><\/p>\n<p>FONTOS: a t\u00e1mogat\u00e1s ut\u00f3finansz\u00edrozott, \u00e9s csak olyan k\u00f6lts\u00e9gek sz\u00e1molhat\u00f3k el, amelyekr\u0151l az IBKA nev\u00e9re \u00e9s c\u00edm\u00e9re ki\u00e1ll\u00edtott (ad\u00f3sz\u00e1mot is felt\u00fcntet\u0151) sz\u00e1mla \u00e1ll rendelkez\u00e9sre.<\/p>\n","protected":false},"excerpt":{"rendered":"<p>A S\u00fcrg\u0151ss\u00e9gi Orvostani Klinika tev\u00e9kenys\u00e9g\u00e9nek kiemelt t\u00e1mogat\u00f3ja a 2017-ben alap\u00edtott Integr\u00e1lt Betegell\u00e1t\u00e1s\u00e9rt K\u00f6zhaszn\u00fa Alap\u00edtv\u00e1ny, amelynek ad\u00f3ja 1%-\u00e1t is felaj\u00e1nlhatja. Az alap\u00edtv\u00e1ny t\u00e1mogat\u00e1s\u00e1n kereszt\u00fcl mag\u00e1nszem\u00e9lyek \u00e9s c\u00e9gek is seg\u00edthetik munk\u00e1nkat. T\u00e1mogat\u00e1s\u00e1t k\u00f6zvetlen\u00fcl vagy ad\u00f3ja 1%-\u00e1nak felaj\u00e1nl\u00e1s\u00e1n kereszt\u00fcl \u00f6r\u00f6mmel fogadjuk! Adatok Az alap\u00edtv\u00e1ny neve: Integr\u00e1lt Betegell\u00e1t\u00e1s\u00e9rt K\u00f6zhaszn\u00fa Alap\u00edtv\u00e1ny C\u00edm: 1048 Budapest, Homokt\u00f6vis utca 101.-103. fszt Banksz\u00e1mlasz\u00e1m: 12100011-10328620-00000000 &hellip;<\/p>\n","protected":false},"author":101921,"featured_media":0,"parent":0,"menu_order":4,"comment_status":"closed","ping_status":"closed","template":"","meta":{"_acf_changed":false,"footnotes":""},"categories":[],"tags":[],"class_list":["post-1043","page","type-page","status-publish","hentry"],"acf":[],"_links":{"self":[{"href":"https:\/\/semmelweis.hu\/surgosseg\/wp-json\/wp\/v2\/pages\/1043","targetHints":{"allow":["GET"]}}],"collection":[{"href":"https:\/\/semmelweis.hu\/surgosseg\/wp-json\/wp\/v2\/pages"}],"about":[{"href":"https:\/\/semmelweis.hu\/surgosseg\/wp-json\/wp\/v2\/types\/page"}],"author":[{"embeddable":true,"href":"https:\/\/semmelweis.hu\/surgosseg\/wp-json\/wp\/v2\/users\/101921"}],"replies":[{"embeddable":true,"href":"https:\/\/semmelweis.hu\/surgosseg\/wp-json\/wp\/v2\/comments?post=1043"}],"version-history":[{"count":10,"href":"https:\/\/semmelweis.hu\/surgosseg\/wp-json\/wp\/v2\/pages\/1043\/revisions"}],"predecessor-version":[{"id":2478,"href":"https:\/\/semmelweis.hu\/surgosseg\/wp-json\/wp\/v2\/pages\/1043\/revisions\/2478"}],"wp:attachment":[{"href":"https:\/\/semmelweis.hu\/surgosseg\/wp-json\/wp\/v2\/media?parent=1043"}],"wp:term":[{"taxonomy":"category","embeddable":true,"href":"https:\/\/semmelweis.hu\/surgosseg\/wp-json\/wp\/v2\/categories?post=1043"},{"taxonomy":"post_tag","embeddable":true,"href":"https:\/\/semmelweis.hu\/surgosseg\/wp-json\/wp\/v2\/tags?post=1043"}],"curies":[{"name":"wp","href":"https:\/\/api.w.org\/{rel}","templated":true}]}}