{"id":1015,"date":"2021-10-08T10:33:49","date_gmt":"2021-10-08T08:33:49","guid":{"rendered":"https:\/\/semmelweis.hu\/surgosseg\/?page_id=1015"},"modified":"2022-09-26T17:01:14","modified_gmt":"2022-09-26T15:01:14","slug":"department","status":"publish","type":"page","link":"https:\/\/semmelweis.hu\/surgosseg\/en\/department\/","title":{"rendered":"Department contact"},"content":{"rendered":"<div class=\"textwidget\">\n<p>1082 Budapest, \u00dcll\u0151i \u00fat 78\/A<\/p>\n<p><strong>Mailing address:<\/strong><br \/>\nSemmelweis Egyetem S\u00fcrg\u0151ss\u00e9gi Orvostani Klinika<br \/>\n1085 Budapest, \u00dcll\u0151i \u00fat 26.<\/p>\n<p dir=\"ltr\"><strong>Semmelweis central number: <\/strong>+36 1 459 1500<br \/>\n<strong>Phone:<\/strong> +36 20 666 2037, +36 20 666 2038 (24\/7 available for patients)\u00a0<\/p>\n<p><strong>E-mail:<\/strong> <a href=\"mailto:sbo@med.semmelweis-univ.hu\">sbo@med.semmelweis-univ.hu<\/a><\/p>\n<p><strong>Facebook:<\/strong> <a href=\"https:\/\/www.facebook.com\/KoranyiSBC\/\">https:\/\/www.facebook.com\/KoranyiSBC\/<\/a><\/p>\n<\/div>\n<p>The department is located in the ground floor of the \u00a0Main Building (&#8222;K\u00f6zponti Betegell\u00e1t\u00f3 \u00c9p\u00fclet&#8221;) of the Outer Clinical Centre. Shortest access is from Szigony street, next to the ambulance entrance.<\/p>\n\n<!-- iframe plugin v.4.9 wordpress.org\/plugins\/iframe\/ -->\n<iframe src=\"https:\/\/www.google.com\/maps\/embed?pb=!1m18!1m12!1m3!1d2696.380338032778!2d19.07892241573793!3d47.4825036045353!2m3!1f0!2f0!3f0!3m2!1i1024!2i768!4f13.1!3m3!1m2!1s0x4741dcfa8bf61e57%3A0xbcd2f902341d8454!2zU2VtbWVsd2VpcyBFZ3lldGVtIFPDvHJnxZFzc8OpZ2kgQmV0ZWdlbGzDoXTDsyBPc3p0w6FseQ!5e0!3m2!1shu!2shu!4v1631255762490!5m2!1shu!2shu\" width=\"100%\" height=\"450\" style=\"border:0;\" allowfullscreen loading=\"lazy\" scrolling=\"yes\" class=\"iframe-class\" frameborder=\"0\"><\/iframe>\n\n","protected":false},"excerpt":{"rendered":"<p>1082 Budapest, \u00dcll\u0151i \u00fat 78\/A Mailing address: Semmelweis Egyetem S\u00fcrg\u0151ss\u00e9gi Orvostani Klinika 1085 Budapest, \u00dcll\u0151i \u00fat 26. Semmelweis central number: +36 1 459 1500 Phone: +36 20 666 2037, +36 20 666 2038 (24\/7 available for patients)\u00a0 E-mail: <a href=\"mailto:sbo@med.semmelweis-univ.hu\">sbo@med.semmelweis-univ.hu<\/a> Facebook: <a href=\"https:\/\/www.facebook.com\/KoranyiSBC\/\">https:\/\/www.facebook.com\/KoranyiSBC\/<\/a> The department is located in the ground floor of the \u00a0Main Building (&#8222;K\u00f6zponti Betegell\u00e1t\u00f3 \u00c9p\u00fclet&#8221;) of &hellip;<\/p>\n","protected":false},"author":101921,"featured_media":0,"parent":0,"menu_order":6,"comment_status":"closed","ping_status":"closed","template":"","meta":{"_acf_changed":false,"footnotes":""},"categories":[],"tags":[],"class_list":["post-1015","page","type-page","status-publish","hentry"],"acf":[],"_links":{"self":[{"href":"https:\/\/semmelweis.hu\/surgosseg\/wp-json\/wp\/v2\/pages\/1015","targetHints":{"allow":["GET"]}}],"collection":[{"href":"https:\/\/semmelweis.hu\/surgosseg\/wp-json\/wp\/v2\/pages"}],"about":[{"href":"https:\/\/semmelweis.hu\/surgosseg\/wp-json\/wp\/v2\/types\/page"}],"author":[{"embeddable":true,"href":"https:\/\/semmelweis.hu\/surgosseg\/wp-json\/wp\/v2\/users\/101921"}],"replies":[{"embeddable":true,"href":"https:\/\/semmelweis.hu\/surgosseg\/wp-json\/wp\/v2\/comments?post=1015"}],"version-history":[{"count":9,"href":"https:\/\/semmelweis.hu\/surgosseg\/wp-json\/wp\/v2\/pages\/1015\/revisions"}],"predecessor-version":[{"id":1316,"href":"https:\/\/semmelweis.hu\/surgosseg\/wp-json\/wp\/v2\/pages\/1015\/revisions\/1316"}],"wp:attachment":[{"href":"https:\/\/semmelweis.hu\/surgosseg\/wp-json\/wp\/v2\/media?parent=1015"}],"wp:term":[{"taxonomy":"category","embeddable":true,"href":"https:\/\/semmelweis.hu\/surgosseg\/wp-json\/wp\/v2\/categories?post=1015"},{"taxonomy":"post_tag","embeddable":true,"href":"https:\/\/semmelweis.hu\/surgosseg\/wp-json\/wp\/v2\/tags?post=1015"}],"curies":[{"name":"wp","href":"https:\/\/api.w.org\/{rel}","templated":true}]}}