{"id":268,"date":"2016-04-18T11:26:13","date_gmt":"2016-04-18T09:26:13","guid":{"rendered":"http:\/\/semmelweis.hu\/sugarvedelem\/?page_id=268"},"modified":"2021-03-01T12:11:47","modified_gmt":"2021-03-01T11:11:47","slug":"sugarvedelmi-fuzetek","status":"publish","type":"page","link":"https:\/\/semmelweis.hu\/sugarvedelem\/sugarvedelmi-fuzetek\/","title":{"rendered":"Sug\u00e1rv\u00e9delmi f\u00fczetek"},"content":{"rendered":"<p><a href=\"https:\/\/semmelweis.hu\/sugarvedelem\/files\/2016\/04\/2014-tr\u00edcium-meghat\u00e1roz\u00e1sa-vizeletb\u0151l-sug\u00e1rv\u00e9delmi-f\u00fczetek-TG.pdf\" rel=\"\">2014 tr\u00edcium meghat\u00e1roz\u00e1sa vizeletb\u0151l sug\u00e1rv\u00e9delmi f\u00fczetek TG<\/a><\/p>\n<p>\u00d6r\u00f6kz\u00f6ldek<br \/>\n&#8211; <a href=\"https:\/\/semmelweis.hu\/sugarvedelem\/files\/2016\/04\/alkalmazotti.pdf\">alkalmazotti<\/a><br \/>\n&#8211; <a href=\"https:\/\/semmelweis.hu\/sugarvedelem\/files\/2016\/04\/atomtechnika.pdf\">atomtechnika<\/a><br \/>\n&#8211; <a href=\"https:\/\/semmelweis.hu\/sugarvedelem\/files\/2016\/04\/internal_radiation.pdf\">internal_radiation<\/a><br \/>\n&#8211; <a href=\"https:\/\/semmelweis.hu\/sugarvedelem\/files\/2016\/04\/EM_Izot_Lab_Asziszt_tanf_tananyag_1974.pdf\">EM_Izot_Lab_Asziszt_tanf_tananyag_1974<\/a><br \/>\n<a href=\"https:\/\/semmelweis.hu\/sugarvedelem\/files\/2016\/04\/Orvosi_izotoptechnika_1985.pdf\">&#8211;\u00a0 Orvosi_izotoptechnika_1985<\/a><br \/>\n&#8211; <a href=\"https:\/\/semmelweis.hu\/sugarvedelem\/files\/2016\/04\/Sugarvedelmi_es_belsodozimetriai_ismeretek_III.kotet_jegyzet_1995_.pdf\">Sugarvedelmi_es_belsodozimetriai_ismeretek_III.kotet_jegyzet_1995_<\/a><br \/>\n<a href=\"https:\/\/semmelweis.hu\/sugarvedelem\/files\/2018\/05\/A-hazai-nukle\u00e1ris-medicina-t\u00f6rt\u00e9nete.pdf\">&#8211;\u00a0 A hazai nukle\u00e1ris medicina t\u00f6rt\u00e9nete<\/a><br \/>\n&#8211; <a href=\"https:\/\/semmelweis.hu\/sugarvedelem\/files\/2018\/05\/Sug\u00e1reg\u00e9szs\u00e9g\u00fcgyi-ismeretek.pdf\">\u00a0Sug\u00e1reg\u00e9szs\u00e9g\u00fcgyi ismeretek<\/a><br \/>\n&#8211; <a href=\"https:\/\/semmelweis.hu\/sugarvedelem\/files\/2020\/10\/G\u00e1sp\u00e1rdy-G\u00e9za-felaj\u00e1nl\u00e1sa-a-Sug\u00e1rv\u00e9delmi-F\u00fczetekbe.docx\">G\u00e1sp\u00e1rdy G\u00e9za felaj\u00e1nl\u00e1sa a Sug\u00e1rv\u00e9delmi F\u00fczetekbe<\/a><br \/>\n<a href=\"https:\/\/semmelweis.hu\/sugarvedelem\/files\/2021\/03\/ID\u00c9ZETEK-5_Gaspardy.docx\">ID\u00c9ZETEK _G\u00e1sp\u00e1rdy G\u00e9za gy\u0171jt\u00e9se<\/a><\/p>\n","protected":false},"excerpt":{"rendered":"<p><a href=\"https:\/\/semmelweis.hu\/sugarvedelem\/files\/2016\/04\/2014-tr\u00edcium-meghat\u00e1roz\u00e1sa-vizeletb\u0151l-sug\u00e1rv\u00e9delmi-f\u00fczetek-TG.pdf\" rel=\"\">2014 tr\u00edcium meghat\u00e1roz\u00e1sa vizeletb\u0151l sug\u00e1rv\u00e9delmi f\u00fczetek TG<\/a><br \/>\n\u00d6r\u00f6kz\u00f6ldek<br \/>\n&#8211; <a href=\"https:\/\/semmelweis.hu\/sugarvedelem\/files\/2016\/04\/alkalmazotti.pdf\">alkalmazotti<\/a><br \/>\n&#8211; <a href=\"https:\/\/semmelweis.hu\/sugarvedelem\/files\/2016\/04\/atomtechnika.pdf\">atomtechnika<\/a><br \/>\n&#8211; <a href=\"https:\/\/semmelweis.hu\/sugarvedelem\/files\/2016\/04\/internal_radiation.pdf\">internal_radiation<\/a><br \/>\n&#8211; <a href=\"https:\/\/semmelweis.hu\/sugarvedelem\/files\/2016\/04\/EM_Izot_Lab_Asziszt_tanf_tananyag_1974.pdf\">EM_Izot_Lab_Asziszt_tanf_tananyag_1974<\/a><br \/>\n<a href=\"https:\/\/semmelweis.hu\/sugarvedelem\/files\/2016\/04\/Orvosi_izotoptechnika_1985.pdf\">&#8211;\u00a0 Orvosi_izotoptechnika_1985<\/a><br \/>\n&#8211; <a href=\"https:\/\/semmelweis.hu\/sugarvedelem\/files\/2016\/04\/Sugarvedelmi_es_belsodozimetriai_ismeretek_III.kotet_jegyzet_1995_.pdf\">Sugarvedelmi_es_belsodozimetriai_ismeretek_III.kotet_jegyzet_1995_<\/a><br \/>\n<a href=\"https:\/\/semmelweis.hu\/sugarvedelem\/files\/2018\/05\/A-hazai-nukle\u00e1ris-medicina-t\u00f6rt\u00e9nete.pdf\">&#8211;\u00a0 A hazai nukle\u00e1ris medicina t\u00f6rt\u00e9nete<\/a><br \/>\n&#8211; <a href=\"https:\/\/semmelweis.hu\/sugarvedelem\/files\/2018\/05\/Sug\u00e1reg\u00e9szs\u00e9g\u00fcgyi-ismeretek.pdf\">\u00a0Sug\u00e1reg\u00e9szs\u00e9g\u00fcgyi ismeretek<\/a><br \/>\n&#8211; <a href=\"https:\/\/semmelweis.hu\/sugarvedelem\/files\/2020\/10\/G\u00e1sp\u00e1rdy-G\u00e9za-felaj\u00e1nl\u00e1sa-a-Sug\u00e1rv\u00e9delmi-F\u00fczetekbe.docx\">G\u00e1sp\u00e1rdy G\u00e9za felaj\u00e1nl\u00e1sa a Sug\u00e1rv\u00e9delmi F\u00fczetekbe<\/a><br \/>\n<a href=\"https:\/\/semmelweis.hu\/sugarvedelem\/files\/2021\/03\/ID\u00c9ZETEK-5_Gaspardy.docx\">ID\u00c9ZETEK _G\u00e1sp\u00e1rdy G\u00e9za gy\u0171jt\u00e9se<\/a><\/p>\n","protected":false},"author":190,"featured_media":0,"parent":0,"menu_order":0,"comment_status":"closed","ping_status":"closed","template":"","meta":{"_acf_changed":false,"footnotes":""},"categories":[],"tags":[],"class_list":["post-268","page","type-page","status-publish","hentry"],"acf":[],"_links":{"self":[{"href":"https:\/\/semmelweis.hu\/sugarvedelem\/wp-json\/wp\/v2\/pages\/268","targetHints":{"allow":["GET"]}}],"collection":[{"href":"https:\/\/semmelweis.hu\/sugarvedelem\/wp-json\/wp\/v2\/pages"}],"about":[{"href":"https:\/\/semmelweis.hu\/sugarvedelem\/wp-json\/wp\/v2\/types\/page"}],"author":[{"embeddable":true,"href":"https:\/\/semmelweis.hu\/sugarvedelem\/wp-json\/wp\/v2\/users\/190"}],"replies":[{"embeddable":true,"href":"https:\/\/semmelweis.hu\/sugarvedelem\/wp-json\/wp\/v2\/comments?post=268"}],"version-history":[{"count":10,"href":"https:\/\/semmelweis.hu\/sugarvedelem\/wp-json\/wp\/v2\/pages\/268\/revisions"}],"predecessor-version":[{"id":421,"href":"https:\/\/semmelweis.hu\/sugarvedelem\/wp-json\/wp\/v2\/pages\/268\/revisions\/421"}],"wp:attachment":[{"href":"https:\/\/semmelweis.hu\/sugarvedelem\/wp-json\/wp\/v2\/media?parent=268"}],"wp:term":[{"taxonomy":"category","embeddable":true,"href":"https:\/\/semmelweis.hu\/sugarvedelem\/wp-json\/wp\/v2\/categories?post=268"},{"taxonomy":"post_tag","embeddable":true,"href":"https:\/\/semmelweis.hu\/sugarvedelem\/wp-json\/wp\/v2\/tags?post=268"}],"curies":[{"name":"wp","href":"https:\/\/api.w.org\/{rel}","templated":true}]}}