{"id":184,"date":"2015-04-29T15:08:01","date_gmt":"2015-04-29T13:08:01","guid":{"rendered":"http:\/\/semmelweis.hu\/sugarvedelem\/?page_id=184"},"modified":"2025-04-14T10:58:41","modified_gmt":"2025-04-14T08:58:41","slug":"szolgaltatas","status":"publish","type":"page","link":"https:\/\/semmelweis.hu\/sugarvedelem\/szolgaltatas\/","title":{"rendered":"Szolg\u00e1ltat\u00e1s"},"content":{"rendered":"<p>Ellen\u0151rz\u0151 m\u00e9r\u00e9sekhez (fel\u00fcleti szennyezetts\u00e9g, d\u00f3zisteljes\u00edtm\u00e9ny m\u00e9r\u00e9se) ig\u00e9nybe lehet venni a Sug\u00e1rv\u00e9delmi Szolg\u00e1lat seg\u00edts\u00e9g\u00e9t. Ig\u00e9ny eset\u00e9n keress\u00e9k Taba Gabriella szolg\u00e1latvezet\u0151t a taba.gabriella@semmelweis.hu e-mail c\u00edmen, vagy a 06-20-6663769-es egyetemi mobilsz\u00e1mon.<\/p>\n","protected":false},"excerpt":{"rendered":"<p>Ellen\u0151rz\u0151 m\u00e9r\u00e9sekhez (fel\u00fcleti szennyezetts\u00e9g, d\u00f3zisteljes\u00edtm\u00e9ny m\u00e9r\u00e9se) ig\u00e9nybe lehet venni a Sug\u00e1rv\u00e9delmi Szolg\u00e1lat seg\u00edts\u00e9g\u00e9t. Ig\u00e9ny eset\u00e9n keress\u00e9k Taba Gabriella szolg\u00e1latvezet\u0151t a taba.gabriella@semmelweis.hu e-mail c\u00edmen, vagy a 06-20-6663769-es egyetemi mobilsz\u00e1mon.<\/p>\n","protected":false},"author":190,"featured_media":0,"parent":0,"menu_order":0,"comment_status":"open","ping_status":"open","template":"","meta":{"_acf_changed":false,"footnotes":""},"categories":[],"tags":[],"class_list":["post-184","page","type-page","status-publish","hentry"],"acf":[],"_links":{"self":[{"href":"https:\/\/semmelweis.hu\/sugarvedelem\/wp-json\/wp\/v2\/pages\/184","targetHints":{"allow":["GET"]}}],"collection":[{"href":"https:\/\/semmelweis.hu\/sugarvedelem\/wp-json\/wp\/v2\/pages"}],"about":[{"href":"https:\/\/semmelweis.hu\/sugarvedelem\/wp-json\/wp\/v2\/types\/page"}],"author":[{"embeddable":true,"href":"https:\/\/semmelweis.hu\/sugarvedelem\/wp-json\/wp\/v2\/users\/190"}],"replies":[{"embeddable":true,"href":"https:\/\/semmelweis.hu\/sugarvedelem\/wp-json\/wp\/v2\/comments?post=184"}],"version-history":[{"count":2,"href":"https:\/\/semmelweis.hu\/sugarvedelem\/wp-json\/wp\/v2\/pages\/184\/revisions"}],"predecessor-version":[{"id":463,"href":"https:\/\/semmelweis.hu\/sugarvedelem\/wp-json\/wp\/v2\/pages\/184\/revisions\/463"}],"wp:attachment":[{"href":"https:\/\/semmelweis.hu\/sugarvedelem\/wp-json\/wp\/v2\/media?parent=184"}],"wp:term":[{"taxonomy":"category","embeddable":true,"href":"https:\/\/semmelweis.hu\/sugarvedelem\/wp-json\/wp\/v2\/categories?post=184"},{"taxonomy":"post_tag","embeddable":true,"href":"https:\/\/semmelweis.hu\/sugarvedelem\/wp-json\/wp\/v2\/tags?post=184"}],"curies":[{"name":"wp","href":"https:\/\/api.w.org\/{rel}","templated":true}]}}