{"id":14,"date":"2012-09-11T15:41:09","date_gmt":"2012-09-11T13:41:09","guid":{"rendered":"http:\/\/semmelweis-egyetem.hu\/onkoterapiai-tanszek\/?page_id=6"},"modified":"2024-11-21T14:38:06","modified_gmt":"2024-11-21T13:38:06","slug":"oktatas","status":"publish","type":"page","link":"https:\/\/semmelweis.hu\/sugarvedelem\/oktatas\/","title":{"rendered":"Oktat\u00e1s"},"content":{"rendered":"<ul>\n<li>A Sug\u00e1rv\u00e9delmi Szolg\u00e1lat m\u00e1r t\u00f6bb \u00e9ve hagyom\u00e1nyosan B\u0151v\u00edtett fokozat\u00fa sug\u00e1rv\u00e9delmi k\u00e9pz\u00e9st \u00e9s tov\u00e1bbk\u00e9pz\u00e9st (32 ill. 20 \u00f3ra) tart a ny\u00e1ri vizsgaid\u0151szak elej\u00e9n. Alapfok\u00fa sug\u00e1rv\u00e9delmi k\u00e9pz\u00e9st (8 \u00f3ra) \u0151sszel (rendszerint okt\u00f3ber-november folyam\u00e1n) rendez\u00fcnk. A tanfolyamok pontos id\u0151pontj\u00e1r\u00f3l \u00e9s programj\u00e1r\u00f3l \u00e1ltal\u00e1ban a kezd\u00e9s el\u0151tt 1 h\u00f3nappal k\u00fcld\u00fcnk \u00e9rtes\u00edt\u00e9st az int\u00e9zeteknek, s az adatok ekkor ker\u00fclnek a honlapra, s t\u00e1j\u00e9koztat\u00e1sk\u00e9ppen az \u00fajabb id\u0151pontig ott is maradnak.<\/li>\n<\/ul>\n<p>A Szolg\u00e1lat munkat\u00e1rsai \u00e9rdekeltek m\u00e1s eg\u00e9szs\u00e9g\u00fcgyi int\u00e9zm\u00e9nyek hasonl\u00f3 szervez\u0151d\u00e9s\u0171 tanfolyamain is, mint el\u0151ad\u00f3k, gyakorlatvezet\u0151k.<\/p>\n","protected":false},"excerpt":{"rendered":"<p>A Sug\u00e1rv\u00e9delmi Szolg\u00e1lat m\u00e1r t\u00f6bb \u00e9ve hagyom\u00e1nyosan B\u0151v\u00edtett fokozat\u00fa sug\u00e1rv\u00e9delmi k\u00e9pz\u00e9st \u00e9s tov\u00e1bbk\u00e9pz\u00e9st (32 ill. 20 \u00f3ra) tart a ny\u00e1ri vizsgaid\u0151szak elej\u00e9n. Alapfok\u00fa sug\u00e1rv\u00e9delmi k\u00e9pz\u00e9st (8 \u00f3ra) \u0151sszel (rendszerint okt\u00f3ber-november folyam\u00e1n) rendez\u00fcnk. A tanfolyamok pontos id\u0151pontj\u00e1r\u00f3l \u00e9s programj\u00e1r\u00f3l \u00e1ltal\u00e1ban a kezd\u00e9s el\u0151tt 1 h\u00f3nappal k\u00fcld\u00fcnk \u00e9rtes\u00edt\u00e9st az int\u00e9zeteknek, s az adatok ekkor ker\u00fclnek a honlapra, &hellip;<\/p>\n","protected":false},"author":12,"featured_media":0,"parent":0,"menu_order":0,"comment_status":"closed","ping_status":"closed","template":"","meta":{"_acf_changed":false,"footnotes":""},"categories":[],"tags":[],"class_list":["post-14","page","type-page","status-publish","hentry"],"acf":[],"_links":{"self":[{"href":"https:\/\/semmelweis.hu\/sugarvedelem\/wp-json\/wp\/v2\/pages\/14","targetHints":{"allow":["GET"]}}],"collection":[{"href":"https:\/\/semmelweis.hu\/sugarvedelem\/wp-json\/wp\/v2\/pages"}],"about":[{"href":"https:\/\/semmelweis.hu\/sugarvedelem\/wp-json\/wp\/v2\/types\/page"}],"author":[{"embeddable":true,"href":"https:\/\/semmelweis.hu\/sugarvedelem\/wp-json\/wp\/v2\/users\/12"}],"replies":[{"embeddable":true,"href":"https:\/\/semmelweis.hu\/sugarvedelem\/wp-json\/wp\/v2\/comments?post=14"}],"version-history":[{"count":8,"href":"https:\/\/semmelweis.hu\/sugarvedelem\/wp-json\/wp\/v2\/pages\/14\/revisions"}],"predecessor-version":[{"id":459,"href":"https:\/\/semmelweis.hu\/sugarvedelem\/wp-json\/wp\/v2\/pages\/14\/revisions\/459"}],"wp:attachment":[{"href":"https:\/\/semmelweis.hu\/sugarvedelem\/wp-json\/wp\/v2\/media?parent=14"}],"wp:term":[{"taxonomy":"category","embeddable":true,"href":"https:\/\/semmelweis.hu\/sugarvedelem\/wp-json\/wp\/v2\/categories?post=14"},{"taxonomy":"post_tag","embeddable":true,"href":"https:\/\/semmelweis.hu\/sugarvedelem\/wp-json\/wp\/v2\/tags?post=14"}],"curies":[{"name":"wp","href":"https:\/\/api.w.org\/{rel}","templated":true}]}}