{"id":12,"date":"2012-09-11T15:40:16","date_gmt":"2012-09-11T13:40:16","guid":{"rendered":"http:\/\/semmelweis-egyetem.hu\/onkoterapiai-tanszek\/?page_id=4"},"modified":"2015-04-29T15:24:58","modified_gmt":"2015-04-29T13:24:58","slug":"tortenet","status":"publish","type":"page","link":"https:\/\/semmelweis.hu\/sugarvedelem\/tortenet\/","title":{"rendered":"T\u00f6rt\u00e9net"},"content":{"rendered":"<p><i>R\u00f6vid t\u00f6rt\u00e9nete<\/i><\/p>\n<p><i>\u00a0<\/i><\/p>\n<p>Az 1960-as \u00e9vekben kezd\u0151dtek azon t\u00f6rekv\u00e9sek, hogy egy k\u00f6zponti sug\u00e1rv\u00e9delmi egys\u00e9get kellene kialak\u00edtani az int\u00e9zetek, klinik\u00e1k sug\u00e1rv\u00e9delmi feladatainak koordin\u00e1l\u00e1s\u00e1ra, jav\u00edt\u00e1s\u00e1ra. \u00cdgy alakult ki egy sug\u00e1rv\u00e9delmi csoport, mely a 16\/2000. E\u00fcM rendelethez igazodva Sug\u00e1rv\u00e9delmi Szolg\u00e1latt\u00e1 alakult, a kor\u00e1bbi csoport vezet\u0151j\u00e9nek, Dr. Farkas Gy\u00f6rgy szakmai ir\u00e1ny\u00edt\u00e1s\u00e1val. Ezt k\u00f6vet\u0151en 2004 elej\u00e9n Dr. Kaposi D. Andr\u00e1s egyetemi docens (Biofizikai \u00e9s Sug\u00e1rbiol\u00f3giai Int\u00e9zet) vezet\u00e9s\u00e9vel, helyettese: Dr. M\u00f3zsa Szabolcs (Radiol\u00f3giai Klinika), m\u0171k\u00f6d\u00f6tt a Szolg\u00e1lat. 2004. \u0151sz\u00e9t\u0151l Dr. Kany\u00e1r B\u00e9la fizikus, nyugd\u00edjas egyetemi tan\u00e1r kapott megb\u00edz\u00e1st a Szolg\u00e1lat vezet\u00e9s\u00e9re, r\u00e9szmunkaid\u0151ben, helyettese pedig Dr. Voszka Istv\u00e1n (Biofizikai \u00e9s Sug\u00e1rv\u00e9delmi Int\u00e9zet), szint\u00e9n r\u00e9szmunkaid\u0151ben. 2014 november\u00e9t\u0151l a Szolg\u00e1lat vezet\u0151je Taba Gabriella, helyettese tov\u00e1bbra is Dr. Voszka Istv\u00e1n.<\/p>\n","protected":false},"excerpt":{"rendered":"<p>R\u00f6vid t\u00f6rt\u00e9nete \u00a0 Az 1960-as \u00e9vekben kezd\u0151dtek azon t\u00f6rekv\u00e9sek, hogy egy k\u00f6zponti sug\u00e1rv\u00e9delmi egys\u00e9get kellene kialak\u00edtani az int\u00e9zetek, klinik\u00e1k sug\u00e1rv\u00e9delmi feladatainak koordin\u00e1l\u00e1s\u00e1ra, jav\u00edt\u00e1s\u00e1ra. \u00cdgy alakult ki egy sug\u00e1rv\u00e9delmi csoport, mely a 16\/2000. E\u00fcM rendelethez igazodva Sug\u00e1rv\u00e9delmi Szolg\u00e1latt\u00e1 alakult, a kor\u00e1bbi csoport vezet\u0151j\u00e9nek, Dr. Farkas Gy\u00f6rgy szakmai ir\u00e1ny\u00edt\u00e1s\u00e1val. Ezt k\u00f6vet\u0151en 2004 elej\u00e9n Dr. Kaposi D. Andr\u00e1s &hellip;<\/p>\n","protected":false},"author":1,"featured_media":0,"parent":0,"menu_order":0,"comment_status":"open","ping_status":"open","template":"","meta":{"_acf_changed":false,"footnotes":""},"categories":[],"tags":[],"class_list":["post-12","page","type-page","status-publish","hentry"],"acf":[],"_links":{"self":[{"href":"https:\/\/semmelweis.hu\/sugarvedelem\/wp-json\/wp\/v2\/pages\/12","targetHints":{"allow":["GET"]}}],"collection":[{"href":"https:\/\/semmelweis.hu\/sugarvedelem\/wp-json\/wp\/v2\/pages"}],"about":[{"href":"https:\/\/semmelweis.hu\/sugarvedelem\/wp-json\/wp\/v2\/types\/page"}],"author":[{"embeddable":true,"href":"https:\/\/semmelweis.hu\/sugarvedelem\/wp-json\/wp\/v2\/users\/1"}],"replies":[{"embeddable":true,"href":"https:\/\/semmelweis.hu\/sugarvedelem\/wp-json\/wp\/v2\/comments?post=12"}],"version-history":[{"count":4,"href":"https:\/\/semmelweis.hu\/sugarvedelem\/wp-json\/wp\/v2\/pages\/12\/revisions"}],"predecessor-version":[{"id":188,"href":"https:\/\/semmelweis.hu\/sugarvedelem\/wp-json\/wp\/v2\/pages\/12\/revisions\/188"}],"wp:attachment":[{"href":"https:\/\/semmelweis.hu\/sugarvedelem\/wp-json\/wp\/v2\/media?parent=12"}],"wp:term":[{"taxonomy":"category","embeddable":true,"href":"https:\/\/semmelweis.hu\/sugarvedelem\/wp-json\/wp\/v2\/categories?post=12"},{"taxonomy":"post_tag","embeddable":true,"href":"https:\/\/semmelweis.hu\/sugarvedelem\/wp-json\/wp\/v2\/tags?post=12"}],"curies":[{"name":"wp","href":"https:\/\/api.w.org\/{rel}","templated":true}]}}