{"id":9,"date":"2025-06-24T11:31:07","date_gmt":"2025-06-24T09:31:07","guid":{"rendered":"https:\/\/semmelweis.hu\/sugarterapia\/?page_id=9"},"modified":"2025-08-28T12:46:50","modified_gmt":"2025-08-28T10:46:50","slug":"phd-kepzes","status":"publish","type":"page","link":"https:\/\/semmelweis.hu\/sugarterapia\/phd-kepzes\/","title":{"rendered":"PhD k\u00e9pz\u00e9s"},"content":{"rendered":"<h1>T\u00e9mavezet\u0151k \u00e9s doktori t\u00e9maki\u00edr\u00e1sok<\/h1>\n<h4><strong>Polg\u00e1r Csaba: Intenzit\u00e1smodul\u00e1lt \u00e9s k\u00e9pvez\u00e9relt sug\u00e1rkezel\u00e9s<\/strong><\/h4>\n<p>A rosszindulat\u00fa daganatok sug\u00e1rkezel\u00e9s\u00e9nek c\u00e9lja a daganatsejtek szelekt\u00edv elpuszt\u00edt\u00e1sa, a k\u00f6rnyez\u0151 \u00e9p (norm\u00e1l) sz\u00f6vetek lehet\u0151s\u00e9g szerinti maxim\u00e1lis megk\u00edm\u00e9l\u00e9se mellett. A CT alap\u00fa, 3 dimenzi\u00f3s (3D), konform\u00e1lis besug\u00e1rz\u00e1stervez\u00e9s ma m\u00e1r rutinszer\u0171en alkalmazott m\u00f3dszer mind a teleter\u00e1pi\u00e1ban, mind a brachyter\u00e1pi\u00e1ban.<\/p>\n<p>A d\u00f3ziseloszl\u00e1s tov\u00e1bbi optimaliz\u00e1l\u00e1s\u00e1ra ad lehet\u0151s\u00e9get az intenzit\u00e1s modul\u00e1lt sug\u00e1rkezel\u00e9s (\u201eintensity modulated radiotherapy\u201d; IMRT). A sug\u00e1rkezel\u00e9s kiszolg\u00e1ltat\u00e1sa sor\u00e1n a napi be\u00e1ll\u00edt\u00e1si pontatlans\u00e1g \u00e9s a bels\u0151 szervelmozdul\u00e1sok kik\u00fcsz\u00f6b\u00f6l\u00e9s\u00e9re szolg\u00e1l\u00f3 \u00faj m\u00f3dszer a k\u00e9pvez\u00e9relt sug\u00e1rkezel\u00e9s (\u201eimage-guided radiotherapy\u201d; IGRT). A k\u00e9pvez\u00e9relt sug\u00e1rkezel\u00e9sben alkalmazott k\u00fcl\u00f6nb\u00f6z\u0151 k\u00e9palkot\u00f3 m\u00f3dszerekkel (digit\u00e1lisan rekonstru\u00e1lt r\u00f6ntgen-felv\u00e9telek, UH, megavoltos \u00e9s kilovoltos \u201econe-beam\u201d CT) a klinikai c\u00e9lt\u00e9rfogathoz (\u201eclinical target volume\u201d; CTV) adott biztons\u00e1gi z\u00f3na tov\u00e1bb cs\u00f6kkenthet\u0151, \u00edgy a tervez\u00e9si c\u00e9lt\u00e9rfogat (\u201eplanning target volume\u201d) nagys\u00e1ga is jelent\u0151sen cs\u00f6kken. Ennek k\u00f6vetkezt\u00e9ben a norm\u00e1l sz\u00f6vetek d\u00f3zisterhel\u00e9se cs\u00f6kkenthet\u0151 \u00e9s\/vagy a c\u00e9lt\u00e9rfogatra kiszolg\u00e1ltatott d\u00f3zis tov\u00e1bbi emel\u00e9se (d\u00f3ziseszkal\u00e1ci\u00f3) v\u00e1lik lehet\u0151v\u00e9. Mindezek a klinikai eredm\u00e9nyek javul\u00e1s\u00e1t \u2013 a sug\u00e1rkezel\u00e9s okozta mell\u00e9khat\u00e1sok kock\u00e1zat\u00e1nak cs\u00f6kken\u00e9s\u00e9t, illetve a helyi daganatmentess\u00e9g ar\u00e1ny\u00e1nak javul\u00e1s\u00e1t eredm\u00e9nyezhetik.<\/p>\n<p><strong>A kutat\u00e1si t\u00e9m\u00e1ban jelentkez\u0151 feladata<\/strong> k\u00fcl\u00f6nb\u00f6z\u0151 szerv lokaliz\u00e1ci\u00f3kban a teleter\u00e1pi\u00e1s \u00e9s\/vagy brachyter\u00e1pi\u00e1s intenzit\u00e1s modul\u00e1lt \u00e9s\/vagy k\u00e9pvez\u00e9relt besug\u00e1rz\u00e1si m\u00f3dszerek kidolgoz\u00e1sa \u00e9s bevezet\u00e9se a klinikai gyakorlatba, valamint az alkalmazott \u00faj m\u00f3dszerek klinikai eredm\u00e9nyek javul\u00e1s\u00e1ra kifejtett hat\u00e1s\u00e1nak igazol\u00e1sa.<\/p>\n<h4><strong>Polg\u00e1r Csaba: Mutag\u00e9n\u00e9rz\u00e9kenys\u00e9g vizsg\u00e1lata r\u00e1kos- \u00e9s r\u00e1kmegel\u0151z\u0151 elv\u00e1ltoz\u00e1sokban<\/strong><\/h4>\n<ol>\n<li>Mutag\u00e9n\u00e9rz\u00e9kenys\u00e9g jelent\u0151s\u00e9g\u00e9nek vizsg\u00e1lata a m\u00e1sodik primer r\u00e1k (MPR) kialakul\u00e1s\u00e1ban fej-nyaki laph\u00e1msejtes r\u00e1kban.<\/li>\n<li>MPR hat\u00e1sa a daganatspecifikus t\u00fal\u00e9l\u00e9sre.<\/li>\n<li>Hossz\u00fa ideig t\u00fal\u00e9l\u0151 fej-nyaki r\u00e1kos betegekn\u00e9l a mutag\u00e9n\u00e9rz\u00e9kenys\u00e9g v\u00e1ltoz\u00e1s\u00e1nak vizsg\u00e1lata.<\/li>\n<li>Sz\u00e1j\u00fcregi leukopl\u00e1ki\u00e1ban szenved\u0151 betegekn\u00e9l a mutag\u00e9n\u00e9rz\u00e9kenys\u00e9g \u00e9s a dysplasia s\u00falyoss\u00e1g\u00e1nak kapcsolata, a mutag\u00e9n\u00e9rz\u00e9kenys\u00e9g mint a r\u00e1kos \u00e1talakul\u00e1s biomarkere.<\/li>\n<\/ol>\n<h4><strong>Tak\u00e1csi-Nagy Zolt\u00e1n: Fej-nyak daganatok sug\u00e1rkezel\u00e9se \u00e9s radiokemoter\u00e1pi\u00e1ja<\/strong><\/h4>\n<ol>\n<li>A sz\u00e1j\u00fcregi-garat \u00e9s g\u00e9ge tumorok tele- \u00e9s brachyter\u00e1pi\u00e1s technik\u00e1inak elemz\u00e9se.<\/li>\n<li>A sz\u00e1j\u00fcregi tumorok brachyter\u00e1pi\u00e1j\u00e1nak vizsg\u00e1lata. Az interstitialis, magas d\u00f3zisteljes\u00edtm\u00e9ny\u0171 sz\u00f6vetk\u00f6zi sug\u00e1rkezel\u00e9s technik\u00e1ja, m\u00f3dszerei, dozimetri\u00e1ja, az el\u00e9rt eredm\u00e9nyek elemz\u00e9se. A brachyter\u00e1pia mint egyed\u00fcli vagy mint kieg\u00e9sz\u00edt\u0151 (boost) kezel\u00e9s vizsg\u00e1lata k\u00fcl\u00f6nb\u00f6z\u0151 lokaliz\u00e1ci\u00f3kn\u00e1l. A kezel\u00e9st k\u00f6vet\u0151en kialakult mell\u00e9khat\u00e1sok vizsg\u00e1lata.<\/li>\n<li>Modern k\u00fcls\u0151 besug\u00e1rz\u00e1si m\u00f3dszerek (inteznzit\u00e1s modul\u00e1lt radioter\u00e1pia \/IMRT\/, volumetrikus \u00edvbesug\u00e1rz\u00e1s \/VMAT: volumetric modulated ArcTherapy\/, sztereotaxi\u00e1s besug\u00e1rz\u00e1s \/Cyberknife\/) vizsg\u00e1lata eredm\u00e9nyess\u00e9g \u00e9s dozimetriai szempontb\u00f3l \u00e9s ennek \u00f6sszehasonl\u00edt\u00e1sa a brachyter\u00e1pi\u00e1val.<\/li>\n<li>A ny\u00e1lmirigyek, az \u00e1llcsont, a gerincvel\u0151, a nyel\u00e9sben r\u00e9sztvev\u0151 m. constrictor pharyngis izmok cs\u00f6kkentettebb sug\u00e1rterhel\u00e9s\u00e9nek \u00e9s \u00edgy a k\u00e9s\u0151i mell\u00e9khat\u00e1sok m\u00e9rs\u00e9kl\u00e9s\u00e9nek lehet\u0151s\u00e9gei a fenti technik\u00e1kkal.<\/li>\n<li>Adapt\u00edv besug\u00e1rz\u00e1s lehet\u0151s\u00e9gei fej-nyak tumorokon. El\u0151nyei \u00e9s h\u00e1tr\u00e1nyai.<\/li>\n<li>Elt\u00e9r\u0151 frakcion\u00e1l\u00e1s (hiperfrakcion\u00e1l\u00e1s, SIB: Szimult\u00e1n integr\u00e1lt boost) alkalmaz\u00e1sa \u00e9s hat\u00e1soss\u00e1ga fej-nyaki tumorokon.<\/li>\n<li>A sug\u00e1rkezel\u00e9s eredm\u00e9nyess\u00e9g\u00e9t befoly\u00e1sol\u00f3 etiol\u00f3gia, klinikai, patol\u00f3giai \u00e9s dozimetriai predikt\u00edv faktorok elemz\u00e9se.<\/li>\n<li>A HPV (human papilloma virus) okozta sz\u00e1garat daganatok sug\u00e1rkezel\u00e9ssel el\u00e9rt eredm\u00e9nyeinek vizsg\u00e1lata, \u00f6sszehasonl\u00edtva a HPV nagat\u00edv daganatok\u00e9val.<\/li>\n<li>A sug\u00e1rkezel\u00e9s kombin\u00e1l\u00e1s\u00e1nak lehet\u0151s\u00e9gei m\u0171t\u00e9ttel \u00e9s\/vagy gy\u00f3gyszeres ter\u00e1pi\u00e1val (kemoter\u00e1pia, bioter\u00e1pia, immunter\u00e1pia, stb.). Az egyes modalit\u00e1sok eredm\u00e9nyess\u00e9g\u00e9nek egym\u00e1ssal val\u00f3 \u00f6sszehasonl\u00edt\u00e1sa.<\/li>\n<li>Reirradi\u00e1ci\u00f3 lehet\u0151s\u00e9geinek vizsg\u00e1lata elt\u00e9r\u0151 besug\u00e1rz\u00e1si technik\u00e1kkal (brachyter\u00e1pia, IMRT, cyberknife) a dozimetria, eredm\u00e9nyess\u00e9g \u00e9s a mell\u00e9khat\u00e1sok szempontj\u00e1b\u00f3l.<\/li>\n<li>A radiokemoter\u00e1pia, mint szervmeg\u0151rz\u0151 kezel\u00e9s lehet\u0151s\u00e9geinek elemz\u00e9se definit\u00edv, illetve posztoperat\u00edv esetben.<\/li>\n<li>A radiokemoter\u00e1pi\u00e1ra nem alkalmas betegek ter\u00e1pi\u00e1j\u00e1nak lehet\u0151s\u00e9gei. A bioradioter\u00e1pia, sug\u00e1r\u00e9rz\u00e9keny\u00edt\u0151k, egy\u00e9b a sug\u00e1rhat\u00e1st n\u00f6vel\u0151 k\u00e9sz\u00edtm\u00e9nyek alkalmaz\u00e1s\u00e1nak vizsg\u00e1lata.<\/li>\n<li>Az indukci\u00f3s kemoter\u00e1pia potenci\u00e1lis ter\u00fcletei el\u0151rehaladott fej-nyaki tumorokn\u00e1l.<\/li>\n<li>A sug\u00e1r \u00e9s gy\u00f3gyszeres ter\u00e1pia kombin\u00e1ci\u00f3j\u00e1val kapcsolatos mell\u00e9khat\u00e1sok vizsg\u00e1lata.<\/li>\n<\/ol>\n<h4><strong>\u00c1goston P\u00e9ter: Urol\u00f3giai tumorok sug\u00e1rkezel\u00e9se \u00e9s radiokemoter\u00e1pi\u00e1ja<\/strong><\/h4>\n<p>Az urol\u00f3giai daganatok sug\u00e1rter\u00e1pi\u00e1ja. Brachyter\u00e1pi\u00e1s \u00e9s teleter\u00e1pi\u00e1s m\u00f3dszerek. A kezel\u00e9sek predikt\u00edv faktorai. A k\u00fcl\u00f6nb\u00f6z\u0151 sug\u00e1rter\u00e1pi\u00e1s tecnik\u00e1k eredm\u00e9nyei \u00e9s mell\u00e9khat\u00e1sai. D\u00f3zis- v\u00e1lasz \u00e9s d\u00f3zis- mell\u00e9khat\u00e1s \u00f6sszef\u00fcgg\u00e9sek. A h\u00f3lyagtumor radiokemoter\u00e1pi\u00e1ja, szervmegtart\u00f3 kezel\u00e9sek.<\/p>\n<h4><strong>Major Tibor: Korszer\u0171 sug\u00e1rter\u00e1pi\u00e1s elj\u00e1r\u00e1sok dozimetriai elemz\u00e9se<\/strong><\/h4>\n<p>Az elm\u00falt \u00e9vtizedben jelent\u0151s technikai\/technol\u00f3giai fejl\u0151d\u00e9s t\u00f6rt\u00e9nt a k\u00fcls\u0151 sug\u00e1rter\u00e1pi\u00e1ban \u00e9s a brachyter\u00e1pi\u00e1ban is. A metszetk\u00e9palkot\u00f3 elj\u00e1r\u00e1sokon (CT\/MRI\/UH\/PET) alapul\u00f3 besug\u00e1rz\u00e1stervez\u00e9s ma m\u00e1r rutinszer\u0171 elj\u00e1r\u00e1snak sz\u00e1m\u00edt a daganatos betegek sug\u00e1rter\u00e1pi\u00e1s kezel\u00e9s\u00e9ben. Ugyanakkor \u00faj d\u00f3zissz\u00e1mol\u00e1si algoritmusok alkalmaz\u00e1s\u00e1val a testben kialakul\u00f3 d\u00f3ziseloszl\u00e1sok ma m\u00e1r pontosabban sz\u00e1molhat\u00f3k, aminek klinikai k\u00f6vetkezm\u00e9nyei is lehetnek.<\/p>\n<p>A CT k\u00e9palkot\u00e1st kieg\u00e9sz\u00edt\u0151 PET \u00e9s MRI k\u00e9palkot\u00e1sok alkalmaz\u00e1s\u00e1val a c\u00e9lt\u00e9rfogat pontosabban hat\u00e1rozhat\u00f3 meg, a v\u00e9dend\u0151 szervek k\u00f6rberajzol\u00e1s\u00e1ra alkalmazott automatikus, mesters\u00e9ges intelligencia (MI) alap\u00fa szoftverekkel pedig n\u00f6velhet\u0151 a kont\u00faroz\u00e1s pontoss\u00e1ga \u00e9s cs\u00f6kkenthet\u0151k az \u00fan. \u201einterobserver\u201d k\u00fcl\u00f6nbs\u00e9gek. A betegr\u0151l nyert teljes h\u00e1romdimenzi\u00f3s (3D-s) anat\u00f3miai inform\u00e1ci\u00f3, valamint a c\u00e9lt\u00e9rfogat \u00e9s a v\u00e9dend\u0151 szervek pontosabb meghat\u00e1roz\u00e1sa lehet\u0151v\u00e9 teszi a konform\u00e1lis sug\u00e1rter\u00e1pi\u00e1t, melynek sor\u00e1n a daganat ter\u00e1pi\u00e1s d\u00f3zissal t\u00f6rt\u00e9n\u0151 besug\u00e1rz\u00e1sa a k\u00f6rnyez\u0151 \u00e9p sz\u00f6vetek \u00e9s szervek minim\u00e1lis d\u00f3zisterhel\u00e9se mellett t\u00f6rt\u00e9nik. Ennek megval\u00f3s\u00edt\u00e1s\u00e1ra \u00faj kezel\u00e9si m\u00f3dszerek v\u00e1ltak lehet\u0151v\u00e9, mint p\u00e9ld\u00e1ul az intenzit\u00e1smodul\u00e1lt sug\u00e1rter\u00e1pia (IMRT), t\u00e9rfogatmodul\u00e1lt \u00edvbesug\u00e1rz\u00e1s (VMAT), szeterotaxi\u00e1s testbesug\u00e1rz\u00e1s (SBRT), k\u00e9pvez\u00e9relt sug\u00e1rter\u00e1pia (IGRT) \u00e9s adapt\u00edv sug\u00e1rter\u00e1pia (ART).<\/p>\n<p>A k\u00e9tdimenzi\u00f3s (2D-s) \u00e9s h\u00e1romdimenzi\u00f3s (3D-s) k\u00e9palkot\u00e1sok rendszeres haszn\u00e1lat\u00e1val a betegbe\u00e1ll\u00edt\u00e1s ellen\u0151rz\u00e9se \u00e9s a c\u00e9lt\u00e9rfogatlokaliz\u00e1l\u00e1s pontoss\u00e1ga nagy m\u00e9rt\u00e9kben n\u00f6velhet\u0151, ugyanakkor az ioniz\u00e1l\u00f3 sug\u00e1rz\u00e1sok plusz d\u00f3zist jelentenek a beteg sz\u00e1m\u00e1ra. Ez\u00e9rt azok optim\u00e1lis alkalmaz\u00e1sa elengedhetetlen a korszer\u0171 sug\u00e1rter\u00e1pi\u00e1ban. Adapt\u00edv besug\u00e1rz\u00e1sn\u00e1l az aktu\u00e1lis anat\u00f3miai viszonyok figyelembev\u00e9tel\u00e9vel t\u00f6rt\u00e9nik a napi d\u00f3ziskiszolg\u00e1l\u00e1s. Ezek a modern kezel\u00e9si m\u00f3dszerek \u00faj kih\u00edv\u00e1sokat jelentenek a besug\u00e1rz\u00e1si tervek dozimetriai \u00e9rt\u00e9kel\u00e9s\u00e9ben \u00e9s a betegnek kiszolg\u00e1ltatott d\u00f3zisok ellen\u0151rz\u00e9s\u00e9ben is.<\/p>\n<p><strong>A kutat\u00e1si t\u00e9ma a fenti modern sug\u00e1rter\u00e1pi\u00e1s elj\u00e1r\u00e1sok dozimetriai k\u00f6vetkezm\u00e9nyeinek a vizsg\u00e1lataira ir\u00e1nyul.<\/strong> K\u00fcl\u00f6nb\u00f6z\u0151 daganatlokaliz\u00e1ci\u00f3k k\u00fcls\u0151 \u00e9s brachyter\u00e1pi\u00e1s besug\u00e1rz\u00e1s-tervez\u00e9s\u00e9n\u00e9l t\u00e9rfogati d\u00f3zis-param\u00e9terek \u00e9s k\u00fcl\u00f6nb\u00f6z\u0151 optimaliz\u00e1l\u00f3 algoritmusok alkalmaz\u00e1s\u00e1val olyan param\u00e9terek meghat\u00e1roz\u00e1s\u00e1t t\u0171zz\u00fck ki c\u00e9lul, melyek optim\u00e1lis d\u00f3ziseloszl\u00e1sokat eredm\u00e9nyeznek a d\u00f3zislefedetts\u00e9g, d\u00f3zishomogenit\u00e1s \u00e9s a v\u00e9dend\u0151 szervek d\u00f3zisterhel\u00e9se szempontj\u00e1b\u00f3l. Tov\u00e1bb\u00e1, \u00f6sszehasonl\u00edt\u00f3 elemz\u00e9sekkel vizsg\u00e1lni k\u00edv\u00e1njuk, hogy milyen esetekben el\u0151ny\u00f6sebb a brachyter\u00e1pi\u00e1s kezel\u00e9s a k\u00fcls\u0151 sug\u00e1rter\u00e1pi\u00e1val szemben. A d\u00f3zistervek megval\u00f3s\u00edt\u00e1sakor a besug\u00e1rz\u00e1s sor\u00e1n k\u00fcl\u00f6nb\u00f6z\u0151 szoftveres \u00e9s m\u00e9r\u00e9si m\u00f3dszerekkel ellen\u0151rizz\u00fck a d\u00f3ziskiszolg\u00e1l\u00e1s pontoss\u00e1g\u00e1t, az adatok elemezz\u00fck \u00e9s az eredm\u00e9nyeket felhaszn\u00e1ljuk a kezel\u00e9si protokollok kidolgoz\u00e1s\u00e1n\u00e1l.<\/p>\n<p>Az elm\u00e9leti eredm\u00e9nyek klinikai megval\u00f3s\u00edt\u00e1sa v\u00e1rhat\u00f3an jav\u00edtja a lok\u00e1lis daganatkontrollt \u00e9s cs\u00f6kkenti a korai \u00e9s k\u00e9s\u0151i mell\u00e9khat\u00e1sok kialakul\u00e1s\u00e1nak a kock\u00e1zat\u00e1t a daganatos betegek sug\u00e1rter\u00e1pi\u00e1j\u00e1n\u00e1l.<\/p>\n<p>&nbsp;<\/p>\n<p>&nbsp;<\/p>\n<p>&nbsp;<\/p>\n","protected":false},"excerpt":{"rendered":"<p>T\u00e9mavezet\u0151k \u00e9s doktori t\u00e9maki\u00edr\u00e1sok Polg\u00e1r Csaba: Intenzit\u00e1smodul\u00e1lt \u00e9s k\u00e9pvez\u00e9relt sug\u00e1rkezel\u00e9s A rosszindulat\u00fa daganatok sug\u00e1rkezel\u00e9s\u00e9nek c\u00e9lja a daganatsejtek szelekt\u00edv elpuszt\u00edt\u00e1sa, a k\u00f6rnyez\u0151 \u00e9p (norm\u00e1l) sz\u00f6vetek lehet\u0151s\u00e9g szerinti maxim\u00e1lis megk\u00edm\u00e9l\u00e9se mellett. A CT alap\u00fa, 3 dimenzi\u00f3s (3D), konform\u00e1lis besug\u00e1rz\u00e1stervez\u00e9s ma m\u00e1r rutinszer\u0171en alkalmazott m\u00f3dszer mind a teleter\u00e1pi\u00e1ban, mind a brachyter\u00e1pi\u00e1ban. A d\u00f3ziseloszl\u00e1s tov\u00e1bbi optimaliz\u00e1l\u00e1s\u00e1ra ad lehet\u0151s\u00e9get az &hellip;<\/p>\n","protected":false},"author":12,"featured_media":0,"parent":0,"menu_order":2,"comment_status":"closed","ping_status":"closed","template":"template-fullwidth.php","meta":{"_acf_changed":false,"footnotes":""},"categories":[],"tags":[],"class_list":["post-9","page","type-page","status-publish","hentry"],"acf":[],"_links":{"self":[{"href":"https:\/\/semmelweis.hu\/sugarterapia\/wp-json\/wp\/v2\/pages\/9","targetHints":{"allow":["GET"]}}],"collection":[{"href":"https:\/\/semmelweis.hu\/sugarterapia\/wp-json\/wp\/v2\/pages"}],"about":[{"href":"https:\/\/semmelweis.hu\/sugarterapia\/wp-json\/wp\/v2\/types\/page"}],"author":[{"embeddable":true,"href":"https:\/\/semmelweis.hu\/sugarterapia\/wp-json\/wp\/v2\/users\/12"}],"replies":[{"embeddable":true,"href":"https:\/\/semmelweis.hu\/sugarterapia\/wp-json\/wp\/v2\/comments?post=9"}],"version-history":[{"count":4,"href":"https:\/\/semmelweis.hu\/sugarterapia\/wp-json\/wp\/v2\/pages\/9\/revisions"}],"predecessor-version":[{"id":44,"href":"https:\/\/semmelweis.hu\/sugarterapia\/wp-json\/wp\/v2\/pages\/9\/revisions\/44"}],"wp:attachment":[{"href":"https:\/\/semmelweis.hu\/sugarterapia\/wp-json\/wp\/v2\/media?parent=9"}],"wp:term":[{"taxonomy":"category","embeddable":true,"href":"https:\/\/semmelweis.hu\/sugarterapia\/wp-json\/wp\/v2\/categories?post=9"},{"taxonomy":"post_tag","embeddable":true,"href":"https:\/\/semmelweis.hu\/sugarterapia\/wp-json\/wp\/v2\/tags?post=9"}],"curies":[{"name":"wp","href":"https:\/\/api.w.org\/{rel}","templated":true}]}}