{"id":6,"date":"2025-06-24T11:19:38","date_gmt":"2025-06-24T09:19:38","guid":{"rendered":"https:\/\/semmelweis.hu\/sugarterapia\/?page_id=6"},"modified":"2025-08-14T14:27:32","modified_gmt":"2025-08-14T12:27:32","slug":"kapcsolat","status":"publish","type":"page","link":"https:\/\/semmelweis.hu\/sugarterapia\/kapcsolat\/","title":{"rendered":"Kapcsolat"},"content":{"rendered":"<div class=\"keretes w-100\">\n<h5>C\u00edm: 1122 Budapest, R\u00e1th Gy\u00f6rgy u. 7-9.\u00a0<\/h5>\n<h5>Telefon: +36-1-224-8690<\/h5>\n<\/div>\n<p><iframe loading=\"lazy\" style=\"border: 0;\" src=\"https:\/\/www.google.com\/maps\/embed?pb=!1m14!1m8!1m3!1d5390.966428404502!2d19.021305!3d47.49998!3m2!1i1024!2i768!4f13.1!3m3!1m2!1s0x4741de9e1227a16f%3A0x46e2b9408738bdf8!2zT3JzesOhZ29zIE9ua29sw7NnaWFpIEludMOpemV0!5e0!3m2!1shu!2shu!4v1750756750345!5m2!1shu!2shu\" width=\"100%\" height=\"450\" allowfullscreen=\"allowfullscreen\"><\/iframe><\/p>\n","protected":false},"excerpt":{"rendered":"<p>C\u00edm: 1122 Budapest, R\u00e1th Gy\u00f6rgy u. 7-9.\u00a0<br \/>\nTelefon: +36-1-224-8690<\/p>\n","protected":false},"author":12,"featured_media":0,"parent":0,"menu_order":8,"comment_status":"closed","ping_status":"closed","template":"template-fullwidth.php","meta":{"_acf_changed":false,"footnotes":""},"categories":[],"tags":[],"class_list":["post-6","page","type-page","status-publish","hentry"],"acf":[],"_links":{"self":[{"href":"https:\/\/semmelweis.hu\/sugarterapia\/wp-json\/wp\/v2\/pages\/6","targetHints":{"allow":["GET"]}}],"collection":[{"href":"https:\/\/semmelweis.hu\/sugarterapia\/wp-json\/wp\/v2\/pages"}],"about":[{"href":"https:\/\/semmelweis.hu\/sugarterapia\/wp-json\/wp\/v2\/types\/page"}],"author":[{"embeddable":true,"href":"https:\/\/semmelweis.hu\/sugarterapia\/wp-json\/wp\/v2\/users\/12"}],"replies":[{"embeddable":true,"href":"https:\/\/semmelweis.hu\/sugarterapia\/wp-json\/wp\/v2\/comments?post=6"}],"version-history":[{"count":3,"href":"https:\/\/semmelweis.hu\/sugarterapia\/wp-json\/wp\/v2\/pages\/6\/revisions"}],"predecessor-version":[{"id":25,"href":"https:\/\/semmelweis.hu\/sugarterapia\/wp-json\/wp\/v2\/pages\/6\/revisions\/25"}],"wp:attachment":[{"href":"https:\/\/semmelweis.hu\/sugarterapia\/wp-json\/wp\/v2\/media?parent=6"}],"wp:term":[{"taxonomy":"category","embeddable":true,"href":"https:\/\/semmelweis.hu\/sugarterapia\/wp-json\/wp\/v2\/categories?post=6"},{"taxonomy":"post_tag","embeddable":true,"href":"https:\/\/semmelweis.hu\/sugarterapia\/wp-json\/wp\/v2\/tags?post=6"}],"curies":[{"name":"wp","href":"https:\/\/api.w.org\/{rel}","templated":true}]}}