{"id":4,"date":"2025-06-24T11:18:19","date_gmt":"2025-06-24T09:18:19","guid":{"rendered":"https:\/\/semmelweis.hu\/sugarterapia\/?page_id=4"},"modified":"2025-08-14T14:20:24","modified_gmt":"2025-08-14T12:20:24","slug":"munkatarsak","status":"publish","type":"page","link":"https:\/\/semmelweis.hu\/sugarterapia\/munkatarsak\/","title":{"rendered":"Munkat\u00e1rsak"},"content":{"rendered":"<h6><strong>Tansz\u00e9kvezet\u0151: <br \/><\/strong>Prof. dr. Polg\u00e1r Csaba, egyetemi tan\u00e1r<\/h6>\n<p>Tel.: + 36 1 224-8600\/1507<br \/>e-mail: polgar.csaba@oncol.hu<\/p>\n<hr \/>\n<h6><strong>Titk\u00e1rs\u00e1g: <br \/><\/strong>\u00c1bel M\u00f3nika\u00a0 \u00a0 \u00a0<\/h6>\n<p>Tel.: + 36-1-224 8772 | 06-20-670 1044<br \/>e-mail: sugarterapia@oncol.hu<\/p>\n<h6>Utasi Melani\u00a0 \u00a0 \u00a0<\/h6>\n<p>Tel.: +36-1-224 8772 <br \/>e-mail: sugarterapia@oncol.hu<\/p>\n<hr \/>\n<h6><strong>Magyar tanulm\u00e1nyi felel\u0151s: <br \/><\/strong>Prof. dr. Major Tibor, egyetemi tan\u00e1r<\/h6>\n<p>Tel.: + 36-1-380 3277 | 06-20-670 1849 <br \/>e-mail: major.tibor@oncol.hu<\/p>\n<hr \/>\n<h6><strong>Angol tanulm\u00e1nyi felel\u0151s: <br \/><\/strong>Dr. \u00c1goston P\u00e9ter, PhD, egyetemi adjunktus<\/h6>\n<p>Tel.: + 36-1-224 8600\/3186<br \/>e-mail: agoston.peter@oncol.hu<\/p>\n<hr \/>\n<h6><strong>N\u00e9met tanulm\u00e1nyi felel\u0151s: <br \/><\/strong>Dr. med. habil. Tak\u00e1csi Nagy Zolt\u00e1n, egyetemi docens<\/h6>\n<p>Tel.: +36-1-224 8600\/3204<br \/>e-mail: takacsi.zoltan@oncol.hu<\/p>\n<hr \/>\n<h6><strong>Megosztott st\u00e1tusz\u00fa oktat\u00f3k:<\/strong> <br \/>Dr. Jorgo Kliton, PhD, egyetemi adjunktus<\/h6>\n<p>Tel.:+36-1-224 8600\/3206 <br \/>e-mail: jorgo.kliton@oncol.hu<\/p>\n<h6>Dr. Smanyk\u00f3 Viktor, PhD, egyetemi adjunktus<\/h6>\n<p>Tel.: +36-1-224 8600\/3440<br \/>e-mail: smanyko.viktor@oncol.hu<\/p>\n","protected":false},"excerpt":{"rendered":"<p>Tansz\u00e9kvezet\u0151: Prof. dr. Polg\u00e1r Csaba, egyetemi tan\u00e1r Tel.: + 36 1 224-8600\/1507e-mail: polgar.csaba@oncol.hu Titk\u00e1rs\u00e1g: \u00c1bel M\u00f3nika\u00a0 \u00a0 \u00a0 Tel.: + 36-1-224 8772 | 06-20-670 1044e-mail: sugarterapia@oncol.hu Utasi Melani\u00a0 \u00a0 \u00a0 Tel.: +36-1-224 8772 e-mail: sugarterapia@oncol.hu Magyar tanulm\u00e1nyi felel\u0151s: Prof. dr. Major Tibor, egyetemi tan\u00e1r Tel.: + 36-1-380 3277 | 06-20-670 1849 e-mail: major.tibor@oncol.hu Angol tanulm\u00e1nyi &hellip;<\/p>\n","protected":false},"author":12,"featured_media":0,"parent":0,"menu_order":7,"comment_status":"closed","ping_status":"closed","template":"","meta":{"_acf_changed":false,"footnotes":""},"categories":[],"tags":[],"class_list":["post-4","page","type-page","status-publish","hentry"],"acf":[],"_links":{"self":[{"href":"https:\/\/semmelweis.hu\/sugarterapia\/wp-json\/wp\/v2\/pages\/4","targetHints":{"allow":["GET"]}}],"collection":[{"href":"https:\/\/semmelweis.hu\/sugarterapia\/wp-json\/wp\/v2\/pages"}],"about":[{"href":"https:\/\/semmelweis.hu\/sugarterapia\/wp-json\/wp\/v2\/types\/page"}],"author":[{"embeddable":true,"href":"https:\/\/semmelweis.hu\/sugarterapia\/wp-json\/wp\/v2\/users\/12"}],"replies":[{"embeddable":true,"href":"https:\/\/semmelweis.hu\/sugarterapia\/wp-json\/wp\/v2\/comments?post=4"}],"version-history":[{"count":5,"href":"https:\/\/semmelweis.hu\/sugarterapia\/wp-json\/wp\/v2\/pages\/4\/revisions"}],"predecessor-version":[{"id":40,"href":"https:\/\/semmelweis.hu\/sugarterapia\/wp-json\/wp\/v2\/pages\/4\/revisions\/40"}],"wp:attachment":[{"href":"https:\/\/semmelweis.hu\/sugarterapia\/wp-json\/wp\/v2\/media?parent=4"}],"wp:term":[{"taxonomy":"category","embeddable":true,"href":"https:\/\/semmelweis.hu\/sugarterapia\/wp-json\/wp\/v2\/categories?post=4"},{"taxonomy":"post_tag","embeddable":true,"href":"https:\/\/semmelweis.hu\/sugarterapia\/wp-json\/wp\/v2\/tags?post=4"}],"curies":[{"name":"wp","href":"https:\/\/api.w.org\/{rel}","templated":true}]}}