{"id":35,"date":"2025-07-10T16:11:51","date_gmt":"2025-07-10T14:11:51","guid":{"rendered":"https:\/\/semmelweis.hu\/sugarterapia\/?page_id=35"},"modified":"2025-08-28T12:46:56","modified_gmt":"2025-08-28T10:46:56","slug":"kutatas","status":"publish","type":"page","link":"https:\/\/semmelweis.hu\/sugarterapia\/kutatas\/","title":{"rendered":"Kutat\u00e1s"},"content":{"rendered":"<p>A Tansz\u00e9k dolgoz\u00f3i legink\u00e1bb az eml\u0151, gastrointestinalis, agyi, fej-nyaki \u00e9s prosztatatumorokkal kapcsolatban v\u00e9geznek klinikai kutat\u00e1sokat a radio- \u00e9s a daganatos gy\u00f3gyszeres ter\u00e1pia, valamint a sug\u00e1rfizika ter\u00fclet\u00e9n, amelyekkel kapcsolatos eredm\u00e9nyeiket hazai \u00e9s nemzetk\u00f6zi foly\u00f3iratokban publik\u00e1lj\u00e1k, illetve konferenci\u00e1kon ismertetik. \u00a0A tansz\u00e9k dolgoz\u00f3inak 2024-ben 17 lektor\u00e1lt k\u00f6zlem\u00e9nye jelent meg, amelyek \u00f6sszes\u00edtett impakt faktora 107,8 volt. A kutat\u00e1sba a hallgat\u00f3kat is bevonj\u00e1k a tudom\u00e1nyos di\u00e1kk\u00f6r (TDK) seg\u00edts\u00e9g\u00e9vel. A Tansz\u00e9k dolgoz\u00f3i 12 t\u00e9m\u00e1ban \u00edrtak ki TDK \u00e9s 7 t\u00e9m\u00e1ban PhD p\u00e1ly\u00e1zatot.<\/p>\n<p><strong>\u00a0<\/strong><\/p>\n<p><strong>meghirdetett TDK-t\u00e9m\u00e1k<\/strong>:<\/p>\n<ul>\n<li>Adapt\u00edv sug\u00e1rter\u00e1pia<\/li>\n<li>Eml\u0151megtart\u00f3 m\u0171t\u00e9t ut\u00e1n az axillaris nyirokcsom\u00f3k lefedetts\u00e9ge k\u00fcl\u00f6nb\u00f6z\u0151 mez\u0151elrendez\u00e9sekb\u0151l<\/li>\n<li>Biol\u00f3giai dozimetria alkalmaz\u00e1sa prosztatatumoros betegek k\u00fcl\u00f6nb\u00f6z\u0151 t\u00edpus\u00fa, alternat\u00edv besug\u00e1rz\u00e1si protokolljaiban<\/li>\n<li>Brachyter\u00e1pia szerepe a prosztatadaganatok kezel\u00e9s\u00e9ben<\/li>\n<li>Fej-nyaki tumorok sug\u00e1rkezel\u00e9se \u00e9s radiokemoter\u00e1pi\u00e1ja k\u00f6vetkezt\u00e9ben fell\u00e9p\u0151 \u00e9letmin\u0151s\u00e9g-v\u00e1ltoz\u00e1sok<\/li>\n<li>K\u00e9pvez\u00e9relt \u00e9s intenzit\u00e1s-modul\u00e1lt sug\u00e1rkezel\u00e9s<\/li>\n<li>Korszer\u0171 sug\u00e1rter\u00e1pi\u00e1s elj\u00e1r\u00e1sok dozimetriai elemz\u00e9se<\/li>\n<li>M\u00e9hnyaktumoros p\u00e1ciensek sug\u00e1r\u00e9rz\u00e9kenys\u00e9g\u00e9nek el\u0151rejelz\u00e9se a mell\u00e9khat\u00e1sok okozta panaszok \u00e9s az ell\u00e1t\u00e1si k\u00f6lts\u00e9gek cs\u00f6kkent\u00e9s\u00e9nek c\u00e9lj\u00e1b\u00f3l<\/li>\n<li>Nagy kock\u00e1zat\u00fa lokaliz\u00e1lt vagy lok\u00e1lisan el\u0151rehaladott prosztatatumoros betegek sug\u00e1rkezel\u00e9se Cyberknife k\u00e9sz\u00fcl\u00e9ken<\/li>\n<li>Negyven \u00e9ves kor alatti eml\u0151r\u00e1kos betegek retrospekt\u00edv vizsg\u00e1lata<\/li>\n<li>Sug\u00e1r- \u00e9s kemoter\u00e1pia hat\u00e9konys\u00e1g\u00e1nak \u00e9s mell\u00e9khat\u00e1sainak biomarker kutat\u00e1sa tripla negat\u00edv eml\u0151r\u00e1kban szenved\u0151 betegekn\u00e9l<\/li>\n<li>Ter\u00e1pi\u00e1s besug\u00e1rz\u00e1s \u00e1ltal okozott kromosz\u00f3ma abnormalit\u00e1sok \u00e9rt\u00e9kel\u00e9se \u00e9s klinikai jelent\u0151s\u00e9ge<\/li>\n<\/ul>\n<p>&nbsp;<\/p>\n<p><strong>meghirdetett PhD-t\u00e9m\u00e1k:<\/strong><\/p>\n<p><strong>Patol\u00f3gia \u00e9s onkol\u00f3gia tagozat \u2013 04. Klinikai onkol\u00f3gia \u00e9s sug\u00e1rter\u00e1pia program<\/strong> (programvezet\u0151: Dr. Polg\u00e1r Csaba)<\/p>\n<ul>\n<li>Urol\u00f3giai tumorok sug\u00e1rkezel\u00e9se \u00e9s radiokemoter\u00e1pi\u00e1ja<\/li>\n<li>Genetikailag determin\u00e1lt mechanizmusok a daganatok kialakul\u00e1s\u00e1nak \u00e9s viselked\u00e9s\u00e9nek h\u00e1tter\u00e9ben<\/li>\n<li>Sug\u00e1rter\u00e1pia hat\u00e1s\u00e1ra kialakul\u00f3 citogenetikai \u00e9s immunol\u00f3giai v\u00e1ltoz\u00e1sok daganatos betegekben. Sug\u00e1rrezisztencia mechanizmusa<\/li>\n<li>Intenzit\u00e1smodul\u00e1lt \u00e9s k\u00e9pvez\u00e9relt sug\u00e1rkezel\u00e9s<\/li>\n<li>60 alatti primer eml\u0151r\u00e1kos betegek retrospekt\u00edv vizsg\u00e1lata seb\u00e9szeti \u00e9s onkol\u00f3giai szempontb\u00f3l<\/li>\n<li>Fej-nyak daganatok sug\u00e1rkezel\u00e9se \u00e9s radiokemoter\u00e1pi\u00e1ja<\/li>\n<\/ul>\n<p><strong>Elm\u00e9leti \u00e9s transzl\u00e1ci\u00f3s orvostudom\u00e1nyi tagozat <\/strong>(programvezet\u0151: Dr. Kellermayer Mikl\u00f3s)<strong> &#8211; 02. Cellul\u00e1ris \u00e9s molekul\u00e1ris biofizika program<\/strong><\/p>\n<p>Korszer\u0171 sug\u00e1rter\u00e1pi\u00e1s elj\u00e1r\u00e1sok dozimetriai elemz\u00e9se<\/p>\n","protected":false},"excerpt":{"rendered":"<p>A Tansz\u00e9k dolgoz\u00f3i legink\u00e1bb az eml\u0151, gastrointestinalis, agyi, fej-nyaki \u00e9s prosztatatumorokkal kapcsolatban v\u00e9geznek klinikai kutat\u00e1sokat a radio- \u00e9s a daganatos gy\u00f3gyszeres ter\u00e1pia, valamint a sug\u00e1rfizika ter\u00fclet\u00e9n, amelyekkel kapcsolatos eredm\u00e9nyeiket hazai \u00e9s nemzetk\u00f6zi foly\u00f3iratokban publik\u00e1lj\u00e1k, illetve konferenci\u00e1kon ismertetik. \u00a0A tansz\u00e9k dolgoz\u00f3inak 2024-ben 17 lektor\u00e1lt k\u00f6zlem\u00e9nye jelent meg, amelyek \u00f6sszes\u00edtett impakt faktora 107,8 volt. A kutat\u00e1sba a &hellip;<\/p>\n","protected":false},"author":101691,"featured_media":0,"parent":0,"menu_order":3,"comment_status":"closed","ping_status":"closed","template":"","meta":{"_acf_changed":false,"footnotes":""},"categories":[],"tags":[],"class_list":["post-35","page","type-page","status-publish","hentry"],"acf":[],"_links":{"self":[{"href":"https:\/\/semmelweis.hu\/sugarterapia\/wp-json\/wp\/v2\/pages\/35","targetHints":{"allow":["GET"]}}],"collection":[{"href":"https:\/\/semmelweis.hu\/sugarterapia\/wp-json\/wp\/v2\/pages"}],"about":[{"href":"https:\/\/semmelweis.hu\/sugarterapia\/wp-json\/wp\/v2\/types\/page"}],"author":[{"embeddable":true,"href":"https:\/\/semmelweis.hu\/sugarterapia\/wp-json\/wp\/v2\/users\/101691"}],"replies":[{"embeddable":true,"href":"https:\/\/semmelweis.hu\/sugarterapia\/wp-json\/wp\/v2\/comments?post=35"}],"version-history":[{"count":1,"href":"https:\/\/semmelweis.hu\/sugarterapia\/wp-json\/wp\/v2\/pages\/35\/revisions"}],"predecessor-version":[{"id":36,"href":"https:\/\/semmelweis.hu\/sugarterapia\/wp-json\/wp\/v2\/pages\/35\/revisions\/36"}],"wp:attachment":[{"href":"https:\/\/semmelweis.hu\/sugarterapia\/wp-json\/wp\/v2\/media?parent=35"}],"wp:term":[{"taxonomy":"category","embeddable":true,"href":"https:\/\/semmelweis.hu\/sugarterapia\/wp-json\/wp\/v2\/categories?post=35"},{"taxonomy":"post_tag","embeddable":true,"href":"https:\/\/semmelweis.hu\/sugarterapia\/wp-json\/wp\/v2\/tags?post=35"}],"curies":[{"name":"wp","href":"https:\/\/api.w.org\/{rel}","templated":true}]}}